{"id":80823,"date":"2026-04-14T01:12:35","date_gmt":"2026-04-13T23:12:35","guid":{"rendered":"https:\/\/drherbals.se\/?post_type=product&#038;p=80823"},"modified":"2026-04-15T09:48:22","modified_gmt":"2026-04-15T07:48:22","slug":"thca-buds-cali-weed-sativa","status":"publish","type":"product","link":"https:\/\/drherbals.se\/en\/product\/thca-buds-cali-weed-sativa\/","title":{"rendered":"THCA Buds \u2013 Cali Weed \/ SATIVA"},"content":{"rendered":"<h2><strong><span style=\"font-size: 110%;\">Cali Weed (Sativa)<\/span><\/strong><\/h2>\n<p>Cali Weed is a new product we're particularly proud of. Right from the first opening, you're met with light green, airy, resin-rich, and perfectly sticky buds that immediately signal top quality. All of DR. Herbal's buds are of incredibly high quality \u2013 but this particular one has earned a special place with us.<\/p>\n<p>The aroma is lively and energetic, with distinct sativa notes of citrus, tropical fruit and a light herbal freshness. The fresh citrus profile meets sweet, exotic notes to create an uplifting olfactory experience that is clear, balanced and long-lasting. For us, Cali Weed is more than a regular strain. This is energy. It's character. It's a masterpiece.<\/p>\n<p>Not for persons under 18 years of age. The product is sold as a collector's item and for decorative purposes. Keep out of reach of children. All our flowers are grown in the EU, from EU-approved hemp seeds and tested to ensure THC levels are below legal limits.<\/p>\n<hr \/>\n<p><strong><span style=\"font-size: 120%;\">Fragrance notes:<\/span><\/strong><\/p>\n<p><strong>Opening:<\/strong> Citrus, Herbs, Sativa<br \/>\n<strong>Heart:<\/strong> Mango, Pineapple, Lime<br \/>\n<strong>Bottom:<\/strong> Tall, Spices, Sweet Fruit<\/p>","protected":false},"excerpt":{"rendered":"<p><strong><span style=\"font-size: 120%;\"> Scent of citrus, tropical fruit &amp; lime<\/span><\/strong><\/p>\n<p>Cali Weed (Sativa)<br \/>\n\u2192 33% THCA \/ 0,3% THC<br \/>\n\u2192 Third party lab city<br \/>\nLight green, resin-rich &amp; airy<br \/>\n\u2192 Growing method: Indoor (Indoor)<br \/>\n\u2192 5 grams<\/p>","protected":false},"featured_media":80817,"template":"","meta":[],"product_brand":[],"product_cat":[1165,1166,1168,1176],"product_tag":[1118],"class_list":{"0":"post-80823","1":"product","2":"type-product","3":"status-publish","4":"has-post-thumbnail","6":"product_cat-bastsaljare","7":"product_cat-nyheter","8":"product_cat-sativa","9":"product_cat-thca","10":"product_tag-thca","12":"first","13":"instock","14":"taxable","15":"shipping-taxable","16":"purchasable","17":"product-type-simple"},"yoast_head":"<!-- This site is optimized with the Yoast SEO plugin v27.4 - https:\/\/yoast.com\/product\/yoast-seo-wordpress\/ -->\n<title>THCA Buds - Cali Weed \/ SATIVA - DR. Herbals<\/title>\n<meta name=\"description\" content=\"Cali Weed \u00e4r en nyhet vi \u00e4r lite extra stolta \u00f6ver. Redan vid f\u00f6rsta \u00f6ppningen m\u00f6ts du av ljusgr\u00f6na, luftiga, resinrika och perfekt buds.\" \/>\n<meta name=\"robots\" content=\"index, follow, max-snippet:-1, max-image-preview:large, max-video-preview:-1\" \/>\n<link rel=\"canonical\" href=\"https:\/\/drherbals.se\/en\/product\/thca-buds-cali-weed-sativa\/?wmc-currency=EUR\" \/>\n<meta property=\"og:locale\" content=\"en_US\" \/>\n<meta property=\"og:type\" content=\"article\" \/>\n<meta property=\"og:title\" content=\"THCA Buds - Cali Weed \/ SATIVA - DR. Herbals\" \/>\n<meta property=\"og:description\" content=\"Cali Weed \u00e4r en nyhet vi \u00e4r lite extra stolta \u00f6ver. Redan vid f\u00f6rsta \u00f6ppningen m\u00f6ts du av ljusgr\u00f6na, luftiga, resinrika och perfekt buds.\" \/>\n<meta property=\"og:url\" content=\"https:\/\/drherbals.se\/en\/product\/thca-buds-cali-weed-sativa\/?wmc-currency=EUR\" \/>\n<meta property=\"og:site_name\" content=\"DR. Herbals\" \/>\n<meta property=\"article:publisher\" content=\"https:\/\/www.facebook.com\/drherbals.se\" \/>\n<meta property=\"article:modified_time\" content=\"2026-04-15T07:48:22+00:00\" \/>\n<meta property=\"og:image\" content=\"https:\/\/drherbals.se\/wp-content\/uploads\/2026\/04\/buds-cali-weed-thca.webp\" \/>\n\t<meta property=\"og:image:width\" content=\"1000\" \/>\n\t<meta property=\"og:image:height\" content=\"1000\" \/>\n\t<meta property=\"og:image:type\" content=\"image\/webp\" \/>\n<meta name=\"twitter:card\" content=\"summary_large_image\" \/>\n<meta name=\"twitter:label1\" content=\"Est. reading time\" \/>\n\t<meta name=\"twitter:data1\" content=\"2 minutes\" \/>\n<script type=\"application\/ld+json\" class=\"yoast-schema-graph\">{\"@context\":\"https:\\\/\\\/schema.org\",\"@graph\":[{\"@type\":\"WebPage\",\"@id\":\"https:\\\/\\\/drherbals.se\\\/produkt\\\/thca-buds-cali-weed-sativa\\\/\",\"url\":\"https:\\\/\\\/drherbals.se\\\/produkt\\\/thca-buds-cali-weed-sativa\\\/\",\"name\":\"THCA Buds - Cali Weed \\\/ SATIVA - DR. Herbals\",\"isPartOf\":{\"@id\":\"https:\\\/\\\/drherbals.se\\\/#website\"},\"primaryImageOfPage\":{\"@id\":\"https:\\\/\\\/drherbals.se\\\/produkt\\\/thca-buds-cali-weed-sativa\\\/#primaryimage\"},\"image\":{\"@id\":\"https:\\\/\\\/drherbals.se\\\/produkt\\\/thca-buds-cali-weed-sativa\\\/#primaryimage\"},\"thumbnailUrl\":\"https:\\\/\\\/drherbals.se\\\/wp-content\\\/uploads\\\/2026\\\/04\\\/buds-cali-weed-thca.webp\",\"datePublished\":\"2026-04-13T23:12:35+00:00\",\"dateModified\":\"2026-04-15T07:48:22+00:00\",\"description\":\"Cali Weed \u00e4r en nyhet vi \u00e4r lite extra stolta \u00f6ver. Redan vid f\u00f6rsta \u00f6ppningen m\u00f6ts du av ljusgr\u00f6na, luftiga, resinrika och perfekt buds.\",\"breadcrumb\":{\"@id\":\"https:\\\/\\\/drherbals.se\\\/produkt\\\/thca-buds-cali-weed-sativa\\\/#breadcrumb\"},\"inLanguage\":\"en-US\",\"potentialAction\":[{\"@type\":\"ReadAction\",\"target\":[\"https:\\\/\\\/drherbals.se\\\/produkt\\\/thca-buds-cali-weed-sativa\\\/\"]}]},{\"@type\":\"ImageObject\",\"inLanguage\":\"en-US\",\"@id\":\"https:\\\/\\\/drherbals.se\\\/produkt\\\/thca-buds-cali-weed-sativa\\\/#primaryimage\",\"url\":\"https:\\\/\\\/drherbals.se\\\/wp-content\\\/uploads\\\/2026\\\/04\\\/buds-cali-weed-thca.webp\",\"contentUrl\":\"https:\\\/\\\/drherbals.se\\\/wp-content\\\/uploads\\\/2026\\\/04\\\/buds-cali-weed-thca.webp\",\"width\":1000,\"height\":1000,\"caption\":\"THCA Buds - Cali Weed - DR. Herbals\"},{\"@type\":\"BreadcrumbList\",\"@id\":\"https:\\\/\\\/drherbals.se\\\/produkt\\\/thca-buds-cali-weed-sativa\\\/#breadcrumb\",\"itemListElement\":[{\"@type\":\"ListItem\",\"position\":1,\"name\":\"Hem\",\"item\":\"https:\\\/\\\/drherbals.se\\\/\"},{\"@type\":\"ListItem\",\"position\":2,\"name\":\"Butik\",\"item\":\"https:\\\/\\\/drherbals.se\\\/butik\\\/\"},{\"@type\":\"ListItem\",\"position\":3,\"name\":\"THCA Buds &#8211; Cali Weed \\\/ SATIVA\"}]},{\"@type\":\"WebSite\",\"@id\":\"https:\\\/\\\/drherbals.se\\\/#website\",\"url\":\"https:\\\/\\\/drherbals.se\\\/\",\"name\":\"DR. Herbals\",\"description\":\"Sveriges bredaste Cannabis sortiment\",\"publisher\":{\"@id\":\"https:\\\/\\\/drherbals.se\\\/#organization\"},\"alternateName\":\"DR. H\",\"potentialAction\":[{\"@type\":\"SearchAction\",\"target\":{\"@type\":\"EntryPoint\",\"urlTemplate\":\"https:\\\/\\\/drherbals.se\\\/?s={search_term_string}\"},\"query-input\":{\"@type\":\"PropertyValueSpecification\",\"valueRequired\":true,\"valueName\":\"search_term_string\"}}],\"inLanguage\":\"en-US\"},{\"@type\":\"Organization\",\"@id\":\"https:\\\/\\\/drherbals.se\\\/#organization\",\"name\":\"DR. Herbals\",\"url\":\"https:\\\/\\\/drherbals.se\\\/\",\"logo\":{\"@type\":\"ImageObject\",\"inLanguage\":\"en-US\",\"@id\":\"https:\\\/\\\/drherbals.se\\\/#\\\/schema\\\/logo\\\/image\\\/\",\"url\":\"https:\\\/\\\/drherbals.se\\\/wp-content\\\/uploads\\\/2024\\\/09\\\/dr-herbals-logga.png\",\"contentUrl\":\"https:\\\/\\\/drherbals.se\\\/wp-content\\\/uploads\\\/2024\\\/09\\\/dr-herbals-logga.png\",\"width\":240,\"height\":138,\"caption\":\"DR. Herbals\"},\"image\":{\"@id\":\"https:\\\/\\\/drherbals.se\\\/#\\\/schema\\\/logo\\\/image\\\/\"},\"sameAs\":[\"https:\\\/\\\/www.facebook.com\\\/drherbals.se\",\"https:\\\/\\\/www.instagram.com\\\/drherbals.se\\\/\"]}]}<\/script>\n<!-- \/ Yoast SEO plugin. -->","yoast_head_json":{"title":"THCA Buds - Cali Weed \/ SATIVA - Dr. Herbals","description":"Cali Weed is a novelty we are particularly proud of. Right from the first opening, you are met with light green, airy, resin-rich, and perfect buds.","robots":{"index":"index","follow":"follow","max-snippet":"max-snippet:-1","max-image-preview":"max-image-preview:large","max-video-preview":"max-video-preview:-1"},"canonical":"https:\/\/drherbals.se\/en\/product\/thca-buds-cali-weed-sativa\/?wmc-currency=EUR","og_locale":"en_US","og_type":"article","og_title":"THCA Buds - Cali Weed \/ SATIVA - DR. Herbals","og_description":"Cali Weed \u00e4r en nyhet vi \u00e4r lite extra stolta \u00f6ver. Redan vid f\u00f6rsta \u00f6ppningen m\u00f6ts du av ljusgr\u00f6na, luftiga, resinrika och perfekt buds.","og_url":"https:\/\/drherbals.se\/en\/product\/thca-buds-cali-weed-sativa\/?wmc-currency=EUR","og_site_name":"DR. Herbals","article_publisher":"https:\/\/www.facebook.com\/drherbals.se","article_modified_time":"2026-04-15T07:48:22+00:00","og_image":[{"width":1000,"height":1000,"url":"https:\/\/drherbals.se\/wp-content\/uploads\/2026\/04\/buds-cali-weed-thca.webp","type":"image\/webp"}],"twitter_card":"summary_large_image","twitter_misc":{"Est. reading time":"2 minutes"},"schema":{"@context":"https:\/\/schema.org","@graph":[{"@type":"WebPage","@id":"https:\/\/drherbals.se\/produkt\/thca-buds-cali-weed-sativa\/","url":"https:\/\/drherbals.se\/produkt\/thca-buds-cali-weed-sativa\/","name":"THCA Buds - Cali Weed \/ SATIVA - Dr. Herbals","isPartOf":{"@id":"https:\/\/drherbals.se\/#website"},"primaryImageOfPage":{"@id":"https:\/\/drherbals.se\/produkt\/thca-buds-cali-weed-sativa\/#primaryimage"},"image":{"@id":"https:\/\/drherbals.se\/produkt\/thca-buds-cali-weed-sativa\/#primaryimage"},"thumbnailUrl":"https:\/\/drherbals.se\/wp-content\/uploads\/2026\/04\/buds-cali-weed-thca.webp","datePublished":"2026-04-13T23:12:35+00:00","dateModified":"2026-04-15T07:48:22+00:00","description":"Cali Weed is a novelty we are particularly proud of. Right from the first opening, you are met with light green, airy, resin-rich, and perfect buds.","breadcrumb":{"@id":"https:\/\/drherbals.se\/produkt\/thca-buds-cali-weed-sativa\/#breadcrumb"},"inLanguage":"en-US","potentialAction":[{"@type":"ReadAction","target":["https:\/\/drherbals.se\/produkt\/thca-buds-cali-weed-sativa\/"]}]},{"@type":"ImageObject","inLanguage":"en-US","@id":"https:\/\/drherbals.se\/produkt\/thca-buds-cali-weed-sativa\/#primaryimage","url":"https:\/\/drherbals.se\/wp-content\/uploads\/2026\/04\/buds-cali-weed-thca.webp","contentUrl":"https:\/\/drherbals.se\/wp-content\/uploads\/2026\/04\/buds-cali-weed-thca.webp","width":1000,"height":1000,"caption":"THCA Buds - Cali Weed - DR. Herbals"},{"@type":"BreadcrumbList","@id":"https:\/\/drherbals.se\/produkt\/thca-buds-cali-weed-sativa\/#breadcrumb","itemListElement":[{"@type":"ListItem","position":1,"name":"Hem","item":"https:\/\/drherbals.se\/"},{"@type":"ListItem","position":2,"name":"Butik","item":"https:\/\/drherbals.se\/butik\/"},{"@type":"ListItem","position":3,"name":"THCA Buds &#8211; Cali Weed \/ SATIVA"}]},{"@type":"WebSite","@id":"https:\/\/drherbals.se\/#website","url":"https:\/\/drherbals.se\/","name":"DR. Herbals","description":"Sweden's widest Cannabis range","publisher":{"@id":"https:\/\/drherbals.se\/#organization"},"alternateName":"DR. H","potentialAction":[{"@type":"SearchAction","target":{"@type":"EntryPoint","urlTemplate":"https:\/\/drherbals.se\/?s={search_term_string}"},"query-input":{"@type":"PropertyValueSpecification","valueRequired":true,"valueName":"search_term_string"}}],"inLanguage":"en-US"},{"@type":"Organization","@id":"https:\/\/drherbals.se\/#organization","name":"DR. Herbals","url":"https:\/\/drherbals.se\/","logo":{"@type":"ImageObject","inLanguage":"en-US","@id":"https:\/\/drherbals.se\/#\/schema\/logo\/image\/","url":"https:\/\/drherbals.se\/wp-content\/uploads\/2024\/09\/dr-herbals-logga.png","contentUrl":"https:\/\/drherbals.se\/wp-content\/uploads\/2024\/09\/dr-herbals-logga.png","width":240,"height":138,"caption":"DR. Herbals"},"image":{"@id":"https:\/\/drherbals.se\/#\/schema\/logo\/image\/"},"sameAs":["https:\/\/www.facebook.com\/drherbals.se","https:\/\/www.instagram.com\/drherbals.se\/"]}]}},"tiered_pricing_type":"fixed","tiered_pricing_fixed_rules":[],"tiered_pricing_product_settings":{"layout":"default","base_unit_name":{"singular":null,"plural":null},"default_variation":null},"tiered_pricing_minimum_quantity":null,"tiered_pricing_roles_data":[],"tiered_pricing_percentage_rules":[],"tiered_pricing_maximum_quantity":null,"tiered_pricing_quantity_step":null,"_links":{"self":[{"href":"https:\/\/drherbals.se\/en\/wp-json\/wp\/v2\/product\/80823","targetHints":{"allow":["GET"]}}],"collection":[{"href":"https:\/\/drherbals.se\/en\/wp-json\/wp\/v2\/product"}],"about":[{"href":"https:\/\/drherbals.se\/en\/wp-json\/wp\/v2\/types\/product"}],"wp:featuredmedia":[{"embeddable":true,"href":"https:\/\/drherbals.se\/en\/wp-json\/wp\/v2\/media\/80817"}],"wp:attachment":[{"href":"https:\/\/drherbals.se\/en\/wp-json\/wp\/v2\/media?parent=80823"}],"wp:term":[{"taxonomy":"product_brand","embeddable":true,"href":"https:\/\/drherbals.se\/en\/wp-json\/wp\/v2\/product_brand?post=80823"},{"taxonomy":"product_cat","embeddable":true,"href":"https:\/\/drherbals.se\/en\/wp-json\/wp\/v2\/product_cat?post=80823"},{"taxonomy":"product_tag","embeddable":true,"href":"https:\/\/drherbals.se\/en\/wp-json\/wp\/v2\/product_tag?post=80823"}],"curies":[{"name":"wp","href":"https:\/\/api.w.org\/{rel}","templated":true}]}}