{"id":80822,"date":"2026-04-14T00:43:10","date_gmt":"2026-04-13T22:43:10","guid":{"rendered":"https:\/\/drherbals.se\/?post_type=product&#038;p=80822"},"modified":"2026-04-14T01:58:46","modified_gmt":"2026-04-13T23:58:46","slug":"cbd-buds-cereal-milk-hybrid","status":"publish","type":"product","link":"https:\/\/drherbals.se\/en\/product\/cbd-buds-cereal-milk-hybrid\/","title":{"rendered":"CBD Buds \u2013 Cereal Milk \/ HYBRID"},"content":{"rendered":"<h2><strong><span style=\"font-size: 110%;\">Cereal Milk (Hybrid)<\/span><\/strong><\/h2>\n<p>Cereal Milk is a well-known and popular hemp flower that has made a splash in the US and is now also available in Sweden and the rest of Europe. It has quickly become a favorite choice for customers who want to discover hemp flowers and experience their unique aromas before deciding on larger purchases.<\/p>\n<p>Cereal Milk is grown indoors - a clear sign of careful premium farming where every step of the process is controlled and optimized to achieve the absolute highest quality. The aroma is sweet, creamy and nostalgic, with hints of cereal, milk and vanilla. The well-balanced aroma is reminiscent of childhood mornings - warm, safe and filled with simple joy. The combination of sweetness and softness makes Cereal Milk a scent experience that is hard to forget.<\/p>\n<p>Not for persons under 18 years of age. The product is sold as a collector's item and for decorative purposes. Keep out of reach of children. All our flowers are grown in the EU, from EU-approved hemp seeds and tested to ensure THC levels are below legal limits.<\/p>\n<hr \/>\n<p><strong><span style=\"font-size: 120%;\">Fragrance notes:<\/span><\/strong><\/p>\n<p><strong>Opening:<\/strong> Milk, Fruit, Cereals<br \/>\n<strong>Heart:<\/strong> Milk, Vanilla, Butter<br \/>\n<strong>Bottom:<\/strong> White chocolate, toffee<\/p>","protected":false},"excerpt":{"rendered":"<p><strong><span style=\"font-size: 120%;\"> Scent of cereal, milk &amp; vanilla<\/span><\/strong><\/p>\n<p>Cereal Milk (Hybrid)<br \/>\n\u2192 23% CBD \/ 0,3% THC<br \/>\n\u2192 Third party lab city<br \/>\n\u2192 Bright, fresh &amp; compact<br \/>\n\u2192 Growing method: Indoor (Indoor)<br \/>\n\u2192 5 grams<\/p>","protected":false},"featured_media":80826,"template":"","meta":[],"product_brand":[],"product_cat":[1165,15,1174,1191,1166],"product_tag":[984],"class_list":{"0":"post-80822","1":"product","2":"type-product","3":"status-publish","4":"has-post-thumbnail","6":"product_cat-bastsaljare","7":"product_cat-cbd","8":"product_cat-cbd-buds","9":"product_cat-hybrid","10":"product_cat-nyheter","11":"product_tag-cbd","13":"first","14":"instock","15":"taxable","16":"shipping-taxable","17":"purchasable","18":"product-type-simple"},"yoast_head":"<!-- This site is optimized with the Yoast SEO plugin v27.4 - https:\/\/yoast.com\/product\/yoast-seo-wordpress\/ -->\n<title>CBD Buds - Cereal Milk \/ HYBRID - DR. Herbals<\/title>\n<meta name=\"description\" content=\"Cereal Milk \u00e4r en omtalad och popul\u00e4r hampablomma som gjort succ\u00e9 i USA och nu \u00e4ven finns tillg\u00e4nglig i Sverige och resten av Europa.\" \/>\n<meta name=\"robots\" content=\"index, follow, max-snippet:-1, max-image-preview:large, max-video-preview:-1\" \/>\n<link rel=\"canonical\" href=\"https:\/\/drherbals.se\/en\/product\/cbd-buds-cereal-milk-hybrid\/?wmc-currency=EUR\" \/>\n<meta property=\"og:locale\" content=\"en_US\" \/>\n<meta property=\"og:type\" content=\"article\" \/>\n<meta property=\"og:title\" content=\"CBD Buds - Cereal Milk \/ HYBRID - DR. Herbals\" \/>\n<meta property=\"og:description\" content=\"Cereal Milk \u00e4r en omtalad och popul\u00e4r hampablomma som gjort succ\u00e9 i USA och nu \u00e4ven finns tillg\u00e4nglig i Sverige och resten av Europa.\" \/>\n<meta property=\"og:url\" content=\"https:\/\/drherbals.se\/en\/product\/cbd-buds-cereal-milk-hybrid\/?wmc-currency=EUR\" \/>\n<meta property=\"og:site_name\" content=\"DR. Herbals\" \/>\n<meta property=\"article:publisher\" content=\"https:\/\/www.facebook.com\/drherbals.se\" \/>\n<meta property=\"article:modified_time\" content=\"2026-04-13T23:58:46+00:00\" \/>\n<meta property=\"og:image\" content=\"https:\/\/drherbals.se\/wp-content\/uploads\/2026\/04\/buds-cereal-milk.webp\" \/>\n\t<meta property=\"og:image:width\" content=\"1000\" \/>\n\t<meta property=\"og:image:height\" content=\"1000\" \/>\n\t<meta property=\"og:image:type\" content=\"image\/webp\" \/>\n<meta name=\"twitter:card\" content=\"summary_large_image\" \/>\n<meta name=\"twitter:label1\" content=\"Est. reading time\" \/>\n\t<meta name=\"twitter:data1\" content=\"2 minutes\" \/>\n<script type=\"application\/ld+json\" class=\"yoast-schema-graph\">{\"@context\":\"https:\\\/\\\/schema.org\",\"@graph\":[{\"@type\":\"WebPage\",\"@id\":\"https:\\\/\\\/drherbals.se\\\/produkt\\\/cbd-buds-cereal-milk-hybrid\\\/\",\"url\":\"https:\\\/\\\/drherbals.se\\\/produkt\\\/cbd-buds-cereal-milk-hybrid\\\/\",\"name\":\"CBD Buds - Cereal Milk \\\/ HYBRID - DR. Herbals\",\"isPartOf\":{\"@id\":\"https:\\\/\\\/drherbals.se\\\/#website\"},\"primaryImageOfPage\":{\"@id\":\"https:\\\/\\\/drherbals.se\\\/produkt\\\/cbd-buds-cereal-milk-hybrid\\\/#primaryimage\"},\"image\":{\"@id\":\"https:\\\/\\\/drherbals.se\\\/produkt\\\/cbd-buds-cereal-milk-hybrid\\\/#primaryimage\"},\"thumbnailUrl\":\"https:\\\/\\\/drherbals.se\\\/wp-content\\\/uploads\\\/2026\\\/04\\\/buds-cereal-milk.webp\",\"datePublished\":\"2026-04-13T22:43:10+00:00\",\"dateModified\":\"2026-04-13T23:58:46+00:00\",\"description\":\"Cereal Milk \u00e4r en omtalad och popul\u00e4r hampablomma som gjort succ\u00e9 i USA och nu \u00e4ven finns tillg\u00e4nglig i Sverige och resten av Europa.\",\"breadcrumb\":{\"@id\":\"https:\\\/\\\/drherbals.se\\\/produkt\\\/cbd-buds-cereal-milk-hybrid\\\/#breadcrumb\"},\"inLanguage\":\"en-US\",\"potentialAction\":[{\"@type\":\"ReadAction\",\"target\":[\"https:\\\/\\\/drherbals.se\\\/produkt\\\/cbd-buds-cereal-milk-hybrid\\\/\"]}]},{\"@type\":\"ImageObject\",\"inLanguage\":\"en-US\",\"@id\":\"https:\\\/\\\/drherbals.se\\\/produkt\\\/cbd-buds-cereal-milk-hybrid\\\/#primaryimage\",\"url\":\"https:\\\/\\\/drherbals.se\\\/wp-content\\\/uploads\\\/2026\\\/04\\\/buds-cereal-milk.webp\",\"contentUrl\":\"https:\\\/\\\/drherbals.se\\\/wp-content\\\/uploads\\\/2026\\\/04\\\/buds-cereal-milk.webp\",\"width\":1000,\"height\":1000,\"caption\":\"Cereal Milk - CBD Buds - DR. Herbals\"},{\"@type\":\"BreadcrumbList\",\"@id\":\"https:\\\/\\\/drherbals.se\\\/produkt\\\/cbd-buds-cereal-milk-hybrid\\\/#breadcrumb\",\"itemListElement\":[{\"@type\":\"ListItem\",\"position\":1,\"name\":\"Hem\",\"item\":\"https:\\\/\\\/drherbals.se\\\/\"},{\"@type\":\"ListItem\",\"position\":2,\"name\":\"Butik\",\"item\":\"https:\\\/\\\/drherbals.se\\\/butik\\\/\"},{\"@type\":\"ListItem\",\"position\":3,\"name\":\"CBD Buds &#8211; Cereal Milk \\\/ HYBRID\"}]},{\"@type\":\"WebSite\",\"@id\":\"https:\\\/\\\/drherbals.se\\\/#website\",\"url\":\"https:\\\/\\\/drherbals.se\\\/\",\"name\":\"DR. Herbals\",\"description\":\"Sveriges bredaste Cannabis sortiment\",\"publisher\":{\"@id\":\"https:\\\/\\\/drherbals.se\\\/#organization\"},\"alternateName\":\"DR. H\",\"potentialAction\":[{\"@type\":\"SearchAction\",\"target\":{\"@type\":\"EntryPoint\",\"urlTemplate\":\"https:\\\/\\\/drherbals.se\\\/?s={search_term_string}\"},\"query-input\":{\"@type\":\"PropertyValueSpecification\",\"valueRequired\":true,\"valueName\":\"search_term_string\"}}],\"inLanguage\":\"en-US\"},{\"@type\":\"Organization\",\"@id\":\"https:\\\/\\\/drherbals.se\\\/#organization\",\"name\":\"DR. Herbals\",\"url\":\"https:\\\/\\\/drherbals.se\\\/\",\"logo\":{\"@type\":\"ImageObject\",\"inLanguage\":\"en-US\",\"@id\":\"https:\\\/\\\/drherbals.se\\\/#\\\/schema\\\/logo\\\/image\\\/\",\"url\":\"https:\\\/\\\/drherbals.se\\\/wp-content\\\/uploads\\\/2024\\\/09\\\/dr-herbals-logga.png\",\"contentUrl\":\"https:\\\/\\\/drherbals.se\\\/wp-content\\\/uploads\\\/2024\\\/09\\\/dr-herbals-logga.png\",\"width\":240,\"height\":138,\"caption\":\"DR. Herbals\"},\"image\":{\"@id\":\"https:\\\/\\\/drherbals.se\\\/#\\\/schema\\\/logo\\\/image\\\/\"},\"sameAs\":[\"https:\\\/\\\/www.facebook.com\\\/drherbals.se\",\"https:\\\/\\\/www.instagram.com\\\/drherbals.se\\\/\"]}]}<\/script>\n<!-- \/ Yoast SEO plugin. -->","yoast_head_json":{"title":"CBD Buds - Cereal Milk \/ HYBRID - DR. Herbals","description":"Cereal Milk is a well-known and popular hemp flower that has been a success in the USA and is now also available in Sweden and the rest of Europe.","robots":{"index":"index","follow":"follow","max-snippet":"max-snippet:-1","max-image-preview":"max-image-preview:large","max-video-preview":"max-video-preview:-1"},"canonical":"https:\/\/drherbals.se\/en\/product\/cbd-buds-cereal-milk-hybrid\/?wmc-currency=EUR","og_locale":"en_US","og_type":"article","og_title":"CBD Buds - Cereal Milk \/ HYBRID - DR. Herbals","og_description":"Cereal Milk \u00e4r en omtalad och popul\u00e4r hampablomma som gjort succ\u00e9 i USA och nu \u00e4ven finns tillg\u00e4nglig i Sverige och resten av Europa.","og_url":"https:\/\/drherbals.se\/en\/product\/cbd-buds-cereal-milk-hybrid\/?wmc-currency=EUR","og_site_name":"DR. Herbals","article_publisher":"https:\/\/www.facebook.com\/drherbals.se","article_modified_time":"2026-04-13T23:58:46+00:00","og_image":[{"width":1000,"height":1000,"url":"https:\/\/drherbals.se\/wp-content\/uploads\/2026\/04\/buds-cereal-milk.webp","type":"image\/webp"}],"twitter_card":"summary_large_image","twitter_misc":{"Est. reading time":"2 minutes"},"schema":{"@context":"https:\/\/schema.org","@graph":[{"@type":"WebPage","@id":"https:\/\/drherbals.se\/produkt\/cbd-buds-cereal-milk-hybrid\/","url":"https:\/\/drherbals.se\/produkt\/cbd-buds-cereal-milk-hybrid\/","name":"CBD Buds - Cereal Milk \/ HYBRID - DR. Herbals","isPartOf":{"@id":"https:\/\/drherbals.se\/#website"},"primaryImageOfPage":{"@id":"https:\/\/drherbals.se\/produkt\/cbd-buds-cereal-milk-hybrid\/#primaryimage"},"image":{"@id":"https:\/\/drherbals.se\/produkt\/cbd-buds-cereal-milk-hybrid\/#primaryimage"},"thumbnailUrl":"https:\/\/drherbals.se\/wp-content\/uploads\/2026\/04\/buds-cereal-milk.webp","datePublished":"2026-04-13T22:43:10+00:00","dateModified":"2026-04-13T23:58:46+00:00","description":"Cereal Milk is a well-known and popular hemp flower that has been a success in the USA and is now also available in Sweden and the rest of Europe.","breadcrumb":{"@id":"https:\/\/drherbals.se\/produkt\/cbd-buds-cereal-milk-hybrid\/#breadcrumb"},"inLanguage":"en-US","potentialAction":[{"@type":"ReadAction","target":["https:\/\/drherbals.se\/produkt\/cbd-buds-cereal-milk-hybrid\/"]}]},{"@type":"ImageObject","inLanguage":"en-US","@id":"https:\/\/drherbals.se\/produkt\/cbd-buds-cereal-milk-hybrid\/#primaryimage","url":"https:\/\/drherbals.se\/wp-content\/uploads\/2026\/04\/buds-cereal-milk.webp","contentUrl":"https:\/\/drherbals.se\/wp-content\/uploads\/2026\/04\/buds-cereal-milk.webp","width":1000,"height":1000,"caption":"Cereal Milk - CBD Buds - DR. Herbals"},{"@type":"BreadcrumbList","@id":"https:\/\/drherbals.se\/produkt\/cbd-buds-cereal-milk-hybrid\/#breadcrumb","itemListElement":[{"@type":"ListItem","position":1,"name":"Hem","item":"https:\/\/drherbals.se\/"},{"@type":"ListItem","position":2,"name":"Butik","item":"https:\/\/drherbals.se\/butik\/"},{"@type":"ListItem","position":3,"name":"CBD Buds &#8211; Cereal Milk \/ HYBRID"}]},{"@type":"WebSite","@id":"https:\/\/drherbals.se\/#website","url":"https:\/\/drherbals.se\/","name":"DR. Herbals","description":"Sweden's widest Cannabis range","publisher":{"@id":"https:\/\/drherbals.se\/#organization"},"alternateName":"DR. H","potentialAction":[{"@type":"SearchAction","target":{"@type":"EntryPoint","urlTemplate":"https:\/\/drherbals.se\/?s={search_term_string}"},"query-input":{"@type":"PropertyValueSpecification","valueRequired":true,"valueName":"search_term_string"}}],"inLanguage":"en-US"},{"@type":"Organization","@id":"https:\/\/drherbals.se\/#organization","name":"DR. Herbals","url":"https:\/\/drherbals.se\/","logo":{"@type":"ImageObject","inLanguage":"en-US","@id":"https:\/\/drherbals.se\/#\/schema\/logo\/image\/","url":"https:\/\/drherbals.se\/wp-content\/uploads\/2024\/09\/dr-herbals-logga.png","contentUrl":"https:\/\/drherbals.se\/wp-content\/uploads\/2024\/09\/dr-herbals-logga.png","width":240,"height":138,"caption":"DR. Herbals"},"image":{"@id":"https:\/\/drherbals.se\/#\/schema\/logo\/image\/"},"sameAs":["https:\/\/www.facebook.com\/drherbals.se","https:\/\/www.instagram.com\/drherbals.se\/"]}]}},"tiered_pricing_type":"fixed","tiered_pricing_fixed_rules":[],"tiered_pricing_product_settings":{"layout":"default","base_unit_name":{"singular":null,"plural":null},"default_variation":null},"tiered_pricing_minimum_quantity":null,"tiered_pricing_roles_data":[],"tiered_pricing_percentage_rules":[],"tiered_pricing_maximum_quantity":null,"tiered_pricing_quantity_step":null,"_links":{"self":[{"href":"https:\/\/drherbals.se\/en\/wp-json\/wp\/v2\/product\/80822","targetHints":{"allow":["GET"]}}],"collection":[{"href":"https:\/\/drherbals.se\/en\/wp-json\/wp\/v2\/product"}],"about":[{"href":"https:\/\/drherbals.se\/en\/wp-json\/wp\/v2\/types\/product"}],"wp:featuredmedia":[{"embeddable":true,"href":"https:\/\/drherbals.se\/en\/wp-json\/wp\/v2\/media\/80826"}],"wp:attachment":[{"href":"https:\/\/drherbals.se\/en\/wp-json\/wp\/v2\/media?parent=80822"}],"wp:term":[{"taxonomy":"product_brand","embeddable":true,"href":"https:\/\/drherbals.se\/en\/wp-json\/wp\/v2\/product_brand?post=80822"},{"taxonomy":"product_cat","embeddable":true,"href":"https:\/\/drherbals.se\/en\/wp-json\/wp\/v2\/product_cat?post=80822"},{"taxonomy":"product_tag","embeddable":true,"href":"https:\/\/drherbals.se\/en\/wp-json\/wp\/v2\/product_tag?post=80822"}],"curies":[{"name":"wp","href":"https:\/\/api.w.org\/{rel}","templated":true}]}}