{"id":80820,"date":"2026-04-14T00:31:56","date_gmt":"2026-04-13T22:31:56","guid":{"rendered":"https:\/\/drherbals.se\/?post_type=product&#038;p=80820"},"modified":"2026-04-14T23:26:23","modified_gmt":"2026-04-14T21:26:23","slug":"thca-buds-springfield-og-hybrid","status":"publish","type":"product","link":"https:\/\/drherbals.se\/en\/product\/thca-buds-springfield-og-hybrid\/","title":{"rendered":"THCA Buds \u2013 Springfield OG \/ HYBRID"},"content":{"rendered":"<h2><strong><span style=\"font-size: 110%;\">Springfield OG (Hybrid)<\/span><\/strong><\/h2>\n<p>Springfield OG is a new and sought-after hemp flower that has quickly climbed to the top of favorites in both the USA and Europe. Many appreciate its dense, soft, and sticky buds that release a sweet, inviting aroma when the package is opened.<\/p>\n<p>The aroma is sweet and seductive, with notes of vanilla, blueberries, and creamy whipped cream. The harmonious combination of fruity sweetness and velvety warmth makes Springfield OG an unforgettable scent experience for anyone seeking something out of the ordinary.<\/p>\n<p>Not for persons under 18 years of age. The product is sold as a collector's item and for decorative purposes. Keep out of reach of children. All our flowers are grown in the EU, from EU-approved hemp seeds and tested to ensure THC levels are below legal limits.<\/p>\n<hr \/>\n<p><strong><span style=\"font-size: 120%;\">Fragrance notes:<\/span><\/strong><\/p>\n<p><strong>Opening:<\/strong> Cookies, Vanilla, Chocolate<br \/>\n<strong>Heart:<\/strong> Blueberries, Herbs, Cream<br \/>\n<strong>Bottom:<\/strong> Orange, Ginger<\/p>","protected":false},"excerpt":{"rendered":"<p><strong><span style=\"font-size: 120%;\"> Scent of blueberries, muffins &amp; cream<\/span><\/strong><\/p>\n<p>Springfield OG (Hybrid)<br \/>\n\u2192 28% THCA \/ 0,3% THC<br \/>\n\u2192 Third party lab city<br \/>\n\u2192 Bright, fresh &amp; compact<br \/>\n\u2192 Growing method: Indoor (Indoor)<br \/>\n\u2192 5 grams<\/p>","protected":false},"featured_media":80815,"template":"","meta":[],"product_brand":[],"product_cat":[1165,1191,1166,1176],"product_tag":[1118],"class_list":{"0":"post-80820","1":"product","2":"type-product","3":"status-publish","4":"has-post-thumbnail","6":"product_cat-bastsaljare","7":"product_cat-hybrid","8":"product_cat-nyheter","9":"product_cat-thca","10":"product_tag-thca","12":"first","13":"instock","14":"taxable","15":"shipping-taxable","16":"purchasable","17":"product-type-simple"},"yoast_head":"<!-- This site is optimized with the Yoast SEO plugin v27.4 - https:\/\/yoast.com\/product\/yoast-seo-wordpress\/ -->\n<title>THCA Buds - Springfield OG \/ HYBRID - DR. Herbals<\/title>\n<meta name=\"description\" content=\"Springfield OG \u00e4r en ny och eftertraktad hampablomma som snabbt har kl\u00e4ttrat till toppen bland favoriter i b\u00e5de USA och Europa.\" \/>\n<meta name=\"robots\" content=\"index, follow, max-snippet:-1, max-image-preview:large, max-video-preview:-1\" \/>\n<link rel=\"canonical\" href=\"https:\/\/drherbals.se\/en\/product\/thca-buds-springfield-og-hybrid\/?wmc-currency=EUR\" \/>\n<meta property=\"og:locale\" content=\"en_US\" \/>\n<meta property=\"og:type\" content=\"article\" \/>\n<meta property=\"og:title\" content=\"THCA Buds - Springfield OG \/ HYBRID - DR. Herbals\" \/>\n<meta property=\"og:description\" content=\"Springfield OG \u00e4r en ny och eftertraktad hampablomma som snabbt har kl\u00e4ttrat till toppen bland favoriter i b\u00e5de USA och Europa.\" \/>\n<meta property=\"og:url\" content=\"https:\/\/drherbals.se\/en\/product\/thca-buds-springfield-og-hybrid\/?wmc-currency=EUR\" \/>\n<meta property=\"og:site_name\" content=\"DR. Herbals\" \/>\n<meta property=\"article:publisher\" content=\"https:\/\/www.facebook.com\/drherbals.se\" \/>\n<meta property=\"article:modified_time\" content=\"2026-04-14T21:26:23+00:00\" \/>\n<meta property=\"og:image\" content=\"https:\/\/drherbals.se\/wp-content\/uploads\/2026\/04\/buds-springfield-og-thca.webp\" \/>\n\t<meta property=\"og:image:width\" content=\"1000\" \/>\n\t<meta property=\"og:image:height\" content=\"1000\" \/>\n\t<meta property=\"og:image:type\" content=\"image\/webp\" \/>\n<meta name=\"twitter:card\" content=\"summary_large_image\" \/>\n<meta name=\"twitter:label1\" content=\"Est. reading time\" \/>\n\t<meta name=\"twitter:data1\" content=\"1 minute\" \/>\n<script type=\"application\/ld+json\" class=\"yoast-schema-graph\">{\"@context\":\"https:\\\/\\\/schema.org\",\"@graph\":[{\"@type\":\"WebPage\",\"@id\":\"https:\\\/\\\/drherbals.se\\\/produkt\\\/thca-buds-springfield-og-hybrid\\\/\",\"url\":\"https:\\\/\\\/drherbals.se\\\/produkt\\\/thca-buds-springfield-og-hybrid\\\/\",\"name\":\"THCA Buds - Springfield OG \\\/ HYBRID - DR. Herbals\",\"isPartOf\":{\"@id\":\"https:\\\/\\\/drherbals.se\\\/#website\"},\"primaryImageOfPage\":{\"@id\":\"https:\\\/\\\/drherbals.se\\\/produkt\\\/thca-buds-springfield-og-hybrid\\\/#primaryimage\"},\"image\":{\"@id\":\"https:\\\/\\\/drherbals.se\\\/produkt\\\/thca-buds-springfield-og-hybrid\\\/#primaryimage\"},\"thumbnailUrl\":\"https:\\\/\\\/drherbals.se\\\/wp-content\\\/uploads\\\/2026\\\/04\\\/buds-springfield-og-thca.webp\",\"datePublished\":\"2026-04-13T22:31:56+00:00\",\"dateModified\":\"2026-04-14T21:26:23+00:00\",\"description\":\"Springfield OG \u00e4r en ny och eftertraktad hampablomma som snabbt har kl\u00e4ttrat till toppen bland favoriter i b\u00e5de USA och Europa.\",\"breadcrumb\":{\"@id\":\"https:\\\/\\\/drherbals.se\\\/produkt\\\/thca-buds-springfield-og-hybrid\\\/#breadcrumb\"},\"inLanguage\":\"en-US\",\"potentialAction\":[{\"@type\":\"ReadAction\",\"target\":[\"https:\\\/\\\/drherbals.se\\\/produkt\\\/thca-buds-springfield-og-hybrid\\\/\"]}]},{\"@type\":\"ImageObject\",\"inLanguage\":\"en-US\",\"@id\":\"https:\\\/\\\/drherbals.se\\\/produkt\\\/thca-buds-springfield-og-hybrid\\\/#primaryimage\",\"url\":\"https:\\\/\\\/drherbals.se\\\/wp-content\\\/uploads\\\/2026\\\/04\\\/buds-springfield-og-thca.webp\",\"contentUrl\":\"https:\\\/\\\/drherbals.se\\\/wp-content\\\/uploads\\\/2026\\\/04\\\/buds-springfield-og-thca.webp\",\"width\":1000,\"height\":1000,\"caption\":\"THCA Buds - Springfield OG - DR. Herbals\"},{\"@type\":\"BreadcrumbList\",\"@id\":\"https:\\\/\\\/drherbals.se\\\/produkt\\\/thca-buds-springfield-og-hybrid\\\/#breadcrumb\",\"itemListElement\":[{\"@type\":\"ListItem\",\"position\":1,\"name\":\"Hem\",\"item\":\"https:\\\/\\\/drherbals.se\\\/\"},{\"@type\":\"ListItem\",\"position\":2,\"name\":\"Butik\",\"item\":\"https:\\\/\\\/drherbals.se\\\/butik\\\/\"},{\"@type\":\"ListItem\",\"position\":3,\"name\":\"THCA Buds &#8211; Springfield OG \\\/ HYBRID\"}]},{\"@type\":\"WebSite\",\"@id\":\"https:\\\/\\\/drherbals.se\\\/#website\",\"url\":\"https:\\\/\\\/drherbals.se\\\/\",\"name\":\"DR. Herbals\",\"description\":\"Sveriges bredaste Cannabis sortiment\",\"publisher\":{\"@id\":\"https:\\\/\\\/drherbals.se\\\/#organization\"},\"alternateName\":\"DR. H\",\"potentialAction\":[{\"@type\":\"SearchAction\",\"target\":{\"@type\":\"EntryPoint\",\"urlTemplate\":\"https:\\\/\\\/drherbals.se\\\/?s={search_term_string}\"},\"query-input\":{\"@type\":\"PropertyValueSpecification\",\"valueRequired\":true,\"valueName\":\"search_term_string\"}}],\"inLanguage\":\"en-US\"},{\"@type\":\"Organization\",\"@id\":\"https:\\\/\\\/drherbals.se\\\/#organization\",\"name\":\"DR. Herbals\",\"url\":\"https:\\\/\\\/drherbals.se\\\/\",\"logo\":{\"@type\":\"ImageObject\",\"inLanguage\":\"en-US\",\"@id\":\"https:\\\/\\\/drherbals.se\\\/#\\\/schema\\\/logo\\\/image\\\/\",\"url\":\"https:\\\/\\\/drherbals.se\\\/wp-content\\\/uploads\\\/2024\\\/09\\\/dr-herbals-logga.png\",\"contentUrl\":\"https:\\\/\\\/drherbals.se\\\/wp-content\\\/uploads\\\/2024\\\/09\\\/dr-herbals-logga.png\",\"width\":240,\"height\":138,\"caption\":\"DR. Herbals\"},\"image\":{\"@id\":\"https:\\\/\\\/drherbals.se\\\/#\\\/schema\\\/logo\\\/image\\\/\"},\"sameAs\":[\"https:\\\/\\\/www.facebook.com\\\/drherbals.se\",\"https:\\\/\\\/www.instagram.com\\\/drherbals.se\\\/\"]}]}<\/script>\n<!-- \/ Yoast SEO plugin. -->","yoast_head_json":{"title":"THCA Flower - Springfield OG \/ HYBRID - DR. Herbals","description":"Springfield OG is a new and sought-after hemp flower that has quickly climbed to the top among favorites in both the USA and Europe.","robots":{"index":"index","follow":"follow","max-snippet":"max-snippet:-1","max-image-preview":"max-image-preview:large","max-video-preview":"max-video-preview:-1"},"canonical":"https:\/\/drherbals.se\/en\/product\/thca-buds-springfield-og-hybrid\/?wmc-currency=EUR","og_locale":"en_US","og_type":"article","og_title":"THCA Buds - Springfield OG \/ HYBRID - DR. Herbals","og_description":"Springfield OG \u00e4r en ny och eftertraktad hampablomma som snabbt har kl\u00e4ttrat till toppen bland favoriter i b\u00e5de USA och Europa.","og_url":"https:\/\/drherbals.se\/en\/product\/thca-buds-springfield-og-hybrid\/?wmc-currency=EUR","og_site_name":"DR. Herbals","article_publisher":"https:\/\/www.facebook.com\/drherbals.se","article_modified_time":"2026-04-14T21:26:23+00:00","og_image":[{"width":1000,"height":1000,"url":"https:\/\/drherbals.se\/wp-content\/uploads\/2026\/04\/buds-springfield-og-thca.webp","type":"image\/webp"}],"twitter_card":"summary_large_image","twitter_misc":{"Est. reading time":"1 minute"},"schema":{"@context":"https:\/\/schema.org","@graph":[{"@type":"WebPage","@id":"https:\/\/drherbals.se\/produkt\/thca-buds-springfield-og-hybrid\/","url":"https:\/\/drherbals.se\/produkt\/thca-buds-springfield-og-hybrid\/","name":"THCA Flower - Springfield OG \/ HYBRID - DR. Herbals","isPartOf":{"@id":"https:\/\/drherbals.se\/#website"},"primaryImageOfPage":{"@id":"https:\/\/drherbals.se\/produkt\/thca-buds-springfield-og-hybrid\/#primaryimage"},"image":{"@id":"https:\/\/drherbals.se\/produkt\/thca-buds-springfield-og-hybrid\/#primaryimage"},"thumbnailUrl":"https:\/\/drherbals.se\/wp-content\/uploads\/2026\/04\/buds-springfield-og-thca.webp","datePublished":"2026-04-13T22:31:56+00:00","dateModified":"2026-04-14T21:26:23+00:00","description":"Springfield OG is a new and sought-after hemp flower that has quickly climbed to the top among favorites in both the USA and Europe.","breadcrumb":{"@id":"https:\/\/drherbals.se\/produkt\/thca-buds-springfield-og-hybrid\/#breadcrumb"},"inLanguage":"en-US","potentialAction":[{"@type":"ReadAction","target":["https:\/\/drherbals.se\/produkt\/thca-buds-springfield-og-hybrid\/"]}]},{"@type":"ImageObject","inLanguage":"en-US","@id":"https:\/\/drherbals.se\/produkt\/thca-buds-springfield-og-hybrid\/#primaryimage","url":"https:\/\/drherbals.se\/wp-content\/uploads\/2026\/04\/buds-springfield-og-thca.webp","contentUrl":"https:\/\/drherbals.se\/wp-content\/uploads\/2026\/04\/buds-springfield-og-thca.webp","width":1000,"height":1000,"caption":"THCA Buds - Springfield OG - DR. Herbals"},{"@type":"BreadcrumbList","@id":"https:\/\/drherbals.se\/produkt\/thca-buds-springfield-og-hybrid\/#breadcrumb","itemListElement":[{"@type":"ListItem","position":1,"name":"Hem","item":"https:\/\/drherbals.se\/"},{"@type":"ListItem","position":2,"name":"Butik","item":"https:\/\/drherbals.se\/butik\/"},{"@type":"ListItem","position":3,"name":"THCA Buds &#8211; Springfield OG \/ HYBRID"}]},{"@type":"WebSite","@id":"https:\/\/drherbals.se\/#website","url":"https:\/\/drherbals.se\/","name":"DR. Herbals","description":"Sweden's widest Cannabis range","publisher":{"@id":"https:\/\/drherbals.se\/#organization"},"alternateName":"DR. H","potentialAction":[{"@type":"SearchAction","target":{"@type":"EntryPoint","urlTemplate":"https:\/\/drherbals.se\/?s={search_term_string}"},"query-input":{"@type":"PropertyValueSpecification","valueRequired":true,"valueName":"search_term_string"}}],"inLanguage":"en-US"},{"@type":"Organization","@id":"https:\/\/drherbals.se\/#organization","name":"DR. Herbals","url":"https:\/\/drherbals.se\/","logo":{"@type":"ImageObject","inLanguage":"en-US","@id":"https:\/\/drherbals.se\/#\/schema\/logo\/image\/","url":"https:\/\/drherbals.se\/wp-content\/uploads\/2024\/09\/dr-herbals-logga.png","contentUrl":"https:\/\/drherbals.se\/wp-content\/uploads\/2024\/09\/dr-herbals-logga.png","width":240,"height":138,"caption":"DR. Herbals"},"image":{"@id":"https:\/\/drherbals.se\/#\/schema\/logo\/image\/"},"sameAs":["https:\/\/www.facebook.com\/drherbals.se","https:\/\/www.instagram.com\/drherbals.se\/"]}]}},"tiered_pricing_type":"fixed","tiered_pricing_fixed_rules":[],"tiered_pricing_product_settings":{"layout":"default","base_unit_name":{"singular":null,"plural":null},"default_variation":null},"tiered_pricing_minimum_quantity":null,"tiered_pricing_roles_data":[],"tiered_pricing_percentage_rules":[],"tiered_pricing_maximum_quantity":null,"tiered_pricing_quantity_step":null,"_links":{"self":[{"href":"https:\/\/drherbals.se\/en\/wp-json\/wp\/v2\/product\/80820","targetHints":{"allow":["GET"]}}],"collection":[{"href":"https:\/\/drherbals.se\/en\/wp-json\/wp\/v2\/product"}],"about":[{"href":"https:\/\/drherbals.se\/en\/wp-json\/wp\/v2\/types\/product"}],"wp:featuredmedia":[{"embeddable":true,"href":"https:\/\/drherbals.se\/en\/wp-json\/wp\/v2\/media\/80815"}],"wp:attachment":[{"href":"https:\/\/drherbals.se\/en\/wp-json\/wp\/v2\/media?parent=80820"}],"wp:term":[{"taxonomy":"product_brand","embeddable":true,"href":"https:\/\/drherbals.se\/en\/wp-json\/wp\/v2\/product_brand?post=80820"},{"taxonomy":"product_cat","embeddable":true,"href":"https:\/\/drherbals.se\/en\/wp-json\/wp\/v2\/product_cat?post=80820"},{"taxonomy":"product_tag","embeddable":true,"href":"https:\/\/drherbals.se\/en\/wp-json\/wp\/v2\/product_tag?post=80820"}],"curies":[{"name":"wp","href":"https:\/\/api.w.org\/{rel}","templated":true}]}}