{"id":77271,"date":"2026-02-04T13:33:29","date_gmt":"2026-02-04T12:33:29","guid":{"rendered":"https:\/\/drherbals.se\/?post_type=product&#038;p=77271"},"modified":"2026-04-15T11:50:44","modified_gmt":"2026-04-15T09:50:44","slug":"thca-pre-rolled-pineapple-express-sativa","status":"publish","type":"product","link":"https:\/\/drherbals.se\/en\/product\/thca-pre-rolled-pineapple-express-sativa\/","title":{"rendered":"THCA Pre-rolled - Pineapple Express \/ SATIVA"},"content":{"rendered":"<h2><strong><span style=\"font-size: 110%;\">Pineapple Express (Sativa)<\/span><\/strong><\/h2>\n<p>Pineapple Express is an iconic hemp flower that has been around for as long as anyone can remember - a true original in its category. Many appreciate its dense, soft and sticky buds that spread a sweet, tropical scent as soon as the package is opened.<\/p>\n<p>Pineapple Express is grown indoors, which is a clear sign of carefully executed premium cultivation where every detail is monitored and optimized to achieve the absolute best results. The aroma is sweet, smooth and fresh, with nuances of pineapple, coconut and creamy cream.<\/p>\n<p>Not for persons under 18 years of age. The product is sold as a collector's item and for decorative purposes. Keep out of reach of children. All our flowers are grown in the EU, from EU-approved hemp seeds and tested to ensure THC levels are below legal limits.<\/p>\n<hr \/>\n<p><strong><span style=\"font-size: 120%;\">Fragrance notes<\/span><\/strong><\/p>\n<p><strong>Opening:<\/strong> Pineapple, Coconut, Cream<br \/>\n<strong>Heart:<\/strong> Green apple, Pine, Citrus<br \/>\n<strong>Bottom:<\/strong> Cedar, Hemp, Musk<\/p>","protected":false},"excerpt":{"rendered":"<p><strong><span style=\"font-size: 120%;\">Scent of pineapple, coconut &amp; cream<\/span><\/strong><\/p>\n<p>\u2192 Pineapple Express (Sativa) - 1g<br \/>\n\u2192 21% THCA \/ 0,3% THC<br \/>\n\u2192 Third party lab city<br \/>\n\u2192 Fragrant, fresh &amp; compact<br \/>\n\u2192 Growing method: Indoor (Indoor)<\/p>","protected":false},"featured_media":80874,"template":"","meta":[],"product_brand":[],"product_cat":[1169,1166,1168,1176],"product_tag":[1118],"class_list":{"0":"post-77271","1":"product","2":"type-product","3":"status-publish","4":"has-post-thumbnail","6":"product_cat-alla-produkter","7":"product_cat-nyheter","8":"product_cat-sativa","9":"product_cat-thca","10":"product_tag-thca","12":"first","13":"instock","14":"taxable","15":"shipping-taxable","16":"purchasable","17":"product-type-simple"},"yoast_head":"<!-- This site is optimized with the Yoast SEO plugin v27.4 - https:\/\/yoast.com\/product\/yoast-seo-wordpress\/ -->\n<title>THCA Pre-rolled - Pineapple Express \/ SATIVA 119:-<\/title>\n<meta name=\"description\" content=\"V\u00e5ra THCA Prerolls THCA Pre-rolled - Pineapple Express \/ SATIVA \u00e4r f\u00e4rdigrullade och klara att anv\u00e4nda \u2013 fyllda med 1 gram premium THCA Buds...\" \/>\n<meta name=\"robots\" content=\"index, follow, max-snippet:-1, max-image-preview:large, max-video-preview:-1\" \/>\n<link rel=\"canonical\" href=\"https:\/\/drherbals.se\/en\/product\/thca-pre-rolled-pineapple-express-sativa\/?wmc-currency=EUR\" \/>\n<meta property=\"og:locale\" content=\"en_US\" \/>\n<meta property=\"og:type\" content=\"article\" \/>\n<meta property=\"og:title\" content=\"THCA Pre-rolled - Pineapple Express \/ SATIVA 119:-\" \/>\n<meta property=\"og:description\" content=\"V\u00e5ra THCA Prerolls THCA Pre-rolled - Pineapple Express \/ SATIVA \u00e4r f\u00e4rdigrullade och klara att anv\u00e4nda \u2013 fyllda med 1 gram premium THCA Buds...\" \/>\n<meta property=\"og:url\" content=\"https:\/\/drherbals.se\/en\/product\/thca-pre-rolled-pineapple-express-sativa\/?wmc-currency=EUR\" \/>\n<meta property=\"og:site_name\" content=\"DR. Herbals\" \/>\n<meta property=\"article:publisher\" content=\"https:\/\/www.facebook.com\/drherbals.se\" \/>\n<meta property=\"article:modified_time\" content=\"2026-04-15T09:50:44+00:00\" \/>\n<meta property=\"og:image\" content=\"https:\/\/drherbals.se\/wp-content\/uploads\/2026\/04\/pre-rolled.webp\" \/>\n\t<meta property=\"og:image:width\" content=\"1000\" \/>\n\t<meta property=\"og:image:height\" content=\"1000\" \/>\n\t<meta property=\"og:image:type\" content=\"image\/webp\" \/>\n<meta name=\"twitter:card\" content=\"summary_large_image\" \/>\n<meta name=\"twitter:label1\" content=\"Est. reading time\" \/>\n\t<meta name=\"twitter:data1\" content=\"1 minute\" \/>\n<script type=\"application\/ld+json\" class=\"yoast-schema-graph\">{\"@context\":\"https:\\\/\\\/schema.org\",\"@graph\":[{\"@type\":\"WebPage\",\"@id\":\"https:\\\/\\\/drherbals.se\\\/produkt\\\/thca-pre-rolled-pineapple-express-sativa\\\/\",\"url\":\"https:\\\/\\\/drherbals.se\\\/produkt\\\/thca-pre-rolled-pineapple-express-sativa\\\/\",\"name\":\"THCA Pre-rolled - Pineapple Express \\\/ SATIVA 119:-\",\"isPartOf\":{\"@id\":\"https:\\\/\\\/drherbals.se\\\/#website\"},\"primaryImageOfPage\":{\"@id\":\"https:\\\/\\\/drherbals.se\\\/produkt\\\/thca-pre-rolled-pineapple-express-sativa\\\/#primaryimage\"},\"image\":{\"@id\":\"https:\\\/\\\/drherbals.se\\\/produkt\\\/thca-pre-rolled-pineapple-express-sativa\\\/#primaryimage\"},\"thumbnailUrl\":\"https:\\\/\\\/drherbals.se\\\/wp-content\\\/uploads\\\/2026\\\/04\\\/pre-rolled.webp\",\"datePublished\":\"2026-02-04T12:33:29+00:00\",\"dateModified\":\"2026-04-15T09:50:44+00:00\",\"description\":\"V\u00e5ra THCA Prerolls THCA Pre-rolled - Pineapple Express \\\/ SATIVA \u00e4r f\u00e4rdigrullade och klara att anv\u00e4nda \u2013 fyllda med 1 gram premium THCA Buds...\",\"breadcrumb\":{\"@id\":\"https:\\\/\\\/drherbals.se\\\/produkt\\\/thca-pre-rolled-pineapple-express-sativa\\\/#breadcrumb\"},\"inLanguage\":\"en-US\",\"potentialAction\":[{\"@type\":\"ReadAction\",\"target\":[\"https:\\\/\\\/drherbals.se\\\/produkt\\\/thca-pre-rolled-pineapple-express-sativa\\\/\"]}]},{\"@type\":\"ImageObject\",\"inLanguage\":\"en-US\",\"@id\":\"https:\\\/\\\/drherbals.se\\\/produkt\\\/thca-pre-rolled-pineapple-express-sativa\\\/#primaryimage\",\"url\":\"https:\\\/\\\/drherbals.se\\\/wp-content\\\/uploads\\\/2026\\\/04\\\/pre-rolled.webp\",\"contentUrl\":\"https:\\\/\\\/drherbals.se\\\/wp-content\\\/uploads\\\/2026\\\/04\\\/pre-rolled.webp\",\"width\":1000,\"height\":1000,\"caption\":\"Pre-roll - DR- Herbals\"},{\"@type\":\"BreadcrumbList\",\"@id\":\"https:\\\/\\\/drherbals.se\\\/produkt\\\/thca-pre-rolled-pineapple-express-sativa\\\/#breadcrumb\",\"itemListElement\":[{\"@type\":\"ListItem\",\"position\":1,\"name\":\"Hem\",\"item\":\"https:\\\/\\\/drherbals.se\\\/\"},{\"@type\":\"ListItem\",\"position\":2,\"name\":\"Butik\",\"item\":\"https:\\\/\\\/drherbals.se\\\/butik\\\/\"},{\"@type\":\"ListItem\",\"position\":3,\"name\":\"THCA Pre-rolled &#8211; Pineapple Express \\\/ SATIVA\"}]},{\"@type\":\"WebSite\",\"@id\":\"https:\\\/\\\/drherbals.se\\\/#website\",\"url\":\"https:\\\/\\\/drherbals.se\\\/\",\"name\":\"DR. Herbals\",\"description\":\"Sveriges bredaste Cannabis sortiment\",\"publisher\":{\"@id\":\"https:\\\/\\\/drherbals.se\\\/#organization\"},\"alternateName\":\"DR. H\",\"potentialAction\":[{\"@type\":\"SearchAction\",\"target\":{\"@type\":\"EntryPoint\",\"urlTemplate\":\"https:\\\/\\\/drherbals.se\\\/?s={search_term_string}\"},\"query-input\":{\"@type\":\"PropertyValueSpecification\",\"valueRequired\":true,\"valueName\":\"search_term_string\"}}],\"inLanguage\":\"en-US\"},{\"@type\":\"Organization\",\"@id\":\"https:\\\/\\\/drherbals.se\\\/#organization\",\"name\":\"DR. Herbals\",\"url\":\"https:\\\/\\\/drherbals.se\\\/\",\"logo\":{\"@type\":\"ImageObject\",\"inLanguage\":\"en-US\",\"@id\":\"https:\\\/\\\/drherbals.se\\\/#\\\/schema\\\/logo\\\/image\\\/\",\"url\":\"https:\\\/\\\/drherbals.se\\\/wp-content\\\/uploads\\\/2024\\\/09\\\/dr-herbals-logga.png\",\"contentUrl\":\"https:\\\/\\\/drherbals.se\\\/wp-content\\\/uploads\\\/2024\\\/09\\\/dr-herbals-logga.png\",\"width\":240,\"height\":138,\"caption\":\"DR. Herbals\"},\"image\":{\"@id\":\"https:\\\/\\\/drherbals.se\\\/#\\\/schema\\\/logo\\\/image\\\/\"},\"sameAs\":[\"https:\\\/\\\/www.facebook.com\\\/drherbals.se\",\"https:\\\/\\\/www.instagram.com\\\/drherbals.se\\\/\"]}]}<\/script>\n<!-- \/ Yoast SEO plugin. -->","yoast_head_json":{"title":"THCA Pre-rolled - Pineapple Express \/ SATIVA 119:-","description":"Our THCA Prerolls THCA Pre-rolled - Pineapple Express \/ SATIVA are rolled and ready to use \u2013 filled with 1 gram of premium THCA Buds...","robots":{"index":"index","follow":"follow","max-snippet":"max-snippet:-1","max-image-preview":"max-image-preview:large","max-video-preview":"max-video-preview:-1"},"canonical":"https:\/\/drherbals.se\/en\/product\/thca-pre-rolled-pineapple-express-sativa\/?wmc-currency=EUR","og_locale":"en_US","og_type":"article","og_title":"THCA Pre-rolled - Pineapple Express \/ SATIVA 119:-","og_description":"V\u00e5ra THCA Prerolls THCA Pre-rolled - Pineapple Express \/ SATIVA \u00e4r f\u00e4rdigrullade och klara att anv\u00e4nda \u2013 fyllda med 1 gram premium THCA Buds...","og_url":"https:\/\/drherbals.se\/en\/product\/thca-pre-rolled-pineapple-express-sativa\/?wmc-currency=EUR","og_site_name":"DR. Herbals","article_publisher":"https:\/\/www.facebook.com\/drherbals.se","article_modified_time":"2026-04-15T09:50:44+00:00","og_image":[{"width":1000,"height":1000,"url":"https:\/\/drherbals.se\/wp-content\/uploads\/2026\/04\/pre-rolled.webp","type":"image\/webp"}],"twitter_card":"summary_large_image","twitter_misc":{"Est. reading time":"1 minute"},"schema":{"@context":"https:\/\/schema.org","@graph":[{"@type":"WebPage","@id":"https:\/\/drherbals.se\/produkt\/thca-pre-rolled-pineapple-express-sativa\/","url":"https:\/\/drherbals.se\/produkt\/thca-pre-rolled-pineapple-express-sativa\/","name":"THCA Pre-rolled - Pineapple Express \/ SATIVA 119:-","isPartOf":{"@id":"https:\/\/drherbals.se\/#website"},"primaryImageOfPage":{"@id":"https:\/\/drherbals.se\/produkt\/thca-pre-rolled-pineapple-express-sativa\/#primaryimage"},"image":{"@id":"https:\/\/drherbals.se\/produkt\/thca-pre-rolled-pineapple-express-sativa\/#primaryimage"},"thumbnailUrl":"https:\/\/drherbals.se\/wp-content\/uploads\/2026\/04\/pre-rolled.webp","datePublished":"2026-02-04T12:33:29+00:00","dateModified":"2026-04-15T09:50:44+00:00","description":"Our THCA Prerolls THCA Pre-rolled - Pineapple Express \/ SATIVA are rolled and ready to use \u2013 filled with 1 gram of premium THCA Buds...","breadcrumb":{"@id":"https:\/\/drherbals.se\/produkt\/thca-pre-rolled-pineapple-express-sativa\/#breadcrumb"},"inLanguage":"en-US","potentialAction":[{"@type":"ReadAction","target":["https:\/\/drherbals.se\/produkt\/thca-pre-rolled-pineapple-express-sativa\/"]}]},{"@type":"ImageObject","inLanguage":"en-US","@id":"https:\/\/drherbals.se\/produkt\/thca-pre-rolled-pineapple-express-sativa\/#primaryimage","url":"https:\/\/drherbals.se\/wp-content\/uploads\/2026\/04\/pre-rolled.webp","contentUrl":"https:\/\/drherbals.se\/wp-content\/uploads\/2026\/04\/pre-rolled.webp","width":1000,"height":1000,"caption":"Pre-roll - DR- Herbals"},{"@type":"BreadcrumbList","@id":"https:\/\/drherbals.se\/produkt\/thca-pre-rolled-pineapple-express-sativa\/#breadcrumb","itemListElement":[{"@type":"ListItem","position":1,"name":"Hem","item":"https:\/\/drherbals.se\/"},{"@type":"ListItem","position":2,"name":"Butik","item":"https:\/\/drherbals.se\/butik\/"},{"@type":"ListItem","position":3,"name":"THCA Pre-rolled &#8211; Pineapple Express \/ SATIVA"}]},{"@type":"WebSite","@id":"https:\/\/drherbals.se\/#website","url":"https:\/\/drherbals.se\/","name":"DR. Herbals","description":"Sweden's widest Cannabis range","publisher":{"@id":"https:\/\/drherbals.se\/#organization"},"alternateName":"DR. H","potentialAction":[{"@type":"SearchAction","target":{"@type":"EntryPoint","urlTemplate":"https:\/\/drherbals.se\/?s={search_term_string}"},"query-input":{"@type":"PropertyValueSpecification","valueRequired":true,"valueName":"search_term_string"}}],"inLanguage":"en-US"},{"@type":"Organization","@id":"https:\/\/drherbals.se\/#organization","name":"DR. Herbals","url":"https:\/\/drherbals.se\/","logo":{"@type":"ImageObject","inLanguage":"en-US","@id":"https:\/\/drherbals.se\/#\/schema\/logo\/image\/","url":"https:\/\/drherbals.se\/wp-content\/uploads\/2024\/09\/dr-herbals-logga.png","contentUrl":"https:\/\/drherbals.se\/wp-content\/uploads\/2024\/09\/dr-herbals-logga.png","width":240,"height":138,"caption":"DR. Herbals"},"image":{"@id":"https:\/\/drherbals.se\/#\/schema\/logo\/image\/"},"sameAs":["https:\/\/www.facebook.com\/drherbals.se","https:\/\/www.instagram.com\/drherbals.se\/"]}]}},"tiered_pricing_type":"fixed","tiered_pricing_fixed_rules":[],"tiered_pricing_product_settings":{"layout":"default","base_unit_name":{"singular":null,"plural":null},"default_variation":null},"tiered_pricing_minimum_quantity":null,"tiered_pricing_roles_data":[],"tiered_pricing_percentage_rules":[],"tiered_pricing_maximum_quantity":null,"tiered_pricing_quantity_step":null,"_links":{"self":[{"href":"https:\/\/drherbals.se\/en\/wp-json\/wp\/v2\/product\/77271","targetHints":{"allow":["GET"]}}],"collection":[{"href":"https:\/\/drherbals.se\/en\/wp-json\/wp\/v2\/product"}],"about":[{"href":"https:\/\/drherbals.se\/en\/wp-json\/wp\/v2\/types\/product"}],"wp:featuredmedia":[{"embeddable":true,"href":"https:\/\/drherbals.se\/en\/wp-json\/wp\/v2\/media\/80874"}],"wp:attachment":[{"href":"https:\/\/drherbals.se\/en\/wp-json\/wp\/v2\/media?parent=77271"}],"wp:term":[{"taxonomy":"product_brand","embeddable":true,"href":"https:\/\/drherbals.se\/en\/wp-json\/wp\/v2\/product_brand?post=77271"},{"taxonomy":"product_cat","embeddable":true,"href":"https:\/\/drherbals.se\/en\/wp-json\/wp\/v2\/product_cat?post=77271"},{"taxonomy":"product_tag","embeddable":true,"href":"https:\/\/drherbals.se\/en\/wp-json\/wp\/v2\/product_tag?post=77271"}],"curies":[{"name":"wp","href":"https:\/\/api.w.org\/{rel}","templated":true}]}}