{"id":76917,"date":"2026-01-29T11:44:27","date_gmt":"2026-01-29T10:44:27","guid":{"rendered":"https:\/\/drherbals.se\/?post_type=product&#038;p=76917"},"modified":"2026-04-12T16:50:40","modified_gmt":"2026-04-12T14:50:40","slug":"thcb-vape-dragon-fruit-hybrid","status":"publish","type":"product","link":"https:\/\/drherbals.se\/en\/product\/thcb-vape-dragon-fruit-hybrid\/","title":{"rendered":"THCB Vape - Dragon Fruit \/ HYBRID"},"content":{"rendered":"<h2><span style=\"color: #333333;\"><strong><span style=\"font-size: 110%;\">Dragon Fruit (Hybrid)<\/span><\/strong><\/span><\/h2>\n<p>Dragon Fruit THCB Vape is inspired by the unique and exotic scent of dragon fruit - a tropical fruit known for its soft sweetness and fresh character. This scent profile combines a light, fruity roundness with a refreshing finish that feels both modern and balanced. It's not too heavy or overly sweet, but instead offers an elegant tropical note that's perfect for those who appreciate fresh fruit influences. Dragon fruit THCB Vape has a special aroma that is often described as a mix between kiwi, pear and melon - providing a soft yet exciting experience.<\/p>\n<p>Each vape contains legal hemp distillate of the highest quality, completely free of heavy metals, solvents and unwanted additives. The design is sleek, elegant and timeless, created to suit any environment and personality. Dragon Fruit is designed for the true collector - a unique object that exudes exclusivity, balance and extraordinary energy.<\/p>\n<p><strong>15% THCB, 75% CBD, 5% terpenes, 2.5% CBG, 2.5% CBC.<\/strong><\/p>\n<p><span style=\"color: #333333;\">The product is THC-free and sold as a collector's item and for decorative purposes. Not for persons under 18 years of age. Keep out of reach of children.<\/span><\/p>\n<hr \/>\n<p><span style=\"color: #333333;\"><strong><span style=\"font-size: 120%;\">Fragrance notes<\/span><\/strong><\/span><\/p>\n<p><span style=\"color: #333333;\"><strong>Opening:<\/strong> Dragon fruit, Pear, Raspberry<br \/>\n<strong>Heart:<\/strong> Melon, Kiwi, Strawberry<br \/>\n<strong>Bottom:<\/strong> Mango, Citrus<\/span><\/p>","protected":false},"excerpt":{"rendered":"<p><span style=\"color: #333333;\"><strong><span style=\"font-size: 120%;\">Scent of dragon fruit, pear &amp; kiwi<\/span><\/strong><\/span><\/p>\n<p>\u2192 Dragon Fruit (Hybrid)<br \/>\n\u2192 <strong>15% THCB \/ 0% THC<\/strong><br \/>\n\u2192 Quality assured formula<br \/>\n\u2192 Manufactured by DR. Herbals in Sweden<br \/>\n\u2192 Free of heavy metals, solvents and additives<\/p>","protected":false},"featured_media":80623,"template":"","meta":[],"product_brand":[],"product_cat":[1169,1191,1166,1177],"product_tag":[363,986],"class_list":{"0":"post-76917","1":"product","2":"type-product","3":"status-publish","4":"has-post-thumbnail","6":"product_cat-alla-produkter","7":"product_cat-hybrid","8":"product_cat-nyheter","9":"product_cat-thcb","10":"product_tag-thc-fri","11":"product_tag-thcb","13":"first","14":"instock","15":"taxable","16":"shipping-taxable","17":"purchasable","18":"product-type-simple"},"yoast_head":"<!-- This site is optimized with the Yoast SEO plugin v27.4 - https:\/\/yoast.com\/product\/yoast-seo-wordpress\/ -->\n<title>THCB Vape - Dragon Fruit \/ Hybrid<\/title>\n<meta name=\"description\" content=\"Dragon Fruit THCB Vape \u00e4r inspirerad av den unika och exotiska doften fr\u00e5n drakfrukt \u2013 en tropisk frukt k\u00e4nd f\u00f6r sin mjuka s\u00f6tma och friska karakt\u00e4r...\" \/>\n<meta name=\"robots\" content=\"index, follow, max-snippet:-1, max-image-preview:large, max-video-preview:-1\" \/>\n<link rel=\"canonical\" href=\"https:\/\/drherbals.se\/en\/product\/thcb-vape-dragon-fruit-hybrid\/?wmc-currency=EUR\" \/>\n<meta property=\"og:locale\" content=\"en_US\" \/>\n<meta property=\"og:type\" content=\"article\" \/>\n<meta property=\"og:title\" content=\"THCB Vape - Dragon Fruit \/ Hybrid\" \/>\n<meta property=\"og:description\" content=\"Dragon Fruit THCB Vape \u00e4r inspirerad av den unika och exotiska doften fr\u00e5n drakfrukt \u2013 en tropisk frukt k\u00e4nd f\u00f6r sin mjuka s\u00f6tma och friska karakt\u00e4r...\" \/>\n<meta property=\"og:url\" content=\"https:\/\/drherbals.se\/en\/product\/thcb-vape-dragon-fruit-hybrid\/?wmc-currency=EUR\" \/>\n<meta property=\"og:site_name\" content=\"DR. Herbals\" \/>\n<meta property=\"article:publisher\" content=\"https:\/\/www.facebook.com\/drherbals.se\" \/>\n<meta property=\"article:modified_time\" content=\"2026-04-12T14:50:40+00:00\" \/>\n<meta property=\"og:image\" content=\"https:\/\/drherbals.se\/wp-content\/uploads\/2026\/01\/vape-dragon.webp\" \/>\n\t<meta property=\"og:image:width\" content=\"1000\" \/>\n\t<meta property=\"og:image:height\" content=\"1000\" \/>\n\t<meta property=\"og:image:type\" content=\"image\/webp\" \/>\n<meta name=\"twitter:card\" content=\"summary_large_image\" \/>\n<meta name=\"twitter:label1\" content=\"Est. reading time\" \/>\n\t<meta name=\"twitter:data1\" content=\"2 minutes\" \/>\n<script type=\"application\/ld+json\" class=\"yoast-schema-graph\">{\"@context\":\"https:\\\/\\\/schema.org\",\"@graph\":[{\"@type\":\"WebPage\",\"@id\":\"https:\\\/\\\/drherbals.se\\\/produkt\\\/thcb-vape-dragon-fruit-hybrid\\\/\",\"url\":\"https:\\\/\\\/drherbals.se\\\/produkt\\\/thcb-vape-dragon-fruit-hybrid\\\/\",\"name\":\"THCB Vape - Dragon Fruit \\\/ Hybrid\",\"isPartOf\":{\"@id\":\"https:\\\/\\\/drherbals.se\\\/#website\"},\"primaryImageOfPage\":{\"@id\":\"https:\\\/\\\/drherbals.se\\\/produkt\\\/thcb-vape-dragon-fruit-hybrid\\\/#primaryimage\"},\"image\":{\"@id\":\"https:\\\/\\\/drherbals.se\\\/produkt\\\/thcb-vape-dragon-fruit-hybrid\\\/#primaryimage\"},\"thumbnailUrl\":\"https:\\\/\\\/drherbals.se\\\/wp-content\\\/uploads\\\/2026\\\/01\\\/vape-dragon.webp\",\"datePublished\":\"2026-01-29T10:44:27+00:00\",\"dateModified\":\"2026-04-12T14:50:40+00:00\",\"description\":\"Dragon Fruit THCB Vape \u00e4r inspirerad av den unika och exotiska doften fr\u00e5n drakfrukt \u2013 en tropisk frukt k\u00e4nd f\u00f6r sin mjuka s\u00f6tma och friska karakt\u00e4r...\",\"breadcrumb\":{\"@id\":\"https:\\\/\\\/drherbals.se\\\/produkt\\\/thcb-vape-dragon-fruit-hybrid\\\/#breadcrumb\"},\"inLanguage\":\"en-US\",\"potentialAction\":[{\"@type\":\"ReadAction\",\"target\":[\"https:\\\/\\\/drherbals.se\\\/produkt\\\/thcb-vape-dragon-fruit-hybrid\\\/\"]}]},{\"@type\":\"ImageObject\",\"inLanguage\":\"en-US\",\"@id\":\"https:\\\/\\\/drherbals.se\\\/produkt\\\/thcb-vape-dragon-fruit-hybrid\\\/#primaryimage\",\"url\":\"https:\\\/\\\/drherbals.se\\\/wp-content\\\/uploads\\\/2026\\\/01\\\/vape-dragon.webp\",\"contentUrl\":\"https:\\\/\\\/drherbals.se\\\/wp-content\\\/uploads\\\/2026\\\/01\\\/vape-dragon.webp\",\"width\":1000,\"height\":1000,\"caption\":\"THCB Vape - Dragon Fruit - DR. Herbals\"},{\"@type\":\"BreadcrumbList\",\"@id\":\"https:\\\/\\\/drherbals.se\\\/produkt\\\/thcb-vape-dragon-fruit-hybrid\\\/#breadcrumb\",\"itemListElement\":[{\"@type\":\"ListItem\",\"position\":1,\"name\":\"Hem\",\"item\":\"https:\\\/\\\/drherbals.se\\\/\"},{\"@type\":\"ListItem\",\"position\":2,\"name\":\"Butik\",\"item\":\"https:\\\/\\\/drherbals.se\\\/butik\\\/\"},{\"@type\":\"ListItem\",\"position\":3,\"name\":\"THCB Vape &#8211; Dragon Fruit \\\/ HYBRID\"}]},{\"@type\":\"WebSite\",\"@id\":\"https:\\\/\\\/drherbals.se\\\/#website\",\"url\":\"https:\\\/\\\/drherbals.se\\\/\",\"name\":\"DR. Herbals\",\"description\":\"Sveriges bredaste Cannabis sortiment\",\"publisher\":{\"@id\":\"https:\\\/\\\/drherbals.se\\\/#organization\"},\"alternateName\":\"DR. H\",\"potentialAction\":[{\"@type\":\"SearchAction\",\"target\":{\"@type\":\"EntryPoint\",\"urlTemplate\":\"https:\\\/\\\/drherbals.se\\\/?s={search_term_string}\"},\"query-input\":{\"@type\":\"PropertyValueSpecification\",\"valueRequired\":true,\"valueName\":\"search_term_string\"}}],\"inLanguage\":\"en-US\"},{\"@type\":\"Organization\",\"@id\":\"https:\\\/\\\/drherbals.se\\\/#organization\",\"name\":\"DR. Herbals\",\"url\":\"https:\\\/\\\/drherbals.se\\\/\",\"logo\":{\"@type\":\"ImageObject\",\"inLanguage\":\"en-US\",\"@id\":\"https:\\\/\\\/drherbals.se\\\/#\\\/schema\\\/logo\\\/image\\\/\",\"url\":\"https:\\\/\\\/drherbals.se\\\/wp-content\\\/uploads\\\/2024\\\/09\\\/dr-herbals-logga.png\",\"contentUrl\":\"https:\\\/\\\/drherbals.se\\\/wp-content\\\/uploads\\\/2024\\\/09\\\/dr-herbals-logga.png\",\"width\":240,\"height\":138,\"caption\":\"DR. Herbals\"},\"image\":{\"@id\":\"https:\\\/\\\/drherbals.se\\\/#\\\/schema\\\/logo\\\/image\\\/\"},\"sameAs\":[\"https:\\\/\\\/www.facebook.com\\\/drherbals.se\",\"https:\\\/\\\/www.instagram.com\\\/drherbals.se\\\/\"]}]}<\/script>\n<!-- \/ Yoast SEO plugin. -->","yoast_head_json":{"title":"THCB Vape - Dragon Fruit \/ Hybrid","description":"Dragon Fruit THCB Vape is inspired by the unique and exotic scent of dragon fruit - a tropical fruit known for its soft sweetness and fresh character...","robots":{"index":"index","follow":"follow","max-snippet":"max-snippet:-1","max-image-preview":"max-image-preview:large","max-video-preview":"max-video-preview:-1"},"canonical":"https:\/\/drherbals.se\/en\/product\/thcb-vape-dragon-fruit-hybrid\/?wmc-currency=EUR","og_locale":"en_US","og_type":"article","og_title":"THCB Vape - Dragon Fruit \/ Hybrid","og_description":"Dragon Fruit THCB Vape \u00e4r inspirerad av den unika och exotiska doften fr\u00e5n drakfrukt \u2013 en tropisk frukt k\u00e4nd f\u00f6r sin mjuka s\u00f6tma och friska karakt\u00e4r...","og_url":"https:\/\/drherbals.se\/en\/product\/thcb-vape-dragon-fruit-hybrid\/?wmc-currency=EUR","og_site_name":"DR. Herbals","article_publisher":"https:\/\/www.facebook.com\/drherbals.se","article_modified_time":"2026-04-12T14:50:40+00:00","og_image":[{"width":1000,"height":1000,"url":"https:\/\/drherbals.se\/wp-content\/uploads\/2026\/01\/vape-dragon.webp","type":"image\/webp"}],"twitter_card":"summary_large_image","twitter_misc":{"Est. reading time":"2 minutes"},"schema":{"@context":"https:\/\/schema.org","@graph":[{"@type":"WebPage","@id":"https:\/\/drherbals.se\/produkt\/thcb-vape-dragon-fruit-hybrid\/","url":"https:\/\/drherbals.se\/produkt\/thcb-vape-dragon-fruit-hybrid\/","name":"THCB Vape - Dragon Fruit \/ Hybrid","isPartOf":{"@id":"https:\/\/drherbals.se\/#website"},"primaryImageOfPage":{"@id":"https:\/\/drherbals.se\/produkt\/thcb-vape-dragon-fruit-hybrid\/#primaryimage"},"image":{"@id":"https:\/\/drherbals.se\/produkt\/thcb-vape-dragon-fruit-hybrid\/#primaryimage"},"thumbnailUrl":"https:\/\/drherbals.se\/wp-content\/uploads\/2026\/01\/vape-dragon.webp","datePublished":"2026-01-29T10:44:27+00:00","dateModified":"2026-04-12T14:50:40+00:00","description":"Dragon Fruit THCB Vape is inspired by the unique and exotic scent of dragon fruit - a tropical fruit known for its soft sweetness and fresh character...","breadcrumb":{"@id":"https:\/\/drherbals.se\/produkt\/thcb-vape-dragon-fruit-hybrid\/#breadcrumb"},"inLanguage":"en-US","potentialAction":[{"@type":"ReadAction","target":["https:\/\/drherbals.se\/produkt\/thcb-vape-dragon-fruit-hybrid\/"]}]},{"@type":"ImageObject","inLanguage":"en-US","@id":"https:\/\/drherbals.se\/produkt\/thcb-vape-dragon-fruit-hybrid\/#primaryimage","url":"https:\/\/drherbals.se\/wp-content\/uploads\/2026\/01\/vape-dragon.webp","contentUrl":"https:\/\/drherbals.se\/wp-content\/uploads\/2026\/01\/vape-dragon.webp","width":1000,"height":1000,"caption":"THCB Vape - Dragon Fruit - DR. Herbals"},{"@type":"BreadcrumbList","@id":"https:\/\/drherbals.se\/produkt\/thcb-vape-dragon-fruit-hybrid\/#breadcrumb","itemListElement":[{"@type":"ListItem","position":1,"name":"Hem","item":"https:\/\/drherbals.se\/"},{"@type":"ListItem","position":2,"name":"Butik","item":"https:\/\/drherbals.se\/butik\/"},{"@type":"ListItem","position":3,"name":"THCB Vape &#8211; Dragon Fruit \/ HYBRID"}]},{"@type":"WebSite","@id":"https:\/\/drherbals.se\/#website","url":"https:\/\/drherbals.se\/","name":"DR. Herbals","description":"Sweden's widest Cannabis range","publisher":{"@id":"https:\/\/drherbals.se\/#organization"},"alternateName":"DR. H","potentialAction":[{"@type":"SearchAction","target":{"@type":"EntryPoint","urlTemplate":"https:\/\/drherbals.se\/?s={search_term_string}"},"query-input":{"@type":"PropertyValueSpecification","valueRequired":true,"valueName":"search_term_string"}}],"inLanguage":"en-US"},{"@type":"Organization","@id":"https:\/\/drherbals.se\/#organization","name":"DR. Herbals","url":"https:\/\/drherbals.se\/","logo":{"@type":"ImageObject","inLanguage":"en-US","@id":"https:\/\/drherbals.se\/#\/schema\/logo\/image\/","url":"https:\/\/drherbals.se\/wp-content\/uploads\/2024\/09\/dr-herbals-logga.png","contentUrl":"https:\/\/drherbals.se\/wp-content\/uploads\/2024\/09\/dr-herbals-logga.png","width":240,"height":138,"caption":"DR. Herbals"},"image":{"@id":"https:\/\/drherbals.se\/#\/schema\/logo\/image\/"},"sameAs":["https:\/\/www.facebook.com\/drherbals.se","https:\/\/www.instagram.com\/drherbals.se\/"]}]}},"tiered_pricing_type":"fixed","tiered_pricing_fixed_rules":[],"tiered_pricing_product_settings":{"layout":"default","base_unit_name":{"singular":null,"plural":null},"default_variation":null},"tiered_pricing_minimum_quantity":null,"tiered_pricing_roles_data":[],"tiered_pricing_percentage_rules":[],"tiered_pricing_maximum_quantity":null,"tiered_pricing_quantity_step":null,"_links":{"self":[{"href":"https:\/\/drherbals.se\/en\/wp-json\/wp\/v2\/product\/76917","targetHints":{"allow":["GET"]}}],"collection":[{"href":"https:\/\/drherbals.se\/en\/wp-json\/wp\/v2\/product"}],"about":[{"href":"https:\/\/drherbals.se\/en\/wp-json\/wp\/v2\/types\/product"}],"wp:featuredmedia":[{"embeddable":true,"href":"https:\/\/drherbals.se\/en\/wp-json\/wp\/v2\/media\/80623"}],"wp:attachment":[{"href":"https:\/\/drherbals.se\/en\/wp-json\/wp\/v2\/media?parent=76917"}],"wp:term":[{"taxonomy":"product_brand","embeddable":true,"href":"https:\/\/drherbals.se\/en\/wp-json\/wp\/v2\/product_brand?post=76917"},{"taxonomy":"product_cat","embeddable":true,"href":"https:\/\/drherbals.se\/en\/wp-json\/wp\/v2\/product_cat?post=76917"},{"taxonomy":"product_tag","embeddable":true,"href":"https:\/\/drherbals.se\/en\/wp-json\/wp\/v2\/product_tag?post=76917"}],"curies":[{"name":"wp","href":"https:\/\/api.w.org\/{rel}","templated":true}]}}