{"id":76026,"date":"2026-01-07T19:01:49","date_gmt":"2026-01-07T18:01:49","guid":{"rendered":"https:\/\/drherbals.se\/?post_type=product&#038;p=76026"},"modified":"2026-01-29T11:08:11","modified_gmt":"2026-01-29T10:08:11","slug":"thca-vape-cocaine-kush-sativa","status":"publish","type":"product","link":"https:\/\/drherbals.se\/en\/product\/thca-vape-cocaine-kush-sativa\/","title":{"rendered":"THCA Vape - Cocaine Kush \/ SATIVA"},"content":{"rendered":"<h2><span style=\"color: #333333;\"><strong><span style=\"font-size: 110%;\">Cocaine Kush (Sativa)<\/span><\/strong><\/span><\/h2>\n<p><strong>WARNING<\/strong>Cocaine Kush takes you all the way to Medell\u00edn, Colombia - without a stopover. These are days in the sun, private beach, dark sunglasses. And evenings that require a suit, presence and respect. When you open the pack, you're greeted by an explosive aroma of coconut, lime and raspberry - an aroma that evokes warmth, laughter in the shadows, and late nights of cigars and decisions not discussed. The fragrance spreads elegantly and takes over the room. An extraordinary atmosphere that captures both the mind and the moment. Boarding call in progress. Do not miss the departure.<\/p>\n<p>Each vape contains legal hemp distillate of the highest quality, completely free of heavy metals, solvents and unwanted additives. The design is sleek, elegant and timeless, created to suit any environment and personality. Cocaine Kush is designed for the true collector - a unique object that exudes exclusivity, balance and extraordinary energy.<\/p>\n<p><span style=\"color: #333333;\"> <span style=\"color: #333333;\"><span style=\"font-size: 100%; color: #000000;\"><strong>95% THCA<\/strong>, <strong>2.5% CBD <\/strong>&amp; <strong>2,5% terpenes<\/strong><\/span><\/span><\/span><\/p>\n<p><span style=\"color: #333333;\">The product is THC-free and sold as a collector's item and for decorative purposes. Not for persons under 18 years of age. Keep out of reach of children.<\/span><\/p>\n<hr \/>\n<p><span style=\"color: #333333;\"><strong><span style=\"font-size: 120%;\">Fragrance notes<\/span><\/strong><\/span><\/p>\n<p><span style=\"color: #333333;\"><strong>Opening:<\/strong> Coconut, Lime, Raspberry<br \/>\n<strong>Heart:<\/strong> Cream, Hemp, Smoky tone<br \/>\n<strong>Bottom:<\/strong> Mango, Citrus<\/span><\/p>","protected":false},"excerpt":{"rendered":"<p><span style=\"color: #333333;\"><strong><span style=\"font-size: 120%;\">Scent of coconut, lime &amp; raspberry<\/span><\/strong><\/span><\/p>\n<p>\u2192 Cocaine Kush (Sativa)<br \/>\n\u2192 <strong>95% THCA \/ 0% THC<\/strong><br \/>\n\u2192 Quality assured formula<br \/>\n\u2192 Manufactured by DR. Herbals in Sweden<br \/>\n\u2192 Free of heavy metals, solvents and additives<\/p>\n<p><strong>NOTE: Limited Edition. Available in limited quantities only and not re-produced. Once it's gone, it's gone forever.<\/strong><\/p>","protected":false},"featured_media":76076,"template":"","meta":[],"product_brand":[],"product_cat":[1169,1192,1176],"product_tag":[363,1118],"class_list":{"0":"post-76026","1":"product","2":"type-product","3":"status-publish","4":"has-post-thumbnail","6":"product_cat-alla-produkter","7":"product_cat-limited-edition","8":"product_cat-thca","9":"product_tag-thc-fri","10":"product_tag-thca","12":"first","13":"outofstock","14":"taxable","15":"shipping-taxable","16":"purchasable","17":"product-type-simple"},"yoast_head":"<!-- This site is optimized with the Yoast SEO plugin v27.4 - https:\/\/yoast.com\/product\/yoast-seo-wordpress\/ -->\n<title>THCA Vape - Cocaine Kush - DR. Herbals<\/title>\n<meta name=\"description\" content=\"THCA Vape - Cocaine Kush \u00e4r en unik XX-Strong blandning som f\u00f6renar kraftfulla effekter med en mystisk och intensiv doftprofil. De s\u00f6ta...\" \/>\n<meta name=\"robots\" content=\"index, follow, max-snippet:-1, max-image-preview:large, max-video-preview:-1\" \/>\n<link rel=\"canonical\" href=\"https:\/\/drherbals.se\/en\/product\/thca-vape-cocaine-kush-sativa\/?wmc-currency=EUR\" \/>\n<meta property=\"og:locale\" content=\"en_US\" \/>\n<meta property=\"og:type\" content=\"article\" \/>\n<meta property=\"og:title\" content=\"THCA Vape - Cocaine Kush - DR. Herbals\" \/>\n<meta property=\"og:description\" content=\"THCA Vape - Cocaine Kush \u00e4r en unik XX-Strong blandning som f\u00f6renar kraftfulla effekter med en mystisk och intensiv doftprofil. De s\u00f6ta...\" \/>\n<meta property=\"og:url\" content=\"https:\/\/drherbals.se\/en\/product\/thca-vape-cocaine-kush-sativa\/?wmc-currency=EUR\" \/>\n<meta property=\"og:site_name\" content=\"DR. Herbals\" \/>\n<meta property=\"article:publisher\" content=\"https:\/\/www.facebook.com\/drherbals.se\" \/>\n<meta property=\"article:modified_time\" content=\"2026-01-29T10:08:11+00:00\" \/>\n<meta property=\"og:image\" content=\"https:\/\/drherbals.se\/wp-content\/uploads\/2026\/01\/vape-cocaine-kush.webp\" \/>\n\t<meta property=\"og:image:width\" content=\"1000\" \/>\n\t<meta property=\"og:image:height\" content=\"1000\" \/>\n\t<meta property=\"og:image:type\" content=\"image\/webp\" \/>\n<meta name=\"twitter:card\" content=\"summary_large_image\" \/>\n<meta name=\"twitter:label1\" content=\"Est. reading time\" \/>\n\t<meta name=\"twitter:data1\" content=\"2 minutes\" \/>\n<script type=\"application\/ld+json\" class=\"yoast-schema-graph\">{\"@context\":\"https:\\\/\\\/schema.org\",\"@graph\":[{\"@type\":\"WebPage\",\"@id\":\"https:\\\/\\\/drherbals.se\\\/produkt\\\/thca-vape-cocaine-kush-sativa\\\/\",\"url\":\"https:\\\/\\\/drherbals.se\\\/produkt\\\/thca-vape-cocaine-kush-sativa\\\/\",\"name\":\"THCA Vape - Cocaine Kush - DR. Herbals\",\"isPartOf\":{\"@id\":\"https:\\\/\\\/drherbals.se\\\/#website\"},\"primaryImageOfPage\":{\"@id\":\"https:\\\/\\\/drherbals.se\\\/produkt\\\/thca-vape-cocaine-kush-sativa\\\/#primaryimage\"},\"image\":{\"@id\":\"https:\\\/\\\/drherbals.se\\\/produkt\\\/thca-vape-cocaine-kush-sativa\\\/#primaryimage\"},\"thumbnailUrl\":\"https:\\\/\\\/drherbals.se\\\/wp-content\\\/uploads\\\/2026\\\/01\\\/vape-cocaine-kush.webp\",\"datePublished\":\"2026-01-07T18:01:49+00:00\",\"dateModified\":\"2026-01-29T10:08:11+00:00\",\"description\":\"THCA Vape - Cocaine Kush \u00e4r en unik XX-Strong blandning som f\u00f6renar kraftfulla effekter med en mystisk och intensiv doftprofil. De s\u00f6ta...\",\"breadcrumb\":{\"@id\":\"https:\\\/\\\/drherbals.se\\\/produkt\\\/thca-vape-cocaine-kush-sativa\\\/#breadcrumb\"},\"inLanguage\":\"en-US\",\"potentialAction\":[{\"@type\":\"ReadAction\",\"target\":[\"https:\\\/\\\/drherbals.se\\\/produkt\\\/thca-vape-cocaine-kush-sativa\\\/\"]}]},{\"@type\":\"ImageObject\",\"inLanguage\":\"en-US\",\"@id\":\"https:\\\/\\\/drherbals.se\\\/produkt\\\/thca-vape-cocaine-kush-sativa\\\/#primaryimage\",\"url\":\"https:\\\/\\\/drherbals.se\\\/wp-content\\\/uploads\\\/2026\\\/01\\\/vape-cocaine-kush.webp\",\"contentUrl\":\"https:\\\/\\\/drherbals.se\\\/wp-content\\\/uploads\\\/2026\\\/01\\\/vape-cocaine-kush.webp\",\"width\":1000,\"height\":1000,\"caption\":\"Cocaine Kush Vape - DR. Herbals\"},{\"@type\":\"BreadcrumbList\",\"@id\":\"https:\\\/\\\/drherbals.se\\\/produkt\\\/thca-vape-cocaine-kush-sativa\\\/#breadcrumb\",\"itemListElement\":[{\"@type\":\"ListItem\",\"position\":1,\"name\":\"Hem\",\"item\":\"https:\\\/\\\/drherbals.se\\\/\"},{\"@type\":\"ListItem\",\"position\":2,\"name\":\"Butik\",\"item\":\"https:\\\/\\\/drherbals.se\\\/butik\\\/\"},{\"@type\":\"ListItem\",\"position\":3,\"name\":\"THCA Vape &#8211; Cocaine Kush \\\/ SATIVA\"}]},{\"@type\":\"WebSite\",\"@id\":\"https:\\\/\\\/drherbals.se\\\/#website\",\"url\":\"https:\\\/\\\/drherbals.se\\\/\",\"name\":\"DR. Herbals\",\"description\":\"Sveriges bredaste Cannabis sortiment\",\"publisher\":{\"@id\":\"https:\\\/\\\/drherbals.se\\\/#organization\"},\"alternateName\":\"DR. H\",\"potentialAction\":[{\"@type\":\"SearchAction\",\"target\":{\"@type\":\"EntryPoint\",\"urlTemplate\":\"https:\\\/\\\/drherbals.se\\\/?s={search_term_string}\"},\"query-input\":{\"@type\":\"PropertyValueSpecification\",\"valueRequired\":true,\"valueName\":\"search_term_string\"}}],\"inLanguage\":\"en-US\"},{\"@type\":\"Organization\",\"@id\":\"https:\\\/\\\/drherbals.se\\\/#organization\",\"name\":\"DR. Herbals\",\"url\":\"https:\\\/\\\/drherbals.se\\\/\",\"logo\":{\"@type\":\"ImageObject\",\"inLanguage\":\"en-US\",\"@id\":\"https:\\\/\\\/drherbals.se\\\/#\\\/schema\\\/logo\\\/image\\\/\",\"url\":\"https:\\\/\\\/drherbals.se\\\/wp-content\\\/uploads\\\/2024\\\/09\\\/dr-herbals-logga.png\",\"contentUrl\":\"https:\\\/\\\/drherbals.se\\\/wp-content\\\/uploads\\\/2024\\\/09\\\/dr-herbals-logga.png\",\"width\":240,\"height\":138,\"caption\":\"DR. Herbals\"},\"image\":{\"@id\":\"https:\\\/\\\/drherbals.se\\\/#\\\/schema\\\/logo\\\/image\\\/\"},\"sameAs\":[\"https:\\\/\\\/www.facebook.com\\\/drherbals.se\",\"https:\\\/\\\/www.instagram.com\\\/drherbals.se\\\/\"]}]}<\/script>\n<!-- \/ Yoast SEO plugin. -->","yoast_head_json":{"title":"THCA Vape - Cocaine Kush - DR. Herbals","description":"THCA Vape - Cocaine Kush is a unique XX-Strong blend that combines powerful effects with a mysterious and intense scent profile. The sweet...","robots":{"index":"index","follow":"follow","max-snippet":"max-snippet:-1","max-image-preview":"max-image-preview:large","max-video-preview":"max-video-preview:-1"},"canonical":"https:\/\/drherbals.se\/en\/product\/thca-vape-cocaine-kush-sativa\/?wmc-currency=EUR","og_locale":"en_US","og_type":"article","og_title":"THCA Vape - Cocaine Kush - DR. Herbals","og_description":"THCA Vape - Cocaine Kush \u00e4r en unik XX-Strong blandning som f\u00f6renar kraftfulla effekter med en mystisk och intensiv doftprofil. De s\u00f6ta...","og_url":"https:\/\/drherbals.se\/en\/product\/thca-vape-cocaine-kush-sativa\/?wmc-currency=EUR","og_site_name":"DR. Herbals","article_publisher":"https:\/\/www.facebook.com\/drherbals.se","article_modified_time":"2026-01-29T10:08:11+00:00","og_image":[{"width":1000,"height":1000,"url":"https:\/\/drherbals.se\/wp-content\/uploads\/2026\/01\/vape-cocaine-kush.webp","type":"image\/webp"}],"twitter_card":"summary_large_image","twitter_misc":{"Est. reading time":"2 minutes"},"schema":{"@context":"https:\/\/schema.org","@graph":[{"@type":"WebPage","@id":"https:\/\/drherbals.se\/produkt\/thca-vape-cocaine-kush-sativa\/","url":"https:\/\/drherbals.se\/produkt\/thca-vape-cocaine-kush-sativa\/","name":"THCA Vape - Cocaine Kush - DR. Herbals","isPartOf":{"@id":"https:\/\/drherbals.se\/#website"},"primaryImageOfPage":{"@id":"https:\/\/drherbals.se\/produkt\/thca-vape-cocaine-kush-sativa\/#primaryimage"},"image":{"@id":"https:\/\/drherbals.se\/produkt\/thca-vape-cocaine-kush-sativa\/#primaryimage"},"thumbnailUrl":"https:\/\/drherbals.se\/wp-content\/uploads\/2026\/01\/vape-cocaine-kush.webp","datePublished":"2026-01-07T18:01:49+00:00","dateModified":"2026-01-29T10:08:11+00:00","description":"THCA Vape - Cocaine Kush is a unique XX-Strong blend that combines powerful effects with a mysterious and intense scent profile. The sweet...","breadcrumb":{"@id":"https:\/\/drherbals.se\/produkt\/thca-vape-cocaine-kush-sativa\/#breadcrumb"},"inLanguage":"en-US","potentialAction":[{"@type":"ReadAction","target":["https:\/\/drherbals.se\/produkt\/thca-vape-cocaine-kush-sativa\/"]}]},{"@type":"ImageObject","inLanguage":"en-US","@id":"https:\/\/drherbals.se\/produkt\/thca-vape-cocaine-kush-sativa\/#primaryimage","url":"https:\/\/drherbals.se\/wp-content\/uploads\/2026\/01\/vape-cocaine-kush.webp","contentUrl":"https:\/\/drherbals.se\/wp-content\/uploads\/2026\/01\/vape-cocaine-kush.webp","width":1000,"height":1000,"caption":"Cocaine Kush Vape - DR. Herbals"},{"@type":"BreadcrumbList","@id":"https:\/\/drherbals.se\/produkt\/thca-vape-cocaine-kush-sativa\/#breadcrumb","itemListElement":[{"@type":"ListItem","position":1,"name":"Hem","item":"https:\/\/drherbals.se\/"},{"@type":"ListItem","position":2,"name":"Butik","item":"https:\/\/drherbals.se\/butik\/"},{"@type":"ListItem","position":3,"name":"THCA Vape &#8211; Cocaine Kush \/ SATIVA"}]},{"@type":"WebSite","@id":"https:\/\/drherbals.se\/#website","url":"https:\/\/drherbals.se\/","name":"DR. Herbals","description":"Sweden's widest Cannabis range","publisher":{"@id":"https:\/\/drherbals.se\/#organization"},"alternateName":"DR. H","potentialAction":[{"@type":"SearchAction","target":{"@type":"EntryPoint","urlTemplate":"https:\/\/drherbals.se\/?s={search_term_string}"},"query-input":{"@type":"PropertyValueSpecification","valueRequired":true,"valueName":"search_term_string"}}],"inLanguage":"en-US"},{"@type":"Organization","@id":"https:\/\/drherbals.se\/#organization","name":"DR. Herbals","url":"https:\/\/drherbals.se\/","logo":{"@type":"ImageObject","inLanguage":"en-US","@id":"https:\/\/drherbals.se\/#\/schema\/logo\/image\/","url":"https:\/\/drherbals.se\/wp-content\/uploads\/2024\/09\/dr-herbals-logga.png","contentUrl":"https:\/\/drherbals.se\/wp-content\/uploads\/2024\/09\/dr-herbals-logga.png","width":240,"height":138,"caption":"DR. Herbals"},"image":{"@id":"https:\/\/drherbals.se\/#\/schema\/logo\/image\/"},"sameAs":["https:\/\/www.facebook.com\/drherbals.se","https:\/\/www.instagram.com\/drherbals.se\/"]}]}},"tiered_pricing_type":"fixed","tiered_pricing_fixed_rules":[],"tiered_pricing_product_settings":{"layout":"default","base_unit_name":{"singular":null,"plural":null},"default_variation":null},"tiered_pricing_minimum_quantity":null,"tiered_pricing_roles_data":[],"tiered_pricing_percentage_rules":[],"tiered_pricing_maximum_quantity":null,"tiered_pricing_quantity_step":null,"_links":{"self":[{"href":"https:\/\/drherbals.se\/en\/wp-json\/wp\/v2\/product\/76026","targetHints":{"allow":["GET"]}}],"collection":[{"href":"https:\/\/drherbals.se\/en\/wp-json\/wp\/v2\/product"}],"about":[{"href":"https:\/\/drherbals.se\/en\/wp-json\/wp\/v2\/types\/product"}],"wp:featuredmedia":[{"embeddable":true,"href":"https:\/\/drherbals.se\/en\/wp-json\/wp\/v2\/media\/76076"}],"wp:attachment":[{"href":"https:\/\/drherbals.se\/en\/wp-json\/wp\/v2\/media?parent=76026"}],"wp:term":[{"taxonomy":"product_brand","embeddable":true,"href":"https:\/\/drherbals.se\/en\/wp-json\/wp\/v2\/product_brand?post=76026"},{"taxonomy":"product_cat","embeddable":true,"href":"https:\/\/drherbals.se\/en\/wp-json\/wp\/v2\/product_cat?post=76026"},{"taxonomy":"product_tag","embeddable":true,"href":"https:\/\/drherbals.se\/en\/wp-json\/wp\/v2\/product_tag?post=76026"}],"curies":[{"name":"wp","href":"https:\/\/api.w.org\/{rel}","templated":true}]}}