{"id":74293,"date":"2025-12-01T19:55:39","date_gmt":"2025-12-01T18:55:39","guid":{"rendered":"https:\/\/drherbals.se\/?post_type=product&#038;p=74293"},"modified":"2026-04-13T09:47:31","modified_gmt":"2026-04-13T07:47:31","slug":"shilajit-tabletter","status":"publish","type":"product","link":"https:\/\/drherbals.se\/en\/product\/shilajit-tabletter\/","title":{"rendered":"Shilajit Tablets 60pcs"},"content":{"rendered":"<h2><strong><span style=\"font-size: 110%\">Shilajit Tablets<\/span><\/strong><\/h2>\n<p>Simple, natural and clean - just the way it should be. Discover DR. Herbals pure and natural shilajit powder in tablet form - a completely additive-free alternative. Only carefully dried and ground Himalayan shilajit of the highest quality. These tablets are for those who want an easy way to integrate, and discover shilajit in everyday life.<\/p>\n<hr \/>\n<p><strong><span style=\"font-size: 120%\">DR. Herbals Shilajit is easily dissolved<\/span><\/strong><\/p>\n<p>DR. Herbals shilajit is easy for the body to absorb, which means that you often notice results quickly after taking your tablets. Unlike many other shilajit products, our tablets are both convenient to take and easy to carry around in your everyday life.<\/p>\n<p>The tablets dissolve efficiently thanks to our natural process: we let the extract dry gently until it becomes a fine powder, which is then pressed into small, convenient tablets.<\/p>\n<p>Powder-based tablets tend to dissolve up to <strong>10 times<\/strong> easier in the body compared to shilajit in extract form.<\/p>\n<hr \/>\n<p><strong><span style=\"font-size: 120%\">Product benefits<\/span><\/strong><\/p>\n<p>Our shilajit tablets are carefully formulated to preserve natural nutrients. No additives, fillers, binders or artificial substances - just shilajit in its natural form.<\/p>\n<ul>\n<li>100% natural - no additives or fillers<\/li>\n<li>Known as one of the world's most complete superfoods<\/li>\n<li>Vegan and gluten-free<\/li>\n<\/ul>","protected":false},"excerpt":{"rendered":"<p><span style=\"color: #000000\"><strong><span style=\"font-size: 120%\">Premium Shilajit (Asphaltum Punjabianum)<\/span><\/strong><\/span><\/p>\n<p><span style=\"font-size: 100%;color: #000000\">\u2192 Shilajit tablets<\/span><br \/>\n<span style=\"font-size: 100%;color: #000000\">\u2192 60 tablets<\/span><br \/>\n<span style=\"font-size: 100%;color: #000000\">\u2192 Food supplements<\/span><br \/>\n<span style=\"font-size: 100%;color: #000000\">\u2192 Readily soluble shilajit<\/span><br \/>\n<span style=\"font-size: 100%;color: #000000\">\u2192 Premium quality<\/span><br \/>\n<span style=\"font-size: 100%;color: #000000\">\u2192 Natural, vegan-friendly &amp; additive-free<\/span><\/p>","protected":false},"featured_media":76414,"template":"","meta":[],"product_brand":[],"product_cat":[1169,1165,1131,1126],"product_tag":[],"class_list":{"0":"post-74293","1":"product","2":"type-product","3":"status-publish","4":"has-post-thumbnail","6":"product_cat-alla-produkter","7":"product_cat-bastsaljare","8":"product_cat-sale","9":"product_cat-superfoods","11":"first","12":"instock","13":"sale","14":"taxable","15":"shipping-taxable","16":"purchasable","17":"product-type-simple"},"yoast_head":"<!-- This site is optimized with the Yoast SEO plugin v27.4 - https:\/\/yoast.com\/product\/yoast-seo-wordpress\/ -->\n<title>Shilajit Tabletter 60st 30st<\/title>\n<meta name=\"description\" content=\"Shilajit tabletter - V\u00e5ra shilajit tabletter \u00e4r noggrant framst\u00e4llda f\u00f6r att bevara rotens naturliga n\u00e4rings\u00e4mnen. Inga tillsatser...\" \/>\n<meta name=\"robots\" content=\"index, follow, max-snippet:-1, max-image-preview:large, max-video-preview:-1\" \/>\n<link rel=\"canonical\" href=\"https:\/\/drherbals.se\/en\/product\/shilajit-tabletter\/?wmc-currency=EUR\" \/>\n<meta property=\"og:locale\" content=\"en_US\" \/>\n<meta property=\"og:type\" content=\"article\" \/>\n<meta property=\"og:title\" content=\"Shilajit Tabletter 60st 30st\" \/>\n<meta property=\"og:description\" content=\"Shilajit tabletter - V\u00e5ra shilajit tabletter \u00e4r noggrant framst\u00e4llda f\u00f6r att bevara rotens naturliga n\u00e4rings\u00e4mnen. Inga tillsatser...\" \/>\n<meta property=\"og:url\" content=\"https:\/\/drherbals.se\/en\/product\/shilajit-tabletter\/?wmc-currency=EUR\" \/>\n<meta property=\"og:site_name\" content=\"DR. Herbals\" \/>\n<meta property=\"article:publisher\" content=\"https:\/\/www.facebook.com\/drherbals.se\" \/>\n<meta property=\"article:modified_time\" content=\"2026-04-13T07:47:31+00:00\" \/>\n<meta property=\"og:image\" content=\"https:\/\/drherbals.se\/wp-content\/uploads\/2026\/01\/himalayan-shilajit-tabletter.webp\" \/>\n\t<meta property=\"og:image:width\" content=\"1000\" \/>\n\t<meta property=\"og:image:height\" content=\"1000\" \/>\n\t<meta property=\"og:image:type\" content=\"image\/webp\" \/>\n<meta name=\"twitter:card\" content=\"summary_large_image\" \/>\n<meta name=\"twitter:label1\" content=\"Est. reading time\" \/>\n\t<meta name=\"twitter:data1\" content=\"2 minutes\" \/>\n<script type=\"application\/ld+json\" class=\"yoast-schema-graph\">{\"@context\":\"https:\\\/\\\/schema.org\",\"@graph\":[{\"@type\":\"WebPage\",\"@id\":\"https:\\\/\\\/drherbals.se\\\/en\\\/product\\\/shilajit-tabletter\\\/\",\"url\":\"https:\\\/\\\/drherbals.se\\\/en\\\/product\\\/shilajit-tabletter\\\/\",\"name\":\"Shilajit Tabletter 60st 30st\",\"isPartOf\":{\"@id\":\"https:\\\/\\\/drherbals.se\\\/#website\"},\"primaryImageOfPage\":{\"@id\":\"https:\\\/\\\/drherbals.se\\\/en\\\/product\\\/shilajit-tabletter\\\/#primaryimage\"},\"image\":{\"@id\":\"https:\\\/\\\/drherbals.se\\\/en\\\/product\\\/shilajit-tabletter\\\/#primaryimage\"},\"thumbnailUrl\":\"https:\\\/\\\/drherbals.se\\\/wp-content\\\/uploads\\\/2026\\\/01\\\/himalayan-shilajit-tabletter.webp\",\"datePublished\":\"2025-12-01T18:55:39+00:00\",\"dateModified\":\"2026-04-13T07:47:31+00:00\",\"description\":\"Shilajit tabletter - V\u00e5ra shilajit tabletter \u00e4r noggrant framst\u00e4llda f\u00f6r att bevara rotens naturliga n\u00e4rings\u00e4mnen. Inga tillsatser...\",\"breadcrumb\":{\"@id\":\"https:\\\/\\\/drherbals.se\\\/en\\\/product\\\/shilajit-tabletter\\\/#breadcrumb\"},\"inLanguage\":\"en-US\",\"potentialAction\":[{\"@type\":\"ReadAction\",\"target\":[\"https:\\\/\\\/drherbals.se\\\/en\\\/product\\\/shilajit-tabletter\\\/\"]}]},{\"@type\":\"ImageObject\",\"inLanguage\":\"en-US\",\"@id\":\"https:\\\/\\\/drherbals.se\\\/en\\\/product\\\/shilajit-tabletter\\\/#primaryimage\",\"url\":\"https:\\\/\\\/drherbals.se\\\/wp-content\\\/uploads\\\/2026\\\/01\\\/himalayan-shilajit-tabletter.webp\",\"contentUrl\":\"https:\\\/\\\/drherbals.se\\\/wp-content\\\/uploads\\\/2026\\\/01\\\/himalayan-shilajit-tabletter.webp\",\"width\":1000,\"height\":1000,\"caption\":\"Shilajit Extrakt tabletter 60st - DR. Herbals\"},{\"@type\":\"BreadcrumbList\",\"@id\":\"https:\\\/\\\/drherbals.se\\\/en\\\/product\\\/shilajit-tabletter\\\/#breadcrumb\",\"itemListElement\":[{\"@type\":\"ListItem\",\"position\":1,\"name\":\"Hem\",\"item\":\"https:\\\/\\\/drherbals.se\\\/\"},{\"@type\":\"ListItem\",\"position\":2,\"name\":\"Butik\",\"item\":\"https:\\\/\\\/drherbals.se\\\/butik\\\/\"},{\"@type\":\"ListItem\",\"position\":3,\"name\":\"Shilajit Tabletter 60st\"}]},{\"@type\":\"WebSite\",\"@id\":\"https:\\\/\\\/drherbals.se\\\/#website\",\"url\":\"https:\\\/\\\/drherbals.se\\\/\",\"name\":\"DR. Herbals\",\"description\":\"Sveriges bredaste Cannabis sortiment\",\"publisher\":{\"@id\":\"https:\\\/\\\/drherbals.se\\\/#organization\"},\"alternateName\":\"DR. H\",\"potentialAction\":[{\"@type\":\"SearchAction\",\"target\":{\"@type\":\"EntryPoint\",\"urlTemplate\":\"https:\\\/\\\/drherbals.se\\\/?s={search_term_string}\"},\"query-input\":{\"@type\":\"PropertyValueSpecification\",\"valueRequired\":true,\"valueName\":\"search_term_string\"}}],\"inLanguage\":\"en-US\"},{\"@type\":\"Organization\",\"@id\":\"https:\\\/\\\/drherbals.se\\\/#organization\",\"name\":\"DR. Herbals\",\"url\":\"https:\\\/\\\/drherbals.se\\\/\",\"logo\":{\"@type\":\"ImageObject\",\"inLanguage\":\"en-US\",\"@id\":\"https:\\\/\\\/drherbals.se\\\/#\\\/schema\\\/logo\\\/image\\\/\",\"url\":\"https:\\\/\\\/drherbals.se\\\/wp-content\\\/uploads\\\/2024\\\/09\\\/dr-herbals-logga.png\",\"contentUrl\":\"https:\\\/\\\/drherbals.se\\\/wp-content\\\/uploads\\\/2024\\\/09\\\/dr-herbals-logga.png\",\"width\":240,\"height\":138,\"caption\":\"DR. Herbals\"},\"image\":{\"@id\":\"https:\\\/\\\/drherbals.se\\\/#\\\/schema\\\/logo\\\/image\\\/\"},\"sameAs\":[\"https:\\\/\\\/www.facebook.com\\\/drherbals.se\",\"https:\\\/\\\/www.instagram.com\\\/drherbals.se\\\/\"]}]}<\/script>\n<!-- \/ Yoast SEO plugin. -->","yoast_head_json":{"title":"Shilajit Tablets 60pcs 30pcs","description":"Shilajit Tablets - Our shilajit tablets are carefully prepared to preserve the natural nutrients of the root. No additives are...","robots":{"index":"index","follow":"follow","max-snippet":"max-snippet:-1","max-image-preview":"max-image-preview:large","max-video-preview":"max-video-preview:-1"},"canonical":"https:\/\/drherbals.se\/en\/product\/shilajit-tabletter\/?wmc-currency=EUR","og_locale":"en_US","og_type":"article","og_title":"Shilajit Tabletter 60st 30st","og_description":"Shilajit tabletter - V\u00e5ra shilajit tabletter \u00e4r noggrant framst\u00e4llda f\u00f6r att bevara rotens naturliga n\u00e4rings\u00e4mnen. Inga tillsatser...","og_url":"https:\/\/drherbals.se\/en\/product\/shilajit-tabletter\/?wmc-currency=EUR","og_site_name":"DR. Herbals","article_publisher":"https:\/\/www.facebook.com\/drherbals.se","article_modified_time":"2026-04-13T07:47:31+00:00","og_image":[{"width":1000,"height":1000,"url":"https:\/\/drherbals.se\/wp-content\/uploads\/2026\/01\/himalayan-shilajit-tabletter.webp","type":"image\/webp"}],"twitter_card":"summary_large_image","twitter_misc":{"Est. reading time":"2 minutes"},"schema":{"@context":"https:\/\/schema.org","@graph":[{"@type":"WebPage","@id":"https:\/\/drherbals.se\/en\/product\/shilajit-tabletter\/","url":"https:\/\/drherbals.se\/en\/product\/shilajit-tabletter\/","name":"Shilajit Tablets 60pcs 30pcs","isPartOf":{"@id":"https:\/\/drherbals.se\/#website"},"primaryImageOfPage":{"@id":"https:\/\/drherbals.se\/en\/product\/shilajit-tabletter\/#primaryimage"},"image":{"@id":"https:\/\/drherbals.se\/en\/product\/shilajit-tabletter\/#primaryimage"},"thumbnailUrl":"https:\/\/drherbals.se\/wp-content\/uploads\/2026\/01\/himalayan-shilajit-tabletter.webp","datePublished":"2025-12-01T18:55:39+00:00","dateModified":"2026-04-13T07:47:31+00:00","description":"Shilajit Tablets - Our shilajit tablets are carefully prepared to preserve the natural nutrients of the root. No additives are...","breadcrumb":{"@id":"https:\/\/drherbals.se\/en\/product\/shilajit-tabletter\/#breadcrumb"},"inLanguage":"en-US","potentialAction":[{"@type":"ReadAction","target":["https:\/\/drherbals.se\/en\/product\/shilajit-tabletter\/"]}]},{"@type":"ImageObject","inLanguage":"en-US","@id":"https:\/\/drherbals.se\/en\/product\/shilajit-tabletter\/#primaryimage","url":"https:\/\/drherbals.se\/wp-content\/uploads\/2026\/01\/himalayan-shilajit-tabletter.webp","contentUrl":"https:\/\/drherbals.se\/wp-content\/uploads\/2026\/01\/himalayan-shilajit-tabletter.webp","width":1000,"height":1000,"caption":"Shilajit Extrakt tabletter 60st - DR. Herbals"},{"@type":"BreadcrumbList","@id":"https:\/\/drherbals.se\/en\/product\/shilajit-tabletter\/#breadcrumb","itemListElement":[{"@type":"ListItem","position":1,"name":"Hem","item":"https:\/\/drherbals.se\/"},{"@type":"ListItem","position":2,"name":"Butik","item":"https:\/\/drherbals.se\/butik\/"},{"@type":"ListItem","position":3,"name":"Shilajit Tabletter 60st"}]},{"@type":"WebSite","@id":"https:\/\/drherbals.se\/#website","url":"https:\/\/drherbals.se\/","name":"DR. Herbals","description":"Sweden's widest Cannabis range","publisher":{"@id":"https:\/\/drherbals.se\/#organization"},"alternateName":"DR. H","potentialAction":[{"@type":"SearchAction","target":{"@type":"EntryPoint","urlTemplate":"https:\/\/drherbals.se\/?s={search_term_string}"},"query-input":{"@type":"PropertyValueSpecification","valueRequired":true,"valueName":"search_term_string"}}],"inLanguage":"en-US"},{"@type":"Organization","@id":"https:\/\/drherbals.se\/#organization","name":"DR. Herbals","url":"https:\/\/drherbals.se\/","logo":{"@type":"ImageObject","inLanguage":"en-US","@id":"https:\/\/drherbals.se\/#\/schema\/logo\/image\/","url":"https:\/\/drherbals.se\/wp-content\/uploads\/2024\/09\/dr-herbals-logga.png","contentUrl":"https:\/\/drherbals.se\/wp-content\/uploads\/2024\/09\/dr-herbals-logga.png","width":240,"height":138,"caption":"DR. Herbals"},"image":{"@id":"https:\/\/drherbals.se\/#\/schema\/logo\/image\/"},"sameAs":["https:\/\/www.facebook.com\/drherbals.se","https:\/\/www.instagram.com\/drherbals.se\/"]}]}},"tiered_pricing_type":"fixed","tiered_pricing_fixed_rules":[],"tiered_pricing_product_settings":{"layout":"default","base_unit_name":{"singular":null,"plural":null},"default_variation":null},"tiered_pricing_minimum_quantity":null,"tiered_pricing_roles_data":[],"tiered_pricing_percentage_rules":[],"tiered_pricing_maximum_quantity":null,"tiered_pricing_quantity_step":null,"_links":{"self":[{"href":"https:\/\/drherbals.se\/en\/wp-json\/wp\/v2\/product\/74293","targetHints":{"allow":["GET"]}}],"collection":[{"href":"https:\/\/drherbals.se\/en\/wp-json\/wp\/v2\/product"}],"about":[{"href":"https:\/\/drherbals.se\/en\/wp-json\/wp\/v2\/types\/product"}],"wp:featuredmedia":[{"embeddable":true,"href":"https:\/\/drherbals.se\/en\/wp-json\/wp\/v2\/media\/76414"}],"wp:attachment":[{"href":"https:\/\/drherbals.se\/en\/wp-json\/wp\/v2\/media?parent=74293"}],"wp:term":[{"taxonomy":"product_brand","embeddable":true,"href":"https:\/\/drherbals.se\/en\/wp-json\/wp\/v2\/product_brand?post=74293"},{"taxonomy":"product_cat","embeddable":true,"href":"https:\/\/drherbals.se\/en\/wp-json\/wp\/v2\/product_cat?post=74293"},{"taxonomy":"product_tag","embeddable":true,"href":"https:\/\/drherbals.se\/en\/wp-json\/wp\/v2\/product_tag?post=74293"}],"curies":[{"name":"wp","href":"https:\/\/api.w.org\/{rel}","templated":true}]}}