{"id":74288,"date":"2025-12-01T19:54:17","date_gmt":"2025-12-01T18:54:17","guid":{"rendered":"https:\/\/drherbals.se\/?post_type=product&#038;p=74288"},"modified":"2026-04-15T17:13:50","modified_gmt":"2026-04-15T15:13:50","slug":"lions-mane-tabletter","status":"publish","type":"product","link":"https:\/\/drherbals.se\/en\/product\/lions-mane-tabletter\/","title":{"rendered":"Lion's Mane Tablets 60pcs"},"content":{"rendered":"<h2><strong><span style=\"font-size: 110%\">Lion's Mane (Hericium erinaceus) Tablets<\/span><\/strong><\/h2>\n<p>Simple, natural and pure - just the way it should be. Discover our pure and natural Lion's Mane extract in tablet form (Hericium erinaceus) - a completely additive-free alternative. Only carefully dried and ground mushrooms of the highest quality, for those who want an easy way to integrate Lion's Mane into their daily lives.<\/p>\n<p><strong>Tips!<\/strong> Test <span style=\"color: #000000\"><a style=\"color: #000000\" href=\"https:\/\/drherbals.se\/en\/product\/naturligt-lions-mane-pulver\/?wmc-currency=EUR\"><strong>Lions mane powder<\/strong><\/a><\/span> or <span style=\"color: #000000\"><strong><a style=\"color: #000000\" href=\"https:\/\/drherbals.se\/en\/product\/lions-mane-gummies-lime\/?wmc-currency=EUR\">Lions Mane Gummies<\/a><\/strong><\/span><\/p>\n<hr \/>\n<p><strong><span style=\"font-size: 120%\">Product benefits<\/span><\/strong><\/p>\n<p>Our Lion's Mane tablets are carefully formulated to preserve the mushroom's natural nutrients. No additives, fillers, binders or artificial substances - just Lion's Mane in its natural form.<\/p>\n<ul>\n<li>100% natural - no additives or fillers<\/li>\n<li>Known as one of the world's most complete superfoods<\/li>\n<li>Vegan and gluten-free<\/li>\n<\/ul>","protected":false},"excerpt":{"rendered":"<p><span style=\"color: #000000\"><strong><span style=\"font-size: 120%\">Premium Lion's Mane (Hericium erinaceus)<\/span><\/strong><\/span><\/p>\n<p><span style=\"font-size: 100%;color: #000000\">\u2192 Lion\u00b4s Mane tablets<\/span><br \/>\n<span style=\"font-size: 100%;color: #000000\">\u2192 60 tablets<\/span><br \/>\n<span style=\"font-size: 100%;color: #000000\">\u2192 Food supplements<\/span><br \/>\n<span style=\"font-size: 100%;color: #000000\">\u2192 Premium quality<\/span><br \/>\n<span style=\"font-size: 100%;color: #000000\">\u2192 Natural, vegan-friendly &amp; additive-free<\/span><\/p>","protected":false},"featured_media":76782,"template":"","meta":[],"product_brand":[],"product_cat":[1169,1165,1131,1126],"product_tag":[],"class_list":{"0":"post-74288","1":"product","2":"type-product","3":"status-publish","4":"has-post-thumbnail","6":"product_cat-alla-produkter","7":"product_cat-bastsaljare","8":"product_cat-sale","9":"product_cat-superfoods","11":"first","12":"instock","13":"sale","14":"taxable","15":"shipping-taxable","16":"purchasable","17":"product-type-simple"},"yoast_head":"<!-- This site is optimized with the Yoast SEO plugin v27.4 - https:\/\/yoast.com\/product\/yoast-seo-wordpress\/ -->\n<title>Lion&#039;s Mane Tabletter 60st<\/title>\n<meta name=\"description\" content=\"Lions mane tabletter - Tack vare sitt h\u00f6ga inneh\u00e5ll av protein, klorofyll och bioaktiva \u00e4mnen anv\u00e4nds lions mane ofta som ett naturligt st\u00f6d ...\" \/>\n<meta name=\"robots\" content=\"index, follow, max-snippet:-1, max-image-preview:large, max-video-preview:-1\" \/>\n<link rel=\"canonical\" href=\"https:\/\/drherbals.se\/en\/product\/lions-mane-tabletter\/?wmc-currency=EUR\" \/>\n<meta property=\"og:locale\" content=\"en_US\" \/>\n<meta property=\"og:type\" content=\"article\" \/>\n<meta property=\"og:title\" content=\"Lion&#039;s Mane Tabletter 60st\" \/>\n<meta property=\"og:description\" content=\"Lions mane tabletter - Tack vare sitt h\u00f6ga inneh\u00e5ll av protein, klorofyll och bioaktiva \u00e4mnen anv\u00e4nds lions mane ofta som ett naturligt st\u00f6d ...\" \/>\n<meta property=\"og:url\" content=\"https:\/\/drherbals.se\/en\/product\/lions-mane-tabletter\/?wmc-currency=EUR\" \/>\n<meta property=\"og:site_name\" content=\"DR. Herbals\" \/>\n<meta property=\"article:publisher\" content=\"https:\/\/www.facebook.com\/drherbals.se\" \/>\n<meta property=\"article:modified_time\" content=\"2026-04-15T15:13:50+00:00\" \/>\n<meta property=\"og:image\" content=\"https:\/\/drherbals.se\/wp-content\/uploads\/2026\/01\/tabletter-lions-mane-hericium.webp\" \/>\n\t<meta property=\"og:image:width\" content=\"1000\" \/>\n\t<meta property=\"og:image:height\" content=\"1000\" \/>\n\t<meta property=\"og:image:type\" content=\"image\/webp\" \/>\n<meta name=\"twitter:card\" content=\"summary_large_image\" \/>\n<meta name=\"twitter:label1\" content=\"Est. reading time\" \/>\n\t<meta name=\"twitter:data1\" content=\"1 minute\" \/>\n<script type=\"application\/ld+json\" class=\"yoast-schema-graph\">{\"@context\":\"https:\\\/\\\/schema.org\",\"@graph\":[{\"@type\":\"WebPage\",\"@id\":\"https:\\\/\\\/drherbals.se\\\/produkt\\\/lions-mane-tabletter\\\/\",\"url\":\"https:\\\/\\\/drherbals.se\\\/produkt\\\/lions-mane-tabletter\\\/\",\"name\":\"Lion's Mane Tabletter 60st\",\"isPartOf\":{\"@id\":\"https:\\\/\\\/drherbals.se\\\/#website\"},\"primaryImageOfPage\":{\"@id\":\"https:\\\/\\\/drherbals.se\\\/produkt\\\/lions-mane-tabletter\\\/#primaryimage\"},\"image\":{\"@id\":\"https:\\\/\\\/drherbals.se\\\/produkt\\\/lions-mane-tabletter\\\/#primaryimage\"},\"thumbnailUrl\":\"https:\\\/\\\/drherbals.se\\\/wp-content\\\/uploads\\\/2026\\\/01\\\/tabletter-lions-mane-hericium.webp\",\"datePublished\":\"2025-12-01T18:54:17+00:00\",\"dateModified\":\"2026-04-15T15:13:50+00:00\",\"description\":\"Lions mane tabletter - Tack vare sitt h\u00f6ga inneh\u00e5ll av protein, klorofyll och bioaktiva \u00e4mnen anv\u00e4nds lions mane ofta som ett naturligt st\u00f6d ...\",\"breadcrumb\":{\"@id\":\"https:\\\/\\\/drherbals.se\\\/produkt\\\/lions-mane-tabletter\\\/#breadcrumb\"},\"inLanguage\":\"en-US\",\"potentialAction\":[{\"@type\":\"ReadAction\",\"target\":[\"https:\\\/\\\/drherbals.se\\\/produkt\\\/lions-mane-tabletter\\\/\"]}]},{\"@type\":\"ImageObject\",\"inLanguage\":\"en-US\",\"@id\":\"https:\\\/\\\/drherbals.se\\\/produkt\\\/lions-mane-tabletter\\\/#primaryimage\",\"url\":\"https:\\\/\\\/drherbals.se\\\/wp-content\\\/uploads\\\/2026\\\/01\\\/tabletter-lions-mane-hericium.webp\",\"contentUrl\":\"https:\\\/\\\/drherbals.se\\\/wp-content\\\/uploads\\\/2026\\\/01\\\/tabletter-lions-mane-hericium.webp\",\"width\":1000,\"height\":1000,\"caption\":\"Lion\u00b4s Mane Tabletter 100% Naturlig - DR. Herbals\"},{\"@type\":\"BreadcrumbList\",\"@id\":\"https:\\\/\\\/drherbals.se\\\/produkt\\\/lions-mane-tabletter\\\/#breadcrumb\",\"itemListElement\":[{\"@type\":\"ListItem\",\"position\":1,\"name\":\"Hem\",\"item\":\"https:\\\/\\\/drherbals.se\\\/\"},{\"@type\":\"ListItem\",\"position\":2,\"name\":\"Butik\",\"item\":\"https:\\\/\\\/drherbals.se\\\/butik\\\/\"},{\"@type\":\"ListItem\",\"position\":3,\"name\":\"Lion&#8217;s Mane Tabletter 60st\"}]},{\"@type\":\"WebSite\",\"@id\":\"https:\\\/\\\/drherbals.se\\\/#website\",\"url\":\"https:\\\/\\\/drherbals.se\\\/\",\"name\":\"DR. Herbals\",\"description\":\"Sveriges bredaste Cannabis sortiment\",\"publisher\":{\"@id\":\"https:\\\/\\\/drherbals.se\\\/#organization\"},\"alternateName\":\"DR. H\",\"potentialAction\":[{\"@type\":\"SearchAction\",\"target\":{\"@type\":\"EntryPoint\",\"urlTemplate\":\"https:\\\/\\\/drherbals.se\\\/?s={search_term_string}\"},\"query-input\":{\"@type\":\"PropertyValueSpecification\",\"valueRequired\":true,\"valueName\":\"search_term_string\"}}],\"inLanguage\":\"en-US\"},{\"@type\":\"Organization\",\"@id\":\"https:\\\/\\\/drherbals.se\\\/#organization\",\"name\":\"DR. Herbals\",\"url\":\"https:\\\/\\\/drherbals.se\\\/\",\"logo\":{\"@type\":\"ImageObject\",\"inLanguage\":\"en-US\",\"@id\":\"https:\\\/\\\/drherbals.se\\\/#\\\/schema\\\/logo\\\/image\\\/\",\"url\":\"https:\\\/\\\/drherbals.se\\\/wp-content\\\/uploads\\\/2024\\\/09\\\/dr-herbals-logga.png\",\"contentUrl\":\"https:\\\/\\\/drherbals.se\\\/wp-content\\\/uploads\\\/2024\\\/09\\\/dr-herbals-logga.png\",\"width\":240,\"height\":138,\"caption\":\"DR. Herbals\"},\"image\":{\"@id\":\"https:\\\/\\\/drherbals.se\\\/#\\\/schema\\\/logo\\\/image\\\/\"},\"sameAs\":[\"https:\\\/\\\/www.facebook.com\\\/drherbals.se\",\"https:\\\/\\\/www.instagram.com\\\/drherbals.se\\\/\"]}]}<\/script>\n<!-- \/ Yoast SEO plugin. -->","yoast_head_json":{"title":"Lion's Mane Tablets 60pcs","description":"Lions mane tablets - Thanks to its high content of protein, chlorophyll and bioactive substances, lions mane is often used as a natural support ...","robots":{"index":"index","follow":"follow","max-snippet":"max-snippet:-1","max-image-preview":"max-image-preview:large","max-video-preview":"max-video-preview:-1"},"canonical":"https:\/\/drherbals.se\/en\/product\/lions-mane-tabletter\/?wmc-currency=EUR","og_locale":"en_US","og_type":"article","og_title":"Lion's Mane Tabletter 60st","og_description":"Lions mane tabletter - Tack vare sitt h\u00f6ga inneh\u00e5ll av protein, klorofyll och bioaktiva \u00e4mnen anv\u00e4nds lions mane ofta som ett naturligt st\u00f6d ...","og_url":"https:\/\/drherbals.se\/en\/product\/lions-mane-tabletter\/?wmc-currency=EUR","og_site_name":"DR. Herbals","article_publisher":"https:\/\/www.facebook.com\/drherbals.se","article_modified_time":"2026-04-15T15:13:50+00:00","og_image":[{"width":1000,"height":1000,"url":"https:\/\/drherbals.se\/wp-content\/uploads\/2026\/01\/tabletter-lions-mane-hericium.webp","type":"image\/webp"}],"twitter_card":"summary_large_image","twitter_misc":{"Est. reading time":"1 minute"},"schema":{"@context":"https:\/\/schema.org","@graph":[{"@type":"WebPage","@id":"https:\/\/drherbals.se\/produkt\/lions-mane-tabletter\/","url":"https:\/\/drherbals.se\/produkt\/lions-mane-tabletter\/","name":"Lion's Mane Tablets 60pcs","isPartOf":{"@id":"https:\/\/drherbals.se\/#website"},"primaryImageOfPage":{"@id":"https:\/\/drherbals.se\/produkt\/lions-mane-tabletter\/#primaryimage"},"image":{"@id":"https:\/\/drherbals.se\/produkt\/lions-mane-tabletter\/#primaryimage"},"thumbnailUrl":"https:\/\/drherbals.se\/wp-content\/uploads\/2026\/01\/tabletter-lions-mane-hericium.webp","datePublished":"2025-12-01T18:54:17+00:00","dateModified":"2026-04-15T15:13:50+00:00","description":"Lions mane tablets - Thanks to its high content of protein, chlorophyll and bioactive substances, lions mane is often used as a natural support ...","breadcrumb":{"@id":"https:\/\/drherbals.se\/produkt\/lions-mane-tabletter\/#breadcrumb"},"inLanguage":"en-US","potentialAction":[{"@type":"ReadAction","target":["https:\/\/drherbals.se\/produkt\/lions-mane-tabletter\/"]}]},{"@type":"ImageObject","inLanguage":"en-US","@id":"https:\/\/drherbals.se\/produkt\/lions-mane-tabletter\/#primaryimage","url":"https:\/\/drherbals.se\/wp-content\/uploads\/2026\/01\/tabletter-lions-mane-hericium.webp","contentUrl":"https:\/\/drherbals.se\/wp-content\/uploads\/2026\/01\/tabletter-lions-mane-hericium.webp","width":1000,"height":1000,"caption":"Lion\u00b4s Mane Tabletter 100% Naturlig - DR. Herbals"},{"@type":"BreadcrumbList","@id":"https:\/\/drherbals.se\/produkt\/lions-mane-tabletter\/#breadcrumb","itemListElement":[{"@type":"ListItem","position":1,"name":"Hem","item":"https:\/\/drherbals.se\/"},{"@type":"ListItem","position":2,"name":"Butik","item":"https:\/\/drherbals.se\/butik\/"},{"@type":"ListItem","position":3,"name":"Lion&#8217;s Mane Tabletter 60st"}]},{"@type":"WebSite","@id":"https:\/\/drherbals.se\/#website","url":"https:\/\/drherbals.se\/","name":"DR. Herbals","description":"Sweden's widest Cannabis range","publisher":{"@id":"https:\/\/drherbals.se\/#organization"},"alternateName":"DR. H","potentialAction":[{"@type":"SearchAction","target":{"@type":"EntryPoint","urlTemplate":"https:\/\/drherbals.se\/?s={search_term_string}"},"query-input":{"@type":"PropertyValueSpecification","valueRequired":true,"valueName":"search_term_string"}}],"inLanguage":"en-US"},{"@type":"Organization","@id":"https:\/\/drherbals.se\/#organization","name":"DR. Herbals","url":"https:\/\/drherbals.se\/","logo":{"@type":"ImageObject","inLanguage":"en-US","@id":"https:\/\/drherbals.se\/#\/schema\/logo\/image\/","url":"https:\/\/drherbals.se\/wp-content\/uploads\/2024\/09\/dr-herbals-logga.png","contentUrl":"https:\/\/drherbals.se\/wp-content\/uploads\/2024\/09\/dr-herbals-logga.png","width":240,"height":138,"caption":"DR. Herbals"},"image":{"@id":"https:\/\/drherbals.se\/#\/schema\/logo\/image\/"},"sameAs":["https:\/\/www.facebook.com\/drherbals.se","https:\/\/www.instagram.com\/drherbals.se\/"]}]}},"tiered_pricing_type":"fixed","tiered_pricing_fixed_rules":[],"tiered_pricing_product_settings":{"layout":"default","base_unit_name":{"singular":null,"plural":null},"default_variation":null},"tiered_pricing_minimum_quantity":null,"tiered_pricing_roles_data":[],"tiered_pricing_percentage_rules":[],"tiered_pricing_maximum_quantity":null,"tiered_pricing_quantity_step":null,"_links":{"self":[{"href":"https:\/\/drherbals.se\/en\/wp-json\/wp\/v2\/product\/74288","targetHints":{"allow":["GET"]}}],"collection":[{"href":"https:\/\/drherbals.se\/en\/wp-json\/wp\/v2\/product"}],"about":[{"href":"https:\/\/drherbals.se\/en\/wp-json\/wp\/v2\/types\/product"}],"wp:featuredmedia":[{"embeddable":true,"href":"https:\/\/drherbals.se\/en\/wp-json\/wp\/v2\/media\/76782"}],"wp:attachment":[{"href":"https:\/\/drherbals.se\/en\/wp-json\/wp\/v2\/media?parent=74288"}],"wp:term":[{"taxonomy":"product_brand","embeddable":true,"href":"https:\/\/drherbals.se\/en\/wp-json\/wp\/v2\/product_brand?post=74288"},{"taxonomy":"product_cat","embeddable":true,"href":"https:\/\/drherbals.se\/en\/wp-json\/wp\/v2\/product_cat?post=74288"},{"taxonomy":"product_tag","embeddable":true,"href":"https:\/\/drherbals.se\/en\/wp-json\/wp\/v2\/product_tag?post=74288"}],"curies":[{"name":"wp","href":"https:\/\/api.w.org\/{rel}","templated":true}]}}