{"id":73655,"date":"2025-11-20T19:55:03","date_gmt":"2025-11-20T18:55:03","guid":{"rendered":"https:\/\/drherbals.se\/?post_type=product&#038;p=73655"},"modified":"2026-03-25T00:50:54","modified_gmt":"2026-03-24T23:50:54","slug":"hemp-grinder-gron","status":"publish","type":"product","link":"https:\/\/drherbals.se\/en\/product\/hemp-grinder-gron\/","title":{"rendered":"Hemp Grinder - Green"},"content":{"rendered":"<h2><span style=\"color: #333333;\"><strong><span style=\"font-size: 110%;\">Hemp Grinder - Green<\/span><\/strong><\/span><\/h2>\n<p>Discover our groundbreaking grinder - made from 100% natural hemp. This durable and lightweight grinder is a perfect option for those who want a reliable tool without plastic or metal. The hemp material provides a sturdy feel while being biodegradable, making the grinder an excellent choice for both the user and the environment.<\/p>\n<p>Despite its natural construction, it is incredibly efficient. The sharp hemp teeth grind herbs evenly and smoothly, and the design ensures that all the material is collected where it should be - without spillage. Its light weight and compact size make it easy to carry with you, wherever you go.<\/p>\n<p>A grinder that combines function, durability and style - simply a smarter choice for both you and the planet.<\/p>","protected":false},"excerpt":{"rendered":"<p><span style=\"color: #333333;\"><strong><span style=\"font-size: 120%;\">Grinder made of 100% hemp<\/span><\/strong><\/span><\/p>\n<p>\u2192 Hemp Grinder - Green<br \/>\n\u2192 Biodegradable<br \/>\n\u2192 Free from plastic &amp; metal<br \/>\n\u2192 Made of 100% natural hemp<\/p>","protected":false},"featured_media":73703,"template":"","meta":[],"product_brand":[],"product_cat":[1169,1166,1189],"product_tag":[363],"class_list":{"0":"post-73655","1":"product","2":"type-product","3":"status-publish","4":"has-post-thumbnail","6":"product_cat-alla-produkter","7":"product_cat-nyheter","8":"product_cat-tillbehor","9":"product_tag-thc-fri","11":"first","12":"instock","13":"taxable","14":"shipping-taxable","15":"purchasable","16":"product-type-simple"},"yoast_head":"<!-- This site is optimized with the Yoast SEO plugin v27.4 - https:\/\/yoast.com\/product\/yoast-seo-wordpress\/ -->\n<title>Hemp Grinder - Gr\u00f6n - DR. Herbals<\/title>\n<meta name=\"description\" content=\"Hemp Grinder - Gr\u00f6n - Uppt\u00e4ck v\u00e5r banbrytande grinder \u2013 tillverkad av 100% naturlig hampa. Denna h\u00e5llbara och l\u00e4tta grinder \u00e4r ett perfekt...\" \/>\n<meta name=\"robots\" content=\"index, follow, max-snippet:-1, max-image-preview:large, max-video-preview:-1\" \/>\n<link rel=\"canonical\" href=\"https:\/\/drherbals.se\/en\/product\/hemp-grinder-gron\/?wmc-currency=EUR\" \/>\n<meta property=\"og:locale\" content=\"en_US\" \/>\n<meta property=\"og:type\" content=\"article\" \/>\n<meta property=\"og:title\" content=\"Hemp Grinder - Gr\u00f6n - DR. Herbals\" \/>\n<meta property=\"og:description\" content=\"Hemp Grinder - Gr\u00f6n - Uppt\u00e4ck v\u00e5r banbrytande grinder \u2013 tillverkad av 100% naturlig hampa. Denna h\u00e5llbara och l\u00e4tta grinder \u00e4r ett perfekt...\" \/>\n<meta property=\"og:url\" content=\"https:\/\/drherbals.se\/en\/product\/hemp-grinder-gron\/?wmc-currency=EUR\" \/>\n<meta property=\"og:site_name\" content=\"DR. Herbals\" \/>\n<meta property=\"article:publisher\" content=\"https:\/\/www.facebook.com\/drherbals.se\" \/>\n<meta property=\"article:modified_time\" content=\"2026-03-24T23:50:54+00:00\" \/>\n<meta property=\"og:image\" content=\"https:\/\/drherbals.se\/wp-content\/uploads\/2025\/11\/hemp-grinder-green-open.webp\" \/>\n\t<meta property=\"og:image:width\" content=\"1000\" \/>\n\t<meta property=\"og:image:height\" content=\"1000\" \/>\n\t<meta property=\"og:image:type\" content=\"image\/webp\" \/>\n<meta name=\"twitter:card\" content=\"summary_large_image\" \/>\n<meta name=\"twitter:label1\" content=\"Est. reading time\" \/>\n\t<meta name=\"twitter:data1\" content=\"1 minute\" \/>\n<script type=\"application\/ld+json\" class=\"yoast-schema-graph\">{\"@context\":\"https:\\\/\\\/schema.org\",\"@graph\":[{\"@type\":\"WebPage\",\"@id\":\"https:\\\/\\\/drherbals.se\\\/produkt\\\/hemp-grinder-gron\\\/\",\"url\":\"https:\\\/\\\/drherbals.se\\\/produkt\\\/hemp-grinder-gron\\\/\",\"name\":\"Hemp Grinder - Gr\u00f6n - DR. Herbals\",\"isPartOf\":{\"@id\":\"https:\\\/\\\/drherbals.se\\\/#website\"},\"primaryImageOfPage\":{\"@id\":\"https:\\\/\\\/drherbals.se\\\/produkt\\\/hemp-grinder-gron\\\/#primaryimage\"},\"image\":{\"@id\":\"https:\\\/\\\/drherbals.se\\\/produkt\\\/hemp-grinder-gron\\\/#primaryimage\"},\"thumbnailUrl\":\"https:\\\/\\\/drherbals.se\\\/wp-content\\\/uploads\\\/2025\\\/11\\\/hemp-grinder-green-open.webp\",\"datePublished\":\"2025-11-20T18:55:03+00:00\",\"dateModified\":\"2026-03-24T23:50:54+00:00\",\"description\":\"Hemp Grinder - Gr\u00f6n - Uppt\u00e4ck v\u00e5r banbrytande grinder \u2013 tillverkad av 100% naturlig hampa. Denna h\u00e5llbara och l\u00e4tta grinder \u00e4r ett perfekt...\",\"breadcrumb\":{\"@id\":\"https:\\\/\\\/drherbals.se\\\/produkt\\\/hemp-grinder-gron\\\/#breadcrumb\"},\"inLanguage\":\"en-US\",\"potentialAction\":[{\"@type\":\"ReadAction\",\"target\":[\"https:\\\/\\\/drherbals.se\\\/produkt\\\/hemp-grinder-gron\\\/\"]}]},{\"@type\":\"ImageObject\",\"inLanguage\":\"en-US\",\"@id\":\"https:\\\/\\\/drherbals.se\\\/produkt\\\/hemp-grinder-gron\\\/#primaryimage\",\"url\":\"https:\\\/\\\/drherbals.se\\\/wp-content\\\/uploads\\\/2025\\\/11\\\/hemp-grinder-green-open.webp\",\"contentUrl\":\"https:\\\/\\\/drherbals.se\\\/wp-content\\\/uploads\\\/2025\\\/11\\\/hemp-grinder-green-open.webp\",\"width\":1000,\"height\":1000,\"caption\":\"Hemp Grinder - Green - DR. Herbals\"},{\"@type\":\"BreadcrumbList\",\"@id\":\"https:\\\/\\\/drherbals.se\\\/produkt\\\/hemp-grinder-gron\\\/#breadcrumb\",\"itemListElement\":[{\"@type\":\"ListItem\",\"position\":1,\"name\":\"Hem\",\"item\":\"https:\\\/\\\/drherbals.se\\\/\"},{\"@type\":\"ListItem\",\"position\":2,\"name\":\"Butik\",\"item\":\"https:\\\/\\\/drherbals.se\\\/butik\\\/\"},{\"@type\":\"ListItem\",\"position\":3,\"name\":\"Hemp Grinder &#8211; Gr\u00f6n\"}]},{\"@type\":\"WebSite\",\"@id\":\"https:\\\/\\\/drherbals.se\\\/#website\",\"url\":\"https:\\\/\\\/drherbals.se\\\/\",\"name\":\"DR. Herbals\",\"description\":\"Sveriges bredaste Cannabis sortiment\",\"publisher\":{\"@id\":\"https:\\\/\\\/drherbals.se\\\/#organization\"},\"alternateName\":\"DR. H\",\"potentialAction\":[{\"@type\":\"SearchAction\",\"target\":{\"@type\":\"EntryPoint\",\"urlTemplate\":\"https:\\\/\\\/drherbals.se\\\/?s={search_term_string}\"},\"query-input\":{\"@type\":\"PropertyValueSpecification\",\"valueRequired\":true,\"valueName\":\"search_term_string\"}}],\"inLanguage\":\"en-US\"},{\"@type\":\"Organization\",\"@id\":\"https:\\\/\\\/drherbals.se\\\/#organization\",\"name\":\"DR. Herbals\",\"url\":\"https:\\\/\\\/drherbals.se\\\/\",\"logo\":{\"@type\":\"ImageObject\",\"inLanguage\":\"en-US\",\"@id\":\"https:\\\/\\\/drherbals.se\\\/#\\\/schema\\\/logo\\\/image\\\/\",\"url\":\"https:\\\/\\\/drherbals.se\\\/wp-content\\\/uploads\\\/2024\\\/09\\\/dr-herbals-logga.png\",\"contentUrl\":\"https:\\\/\\\/drherbals.se\\\/wp-content\\\/uploads\\\/2024\\\/09\\\/dr-herbals-logga.png\",\"width\":240,\"height\":138,\"caption\":\"DR. Herbals\"},\"image\":{\"@id\":\"https:\\\/\\\/drherbals.se\\\/#\\\/schema\\\/logo\\\/image\\\/\"},\"sameAs\":[\"https:\\\/\\\/www.facebook.com\\\/drherbals.se\",\"https:\\\/\\\/www.instagram.com\\\/drherbals.se\\\/\"]}]}<\/script>\n<!-- \/ Yoast SEO plugin. -->","yoast_head_json":{"title":"Hemp Grinder - Green - DR. Herbals","description":"Hemp Grinder - Green - Discover our groundbreaking grinder - made from 100% natural hemp. This durable and lightweight grinder is a perfect...","robots":{"index":"index","follow":"follow","max-snippet":"max-snippet:-1","max-image-preview":"max-image-preview:large","max-video-preview":"max-video-preview:-1"},"canonical":"https:\/\/drherbals.se\/en\/product\/hemp-grinder-gron\/?wmc-currency=EUR","og_locale":"en_US","og_type":"article","og_title":"Hemp Grinder - Gr\u00f6n - DR. Herbals","og_description":"Hemp Grinder - Gr\u00f6n - Uppt\u00e4ck v\u00e5r banbrytande grinder \u2013 tillverkad av 100% naturlig hampa. Denna h\u00e5llbara och l\u00e4tta grinder \u00e4r ett perfekt...","og_url":"https:\/\/drherbals.se\/en\/product\/hemp-grinder-gron\/?wmc-currency=EUR","og_site_name":"DR. Herbals","article_publisher":"https:\/\/www.facebook.com\/drherbals.se","article_modified_time":"2026-03-24T23:50:54+00:00","og_image":[{"width":1000,"height":1000,"url":"https:\/\/drherbals.se\/wp-content\/uploads\/2025\/11\/hemp-grinder-green-open.webp","type":"image\/webp"}],"twitter_card":"summary_large_image","twitter_misc":{"Est. reading time":"1 minute"},"schema":{"@context":"https:\/\/schema.org","@graph":[{"@type":"WebPage","@id":"https:\/\/drherbals.se\/produkt\/hemp-grinder-gron\/","url":"https:\/\/drherbals.se\/produkt\/hemp-grinder-gron\/","name":"Hemp Grinder - Green - DR. Herbals","isPartOf":{"@id":"https:\/\/drherbals.se\/#website"},"primaryImageOfPage":{"@id":"https:\/\/drherbals.se\/produkt\/hemp-grinder-gron\/#primaryimage"},"image":{"@id":"https:\/\/drherbals.se\/produkt\/hemp-grinder-gron\/#primaryimage"},"thumbnailUrl":"https:\/\/drherbals.se\/wp-content\/uploads\/2025\/11\/hemp-grinder-green-open.webp","datePublished":"2025-11-20T18:55:03+00:00","dateModified":"2026-03-24T23:50:54+00:00","description":"Hemp Grinder - Green - Discover our groundbreaking grinder - made from 100% natural hemp. This durable and lightweight grinder is a perfect...","breadcrumb":{"@id":"https:\/\/drherbals.se\/produkt\/hemp-grinder-gron\/#breadcrumb"},"inLanguage":"en-US","potentialAction":[{"@type":"ReadAction","target":["https:\/\/drherbals.se\/produkt\/hemp-grinder-gron\/"]}]},{"@type":"ImageObject","inLanguage":"en-US","@id":"https:\/\/drherbals.se\/produkt\/hemp-grinder-gron\/#primaryimage","url":"https:\/\/drherbals.se\/wp-content\/uploads\/2025\/11\/hemp-grinder-green-open.webp","contentUrl":"https:\/\/drherbals.se\/wp-content\/uploads\/2025\/11\/hemp-grinder-green-open.webp","width":1000,"height":1000,"caption":"Hemp Grinder - Green - DR. Herbals"},{"@type":"BreadcrumbList","@id":"https:\/\/drherbals.se\/produkt\/hemp-grinder-gron\/#breadcrumb","itemListElement":[{"@type":"ListItem","position":1,"name":"Hem","item":"https:\/\/drherbals.se\/"},{"@type":"ListItem","position":2,"name":"Butik","item":"https:\/\/drherbals.se\/butik\/"},{"@type":"ListItem","position":3,"name":"Hemp Grinder &#8211; Gr\u00f6n"}]},{"@type":"WebSite","@id":"https:\/\/drherbals.se\/#website","url":"https:\/\/drherbals.se\/","name":"DR. Herbals","description":"Sweden's widest Cannabis range","publisher":{"@id":"https:\/\/drherbals.se\/#organization"},"alternateName":"DR. H","potentialAction":[{"@type":"SearchAction","target":{"@type":"EntryPoint","urlTemplate":"https:\/\/drherbals.se\/?s={search_term_string}"},"query-input":{"@type":"PropertyValueSpecification","valueRequired":true,"valueName":"search_term_string"}}],"inLanguage":"en-US"},{"@type":"Organization","@id":"https:\/\/drherbals.se\/#organization","name":"DR. Herbals","url":"https:\/\/drherbals.se\/","logo":{"@type":"ImageObject","inLanguage":"en-US","@id":"https:\/\/drherbals.se\/#\/schema\/logo\/image\/","url":"https:\/\/drherbals.se\/wp-content\/uploads\/2024\/09\/dr-herbals-logga.png","contentUrl":"https:\/\/drherbals.se\/wp-content\/uploads\/2024\/09\/dr-herbals-logga.png","width":240,"height":138,"caption":"DR. Herbals"},"image":{"@id":"https:\/\/drherbals.se\/#\/schema\/logo\/image\/"},"sameAs":["https:\/\/www.facebook.com\/drherbals.se","https:\/\/www.instagram.com\/drherbals.se\/"]}]}},"tiered_pricing_type":"fixed","tiered_pricing_fixed_rules":[],"tiered_pricing_product_settings":{"layout":"default","base_unit_name":{"singular":null,"plural":null},"default_variation":null},"tiered_pricing_minimum_quantity":null,"tiered_pricing_roles_data":[],"tiered_pricing_percentage_rules":[],"tiered_pricing_maximum_quantity":null,"tiered_pricing_quantity_step":null,"_links":{"self":[{"href":"https:\/\/drherbals.se\/en\/wp-json\/wp\/v2\/product\/73655","targetHints":{"allow":["GET"]}}],"collection":[{"href":"https:\/\/drherbals.se\/en\/wp-json\/wp\/v2\/product"}],"about":[{"href":"https:\/\/drherbals.se\/en\/wp-json\/wp\/v2\/types\/product"}],"wp:featuredmedia":[{"embeddable":true,"href":"https:\/\/drherbals.se\/en\/wp-json\/wp\/v2\/media\/73703"}],"wp:attachment":[{"href":"https:\/\/drherbals.se\/en\/wp-json\/wp\/v2\/media?parent=73655"}],"wp:term":[{"taxonomy":"product_brand","embeddable":true,"href":"https:\/\/drherbals.se\/en\/wp-json\/wp\/v2\/product_brand?post=73655"},{"taxonomy":"product_cat","embeddable":true,"href":"https:\/\/drherbals.se\/en\/wp-json\/wp\/v2\/product_cat?post=73655"},{"taxonomy":"product_tag","embeddable":true,"href":"https:\/\/drherbals.se\/en\/wp-json\/wp\/v2\/product_tag?post=73655"}],"curies":[{"name":"wp","href":"https:\/\/api.w.org\/{rel}","templated":true}]}}