{"id":73651,"date":"2025-11-20T19:33:17","date_gmt":"2025-11-20T18:33:17","guid":{"rendered":"https:\/\/drherbals.se\/?post_type=product&#038;p=73651"},"modified":"2026-04-10T22:27:18","modified_gmt":"2026-04-10T20:27:18","slug":"zetla-tandare-rasta-man","status":"publish","type":"product","link":"https:\/\/drherbals.se\/en\/product\/zetla-tandare-rasta-man\/","title":{"rendered":"Zetla Lighter - Rasta Man"},"content":{"rendered":"<h2><span style=\"color: #333333\"><strong><span style=\"font-size: 110%\">Zetla Lighter - Rasta Man<\/span><\/strong><\/span><\/h2>\n<p>High quality Zetla Click Lighters \u201dRasta Man\u201d - push lighters with adjustable flame. These high quality click lighters come with unique rasta-inspired motifs, making each lighter easily recognizable and visually eye-catching. They are designed for both convenience and reliability, with a soft and smooth ignition and an adjustable flame that gets bigger as the lighter is tilted.<\/p>\n<p>The push-button mechanism provides quick, safe and easy lighting without the need to roll or flick as with traditional lighters. The adjustable flame also gives you control over the intensity and reduces unnecessary waste - perfect for all types of smoking accessories.<\/p>\n<p><strong><em>The lighters are delivered randomly selected. Do you want a specific motif? Add a comment at checkout and we will arrange it subject to stock.<\/em><\/strong><\/p>","protected":false},"excerpt":{"rendered":"<p><span style=\"color: #333333\"><strong><span style=\"font-size: 120%\">Charming Rasta Man lighter<\/span><\/strong><\/span><\/p>\n<p>\u2192 Zetla lighter - Rasta Man<br \/>\n\u2192 Click lighter<br \/>\n\u2192 Adjustable flame<br \/>\n\u2192 Easy to use<\/p>","protected":false},"featured_media":73708,"template":"","meta":[],"product_brand":[],"product_cat":[1169,1166,1189],"product_tag":[363],"class_list":{"0":"post-73651","1":"product","2":"type-product","3":"status-publish","4":"has-post-thumbnail","6":"product_cat-alla-produkter","7":"product_cat-nyheter","8":"product_cat-tillbehor","9":"product_tag-thc-fri","11":"first","12":"instock","13":"taxable","14":"shipping-taxable","15":"purchasable","16":"product-type-simple"},"yoast_head":"<!-- This site is optimized with the Yoast SEO plugin v27.4 - https:\/\/yoast.com\/product\/yoast-seo-wordpress\/ -->\n<title>Zetla T\u00e4ndare - Rasta Man - DR. Herbals<\/title>\n<meta name=\"description\" content=\"Zetla T\u00e4ndare - Rasta Man - H\u00f6gkvalitativa Zetla Click Lighters &quot;Rasta Man&quot; \u2013 tryck t\u00e4ndare med justerbar l\u00e5ga. Dessa h\u00f6gkvalitativa tryckt\u00e4ndare kommer...\" \/>\n<meta name=\"robots\" content=\"index, follow, max-snippet:-1, max-image-preview:large, max-video-preview:-1\" \/>\n<link rel=\"canonical\" href=\"https:\/\/drherbals.se\/en\/product\/zetla-tandare-rasta-man\/?wmc-currency=EUR\" \/>\n<meta property=\"og:locale\" content=\"en_US\" \/>\n<meta property=\"og:type\" content=\"article\" \/>\n<meta property=\"og:title\" content=\"Zetla T\u00e4ndare - Rasta Man - DR. Herbals\" \/>\n<meta property=\"og:description\" content=\"Zetla T\u00e4ndare - Rasta Man - H\u00f6gkvalitativa Zetla Click Lighters &quot;Rasta Man&quot; \u2013 tryck t\u00e4ndare med justerbar l\u00e5ga. Dessa h\u00f6gkvalitativa tryckt\u00e4ndare kommer...\" \/>\n<meta property=\"og:url\" content=\"https:\/\/drherbals.se\/en\/product\/zetla-tandare-rasta-man\/?wmc-currency=EUR\" \/>\n<meta property=\"og:site_name\" content=\"DR. Herbals\" \/>\n<meta property=\"article:publisher\" content=\"https:\/\/www.facebook.com\/drherbals.se\" \/>\n<meta property=\"article:modified_time\" content=\"2026-04-10T20:27:18+00:00\" \/>\n<meta property=\"og:image\" content=\"https:\/\/drherbals.se\/wp-content\/uploads\/2025\/11\/zetla-tandare.webp\" \/>\n\t<meta property=\"og:image:width\" content=\"1000\" \/>\n\t<meta property=\"og:image:height\" content=\"1000\" \/>\n\t<meta property=\"og:image:type\" content=\"image\/webp\" \/>\n<meta name=\"twitter:card\" content=\"summary_large_image\" \/>\n<meta name=\"twitter:label1\" content=\"Est. reading time\" \/>\n\t<meta name=\"twitter:data1\" content=\"1 minute\" \/>\n<script type=\"application\/ld+json\" class=\"yoast-schema-graph\">{\"@context\":\"https:\\\/\\\/schema.org\",\"@graph\":[{\"@type\":\"WebPage\",\"@id\":\"https:\\\/\\\/drherbals.se\\\/produkt\\\/zetla-tandare-rasta-man\\\/\",\"url\":\"https:\\\/\\\/drherbals.se\\\/produkt\\\/zetla-tandare-rasta-man\\\/\",\"name\":\"Zetla T\u00e4ndare - Rasta Man - DR. Herbals\",\"isPartOf\":{\"@id\":\"https:\\\/\\\/drherbals.se\\\/#website\"},\"primaryImageOfPage\":{\"@id\":\"https:\\\/\\\/drherbals.se\\\/produkt\\\/zetla-tandare-rasta-man\\\/#primaryimage\"},\"image\":{\"@id\":\"https:\\\/\\\/drherbals.se\\\/produkt\\\/zetla-tandare-rasta-man\\\/#primaryimage\"},\"thumbnailUrl\":\"https:\\\/\\\/drherbals.se\\\/wp-content\\\/uploads\\\/2025\\\/11\\\/zetla-tandare.webp\",\"datePublished\":\"2025-11-20T18:33:17+00:00\",\"dateModified\":\"2026-04-10T20:27:18+00:00\",\"description\":\"Zetla T\u00e4ndare - Rasta Man - H\u00f6gkvalitativa Zetla Click Lighters \\\"Rasta Man\\\" \u2013 tryck t\u00e4ndare med justerbar l\u00e5ga. Dessa h\u00f6gkvalitativa tryckt\u00e4ndare kommer...\",\"breadcrumb\":{\"@id\":\"https:\\\/\\\/drherbals.se\\\/produkt\\\/zetla-tandare-rasta-man\\\/#breadcrumb\"},\"inLanguage\":\"en-US\",\"potentialAction\":[{\"@type\":\"ReadAction\",\"target\":[\"https:\\\/\\\/drherbals.se\\\/produkt\\\/zetla-tandare-rasta-man\\\/\"]}]},{\"@type\":\"ImageObject\",\"inLanguage\":\"en-US\",\"@id\":\"https:\\\/\\\/drherbals.se\\\/produkt\\\/zetla-tandare-rasta-man\\\/#primaryimage\",\"url\":\"https:\\\/\\\/drherbals.se\\\/wp-content\\\/uploads\\\/2025\\\/11\\\/zetla-tandare.webp\",\"contentUrl\":\"https:\\\/\\\/drherbals.se\\\/wp-content\\\/uploads\\\/2025\\\/11\\\/zetla-tandare.webp\",\"width\":1000,\"height\":1000,\"caption\":\"Zetla T\u00e4ndare - DR. Herbals\"},{\"@type\":\"BreadcrumbList\",\"@id\":\"https:\\\/\\\/drherbals.se\\\/produkt\\\/zetla-tandare-rasta-man\\\/#breadcrumb\",\"itemListElement\":[{\"@type\":\"ListItem\",\"position\":1,\"name\":\"Hem\",\"item\":\"https:\\\/\\\/drherbals.se\\\/\"},{\"@type\":\"ListItem\",\"position\":2,\"name\":\"Butik\",\"item\":\"https:\\\/\\\/drherbals.se\\\/butik\\\/\"},{\"@type\":\"ListItem\",\"position\":3,\"name\":\"Zetla T\u00e4ndare &#8211; Rasta Man\"}]},{\"@type\":\"WebSite\",\"@id\":\"https:\\\/\\\/drherbals.se\\\/#website\",\"url\":\"https:\\\/\\\/drherbals.se\\\/\",\"name\":\"DR. Herbals\",\"description\":\"Sveriges bredaste Cannabis sortiment\",\"publisher\":{\"@id\":\"https:\\\/\\\/drherbals.se\\\/#organization\"},\"alternateName\":\"DR. H\",\"potentialAction\":[{\"@type\":\"SearchAction\",\"target\":{\"@type\":\"EntryPoint\",\"urlTemplate\":\"https:\\\/\\\/drherbals.se\\\/?s={search_term_string}\"},\"query-input\":{\"@type\":\"PropertyValueSpecification\",\"valueRequired\":true,\"valueName\":\"search_term_string\"}}],\"inLanguage\":\"en-US\"},{\"@type\":\"Organization\",\"@id\":\"https:\\\/\\\/drherbals.se\\\/#organization\",\"name\":\"DR. Herbals\",\"url\":\"https:\\\/\\\/drherbals.se\\\/\",\"logo\":{\"@type\":\"ImageObject\",\"inLanguage\":\"en-US\",\"@id\":\"https:\\\/\\\/drherbals.se\\\/#\\\/schema\\\/logo\\\/image\\\/\",\"url\":\"https:\\\/\\\/drherbals.se\\\/wp-content\\\/uploads\\\/2024\\\/09\\\/dr-herbals-logga.png\",\"contentUrl\":\"https:\\\/\\\/drherbals.se\\\/wp-content\\\/uploads\\\/2024\\\/09\\\/dr-herbals-logga.png\",\"width\":240,\"height\":138,\"caption\":\"DR. Herbals\"},\"image\":{\"@id\":\"https:\\\/\\\/drherbals.se\\\/#\\\/schema\\\/logo\\\/image\\\/\"},\"sameAs\":[\"https:\\\/\\\/www.facebook.com\\\/drherbals.se\",\"https:\\\/\\\/www.instagram.com\\\/drherbals.se\\\/\"]}]}<\/script>\n<!-- \/ Yoast SEO plugin. -->","yoast_head_json":{"title":"Zetla Lighter - Rasta Man - DR. Herbals","description":"Zetla Lighters - Rasta Man - High quality Zetla Click Lighters \"Rasta Man\" - push lighters with adjustable flame. These high quality click lighters come with...","robots":{"index":"index","follow":"follow","max-snippet":"max-snippet:-1","max-image-preview":"max-image-preview:large","max-video-preview":"max-video-preview:-1"},"canonical":"https:\/\/drherbals.se\/en\/product\/zetla-tandare-rasta-man\/?wmc-currency=EUR","og_locale":"en_US","og_type":"article","og_title":"Zetla T\u00e4ndare - Rasta Man - DR. Herbals","og_description":"Zetla T\u00e4ndare - Rasta Man - H\u00f6gkvalitativa Zetla Click Lighters \"Rasta Man\" \u2013 tryck t\u00e4ndare med justerbar l\u00e5ga. Dessa h\u00f6gkvalitativa tryckt\u00e4ndare kommer...","og_url":"https:\/\/drherbals.se\/en\/product\/zetla-tandare-rasta-man\/?wmc-currency=EUR","og_site_name":"DR. Herbals","article_publisher":"https:\/\/www.facebook.com\/drherbals.se","article_modified_time":"2026-04-10T20:27:18+00:00","og_image":[{"width":1000,"height":1000,"url":"https:\/\/drherbals.se\/wp-content\/uploads\/2025\/11\/zetla-tandare.webp","type":"image\/webp"}],"twitter_card":"summary_large_image","twitter_misc":{"Est. reading time":"1 minute"},"schema":{"@context":"https:\/\/schema.org","@graph":[{"@type":"WebPage","@id":"https:\/\/drherbals.se\/produkt\/zetla-tandare-rasta-man\/","url":"https:\/\/drherbals.se\/produkt\/zetla-tandare-rasta-man\/","name":"Zetla Lighter - Rasta Man - DR. Herbals","isPartOf":{"@id":"https:\/\/drherbals.se\/#website"},"primaryImageOfPage":{"@id":"https:\/\/drherbals.se\/produkt\/zetla-tandare-rasta-man\/#primaryimage"},"image":{"@id":"https:\/\/drherbals.se\/produkt\/zetla-tandare-rasta-man\/#primaryimage"},"thumbnailUrl":"https:\/\/drherbals.se\/wp-content\/uploads\/2025\/11\/zetla-tandare.webp","datePublished":"2025-11-20T18:33:17+00:00","dateModified":"2026-04-10T20:27:18+00:00","description":"Zetla Lighters - Rasta Man - High quality Zetla Click Lighters \"Rasta Man\" - push lighters with adjustable flame. These high quality click lighters come with...","breadcrumb":{"@id":"https:\/\/drherbals.se\/produkt\/zetla-tandare-rasta-man\/#breadcrumb"},"inLanguage":"en-US","potentialAction":[{"@type":"ReadAction","target":["https:\/\/drherbals.se\/produkt\/zetla-tandare-rasta-man\/"]}]},{"@type":"ImageObject","inLanguage":"en-US","@id":"https:\/\/drherbals.se\/produkt\/zetla-tandare-rasta-man\/#primaryimage","url":"https:\/\/drherbals.se\/wp-content\/uploads\/2025\/11\/zetla-tandare.webp","contentUrl":"https:\/\/drherbals.se\/wp-content\/uploads\/2025\/11\/zetla-tandare.webp","width":1000,"height":1000,"caption":"Zetla T\u00e4ndare - DR. Herbals"},{"@type":"BreadcrumbList","@id":"https:\/\/drherbals.se\/produkt\/zetla-tandare-rasta-man\/#breadcrumb","itemListElement":[{"@type":"ListItem","position":1,"name":"Hem","item":"https:\/\/drherbals.se\/"},{"@type":"ListItem","position":2,"name":"Butik","item":"https:\/\/drherbals.se\/butik\/"},{"@type":"ListItem","position":3,"name":"Zetla T\u00e4ndare &#8211; Rasta Man"}]},{"@type":"WebSite","@id":"https:\/\/drherbals.se\/#website","url":"https:\/\/drherbals.se\/","name":"DR. Herbals","description":"Sweden's widest Cannabis range","publisher":{"@id":"https:\/\/drherbals.se\/#organization"},"alternateName":"DR. H","potentialAction":[{"@type":"SearchAction","target":{"@type":"EntryPoint","urlTemplate":"https:\/\/drherbals.se\/?s={search_term_string}"},"query-input":{"@type":"PropertyValueSpecification","valueRequired":true,"valueName":"search_term_string"}}],"inLanguage":"en-US"},{"@type":"Organization","@id":"https:\/\/drherbals.se\/#organization","name":"DR. Herbals","url":"https:\/\/drherbals.se\/","logo":{"@type":"ImageObject","inLanguage":"en-US","@id":"https:\/\/drherbals.se\/#\/schema\/logo\/image\/","url":"https:\/\/drherbals.se\/wp-content\/uploads\/2024\/09\/dr-herbals-logga.png","contentUrl":"https:\/\/drherbals.se\/wp-content\/uploads\/2024\/09\/dr-herbals-logga.png","width":240,"height":138,"caption":"DR. Herbals"},"image":{"@id":"https:\/\/drherbals.se\/#\/schema\/logo\/image\/"},"sameAs":["https:\/\/www.facebook.com\/drherbals.se","https:\/\/www.instagram.com\/drherbals.se\/"]}]}},"tiered_pricing_type":"fixed","tiered_pricing_fixed_rules":[],"tiered_pricing_product_settings":{"layout":"default","base_unit_name":{"singular":null,"plural":null},"default_variation":null},"tiered_pricing_minimum_quantity":null,"tiered_pricing_roles_data":[],"tiered_pricing_percentage_rules":[],"tiered_pricing_maximum_quantity":null,"tiered_pricing_quantity_step":null,"_links":{"self":[{"href":"https:\/\/drherbals.se\/en\/wp-json\/wp\/v2\/product\/73651","targetHints":{"allow":["GET"]}}],"collection":[{"href":"https:\/\/drherbals.se\/en\/wp-json\/wp\/v2\/product"}],"about":[{"href":"https:\/\/drherbals.se\/en\/wp-json\/wp\/v2\/types\/product"}],"wp:featuredmedia":[{"embeddable":true,"href":"https:\/\/drherbals.se\/en\/wp-json\/wp\/v2\/media\/73708"}],"wp:attachment":[{"href":"https:\/\/drherbals.se\/en\/wp-json\/wp\/v2\/media?parent=73651"}],"wp:term":[{"taxonomy":"product_brand","embeddable":true,"href":"https:\/\/drherbals.se\/en\/wp-json\/wp\/v2\/product_brand?post=73651"},{"taxonomy":"product_cat","embeddable":true,"href":"https:\/\/drherbals.se\/en\/wp-json\/wp\/v2\/product_cat?post=73651"},{"taxonomy":"product_tag","embeddable":true,"href":"https:\/\/drherbals.se\/en\/wp-json\/wp\/v2\/product_tag?post=73651"}],"curies":[{"name":"wp","href":"https:\/\/api.w.org\/{rel}","templated":true}]}}