{"id":73641,"date":"2025-11-20T19:08:31","date_gmt":"2025-11-20T18:08:31","guid":{"rendered":"https:\/\/drherbals.se\/?post_type=product&#038;p=73641"},"modified":"2026-02-12T02:27:00","modified_gmt":"2026-02-12T01:27:00","slug":"zetla-hemp-wraps-bubble-gum-3st","status":"publish","type":"product","link":"https:\/\/drherbals.se\/en\/product\/zetla-hemp-wraps-bubble-gum-3st\/","title":{"rendered":"Zetla Hemp Wraps - Bubble Gum (3pcs)"},"content":{"rendered":"<h2><span style=\"color: #333333;\"><strong><span style=\"font-size: 110%;\">Zetla Hemp Wraps - Bubble Gum (3pcs)<\/span><\/strong><\/span><\/h2>\n<p>Zetla Hemp Blunt Wraps are a premium option for those looking for a smooth, flavorful and completely tobacco-free smoking experience.<br \/>\nMade from 100% hemp, these wraps offer a smooth and even burn that enhances the whole experience - without nicotine, without tobacco and without unnecessary additives.<\/p>\n<p>Zetla hemp wraps are known for their soft texture and light flexibility, making them easy to roll and pleasant to smoke. Each wrap has a naturally rich flavor profile that enhances the herbs rather than overpowering them - perfect for those who want a more balanced taste.<\/p>\n<p>The packaging is resealable, keeping the wraps fresh and convenient to use over time. Each bag contains two high-quality wraps, ready to be enjoyed immediately.<\/p>\n<p>Zetla Hemp Blunt Wraps - pure ingredients, pure taste, pure enjoyment.<\/p>\n<p><span style=\"color: #333333;\"><strong><span style=\"font-size: 120%;\">Specifications<\/span><\/strong><\/span><\/p>\n<p><strong>Material:<\/strong> Made from hemp<br \/>\n<strong>Filter:<\/strong> Without filter<br \/>\n<strong>Number:<\/strong> 3 blunts (wraps)\/pack<br \/>\n<strong>Flavor:<\/strong> Bubble Gum<\/p>","protected":false},"excerpt":{"rendered":"<p><span style=\"color: #333333;\"><strong><span style=\"font-size: 120%;\">Iconic flavored wraps (blunt)<\/span><\/strong><\/span><\/p>\n<p>\u2192 Zetla - Bubble Gum<br \/>\n\u2192 3 blunts<br \/>\n\u2192 Easy to use - flavored<br \/>\n\u2192 Made from hemp<\/p>","protected":false},"featured_media":73721,"template":"","meta":[],"product_brand":[],"product_cat":[1169,1166,1189],"product_tag":[363],"class_list":{"0":"post-73641","1":"product","2":"type-product","3":"status-publish","4":"has-post-thumbnail","6":"product_cat-alla-produkter","7":"product_cat-nyheter","8":"product_cat-tillbehor","9":"product_tag-thc-fri","11":"first","12":"instock","13":"taxable","14":"shipping-taxable","15":"purchasable","16":"product-type-simple"},"yoast_head":"<!-- This site is optimized with the Yoast SEO plugin v27.4 - https:\/\/yoast.com\/product\/yoast-seo-wordpress\/ -->\n<title>Zetla Hemp Wraps - Bubble Gum (3st) - DR. Herbals<\/title>\n<meta name=\"description\" content=\"Zetla Hemp Wraps - Bubble Gum (3st) - gjorda av extra tunt Premium-papper som brinner extra l\u00e5ngsamt. Alla zetla-papper \u00e4r veganv\u00e4nliga, GMO-fria och...\" \/>\n<meta name=\"robots\" content=\"index, follow, max-snippet:-1, max-image-preview:large, max-video-preview:-1\" \/>\n<link rel=\"canonical\" href=\"https:\/\/drherbals.se\/en\/product\/zetla-hemp-wraps-bubble-gum-3st\/?wmc-currency=EUR\" \/>\n<meta property=\"og:locale\" content=\"en_US\" \/>\n<meta property=\"og:type\" content=\"article\" \/>\n<meta property=\"og:title\" content=\"Zetla Hemp Wraps - Bubble Gum (3st) - DR. Herbals\" \/>\n<meta property=\"og:description\" content=\"Zetla Hemp Wraps - Bubble Gum (3st) - gjorda av extra tunt Premium-papper som brinner extra l\u00e5ngsamt. Alla zetla-papper \u00e4r veganv\u00e4nliga, GMO-fria och...\" \/>\n<meta property=\"og:url\" content=\"https:\/\/drherbals.se\/en\/product\/zetla-hemp-wraps-bubble-gum-3st\/?wmc-currency=EUR\" \/>\n<meta property=\"og:site_name\" content=\"DR. Herbals\" \/>\n<meta property=\"article:publisher\" content=\"https:\/\/www.facebook.com\/drherbals.se\" \/>\n<meta property=\"article:modified_time\" content=\"2026-02-12T01:27:00+00:00\" \/>\n<meta property=\"og:image\" content=\"https:\/\/drherbals.se\/wp-content\/uploads\/2025\/11\/zetla-blunts-bubblegum.webp\" \/>\n\t<meta property=\"og:image:width\" content=\"1000\" \/>\n\t<meta property=\"og:image:height\" content=\"1000\" \/>\n\t<meta property=\"og:image:type\" content=\"image\/webp\" \/>\n<meta name=\"twitter:card\" content=\"summary_large_image\" \/>\n<meta name=\"twitter:label1\" content=\"Est. reading time\" \/>\n\t<meta name=\"twitter:data1\" content=\"1 minute\" \/>\n<script type=\"application\/ld+json\" class=\"yoast-schema-graph\">{\"@context\":\"https:\\\/\\\/schema.org\",\"@graph\":[{\"@type\":\"WebPage\",\"@id\":\"https:\\\/\\\/drherbals.se\\\/produkt\\\/zetla-hemp-wraps-bubble-gum-3st\\\/\",\"url\":\"https:\\\/\\\/drherbals.se\\\/produkt\\\/zetla-hemp-wraps-bubble-gum-3st\\\/\",\"name\":\"Zetla Hemp Wraps - Bubble Gum (3st) - DR. Herbals\",\"isPartOf\":{\"@id\":\"https:\\\/\\\/drherbals.se\\\/#website\"},\"primaryImageOfPage\":{\"@id\":\"https:\\\/\\\/drherbals.se\\\/produkt\\\/zetla-hemp-wraps-bubble-gum-3st\\\/#primaryimage\"},\"image\":{\"@id\":\"https:\\\/\\\/drherbals.se\\\/produkt\\\/zetla-hemp-wraps-bubble-gum-3st\\\/#primaryimage\"},\"thumbnailUrl\":\"https:\\\/\\\/drherbals.se\\\/wp-content\\\/uploads\\\/2025\\\/11\\\/zetla-blunts-bubblegum.webp\",\"datePublished\":\"2025-11-20T18:08:31+00:00\",\"dateModified\":\"2026-02-12T01:27:00+00:00\",\"description\":\"Zetla Hemp Wraps - Bubble Gum (3st) - gjorda av extra tunt Premium-papper som brinner extra l\u00e5ngsamt. Alla zetla-papper \u00e4r veganv\u00e4nliga, GMO-fria och...\",\"breadcrumb\":{\"@id\":\"https:\\\/\\\/drherbals.se\\\/produkt\\\/zetla-hemp-wraps-bubble-gum-3st\\\/#breadcrumb\"},\"inLanguage\":\"en-US\",\"potentialAction\":[{\"@type\":\"ReadAction\",\"target\":[\"https:\\\/\\\/drherbals.se\\\/produkt\\\/zetla-hemp-wraps-bubble-gum-3st\\\/\"]}]},{\"@type\":\"ImageObject\",\"inLanguage\":\"en-US\",\"@id\":\"https:\\\/\\\/drherbals.se\\\/produkt\\\/zetla-hemp-wraps-bubble-gum-3st\\\/#primaryimage\",\"url\":\"https:\\\/\\\/drherbals.se\\\/wp-content\\\/uploads\\\/2025\\\/11\\\/zetla-blunts-bubblegum.webp\",\"contentUrl\":\"https:\\\/\\\/drherbals.se\\\/wp-content\\\/uploads\\\/2025\\\/11\\\/zetla-blunts-bubblegum.webp\",\"width\":1000,\"height\":1000,\"caption\":\"Zetla Hemp Wraps - Bubble Gum (3st) - DR. Herbals\"},{\"@type\":\"BreadcrumbList\",\"@id\":\"https:\\\/\\\/drherbals.se\\\/produkt\\\/zetla-hemp-wraps-bubble-gum-3st\\\/#breadcrumb\",\"itemListElement\":[{\"@type\":\"ListItem\",\"position\":1,\"name\":\"Hem\",\"item\":\"https:\\\/\\\/drherbals.se\\\/\"},{\"@type\":\"ListItem\",\"position\":2,\"name\":\"Butik\",\"item\":\"https:\\\/\\\/drherbals.se\\\/butik\\\/\"},{\"@type\":\"ListItem\",\"position\":3,\"name\":\"Zetla Hemp Wraps &#8211; Bubble Gum (3st)\"}]},{\"@type\":\"WebSite\",\"@id\":\"https:\\\/\\\/drherbals.se\\\/#website\",\"url\":\"https:\\\/\\\/drherbals.se\\\/\",\"name\":\"DR. Herbals\",\"description\":\"Sveriges bredaste Cannabis sortiment\",\"publisher\":{\"@id\":\"https:\\\/\\\/drherbals.se\\\/#organization\"},\"alternateName\":\"DR. H\",\"potentialAction\":[{\"@type\":\"SearchAction\",\"target\":{\"@type\":\"EntryPoint\",\"urlTemplate\":\"https:\\\/\\\/drherbals.se\\\/?s={search_term_string}\"},\"query-input\":{\"@type\":\"PropertyValueSpecification\",\"valueRequired\":true,\"valueName\":\"search_term_string\"}}],\"inLanguage\":\"en-US\"},{\"@type\":\"Organization\",\"@id\":\"https:\\\/\\\/drherbals.se\\\/#organization\",\"name\":\"DR. Herbals\",\"url\":\"https:\\\/\\\/drherbals.se\\\/\",\"logo\":{\"@type\":\"ImageObject\",\"inLanguage\":\"en-US\",\"@id\":\"https:\\\/\\\/drherbals.se\\\/#\\\/schema\\\/logo\\\/image\\\/\",\"url\":\"https:\\\/\\\/drherbals.se\\\/wp-content\\\/uploads\\\/2024\\\/09\\\/dr-herbals-logga.png\",\"contentUrl\":\"https:\\\/\\\/drherbals.se\\\/wp-content\\\/uploads\\\/2024\\\/09\\\/dr-herbals-logga.png\",\"width\":240,\"height\":138,\"caption\":\"DR. Herbals\"},\"image\":{\"@id\":\"https:\\\/\\\/drherbals.se\\\/#\\\/schema\\\/logo\\\/image\\\/\"},\"sameAs\":[\"https:\\\/\\\/www.facebook.com\\\/drherbals.se\",\"https:\\\/\\\/www.instagram.com\\\/drherbals.se\\\/\"]}]}<\/script>\n<!-- \/ Yoast SEO plugin. -->","yoast_head_json":{"title":"Zetla Hemp Wraps - Bubble Gum (3pcs) - DR. Herbals","description":"Zetla Hemp Wraps - Bubble Gum (3pcs) - made from extra thin premium paper that burns extra slowly. All zetla papers are vegan-friendly, GMO-free and...","robots":{"index":"index","follow":"follow","max-snippet":"max-snippet:-1","max-image-preview":"max-image-preview:large","max-video-preview":"max-video-preview:-1"},"canonical":"https:\/\/drherbals.se\/en\/product\/zetla-hemp-wraps-bubble-gum-3st\/?wmc-currency=EUR","og_locale":"en_US","og_type":"article","og_title":"Zetla Hemp Wraps - Bubble Gum (3st) - DR. Herbals","og_description":"Zetla Hemp Wraps - Bubble Gum (3st) - gjorda av extra tunt Premium-papper som brinner extra l\u00e5ngsamt. Alla zetla-papper \u00e4r veganv\u00e4nliga, GMO-fria och...","og_url":"https:\/\/drherbals.se\/en\/product\/zetla-hemp-wraps-bubble-gum-3st\/?wmc-currency=EUR","og_site_name":"DR. Herbals","article_publisher":"https:\/\/www.facebook.com\/drherbals.se","article_modified_time":"2026-02-12T01:27:00+00:00","og_image":[{"width":1000,"height":1000,"url":"https:\/\/drherbals.se\/wp-content\/uploads\/2025\/11\/zetla-blunts-bubblegum.webp","type":"image\/webp"}],"twitter_card":"summary_large_image","twitter_misc":{"Est. reading time":"1 minute"},"schema":{"@context":"https:\/\/schema.org","@graph":[{"@type":"WebPage","@id":"https:\/\/drherbals.se\/produkt\/zetla-hemp-wraps-bubble-gum-3st\/","url":"https:\/\/drherbals.se\/produkt\/zetla-hemp-wraps-bubble-gum-3st\/","name":"Zetla Hemp Wraps - Bubble Gum (3pcs) - DR. Herbals","isPartOf":{"@id":"https:\/\/drherbals.se\/#website"},"primaryImageOfPage":{"@id":"https:\/\/drherbals.se\/produkt\/zetla-hemp-wraps-bubble-gum-3st\/#primaryimage"},"image":{"@id":"https:\/\/drherbals.se\/produkt\/zetla-hemp-wraps-bubble-gum-3st\/#primaryimage"},"thumbnailUrl":"https:\/\/drherbals.se\/wp-content\/uploads\/2025\/11\/zetla-blunts-bubblegum.webp","datePublished":"2025-11-20T18:08:31+00:00","dateModified":"2026-02-12T01:27:00+00:00","description":"Zetla Hemp Wraps - Bubble Gum (3pcs) - made from extra thin premium paper that burns extra slowly. All zetla papers are vegan-friendly, GMO-free and...","breadcrumb":{"@id":"https:\/\/drherbals.se\/produkt\/zetla-hemp-wraps-bubble-gum-3st\/#breadcrumb"},"inLanguage":"en-US","potentialAction":[{"@type":"ReadAction","target":["https:\/\/drherbals.se\/produkt\/zetla-hemp-wraps-bubble-gum-3st\/"]}]},{"@type":"ImageObject","inLanguage":"en-US","@id":"https:\/\/drherbals.se\/produkt\/zetla-hemp-wraps-bubble-gum-3st\/#primaryimage","url":"https:\/\/drherbals.se\/wp-content\/uploads\/2025\/11\/zetla-blunts-bubblegum.webp","contentUrl":"https:\/\/drherbals.se\/wp-content\/uploads\/2025\/11\/zetla-blunts-bubblegum.webp","width":1000,"height":1000,"caption":"Zetla Hemp Wraps - Bubble Gum (3st) - DR. Herbals"},{"@type":"BreadcrumbList","@id":"https:\/\/drherbals.se\/produkt\/zetla-hemp-wraps-bubble-gum-3st\/#breadcrumb","itemListElement":[{"@type":"ListItem","position":1,"name":"Hem","item":"https:\/\/drherbals.se\/"},{"@type":"ListItem","position":2,"name":"Butik","item":"https:\/\/drherbals.se\/butik\/"},{"@type":"ListItem","position":3,"name":"Zetla Hemp Wraps &#8211; Bubble Gum (3st)"}]},{"@type":"WebSite","@id":"https:\/\/drherbals.se\/#website","url":"https:\/\/drherbals.se\/","name":"DR. Herbals","description":"Sweden's widest Cannabis range","publisher":{"@id":"https:\/\/drherbals.se\/#organization"},"alternateName":"DR. H","potentialAction":[{"@type":"SearchAction","target":{"@type":"EntryPoint","urlTemplate":"https:\/\/drherbals.se\/?s={search_term_string}"},"query-input":{"@type":"PropertyValueSpecification","valueRequired":true,"valueName":"search_term_string"}}],"inLanguage":"en-US"},{"@type":"Organization","@id":"https:\/\/drherbals.se\/#organization","name":"DR. Herbals","url":"https:\/\/drherbals.se\/","logo":{"@type":"ImageObject","inLanguage":"en-US","@id":"https:\/\/drherbals.se\/#\/schema\/logo\/image\/","url":"https:\/\/drherbals.se\/wp-content\/uploads\/2024\/09\/dr-herbals-logga.png","contentUrl":"https:\/\/drherbals.se\/wp-content\/uploads\/2024\/09\/dr-herbals-logga.png","width":240,"height":138,"caption":"DR. Herbals"},"image":{"@id":"https:\/\/drherbals.se\/#\/schema\/logo\/image\/"},"sameAs":["https:\/\/www.facebook.com\/drherbals.se","https:\/\/www.instagram.com\/drherbals.se\/"]}]}},"tiered_pricing_type":"fixed","tiered_pricing_fixed_rules":[],"tiered_pricing_product_settings":{"layout":"default","base_unit_name":{"singular":null,"plural":null},"default_variation":null},"tiered_pricing_minimum_quantity":null,"tiered_pricing_roles_data":[],"tiered_pricing_percentage_rules":[],"tiered_pricing_maximum_quantity":null,"tiered_pricing_quantity_step":null,"_links":{"self":[{"href":"https:\/\/drherbals.se\/en\/wp-json\/wp\/v2\/product\/73641","targetHints":{"allow":["GET"]}}],"collection":[{"href":"https:\/\/drherbals.se\/en\/wp-json\/wp\/v2\/product"}],"about":[{"href":"https:\/\/drherbals.se\/en\/wp-json\/wp\/v2\/types\/product"}],"wp:featuredmedia":[{"embeddable":true,"href":"https:\/\/drherbals.se\/en\/wp-json\/wp\/v2\/media\/73721"}],"wp:attachment":[{"href":"https:\/\/drherbals.se\/en\/wp-json\/wp\/v2\/media?parent=73641"}],"wp:term":[{"taxonomy":"product_brand","embeddable":true,"href":"https:\/\/drherbals.se\/en\/wp-json\/wp\/v2\/product_brand?post=73641"},{"taxonomy":"product_cat","embeddable":true,"href":"https:\/\/drherbals.se\/en\/wp-json\/wp\/v2\/product_cat?post=73641"},{"taxonomy":"product_tag","embeddable":true,"href":"https:\/\/drherbals.se\/en\/wp-json\/wp\/v2\/product_tag?post=73641"}],"curies":[{"name":"wp","href":"https:\/\/api.w.org\/{rel}","templated":true}]}}