{"id":73621,"date":"2025-11-20T18:10:01","date_gmt":"2025-11-20T17:10:01","guid":{"rendered":"https:\/\/drherbals.se\/?post_type=product&#038;p=73621"},"modified":"2026-03-25T17:48:37","modified_gmt":"2026-03-25T16:48:37","slug":"juicy-jays-blabar","status":"publish","type":"product","link":"https:\/\/drherbals.se\/en\/product\/juicy-jays-blabar\/","title":{"rendered":"Juicy Jay's - Blueberry (Slim)"},"content":{"rendered":"<h2><span style=\"color: #333333\"><strong><span style=\"font-size: 110%\">Juicy Jay's - Blueberry (Slim)<\/span><\/strong><\/span><\/h2>\n<p>Juicy Jay's is one of the world's most iconic flavored rolling papers, offering the largest variety of unique flavors on the market. Each paper is triple-doubled in flavoring, providing up to three times more flavor than regular rolling papers.<\/p>\n<p>The colorful designs match the flavor, making every smoking session both more fun and more flavorful.<\/p>\n<p><span style=\"color: #333333\"><strong><span style=\"font-size: 120%\">Specifications<\/span><\/strong><\/span><\/p>\n<p><strong>Material:<\/strong> Made from hemp<br \/>\n<strong>Filter:<\/strong> Without filter<br \/>\n<strong>Size:<\/strong> 110 x 44 mm (King Size Slim)<br \/>\n<strong>Number:<\/strong> 32 papers\/pack<br \/>\n<strong>Flavor:<\/strong> Blueberries<\/p>","protected":false},"excerpt":{"rendered":"<p><span style=\"color: #333333\"><strong><span style=\"font-size: 120%\">Iconic flavored rolling papers<\/span><\/strong><\/span><\/p>\n<p>\u2192 Juicy Jay's - Blueberry<br \/>\n\u2192 32pcs roll paper<br \/>\n\u2192 110 x 44 mm (King Size Slim)<br \/>\n\u2192 Easy to use - flavored<br \/>\n\u2192 Made from hemp<\/p>","protected":false},"featured_media":73693,"template":"","meta":[],"product_brand":[],"product_cat":[1169,1166,1189],"product_tag":[363],"class_list":{"0":"post-73621","1":"product","2":"type-product","3":"status-publish","4":"has-post-thumbnail","6":"product_cat-alla-produkter","7":"product_cat-nyheter","8":"product_cat-tillbehor","9":"product_tag-thc-fri","11":"first","12":"instock","13":"taxable","14":"shipping-taxable","15":"purchasable","16":"product-type-simple"},"yoast_head":"<!-- This site is optimized with the Yoast SEO plugin v27.4 - https:\/\/yoast.com\/product\/yoast-seo-wordpress\/ -->\n<title>Juicy Jay\u00b4s - Bl\u00e5b\u00e4r (Slim) - DR. Herbals<\/title>\n<meta name=\"description\" content=\"Juicy Jay\u00b4s - bl\u00e5b\u00e4r (Slim) - gjorda av extra tunt Premium-papper som brinner extra l\u00e5ngsamt. Alla Juicy Jay-papper \u00e4r veganv\u00e4nliga, GMO-fria och...\" \/>\n<meta name=\"robots\" content=\"index, follow, max-snippet:-1, max-image-preview:large, max-video-preview:-1\" \/>\n<link rel=\"canonical\" href=\"https:\/\/drherbals.se\/en\/product\/juicy-jays-blabar\/?wmc-currency=EUR\" \/>\n<meta property=\"og:locale\" content=\"en_US\" \/>\n<meta property=\"og:type\" content=\"article\" \/>\n<meta property=\"og:title\" content=\"Juicy Jay\u00b4s - Bl\u00e5b\u00e4r (Slim) - DR. Herbals\" \/>\n<meta property=\"og:description\" content=\"Juicy Jay\u00b4s - bl\u00e5b\u00e4r (Slim) - gjorda av extra tunt Premium-papper som brinner extra l\u00e5ngsamt. Alla Juicy Jay-papper \u00e4r veganv\u00e4nliga, GMO-fria och...\" \/>\n<meta property=\"og:url\" content=\"https:\/\/drherbals.se\/en\/product\/juicy-jays-blabar\/?wmc-currency=EUR\" \/>\n<meta property=\"og:site_name\" content=\"DR. Herbals\" \/>\n<meta property=\"article:publisher\" content=\"https:\/\/www.facebook.com\/drherbals.se\" \/>\n<meta property=\"article:modified_time\" content=\"2026-03-25T16:48:37+00:00\" \/>\n<meta property=\"og:image\" content=\"https:\/\/drherbals.se\/wp-content\/uploads\/2025\/11\/juicy-jay-blueberry-rullpapper.webp\" \/>\n\t<meta property=\"og:image:width\" content=\"1000\" \/>\n\t<meta property=\"og:image:height\" content=\"1000\" \/>\n\t<meta property=\"og:image:type\" content=\"image\/webp\" \/>\n<meta name=\"twitter:card\" content=\"summary_large_image\" \/>\n<meta name=\"twitter:label1\" content=\"Est. reading time\" \/>\n\t<meta name=\"twitter:data1\" content=\"1 minute\" \/>\n<script type=\"application\/ld+json\" class=\"yoast-schema-graph\">{\"@context\":\"https:\\\/\\\/schema.org\",\"@graph\":[{\"@type\":\"WebPage\",\"@id\":\"https:\\\/\\\/drherbals.se\\\/produkt\\\/juicy-jays-blabar\\\/\",\"url\":\"https:\\\/\\\/drherbals.se\\\/produkt\\\/juicy-jays-blabar\\\/\",\"name\":\"Juicy Jay\u00b4s - Bl\u00e5b\u00e4r (Slim) - DR. Herbals\",\"isPartOf\":{\"@id\":\"https:\\\/\\\/drherbals.se\\\/#website\"},\"primaryImageOfPage\":{\"@id\":\"https:\\\/\\\/drherbals.se\\\/produkt\\\/juicy-jays-blabar\\\/#primaryimage\"},\"image\":{\"@id\":\"https:\\\/\\\/drherbals.se\\\/produkt\\\/juicy-jays-blabar\\\/#primaryimage\"},\"thumbnailUrl\":\"https:\\\/\\\/drherbals.se\\\/wp-content\\\/uploads\\\/2025\\\/11\\\/juicy-jay-blueberry-rullpapper.webp\",\"datePublished\":\"2025-11-20T17:10:01+00:00\",\"dateModified\":\"2026-03-25T16:48:37+00:00\",\"description\":\"Juicy Jay\u00b4s - bl\u00e5b\u00e4r (Slim) - gjorda av extra tunt Premium-papper som brinner extra l\u00e5ngsamt. Alla Juicy Jay-papper \u00e4r veganv\u00e4nliga, GMO-fria och...\",\"breadcrumb\":{\"@id\":\"https:\\\/\\\/drherbals.se\\\/produkt\\\/juicy-jays-blabar\\\/#breadcrumb\"},\"inLanguage\":\"en-US\",\"potentialAction\":[{\"@type\":\"ReadAction\",\"target\":[\"https:\\\/\\\/drherbals.se\\\/produkt\\\/juicy-jays-blabar\\\/\"]}]},{\"@type\":\"ImageObject\",\"inLanguage\":\"en-US\",\"@id\":\"https:\\\/\\\/drherbals.se\\\/produkt\\\/juicy-jays-blabar\\\/#primaryimage\",\"url\":\"https:\\\/\\\/drherbals.se\\\/wp-content\\\/uploads\\\/2025\\\/11\\\/juicy-jay-blueberry-rullpapper.webp\",\"contentUrl\":\"https:\\\/\\\/drherbals.se\\\/wp-content\\\/uploads\\\/2025\\\/11\\\/juicy-jay-blueberry-rullpapper.webp\",\"width\":1000,\"height\":1000,\"caption\":\"Juicy Jay\u00b4s - Bl\u00e5b\u00e4r (Slim) - DR. Herbals\"},{\"@type\":\"BreadcrumbList\",\"@id\":\"https:\\\/\\\/drherbals.se\\\/produkt\\\/juicy-jays-blabar\\\/#breadcrumb\",\"itemListElement\":[{\"@type\":\"ListItem\",\"position\":1,\"name\":\"Hem\",\"item\":\"https:\\\/\\\/drherbals.se\\\/\"},{\"@type\":\"ListItem\",\"position\":2,\"name\":\"Butik\",\"item\":\"https:\\\/\\\/drherbals.se\\\/butik\\\/\"},{\"@type\":\"ListItem\",\"position\":3,\"name\":\"Juicy Jay\u00b4s &#8211; Bl\u00e5b\u00e4r (Slim)\"}]},{\"@type\":\"WebSite\",\"@id\":\"https:\\\/\\\/drherbals.se\\\/#website\",\"url\":\"https:\\\/\\\/drherbals.se\\\/\",\"name\":\"DR. Herbals\",\"description\":\"Sveriges bredaste Cannabis sortiment\",\"publisher\":{\"@id\":\"https:\\\/\\\/drherbals.se\\\/#organization\"},\"alternateName\":\"DR. H\",\"potentialAction\":[{\"@type\":\"SearchAction\",\"target\":{\"@type\":\"EntryPoint\",\"urlTemplate\":\"https:\\\/\\\/drherbals.se\\\/?s={search_term_string}\"},\"query-input\":{\"@type\":\"PropertyValueSpecification\",\"valueRequired\":true,\"valueName\":\"search_term_string\"}}],\"inLanguage\":\"en-US\"},{\"@type\":\"Organization\",\"@id\":\"https:\\\/\\\/drherbals.se\\\/#organization\",\"name\":\"DR. Herbals\",\"url\":\"https:\\\/\\\/drherbals.se\\\/\",\"logo\":{\"@type\":\"ImageObject\",\"inLanguage\":\"en-US\",\"@id\":\"https:\\\/\\\/drherbals.se\\\/#\\\/schema\\\/logo\\\/image\\\/\",\"url\":\"https:\\\/\\\/drherbals.se\\\/wp-content\\\/uploads\\\/2024\\\/09\\\/dr-herbals-logga.png\",\"contentUrl\":\"https:\\\/\\\/drherbals.se\\\/wp-content\\\/uploads\\\/2024\\\/09\\\/dr-herbals-logga.png\",\"width\":240,\"height\":138,\"caption\":\"DR. Herbals\"},\"image\":{\"@id\":\"https:\\\/\\\/drherbals.se\\\/#\\\/schema\\\/logo\\\/image\\\/\"},\"sameAs\":[\"https:\\\/\\\/www.facebook.com\\\/drherbals.se\",\"https:\\\/\\\/www.instagram.com\\\/drherbals.se\\\/\"]}]}<\/script>\n<!-- \/ Yoast SEO plugin. -->","yoast_head_json":{"title":"Juicy Jay\u00b4s - Blueberry (Slim) - DR. Herbals","description":"Juicy Jay's - Blueberry (Slim) - made from extra thin premium paper that burns extra slowly. All Juicy Jay papers are vegan-friendly, GMO-free and...","robots":{"index":"index","follow":"follow","max-snippet":"max-snippet:-1","max-image-preview":"max-image-preview:large","max-video-preview":"max-video-preview:-1"},"canonical":"https:\/\/drherbals.se\/en\/product\/juicy-jays-blabar\/?wmc-currency=EUR","og_locale":"en_US","og_type":"article","og_title":"Juicy Jay\u00b4s - Bl\u00e5b\u00e4r (Slim) - DR. Herbals","og_description":"Juicy Jay\u00b4s - bl\u00e5b\u00e4r (Slim) - gjorda av extra tunt Premium-papper som brinner extra l\u00e5ngsamt. Alla Juicy Jay-papper \u00e4r veganv\u00e4nliga, GMO-fria och...","og_url":"https:\/\/drherbals.se\/en\/product\/juicy-jays-blabar\/?wmc-currency=EUR","og_site_name":"DR. Herbals","article_publisher":"https:\/\/www.facebook.com\/drherbals.se","article_modified_time":"2026-03-25T16:48:37+00:00","og_image":[{"width":1000,"height":1000,"url":"https:\/\/drherbals.se\/wp-content\/uploads\/2025\/11\/juicy-jay-blueberry-rullpapper.webp","type":"image\/webp"}],"twitter_card":"summary_large_image","twitter_misc":{"Est. reading time":"1 minute"},"schema":{"@context":"https:\/\/schema.org","@graph":[{"@type":"WebPage","@id":"https:\/\/drherbals.se\/produkt\/juicy-jays-blabar\/","url":"https:\/\/drherbals.se\/produkt\/juicy-jays-blabar\/","name":"Juicy Jay\u00b4s - Blueberry (Slim) - DR. Herbals","isPartOf":{"@id":"https:\/\/drherbals.se\/#website"},"primaryImageOfPage":{"@id":"https:\/\/drherbals.se\/produkt\/juicy-jays-blabar\/#primaryimage"},"image":{"@id":"https:\/\/drherbals.se\/produkt\/juicy-jays-blabar\/#primaryimage"},"thumbnailUrl":"https:\/\/drherbals.se\/wp-content\/uploads\/2025\/11\/juicy-jay-blueberry-rullpapper.webp","datePublished":"2025-11-20T17:10:01+00:00","dateModified":"2026-03-25T16:48:37+00:00","description":"Juicy Jay's - Blueberry (Slim) - made from extra thin premium paper that burns extra slowly. All Juicy Jay papers are vegan-friendly, GMO-free and...","breadcrumb":{"@id":"https:\/\/drherbals.se\/produkt\/juicy-jays-blabar\/#breadcrumb"},"inLanguage":"en-US","potentialAction":[{"@type":"ReadAction","target":["https:\/\/drherbals.se\/produkt\/juicy-jays-blabar\/"]}]},{"@type":"ImageObject","inLanguage":"en-US","@id":"https:\/\/drherbals.se\/produkt\/juicy-jays-blabar\/#primaryimage","url":"https:\/\/drherbals.se\/wp-content\/uploads\/2025\/11\/juicy-jay-blueberry-rullpapper.webp","contentUrl":"https:\/\/drherbals.se\/wp-content\/uploads\/2025\/11\/juicy-jay-blueberry-rullpapper.webp","width":1000,"height":1000,"caption":"Juicy Jay\u00b4s - Bl\u00e5b\u00e4r (Slim) - DR. Herbals"},{"@type":"BreadcrumbList","@id":"https:\/\/drherbals.se\/produkt\/juicy-jays-blabar\/#breadcrumb","itemListElement":[{"@type":"ListItem","position":1,"name":"Hem","item":"https:\/\/drherbals.se\/"},{"@type":"ListItem","position":2,"name":"Butik","item":"https:\/\/drherbals.se\/butik\/"},{"@type":"ListItem","position":3,"name":"Juicy Jay\u00b4s &#8211; Bl\u00e5b\u00e4r (Slim)"}]},{"@type":"WebSite","@id":"https:\/\/drherbals.se\/#website","url":"https:\/\/drherbals.se\/","name":"DR. Herbals","description":"Sweden's widest Cannabis range","publisher":{"@id":"https:\/\/drherbals.se\/#organization"},"alternateName":"DR. H","potentialAction":[{"@type":"SearchAction","target":{"@type":"EntryPoint","urlTemplate":"https:\/\/drherbals.se\/?s={search_term_string}"},"query-input":{"@type":"PropertyValueSpecification","valueRequired":true,"valueName":"search_term_string"}}],"inLanguage":"en-US"},{"@type":"Organization","@id":"https:\/\/drherbals.se\/#organization","name":"DR. Herbals","url":"https:\/\/drherbals.se\/","logo":{"@type":"ImageObject","inLanguage":"en-US","@id":"https:\/\/drherbals.se\/#\/schema\/logo\/image\/","url":"https:\/\/drherbals.se\/wp-content\/uploads\/2024\/09\/dr-herbals-logga.png","contentUrl":"https:\/\/drherbals.se\/wp-content\/uploads\/2024\/09\/dr-herbals-logga.png","width":240,"height":138,"caption":"DR. Herbals"},"image":{"@id":"https:\/\/drherbals.se\/#\/schema\/logo\/image\/"},"sameAs":["https:\/\/www.facebook.com\/drherbals.se","https:\/\/www.instagram.com\/drherbals.se\/"]}]}},"tiered_pricing_type":"fixed","tiered_pricing_fixed_rules":[],"tiered_pricing_product_settings":{"layout":"default","base_unit_name":{"singular":null,"plural":null},"default_variation":null},"tiered_pricing_minimum_quantity":null,"tiered_pricing_roles_data":[],"tiered_pricing_percentage_rules":[],"tiered_pricing_maximum_quantity":null,"tiered_pricing_quantity_step":null,"_links":{"self":[{"href":"https:\/\/drherbals.se\/en\/wp-json\/wp\/v2\/product\/73621","targetHints":{"allow":["GET"]}}],"collection":[{"href":"https:\/\/drherbals.se\/en\/wp-json\/wp\/v2\/product"}],"about":[{"href":"https:\/\/drherbals.se\/en\/wp-json\/wp\/v2\/types\/product"}],"wp:featuredmedia":[{"embeddable":true,"href":"https:\/\/drherbals.se\/en\/wp-json\/wp\/v2\/media\/73693"}],"wp:attachment":[{"href":"https:\/\/drherbals.se\/en\/wp-json\/wp\/v2\/media?parent=73621"}],"wp:term":[{"taxonomy":"product_brand","embeddable":true,"href":"https:\/\/drherbals.se\/en\/wp-json\/wp\/v2\/product_brand?post=73621"},{"taxonomy":"product_cat","embeddable":true,"href":"https:\/\/drherbals.se\/en\/wp-json\/wp\/v2\/product_cat?post=73621"},{"taxonomy":"product_tag","embeddable":true,"href":"https:\/\/drherbals.se\/en\/wp-json\/wp\/v2\/product_tag?post=73621"}],"curies":[{"name":"wp","href":"https:\/\/api.w.org\/{rel}","templated":true}]}}