{"id":73569,"date":"2025-11-19T19:31:00","date_gmt":"2025-11-19T18:31:00","guid":{"rendered":"https:\/\/drherbals.se\/?post_type=product&#038;p=73569"},"modified":"2026-01-20T19:13:06","modified_gmt":"2026-01-20T18:13:06","slug":"cbd-cbg-destillat-50","status":"publish","type":"product","link":"https:\/\/drherbals.se\/en\/product\/cbd-cbg-destillat-50\/","title":{"rendered":"CBD + CBG Distillate 50%"},"content":{"rendered":"<h2><span style=\"color: #333333\"><strong><span style=\"font-size: 110%\">CBD + CBG Distillate 50%<\/span><\/strong><\/span><\/h2>\n<p>Our CBD + CBG distillate 15% is a high-quality extract with 10% CBD and 5% CBG. It is produced in the EU and extracted from EU-approved hemp. The result is a pure and safe distillate - completely free of heavy metals, chemicals and THC.<\/p>\n<p>The extract has a golden brown color and a soft texture. It contains <strong>30% CBD, 20% CBG, 2,5% CBN and 5% natural terpenes<\/strong>.<\/p>\n<p>The CBD + CBG distillate can be used in a variety of ways: to make your own aroma oil, vape oil or create skincare formulations. It dissolves easily in oils under low heat, making it easy and efficient to work with.<\/p>","protected":false},"excerpt":{"rendered":"<p><strong><span style=\"font-size: 120%\">30% CBD, 20% CBG &amp; 2,5% CBN<\/span><\/strong><\/p>\n<p>\u2192 1ml<br \/>\n\u2192 <strong>50%<\/strong> <strong>CBD + CBG \/ 0% THC<\/strong><br \/>\n\u2192 Quality assured formula<br \/>\n\u2192 Manufactured by DR. Herbals in Sweden<br \/>\n\u2192 Free of heavy metals, solvents and additives<\/p>","protected":false},"featured_media":73565,"template":"","meta":[],"product_brand":[],"product_cat":[1169,15,1166],"product_tag":[984,363],"class_list":{"0":"post-73569","1":"product","2":"type-product","3":"status-publish","4":"has-post-thumbnail","6":"product_cat-alla-produkter","7":"product_cat-cbd","8":"product_cat-nyheter","9":"product_tag-cbd","10":"product_tag-thc-fri","12":"first","13":"outofstock","14":"taxable","15":"shipping-taxable","16":"purchasable","17":"product-type-simple"},"yoast_head":"<!-- This site is optimized with the Yoast SEO plugin v27.4 - https:\/\/yoast.com\/product\/yoast-seo-wordpress\/ -->\n<title>CBD + CBG Destillat 50% (koncentrat) - DR. Herbals<\/title>\n<meta name=\"description\" content=\"Handla CBD + CBG Destillat 50% (Koncentrat) fr\u00e5n Sverige - Vape Olja - CBD Destillat 50% \u00e4r den ultimata l\u00f6sningen f\u00f6r dig som vill...\" \/>\n<meta name=\"robots\" content=\"index, follow, max-snippet:-1, max-image-preview:large, max-video-preview:-1\" \/>\n<link rel=\"canonical\" href=\"https:\/\/drherbals.se\/en\/product\/cbd-cbg-destillat-50\/?wmc-currency=EUR\" \/>\n<meta property=\"og:locale\" content=\"en_US\" \/>\n<meta property=\"og:type\" content=\"article\" \/>\n<meta property=\"og:title\" content=\"CBD + CBG Destillat 50% (koncentrat) - DR. Herbals\" \/>\n<meta property=\"og:description\" content=\"Handla CBD + CBG Destillat 50% (Koncentrat) fr\u00e5n Sverige - Vape Olja - CBD Destillat 50% \u00e4r den ultimata l\u00f6sningen f\u00f6r dig som vill...\" \/>\n<meta property=\"og:url\" content=\"https:\/\/drherbals.se\/en\/product\/cbd-cbg-destillat-50\/?wmc-currency=EUR\" \/>\n<meta property=\"og:site_name\" content=\"DR. Herbals\" \/>\n<meta property=\"article:publisher\" content=\"https:\/\/www.facebook.com\/drherbals.se\" \/>\n<meta property=\"article:modified_time\" content=\"2026-01-20T18:13:06+00:00\" \/>\n<meta property=\"og:image\" content=\"https:\/\/drherbals.se\/wp-content\/uploads\/2025\/11\/magic-destillat.webp\" \/>\n\t<meta property=\"og:image:width\" content=\"1000\" \/>\n\t<meta property=\"og:image:height\" content=\"1000\" \/>\n\t<meta property=\"og:image:type\" content=\"image\/webp\" \/>\n<meta name=\"twitter:card\" content=\"summary_large_image\" \/>\n<meta name=\"twitter:label1\" content=\"Est. reading time\" \/>\n\t<meta name=\"twitter:data1\" content=\"1 minute\" \/>\n<script type=\"application\/ld+json\" class=\"yoast-schema-graph\">{\"@context\":\"https:\\\/\\\/schema.org\",\"@graph\":[{\"@type\":\"WebPage\",\"@id\":\"https:\\\/\\\/drherbals.se\\\/produkt\\\/cbd-cbg-destillat-50\\\/\",\"url\":\"https:\\\/\\\/drherbals.se\\\/produkt\\\/cbd-cbg-destillat-50\\\/\",\"name\":\"CBD + CBG Destillat 50% (koncentrat) - DR. Herbals\",\"isPartOf\":{\"@id\":\"https:\\\/\\\/drherbals.se\\\/#website\"},\"primaryImageOfPage\":{\"@id\":\"https:\\\/\\\/drherbals.se\\\/produkt\\\/cbd-cbg-destillat-50\\\/#primaryimage\"},\"image\":{\"@id\":\"https:\\\/\\\/drherbals.se\\\/produkt\\\/cbd-cbg-destillat-50\\\/#primaryimage\"},\"thumbnailUrl\":\"https:\\\/\\\/drherbals.se\\\/wp-content\\\/uploads\\\/2025\\\/11\\\/magic-destillat.webp\",\"datePublished\":\"2025-11-19T18:31:00+00:00\",\"dateModified\":\"2026-01-20T18:13:06+00:00\",\"description\":\"Handla CBD + CBG Destillat 50% (Koncentrat) fr\u00e5n Sverige - Vape Olja - CBD Destillat 50% \u00e4r den ultimata l\u00f6sningen f\u00f6r dig som vill...\",\"breadcrumb\":{\"@id\":\"https:\\\/\\\/drherbals.se\\\/produkt\\\/cbd-cbg-destillat-50\\\/#breadcrumb\"},\"inLanguage\":\"en-US\",\"potentialAction\":[{\"@type\":\"ReadAction\",\"target\":[\"https:\\\/\\\/drherbals.se\\\/produkt\\\/cbd-cbg-destillat-50\\\/\"]}]},{\"@type\":\"ImageObject\",\"inLanguage\":\"en-US\",\"@id\":\"https:\\\/\\\/drherbals.se\\\/produkt\\\/cbd-cbg-destillat-50\\\/#primaryimage\",\"url\":\"https:\\\/\\\/drherbals.se\\\/wp-content\\\/uploads\\\/2025\\\/11\\\/magic-destillat.webp\",\"contentUrl\":\"https:\\\/\\\/drherbals.se\\\/wp-content\\\/uploads\\\/2025\\\/11\\\/magic-destillat.webp\",\"width\":1000,\"height\":1000,\"caption\":\"Muscimol Destillat - DR. Herbals\"},{\"@type\":\"BreadcrumbList\",\"@id\":\"https:\\\/\\\/drherbals.se\\\/produkt\\\/cbd-cbg-destillat-50\\\/#breadcrumb\",\"itemListElement\":[{\"@type\":\"ListItem\",\"position\":1,\"name\":\"Hem\",\"item\":\"https:\\\/\\\/drherbals.se\\\/\"},{\"@type\":\"ListItem\",\"position\":2,\"name\":\"Butik\",\"item\":\"https:\\\/\\\/drherbals.se\\\/butik\\\/\"},{\"@type\":\"ListItem\",\"position\":3,\"name\":\"CBD + CBG Destillat 50%\"}]},{\"@type\":\"WebSite\",\"@id\":\"https:\\\/\\\/drherbals.se\\\/#website\",\"url\":\"https:\\\/\\\/drherbals.se\\\/\",\"name\":\"DR. Herbals\",\"description\":\"Sveriges bredaste Cannabis sortiment\",\"publisher\":{\"@id\":\"https:\\\/\\\/drherbals.se\\\/#organization\"},\"alternateName\":\"DR. H\",\"potentialAction\":[{\"@type\":\"SearchAction\",\"target\":{\"@type\":\"EntryPoint\",\"urlTemplate\":\"https:\\\/\\\/drherbals.se\\\/?s={search_term_string}\"},\"query-input\":{\"@type\":\"PropertyValueSpecification\",\"valueRequired\":true,\"valueName\":\"search_term_string\"}}],\"inLanguage\":\"en-US\"},{\"@type\":\"Organization\",\"@id\":\"https:\\\/\\\/drherbals.se\\\/#organization\",\"name\":\"DR. Herbals\",\"url\":\"https:\\\/\\\/drherbals.se\\\/\",\"logo\":{\"@type\":\"ImageObject\",\"inLanguage\":\"en-US\",\"@id\":\"https:\\\/\\\/drherbals.se\\\/#\\\/schema\\\/logo\\\/image\\\/\",\"url\":\"https:\\\/\\\/drherbals.se\\\/wp-content\\\/uploads\\\/2024\\\/09\\\/dr-herbals-logga.png\",\"contentUrl\":\"https:\\\/\\\/drherbals.se\\\/wp-content\\\/uploads\\\/2024\\\/09\\\/dr-herbals-logga.png\",\"width\":240,\"height\":138,\"caption\":\"DR. Herbals\"},\"image\":{\"@id\":\"https:\\\/\\\/drherbals.se\\\/#\\\/schema\\\/logo\\\/image\\\/\"},\"sameAs\":[\"https:\\\/\\\/www.facebook.com\\\/drherbals.se\",\"https:\\\/\\\/www.instagram.com\\\/drherbals.se\\\/\"]}]}<\/script>\n<!-- \/ Yoast SEO plugin. -->","yoast_head_json":{"title":"CBD + CBG Distillate 50% (concentrate) - DR. Herbals","description":"Buy CBD + CBG Distillate 50% (Concentrate) from Sweden - Vape Oil - CBD Distillate 50% is the ultimate solution for those who want to...","robots":{"index":"index","follow":"follow","max-snippet":"max-snippet:-1","max-image-preview":"max-image-preview:large","max-video-preview":"max-video-preview:-1"},"canonical":"https:\/\/drherbals.se\/en\/product\/cbd-cbg-destillat-50\/?wmc-currency=EUR","og_locale":"en_US","og_type":"article","og_title":"CBD + CBG Destillat 50% (koncentrat) - DR. Herbals","og_description":"Handla CBD + CBG Destillat 50% (Koncentrat) fr\u00e5n Sverige - Vape Olja - CBD Destillat 50% \u00e4r den ultimata l\u00f6sningen f\u00f6r dig som vill...","og_url":"https:\/\/drherbals.se\/en\/product\/cbd-cbg-destillat-50\/?wmc-currency=EUR","og_site_name":"DR. Herbals","article_publisher":"https:\/\/www.facebook.com\/drherbals.se","article_modified_time":"2026-01-20T18:13:06+00:00","og_image":[{"width":1000,"height":1000,"url":"https:\/\/drherbals.se\/wp-content\/uploads\/2025\/11\/magic-destillat.webp","type":"image\/webp"}],"twitter_card":"summary_large_image","twitter_misc":{"Est. reading time":"1 minute"},"schema":{"@context":"https:\/\/schema.org","@graph":[{"@type":"WebPage","@id":"https:\/\/drherbals.se\/produkt\/cbd-cbg-destillat-50\/","url":"https:\/\/drherbals.se\/produkt\/cbd-cbg-destillat-50\/","name":"CBD + CBG Distillate 50% (concentrate) - DR. Herbals","isPartOf":{"@id":"https:\/\/drherbals.se\/#website"},"primaryImageOfPage":{"@id":"https:\/\/drherbals.se\/produkt\/cbd-cbg-destillat-50\/#primaryimage"},"image":{"@id":"https:\/\/drherbals.se\/produkt\/cbd-cbg-destillat-50\/#primaryimage"},"thumbnailUrl":"https:\/\/drherbals.se\/wp-content\/uploads\/2025\/11\/magic-destillat.webp","datePublished":"2025-11-19T18:31:00+00:00","dateModified":"2026-01-20T18:13:06+00:00","description":"Buy CBD + CBG Distillate 50% (Concentrate) from Sweden - Vape Oil - CBD Distillate 50% is the ultimate solution for those who want to...","breadcrumb":{"@id":"https:\/\/drherbals.se\/produkt\/cbd-cbg-destillat-50\/#breadcrumb"},"inLanguage":"en-US","potentialAction":[{"@type":"ReadAction","target":["https:\/\/drherbals.se\/produkt\/cbd-cbg-destillat-50\/"]}]},{"@type":"ImageObject","inLanguage":"en-US","@id":"https:\/\/drherbals.se\/produkt\/cbd-cbg-destillat-50\/#primaryimage","url":"https:\/\/drherbals.se\/wp-content\/uploads\/2025\/11\/magic-destillat.webp","contentUrl":"https:\/\/drherbals.se\/wp-content\/uploads\/2025\/11\/magic-destillat.webp","width":1000,"height":1000,"caption":"Muscimol Destillat - DR. Herbals"},{"@type":"BreadcrumbList","@id":"https:\/\/drherbals.se\/produkt\/cbd-cbg-destillat-50\/#breadcrumb","itemListElement":[{"@type":"ListItem","position":1,"name":"Hem","item":"https:\/\/drherbals.se\/"},{"@type":"ListItem","position":2,"name":"Butik","item":"https:\/\/drherbals.se\/butik\/"},{"@type":"ListItem","position":3,"name":"CBD + CBG Destillat 50%"}]},{"@type":"WebSite","@id":"https:\/\/drherbals.se\/#website","url":"https:\/\/drherbals.se\/","name":"DR. Herbals","description":"Sweden's widest Cannabis range","publisher":{"@id":"https:\/\/drherbals.se\/#organization"},"alternateName":"DR. H","potentialAction":[{"@type":"SearchAction","target":{"@type":"EntryPoint","urlTemplate":"https:\/\/drherbals.se\/?s={search_term_string}"},"query-input":{"@type":"PropertyValueSpecification","valueRequired":true,"valueName":"search_term_string"}}],"inLanguage":"en-US"},{"@type":"Organization","@id":"https:\/\/drherbals.se\/#organization","name":"DR. Herbals","url":"https:\/\/drherbals.se\/","logo":{"@type":"ImageObject","inLanguage":"en-US","@id":"https:\/\/drherbals.se\/#\/schema\/logo\/image\/","url":"https:\/\/drherbals.se\/wp-content\/uploads\/2024\/09\/dr-herbals-logga.png","contentUrl":"https:\/\/drherbals.se\/wp-content\/uploads\/2024\/09\/dr-herbals-logga.png","width":240,"height":138,"caption":"DR. Herbals"},"image":{"@id":"https:\/\/drherbals.se\/#\/schema\/logo\/image\/"},"sameAs":["https:\/\/www.facebook.com\/drherbals.se","https:\/\/www.instagram.com\/drherbals.se\/"]}]}},"tiered_pricing_type":"fixed","tiered_pricing_fixed_rules":[],"tiered_pricing_product_settings":{"layout":"default","base_unit_name":{"singular":null,"plural":null},"default_variation":null},"tiered_pricing_minimum_quantity":null,"tiered_pricing_roles_data":[],"tiered_pricing_percentage_rules":[],"tiered_pricing_maximum_quantity":null,"tiered_pricing_quantity_step":null,"_links":{"self":[{"href":"https:\/\/drherbals.se\/en\/wp-json\/wp\/v2\/product\/73569","targetHints":{"allow":["GET"]}}],"collection":[{"href":"https:\/\/drherbals.se\/en\/wp-json\/wp\/v2\/product"}],"about":[{"href":"https:\/\/drherbals.se\/en\/wp-json\/wp\/v2\/types\/product"}],"wp:featuredmedia":[{"embeddable":true,"href":"https:\/\/drherbals.se\/en\/wp-json\/wp\/v2\/media\/73565"}],"wp:attachment":[{"href":"https:\/\/drherbals.se\/en\/wp-json\/wp\/v2\/media?parent=73569"}],"wp:term":[{"taxonomy":"product_brand","embeddable":true,"href":"https:\/\/drherbals.se\/en\/wp-json\/wp\/v2\/product_brand?post=73569"},{"taxonomy":"product_cat","embeddable":true,"href":"https:\/\/drherbals.se\/en\/wp-json\/wp\/v2\/product_cat?post=73569"},{"taxonomy":"product_tag","embeddable":true,"href":"https:\/\/drherbals.se\/en\/wp-json\/wp\/v2\/product_tag?post=73569"}],"curies":[{"name":"wp","href":"https:\/\/api.w.org\/{rel}","templated":true}]}}