{"id":73414,"date":"2025-11-16T15:12:39","date_gmt":"2025-11-16T14:12:39","guid":{"rendered":"https:\/\/drherbals.se\/?post_type=product&#038;p=73414"},"modified":"2026-04-12T23:29:12","modified_gmt":"2026-04-12T21:29:12","slug":"cbd-hash-royal-cream-sativa","status":"publish","type":"product","link":"https:\/\/drherbals.se\/en\/product\/cbd-hash-royal-cream-sativa\/","title":{"rendered":"CBD Hash - Royal Cream \/ SATIVA"},"content":{"rendered":"<h2><strong><span style=\"font-size: 110%\">Royal Cream (Sativa)<\/span><\/strong><\/h2>\n<p>Royal Cream CBD Hash is created for those who appreciate the elaborate and exclusive. An elegant and creamy variety with a distinct character, where every detail signals quality, balance and finesse. This is a CBD hash that exudes class, depth and confident luxury. The texture is soft and smooth with a dark, rich tone. The texture is dense and slightly sticky, adorned with a generous layer of shimmering crystals. When the package is opened, an inviting and sophisticated aroma is released that immediately sets the mood. An obvious favorite that is appreciated by both new discoverers and experienced connoisseurs.<\/p>\n<p>Royal Cream is grown indoors under strictly controlled conditions, where precision and care permeate the entire process. The result is a consistently high quality and a fragrance profile that is creamy and sweet, with hints of herbs, mango and a subtle touch of citrus. A harmonious and luxurious aroma experience that feels both timeless and modern.<\/p>\n<p>Not for persons under 18 years of age. The product is sold as a collector's item and for decorative purposes. Keep out of reach of children. All our flowers are grown in the EU, from EU-approved hemp seeds and tested to ensure THC levels are below legal limits.<\/p>\n<hr \/>\n<p><strong><span style=\"font-size: 120%\">Fragrance notes:<\/span><\/strong><\/p>\n<p><strong>Opening:<\/strong> Herbs, Mango<br \/>\n<strong>Heart:<\/strong> Citrus, Hemp<br \/>\n<strong>Bottom:<\/strong> Champagne, Vanilla<\/p>","protected":false},"excerpt":{"rendered":"<p><strong><span style=\"font-size: 120%\">Scent of champagne, mango &amp; vanilla<\/span><\/strong><\/p>\n<p>\u2192 Royal Cream (Sativa)<br \/>\n\u2192 48% CBD \/ 0,3% THC<br \/>\n\u2192 Third party lab city<br \/>\n\u2192 Sticky, fresh &amp; compact<br \/>\n\u2192 Growing method: Indoor (Indoor)<br \/>\n\u2192 5 grams<\/p>","protected":false},"featured_media":73405,"template":"","meta":[],"product_brand":[],"product_cat":[1169,1165,15,1190,1166],"product_tag":[984],"class_list":{"0":"post-73414","1":"product","2":"type-product","3":"status-publish","4":"has-post-thumbnail","6":"product_cat-alla-produkter","7":"product_cat-bastsaljare","8":"product_cat-cbd","9":"product_cat-cbd-hash","10":"product_cat-nyheter","11":"product_tag-cbd","13":"first","14":"instock","15":"taxable","16":"shipping-taxable","17":"purchasable","18":"product-type-simple"},"yoast_head":"<!-- This site is optimized with the Yoast SEO plugin v27.4 - https:\/\/yoast.com\/product\/yoast-seo-wordpress\/ -->\n<title>CBD Hash - Royal Cream (Sativa) - Drherbals.se<\/title>\n<meta name=\"description\" content=\"CBD Hash Royal Cream (Sativa) \u00e4r en sort som etablerat sig som ett sj\u00e4lvklart namn inom premiumsegmentet i Sverige. Den \u00e4r ett givet val f\u00f6r medvetna...\" \/>\n<meta name=\"robots\" content=\"index, follow, max-snippet:-1, max-image-preview:large, max-video-preview:-1\" \/>\n<link rel=\"canonical\" href=\"https:\/\/drherbals.se\/en\/product\/cbd-hash-royal-cream-sativa\/?wmc-currency=EUR\" \/>\n<meta property=\"og:locale\" content=\"en_US\" \/>\n<meta property=\"og:type\" content=\"article\" \/>\n<meta property=\"og:title\" content=\"CBD Hash - Royal Cream (Sativa) - Drherbals.se\" \/>\n<meta property=\"og:description\" content=\"CBD Hash Royal Cream (Sativa) \u00e4r en sort som etablerat sig som ett sj\u00e4lvklart namn inom premiumsegmentet i Sverige. Den \u00e4r ett givet val f\u00f6r medvetna...\" \/>\n<meta property=\"og:url\" content=\"https:\/\/drherbals.se\/en\/product\/cbd-hash-royal-cream-sativa\/?wmc-currency=EUR\" \/>\n<meta property=\"og:site_name\" content=\"DR. Herbals\" \/>\n<meta property=\"article:publisher\" content=\"https:\/\/www.facebook.com\/drherbals.se\" \/>\n<meta property=\"article:modified_time\" content=\"2026-04-12T21:29:12+00:00\" \/>\n<meta property=\"og:image\" content=\"https:\/\/drherbals.se\/wp-content\/uploads\/2025\/11\/royal-cream-cbd-hash.webp\" \/>\n\t<meta property=\"og:image:width\" content=\"1000\" \/>\n\t<meta property=\"og:image:height\" content=\"1000\" \/>\n\t<meta property=\"og:image:type\" content=\"image\/webp\" \/>\n<meta name=\"twitter:card\" content=\"summary_large_image\" \/>\n<meta name=\"twitter:label1\" content=\"Est. reading time\" \/>\n\t<meta name=\"twitter:data1\" content=\"2 minutes\" \/>\n<script type=\"application\/ld+json\" class=\"yoast-schema-graph\">{\"@context\":\"https:\\\/\\\/schema.org\",\"@graph\":[{\"@type\":\"WebPage\",\"@id\":\"https:\\\/\\\/drherbals.se\\\/produkt\\\/cbd-hash-royal-cream-sativa\\\/\",\"url\":\"https:\\\/\\\/drherbals.se\\\/produkt\\\/cbd-hash-royal-cream-sativa\\\/\",\"name\":\"CBD Hash - Royal Cream (Sativa) - Drherbals.se\",\"isPartOf\":{\"@id\":\"https:\\\/\\\/drherbals.se\\\/#website\"},\"primaryImageOfPage\":{\"@id\":\"https:\\\/\\\/drherbals.se\\\/produkt\\\/cbd-hash-royal-cream-sativa\\\/#primaryimage\"},\"image\":{\"@id\":\"https:\\\/\\\/drherbals.se\\\/produkt\\\/cbd-hash-royal-cream-sativa\\\/#primaryimage\"},\"thumbnailUrl\":\"https:\\\/\\\/drherbals.se\\\/wp-content\\\/uploads\\\/2025\\\/11\\\/royal-cream-cbd-hash.webp\",\"datePublished\":\"2025-11-16T14:12:39+00:00\",\"dateModified\":\"2026-04-12T21:29:12+00:00\",\"description\":\"CBD Hash Royal Cream (Sativa) \u00e4r en sort som etablerat sig som ett sj\u00e4lvklart namn inom premiumsegmentet i Sverige. Den \u00e4r ett givet val f\u00f6r medvetna...\",\"breadcrumb\":{\"@id\":\"https:\\\/\\\/drherbals.se\\\/produkt\\\/cbd-hash-royal-cream-sativa\\\/#breadcrumb\"},\"inLanguage\":\"en-US\",\"potentialAction\":[{\"@type\":\"ReadAction\",\"target\":[\"https:\\\/\\\/drherbals.se\\\/produkt\\\/cbd-hash-royal-cream-sativa\\\/\"]}]},{\"@type\":\"ImageObject\",\"inLanguage\":\"en-US\",\"@id\":\"https:\\\/\\\/drherbals.se\\\/produkt\\\/cbd-hash-royal-cream-sativa\\\/#primaryimage\",\"url\":\"https:\\\/\\\/drherbals.se\\\/wp-content\\\/uploads\\\/2025\\\/11\\\/royal-cream-cbd-hash.webp\",\"contentUrl\":\"https:\\\/\\\/drherbals.se\\\/wp-content\\\/uploads\\\/2025\\\/11\\\/royal-cream-cbd-hash.webp\",\"width\":1000,\"height\":1000,\"caption\":\"Royal Cream - Indica - DR. Herbals\"},{\"@type\":\"BreadcrumbList\",\"@id\":\"https:\\\/\\\/drherbals.se\\\/produkt\\\/cbd-hash-royal-cream-sativa\\\/#breadcrumb\",\"itemListElement\":[{\"@type\":\"ListItem\",\"position\":1,\"name\":\"Hem\",\"item\":\"https:\\\/\\\/drherbals.se\\\/\"},{\"@type\":\"ListItem\",\"position\":2,\"name\":\"Butik\",\"item\":\"https:\\\/\\\/drherbals.se\\\/butik\\\/\"},{\"@type\":\"ListItem\",\"position\":3,\"name\":\"CBD Hash &#8211; Royal Cream \\\/ SATIVA\"}]},{\"@type\":\"WebSite\",\"@id\":\"https:\\\/\\\/drherbals.se\\\/#website\",\"url\":\"https:\\\/\\\/drherbals.se\\\/\",\"name\":\"DR. Herbals\",\"description\":\"Sveriges bredaste Cannabis sortiment\",\"publisher\":{\"@id\":\"https:\\\/\\\/drherbals.se\\\/#organization\"},\"alternateName\":\"DR. H\",\"potentialAction\":[{\"@type\":\"SearchAction\",\"target\":{\"@type\":\"EntryPoint\",\"urlTemplate\":\"https:\\\/\\\/drherbals.se\\\/?s={search_term_string}\"},\"query-input\":{\"@type\":\"PropertyValueSpecification\",\"valueRequired\":true,\"valueName\":\"search_term_string\"}}],\"inLanguage\":\"en-US\"},{\"@type\":\"Organization\",\"@id\":\"https:\\\/\\\/drherbals.se\\\/#organization\",\"name\":\"DR. Herbals\",\"url\":\"https:\\\/\\\/drherbals.se\\\/\",\"logo\":{\"@type\":\"ImageObject\",\"inLanguage\":\"en-US\",\"@id\":\"https:\\\/\\\/drherbals.se\\\/#\\\/schema\\\/logo\\\/image\\\/\",\"url\":\"https:\\\/\\\/drherbals.se\\\/wp-content\\\/uploads\\\/2024\\\/09\\\/dr-herbals-logga.png\",\"contentUrl\":\"https:\\\/\\\/drherbals.se\\\/wp-content\\\/uploads\\\/2024\\\/09\\\/dr-herbals-logga.png\",\"width\":240,\"height\":138,\"caption\":\"DR. Herbals\"},\"image\":{\"@id\":\"https:\\\/\\\/drherbals.se\\\/#\\\/schema\\\/logo\\\/image\\\/\"},\"sameAs\":[\"https:\\\/\\\/www.facebook.com\\\/drherbals.se\",\"https:\\\/\\\/www.instagram.com\\\/drherbals.se\\\/\"]}]}<\/script>\n<!-- \/ Yoast SEO plugin. -->","yoast_head_json":{"title":"CBD Hash - Royal Cream (Sativa) - Drherbals.se","description":"CBD Hash Royal Cream (Sativa) is a variety that has established itself as an obvious name in the premium segment in Sweden. It is an obvious choice for conscious...","robots":{"index":"index","follow":"follow","max-snippet":"max-snippet:-1","max-image-preview":"max-image-preview:large","max-video-preview":"max-video-preview:-1"},"canonical":"https:\/\/drherbals.se\/en\/product\/cbd-hash-royal-cream-sativa\/?wmc-currency=EUR","og_locale":"en_US","og_type":"article","og_title":"CBD Hash - Royal Cream (Sativa) - Drherbals.se","og_description":"CBD Hash Royal Cream (Sativa) \u00e4r en sort som etablerat sig som ett sj\u00e4lvklart namn inom premiumsegmentet i Sverige. Den \u00e4r ett givet val f\u00f6r medvetna...","og_url":"https:\/\/drherbals.se\/en\/product\/cbd-hash-royal-cream-sativa\/?wmc-currency=EUR","og_site_name":"DR. Herbals","article_publisher":"https:\/\/www.facebook.com\/drherbals.se","article_modified_time":"2026-04-12T21:29:12+00:00","og_image":[{"width":1000,"height":1000,"url":"https:\/\/drherbals.se\/wp-content\/uploads\/2025\/11\/royal-cream-cbd-hash.webp","type":"image\/webp"}],"twitter_card":"summary_large_image","twitter_misc":{"Est. reading time":"2 minutes"},"schema":{"@context":"https:\/\/schema.org","@graph":[{"@type":"WebPage","@id":"https:\/\/drherbals.se\/produkt\/cbd-hash-royal-cream-sativa\/","url":"https:\/\/drherbals.se\/produkt\/cbd-hash-royal-cream-sativa\/","name":"CBD Hash - Royal Cream (Sativa) - Drherbals.se","isPartOf":{"@id":"https:\/\/drherbals.se\/#website"},"primaryImageOfPage":{"@id":"https:\/\/drherbals.se\/produkt\/cbd-hash-royal-cream-sativa\/#primaryimage"},"image":{"@id":"https:\/\/drherbals.se\/produkt\/cbd-hash-royal-cream-sativa\/#primaryimage"},"thumbnailUrl":"https:\/\/drherbals.se\/wp-content\/uploads\/2025\/11\/royal-cream-cbd-hash.webp","datePublished":"2025-11-16T14:12:39+00:00","dateModified":"2026-04-12T21:29:12+00:00","description":"CBD Hash Royal Cream (Sativa) is a variety that has established itself as an obvious name in the premium segment in Sweden. It is an obvious choice for conscious...","breadcrumb":{"@id":"https:\/\/drherbals.se\/produkt\/cbd-hash-royal-cream-sativa\/#breadcrumb"},"inLanguage":"en-US","potentialAction":[{"@type":"ReadAction","target":["https:\/\/drherbals.se\/produkt\/cbd-hash-royal-cream-sativa\/"]}]},{"@type":"ImageObject","inLanguage":"en-US","@id":"https:\/\/drherbals.se\/produkt\/cbd-hash-royal-cream-sativa\/#primaryimage","url":"https:\/\/drherbals.se\/wp-content\/uploads\/2025\/11\/royal-cream-cbd-hash.webp","contentUrl":"https:\/\/drherbals.se\/wp-content\/uploads\/2025\/11\/royal-cream-cbd-hash.webp","width":1000,"height":1000,"caption":"Royal Cream - Indica - DR. Herbals"},{"@type":"BreadcrumbList","@id":"https:\/\/drherbals.se\/produkt\/cbd-hash-royal-cream-sativa\/#breadcrumb","itemListElement":[{"@type":"ListItem","position":1,"name":"Hem","item":"https:\/\/drherbals.se\/"},{"@type":"ListItem","position":2,"name":"Butik","item":"https:\/\/drherbals.se\/butik\/"},{"@type":"ListItem","position":3,"name":"CBD Hash &#8211; Royal Cream \/ SATIVA"}]},{"@type":"WebSite","@id":"https:\/\/drherbals.se\/#website","url":"https:\/\/drherbals.se\/","name":"DR. Herbals","description":"Sweden's widest Cannabis range","publisher":{"@id":"https:\/\/drherbals.se\/#organization"},"alternateName":"DR. H","potentialAction":[{"@type":"SearchAction","target":{"@type":"EntryPoint","urlTemplate":"https:\/\/drherbals.se\/?s={search_term_string}"},"query-input":{"@type":"PropertyValueSpecification","valueRequired":true,"valueName":"search_term_string"}}],"inLanguage":"en-US"},{"@type":"Organization","@id":"https:\/\/drherbals.se\/#organization","name":"DR. Herbals","url":"https:\/\/drherbals.se\/","logo":{"@type":"ImageObject","inLanguage":"en-US","@id":"https:\/\/drherbals.se\/#\/schema\/logo\/image\/","url":"https:\/\/drherbals.se\/wp-content\/uploads\/2024\/09\/dr-herbals-logga.png","contentUrl":"https:\/\/drherbals.se\/wp-content\/uploads\/2024\/09\/dr-herbals-logga.png","width":240,"height":138,"caption":"DR. Herbals"},"image":{"@id":"https:\/\/drherbals.se\/#\/schema\/logo\/image\/"},"sameAs":["https:\/\/www.facebook.com\/drherbals.se","https:\/\/www.instagram.com\/drherbals.se\/"]}]}},"tiered_pricing_type":"fixed","tiered_pricing_fixed_rules":[],"tiered_pricing_product_settings":{"layout":"default","base_unit_name":{"singular":null,"plural":null},"default_variation":null},"tiered_pricing_minimum_quantity":null,"tiered_pricing_roles_data":[],"tiered_pricing_percentage_rules":[],"tiered_pricing_maximum_quantity":null,"tiered_pricing_quantity_step":null,"_links":{"self":[{"href":"https:\/\/drherbals.se\/en\/wp-json\/wp\/v2\/product\/73414","targetHints":{"allow":["GET"]}}],"collection":[{"href":"https:\/\/drherbals.se\/en\/wp-json\/wp\/v2\/product"}],"about":[{"href":"https:\/\/drherbals.se\/en\/wp-json\/wp\/v2\/types\/product"}],"wp:featuredmedia":[{"embeddable":true,"href":"https:\/\/drherbals.se\/en\/wp-json\/wp\/v2\/media\/73405"}],"wp:attachment":[{"href":"https:\/\/drherbals.se\/en\/wp-json\/wp\/v2\/media?parent=73414"}],"wp:term":[{"taxonomy":"product_brand","embeddable":true,"href":"https:\/\/drherbals.se\/en\/wp-json\/wp\/v2\/product_brand?post=73414"},{"taxonomy":"product_cat","embeddable":true,"href":"https:\/\/drherbals.se\/en\/wp-json\/wp\/v2\/product_cat?post=73414"},{"taxonomy":"product_tag","embeddable":true,"href":"https:\/\/drherbals.se\/en\/wp-json\/wp\/v2\/product_tag?post=73414"}],"curies":[{"name":"wp","href":"https:\/\/api.w.org\/{rel}","templated":true}]}}