{"id":73407,"date":"2025-11-16T15:00:40","date_gmt":"2025-11-16T14:00:40","guid":{"rendered":"https:\/\/drherbals.se\/?post_type=product&#038;p=73407"},"modified":"2026-04-14T13:50:36","modified_gmt":"2026-04-14T11:50:36","slug":"cbd-hash-piatella-sativa","status":"publish","type":"product","link":"https:\/\/drherbals.se\/en\/product\/cbd-hash-piatella-sativa\/","title":{"rendered":"CBD Hash - Piatella \/ INDICA"},"content":{"rendered":"<h2><strong><span style=\"font-size: 110%\">Piatella (Indica)<\/span><\/strong><\/h2>\n<p>Piatella CBD Hash is a butter-soft, exclusively formulated hash in the premium segment - an obvious choice for those looking for absolute top quality. This is the product for those who want something out of the ordinary. The texture is as smooth as butter: soft, light and with a great scent. It is characterized by its dense and sticky texture, rich in sparkling crystals, as well as a sweet and seductive aroma that spreads as soon as the package is opened. A timeless favorite that beginners and seasoned enthusiasts alike return to time and time again.<\/p>\n<p>Piatella is grown indoors under carefully controlled conditions, where every detail is monitored and fine-tuned to ensure consistent and uncompromising quality. The aroma profile is creamy, sweet and fresh, with nuances of herbs, toffee and a subtle hint of citrus. The result is a well-balanced and luxurious aroma that creates a sense of harmony and exclusivity.<\/p>\n<p>Not for persons under 18 years of age. The product is sold as a collector's item and for decorative purposes. Keep out of reach of children. All our flowers are grown in the EU, from EU-approved hemp seeds and tested to ensure THC levels are below legal limits.<\/p>\n<hr \/>\n<p><strong><span style=\"font-size: 120%\">Fragrance notes:<\/span><\/strong><\/p>\n<p><strong>Opening:<\/strong> Herbs, Kola<br \/>\n<strong>Heart:<\/strong> Citrus, Hemp<br \/>\n<strong>Bottom:<\/strong> Cream, Ice cream<\/p>","protected":false},"excerpt":{"rendered":"<p><strong><span style=\"font-size: 120%\">Aroma of toffee, hemp &amp; cream<\/span><\/strong><\/p>\n<p>\u2192 Piatella (Indica)<br \/>\n\u2192 62% CBD \/ 0,3% THC<br \/>\n\u2192 Third party lab city<br \/>\n\u2192 Sticky, fresh &amp; compact<br \/>\n\u2192 Growing method: Indoor (Indoor)<br \/>\n\u2192 5 grams<\/p>","protected":false},"featured_media":73406,"template":"","meta":[],"product_brand":[],"product_cat":[1169,15,1190,1166],"product_tag":[984],"class_list":{"0":"post-73407","1":"product","2":"type-product","3":"status-publish","4":"has-post-thumbnail","6":"product_cat-alla-produkter","7":"product_cat-cbd","8":"product_cat-cbd-hash","9":"product_cat-nyheter","10":"product_tag-cbd","12":"first","13":"instock","14":"taxable","15":"shipping-taxable","16":"purchasable","17":"product-type-simple"},"yoast_head":"<!-- This site is optimized with the Yoast SEO plugin v27.4 - https:\/\/yoast.com\/product\/yoast-seo-wordpress\/ -->\n<title>CBD Hash - Piatella 62% - Drherbals.se<\/title>\n<meta name=\"description\" content=\"CBD Hash Piatella 62% CBD \u00e4r en sort som etablerat sig som ett sj\u00e4lvklart namn inom premiumsegmentet i Sverige. Den \u00e4r ett givet val f\u00f6r medvetna...\" \/>\n<meta name=\"robots\" content=\"index, follow, max-snippet:-1, max-image-preview:large, max-video-preview:-1\" \/>\n<link rel=\"canonical\" href=\"https:\/\/drherbals.se\/en\/product\/cbd-hash-piatella-sativa\/?wmc-currency=EUR\" \/>\n<meta property=\"og:locale\" content=\"en_US\" \/>\n<meta property=\"og:type\" content=\"article\" \/>\n<meta property=\"og:title\" content=\"CBD Hash - Piatella 62% - Drherbals.se\" \/>\n<meta property=\"og:description\" content=\"CBD Hash Piatella 62% CBD \u00e4r en sort som etablerat sig som ett sj\u00e4lvklart namn inom premiumsegmentet i Sverige. Den \u00e4r ett givet val f\u00f6r medvetna...\" \/>\n<meta property=\"og:url\" content=\"https:\/\/drherbals.se\/en\/product\/cbd-hash-piatella-sativa\/?wmc-currency=EUR\" \/>\n<meta property=\"og:site_name\" content=\"DR. Herbals\" \/>\n<meta property=\"article:publisher\" content=\"https:\/\/www.facebook.com\/drherbals.se\" \/>\n<meta property=\"article:modified_time\" content=\"2026-04-14T11:50:36+00:00\" \/>\n<meta property=\"og:image\" content=\"https:\/\/drherbals.se\/wp-content\/uploads\/2025\/11\/piatella-cbd-hash.webp\" \/>\n\t<meta property=\"og:image:width\" content=\"1000\" \/>\n\t<meta property=\"og:image:height\" content=\"1000\" \/>\n\t<meta property=\"og:image:type\" content=\"image\/webp\" \/>\n<meta name=\"twitter:card\" content=\"summary_large_image\" \/>\n<meta name=\"twitter:label1\" content=\"Est. reading time\" \/>\n\t<meta name=\"twitter:data1\" content=\"2 minutes\" \/>\n<script type=\"application\/ld+json\" class=\"yoast-schema-graph\">{\"@context\":\"https:\\\/\\\/schema.org\",\"@graph\":[{\"@type\":\"WebPage\",\"@id\":\"https:\\\/\\\/drherbals.se\\\/produkt\\\/cbd-hash-piatella-sativa\\\/\",\"url\":\"https:\\\/\\\/drherbals.se\\\/produkt\\\/cbd-hash-piatella-sativa\\\/\",\"name\":\"CBD Hash - Piatella 62% - Drherbals.se\",\"isPartOf\":{\"@id\":\"https:\\\/\\\/drherbals.se\\\/#website\"},\"primaryImageOfPage\":{\"@id\":\"https:\\\/\\\/drherbals.se\\\/produkt\\\/cbd-hash-piatella-sativa\\\/#primaryimage\"},\"image\":{\"@id\":\"https:\\\/\\\/drherbals.se\\\/produkt\\\/cbd-hash-piatella-sativa\\\/#primaryimage\"},\"thumbnailUrl\":\"https:\\\/\\\/drherbals.se\\\/wp-content\\\/uploads\\\/2025\\\/11\\\/piatella-cbd-hash.webp\",\"datePublished\":\"2025-11-16T14:00:40+00:00\",\"dateModified\":\"2026-04-14T11:50:36+00:00\",\"description\":\"CBD Hash Piatella 62% CBD \u00e4r en sort som etablerat sig som ett sj\u00e4lvklart namn inom premiumsegmentet i Sverige. Den \u00e4r ett givet val f\u00f6r medvetna...\",\"breadcrumb\":{\"@id\":\"https:\\\/\\\/drherbals.se\\\/produkt\\\/cbd-hash-piatella-sativa\\\/#breadcrumb\"},\"inLanguage\":\"en-US\",\"potentialAction\":[{\"@type\":\"ReadAction\",\"target\":[\"https:\\\/\\\/drherbals.se\\\/produkt\\\/cbd-hash-piatella-sativa\\\/\"]}]},{\"@type\":\"ImageObject\",\"inLanguage\":\"en-US\",\"@id\":\"https:\\\/\\\/drherbals.se\\\/produkt\\\/cbd-hash-piatella-sativa\\\/#primaryimage\",\"url\":\"https:\\\/\\\/drherbals.se\\\/wp-content\\\/uploads\\\/2025\\\/11\\\/piatella-cbd-hash.webp\",\"contentUrl\":\"https:\\\/\\\/drherbals.se\\\/wp-content\\\/uploads\\\/2025\\\/11\\\/piatella-cbd-hash.webp\",\"width\":1000,\"height\":1000,\"caption\":\"Piatella CBD Hash - DR. Herbals\"},{\"@type\":\"BreadcrumbList\",\"@id\":\"https:\\\/\\\/drherbals.se\\\/produkt\\\/cbd-hash-piatella-sativa\\\/#breadcrumb\",\"itemListElement\":[{\"@type\":\"ListItem\",\"position\":1,\"name\":\"Hem\",\"item\":\"https:\\\/\\\/drherbals.se\\\/\"},{\"@type\":\"ListItem\",\"position\":2,\"name\":\"Butik\",\"item\":\"https:\\\/\\\/drherbals.se\\\/butik\\\/\"},{\"@type\":\"ListItem\",\"position\":3,\"name\":\"CBD Hash &#8211; Piatella \\\/ INDICA\"}]},{\"@type\":\"WebSite\",\"@id\":\"https:\\\/\\\/drherbals.se\\\/#website\",\"url\":\"https:\\\/\\\/drherbals.se\\\/\",\"name\":\"DR. Herbals\",\"description\":\"Sveriges bredaste Cannabis sortiment\",\"publisher\":{\"@id\":\"https:\\\/\\\/drherbals.se\\\/#organization\"},\"alternateName\":\"DR. H\",\"potentialAction\":[{\"@type\":\"SearchAction\",\"target\":{\"@type\":\"EntryPoint\",\"urlTemplate\":\"https:\\\/\\\/drherbals.se\\\/?s={search_term_string}\"},\"query-input\":{\"@type\":\"PropertyValueSpecification\",\"valueRequired\":true,\"valueName\":\"search_term_string\"}}],\"inLanguage\":\"en-US\"},{\"@type\":\"Organization\",\"@id\":\"https:\\\/\\\/drherbals.se\\\/#organization\",\"name\":\"DR. Herbals\",\"url\":\"https:\\\/\\\/drherbals.se\\\/\",\"logo\":{\"@type\":\"ImageObject\",\"inLanguage\":\"en-US\",\"@id\":\"https:\\\/\\\/drherbals.se\\\/#\\\/schema\\\/logo\\\/image\\\/\",\"url\":\"https:\\\/\\\/drherbals.se\\\/wp-content\\\/uploads\\\/2024\\\/09\\\/dr-herbals-logga.png\",\"contentUrl\":\"https:\\\/\\\/drherbals.se\\\/wp-content\\\/uploads\\\/2024\\\/09\\\/dr-herbals-logga.png\",\"width\":240,\"height\":138,\"caption\":\"DR. Herbals\"},\"image\":{\"@id\":\"https:\\\/\\\/drherbals.se\\\/#\\\/schema\\\/logo\\\/image\\\/\"},\"sameAs\":[\"https:\\\/\\\/www.facebook.com\\\/drherbals.se\",\"https:\\\/\\\/www.instagram.com\\\/drherbals.se\\\/\"]}]}<\/script>\n<!-- \/ Yoast SEO plugin. -->","yoast_head_json":{"title":"CBD Hash - Piatella 62% - Drherbals.se","description":"CBD Hash Piatella 62% CBD is a variety that has established itself as an obvious name in the premium segment in Sweden. It is an obvious choice for conscious...","robots":{"index":"index","follow":"follow","max-snippet":"max-snippet:-1","max-image-preview":"max-image-preview:large","max-video-preview":"max-video-preview:-1"},"canonical":"https:\/\/drherbals.se\/en\/product\/cbd-hash-piatella-sativa\/?wmc-currency=EUR","og_locale":"en_US","og_type":"article","og_title":"CBD Hash - Piatella 62% - Drherbals.se","og_description":"CBD Hash Piatella 62% CBD \u00e4r en sort som etablerat sig som ett sj\u00e4lvklart namn inom premiumsegmentet i Sverige. Den \u00e4r ett givet val f\u00f6r medvetna...","og_url":"https:\/\/drherbals.se\/en\/product\/cbd-hash-piatella-sativa\/?wmc-currency=EUR","og_site_name":"DR. Herbals","article_publisher":"https:\/\/www.facebook.com\/drherbals.se","article_modified_time":"2026-04-14T11:50:36+00:00","og_image":[{"width":1000,"height":1000,"url":"https:\/\/drherbals.se\/wp-content\/uploads\/2025\/11\/piatella-cbd-hash.webp","type":"image\/webp"}],"twitter_card":"summary_large_image","twitter_misc":{"Est. reading time":"2 minutes"},"schema":{"@context":"https:\/\/schema.org","@graph":[{"@type":"WebPage","@id":"https:\/\/drherbals.se\/produkt\/cbd-hash-piatella-sativa\/","url":"https:\/\/drherbals.se\/produkt\/cbd-hash-piatella-sativa\/","name":"CBD Hash - Piatella 62% - Drherbals.se","isPartOf":{"@id":"https:\/\/drherbals.se\/#website"},"primaryImageOfPage":{"@id":"https:\/\/drherbals.se\/produkt\/cbd-hash-piatella-sativa\/#primaryimage"},"image":{"@id":"https:\/\/drherbals.se\/produkt\/cbd-hash-piatella-sativa\/#primaryimage"},"thumbnailUrl":"https:\/\/drherbals.se\/wp-content\/uploads\/2025\/11\/piatella-cbd-hash.webp","datePublished":"2025-11-16T14:00:40+00:00","dateModified":"2026-04-14T11:50:36+00:00","description":"CBD Hash Piatella 62% CBD is a variety that has established itself as an obvious name in the premium segment in Sweden. It is an obvious choice for conscious...","breadcrumb":{"@id":"https:\/\/drherbals.se\/produkt\/cbd-hash-piatella-sativa\/#breadcrumb"},"inLanguage":"en-US","potentialAction":[{"@type":"ReadAction","target":["https:\/\/drherbals.se\/produkt\/cbd-hash-piatella-sativa\/"]}]},{"@type":"ImageObject","inLanguage":"en-US","@id":"https:\/\/drherbals.se\/produkt\/cbd-hash-piatella-sativa\/#primaryimage","url":"https:\/\/drherbals.se\/wp-content\/uploads\/2025\/11\/piatella-cbd-hash.webp","contentUrl":"https:\/\/drherbals.se\/wp-content\/uploads\/2025\/11\/piatella-cbd-hash.webp","width":1000,"height":1000,"caption":"Piatella CBD Hash - DR. Herbals"},{"@type":"BreadcrumbList","@id":"https:\/\/drherbals.se\/produkt\/cbd-hash-piatella-sativa\/#breadcrumb","itemListElement":[{"@type":"ListItem","position":1,"name":"Hem","item":"https:\/\/drherbals.se\/"},{"@type":"ListItem","position":2,"name":"Butik","item":"https:\/\/drherbals.se\/butik\/"},{"@type":"ListItem","position":3,"name":"CBD Hash &#8211; Piatella \/ INDICA"}]},{"@type":"WebSite","@id":"https:\/\/drherbals.se\/#website","url":"https:\/\/drherbals.se\/","name":"DR. Herbals","description":"Sweden's widest Cannabis range","publisher":{"@id":"https:\/\/drherbals.se\/#organization"},"alternateName":"DR. H","potentialAction":[{"@type":"SearchAction","target":{"@type":"EntryPoint","urlTemplate":"https:\/\/drherbals.se\/?s={search_term_string}"},"query-input":{"@type":"PropertyValueSpecification","valueRequired":true,"valueName":"search_term_string"}}],"inLanguage":"en-US"},{"@type":"Organization","@id":"https:\/\/drherbals.se\/#organization","name":"DR. Herbals","url":"https:\/\/drherbals.se\/","logo":{"@type":"ImageObject","inLanguage":"en-US","@id":"https:\/\/drherbals.se\/#\/schema\/logo\/image\/","url":"https:\/\/drherbals.se\/wp-content\/uploads\/2024\/09\/dr-herbals-logga.png","contentUrl":"https:\/\/drherbals.se\/wp-content\/uploads\/2024\/09\/dr-herbals-logga.png","width":240,"height":138,"caption":"DR. Herbals"},"image":{"@id":"https:\/\/drherbals.se\/#\/schema\/logo\/image\/"},"sameAs":["https:\/\/www.facebook.com\/drherbals.se","https:\/\/www.instagram.com\/drherbals.se\/"]}]}},"tiered_pricing_type":"fixed","tiered_pricing_fixed_rules":[],"tiered_pricing_product_settings":{"layout":"default","base_unit_name":{"singular":null,"plural":null},"default_variation":null},"tiered_pricing_minimum_quantity":null,"tiered_pricing_roles_data":[],"tiered_pricing_percentage_rules":[],"tiered_pricing_maximum_quantity":null,"tiered_pricing_quantity_step":null,"_links":{"self":[{"href":"https:\/\/drherbals.se\/en\/wp-json\/wp\/v2\/product\/73407","targetHints":{"allow":["GET"]}}],"collection":[{"href":"https:\/\/drherbals.se\/en\/wp-json\/wp\/v2\/product"}],"about":[{"href":"https:\/\/drherbals.se\/en\/wp-json\/wp\/v2\/types\/product"}],"wp:featuredmedia":[{"embeddable":true,"href":"https:\/\/drherbals.se\/en\/wp-json\/wp\/v2\/media\/73406"}],"wp:attachment":[{"href":"https:\/\/drherbals.se\/en\/wp-json\/wp\/v2\/media?parent=73407"}],"wp:term":[{"taxonomy":"product_brand","embeddable":true,"href":"https:\/\/drherbals.se\/en\/wp-json\/wp\/v2\/product_brand?post=73407"},{"taxonomy":"product_cat","embeddable":true,"href":"https:\/\/drherbals.se\/en\/wp-json\/wp\/v2\/product_cat?post=73407"},{"taxonomy":"product_tag","embeddable":true,"href":"https:\/\/drherbals.se\/en\/wp-json\/wp\/v2\/product_tag?post=73407"}],"curies":[{"name":"wp","href":"https:\/\/api.w.org\/{rel}","templated":true}]}}