{"id":73382,"date":"2025-11-16T15:10:11","date_gmt":"2025-11-16T14:10:11","guid":{"rendered":"https:\/\/drherbals.se\/?post_type=product&#038;p=73382"},"modified":"2026-04-14T13:50:46","modified_gmt":"2026-04-14T11:50:46","slug":"cbd-hash-double-zero-indica","status":"publish","type":"product","link":"https:\/\/drherbals.se\/en\/product\/cbd-hash-double-zero-indica\/","title":{"rendered":"CBD Hash - Double Zero \/ INDICA"},"content":{"rendered":"<h2><strong><span style=\"font-size: 110%;\">Double Zero (Indica)<\/span><\/strong><\/h2>\n<p>Double Zero CBD Hash is an icon in the premium segment - an obvious choice for those seeking consistent top quality. This is the product for those who want something that always delivers: pure elegance, stable character and craftsmanship that is instantly recognizable. It is characterized by its dense, sticky texture, rich amount of sparkling crystals and a sweet, seductive aroma that spreads as soon as the package is opened. A timeless classic that beginners and enthusiasts alike return to time and time again.<\/p>\n<p>Double Zero is grown indoors under carefully controlled conditions, where every detail is monitored and optimized to achieve consistent and outstanding quality. The aroma is sweet, creamy and fresh - with nuances of herbs, berries and a subtle hint of citrus. The well-balanced scent profile creates an aura of harmony, while offering a fresh and luxurious fragrance experience.<\/p>\n<p>Not for persons under 18 years of age. The product is sold as a collector's item and for decorative purposes. Keep out of reach of children. All our flowers are grown in the EU, from EU-approved hemp seeds and tested to ensure THC levels are below legal limits.<\/p>\n<hr \/>\n<p><strong><span style=\"font-size: 120%;\">Fragrance notes:<\/span><\/strong><\/p>\n<p><strong>Opening:<\/strong> Herbs, berries<br \/>\n<strong>Heart:<\/strong> Citrus, Hemp<br \/>\n<strong>Bottom:<\/strong> Sugar, glass<\/p>","protected":false},"excerpt":{"rendered":"<p><strong><span style=\"font-size: 120%;\">Scent of hemp, berries &amp; herbs<\/span><\/strong><\/p>\n<p>\u2192 Double Zero (Indica)<br \/>\n\u2192 51% CBD \/ 0,3% THC<br \/>\n\u2192 Third party lab city<br \/>\n\u2192 Sticky, fresh &amp; compact<br \/>\n\u2192 Growing method: Indoor (Indoor)<\/p>","protected":false},"featured_media":73381,"template":"","meta":[],"product_brand":[],"product_cat":[1169,1165,15,1190,1167,1166],"product_tag":[984],"class_list":{"0":"post-73382","1":"product","2":"type-product","3":"status-publish","4":"has-post-thumbnail","6":"product_cat-alla-produkter","7":"product_cat-bastsaljare","8":"product_cat-cbd","9":"product_cat-cbd-hash","10":"product_cat-indica","11":"product_cat-nyheter","12":"product_tag-cbd","14":"first","15":"instock","16":"taxable","17":"shipping-taxable","18":"purchasable","19":"product-type-simple"},"yoast_head":"<!-- This site is optimized with the Yoast SEO plugin v27.4 - https:\/\/yoast.com\/product\/yoast-seo-wordpress\/ -->\n<title>CBD Hash - Double Zero - Drherbals.se<\/title>\n<meta name=\"description\" content=\"CBD Hash Double Zero \u00e4r en sort som etablerat sig som ett sj\u00e4lvklart namn inom premiumsegmentet i Sverige. Den \u00e4r ett givet val f\u00f6r medvetna kunder som...\" \/>\n<meta name=\"robots\" content=\"index, follow, max-snippet:-1, max-image-preview:large, max-video-preview:-1\" \/>\n<link rel=\"canonical\" href=\"https:\/\/drherbals.se\/en\/product\/cbd-hash-double-zero-indica\/?wmc-currency=EUR\" \/>\n<meta property=\"og:locale\" content=\"en_US\" \/>\n<meta property=\"og:type\" content=\"article\" \/>\n<meta property=\"og:title\" content=\"CBD Hash - Double Zero - Drherbals.se\" \/>\n<meta property=\"og:description\" content=\"CBD Hash Double Zero \u00e4r en sort som etablerat sig som ett sj\u00e4lvklart namn inom premiumsegmentet i Sverige. Den \u00e4r ett givet val f\u00f6r medvetna kunder som...\" \/>\n<meta property=\"og:url\" content=\"https:\/\/drherbals.se\/en\/product\/cbd-hash-double-zero-indica\/?wmc-currency=EUR\" \/>\n<meta property=\"og:site_name\" content=\"DR. Herbals\" \/>\n<meta property=\"article:publisher\" content=\"https:\/\/www.facebook.com\/drherbals.se\" \/>\n<meta property=\"article:modified_time\" content=\"2026-04-14T11:50:46+00:00\" \/>\n<meta property=\"og:image\" content=\"https:\/\/drherbals.se\/wp-content\/uploads\/2025\/11\/double-0-cbd-hash.webp\" \/>\n\t<meta property=\"og:image:width\" content=\"1000\" \/>\n\t<meta property=\"og:image:height\" content=\"1000\" \/>\n\t<meta property=\"og:image:type\" content=\"image\/webp\" \/>\n<meta name=\"twitter:card\" content=\"summary_large_image\" \/>\n<meta name=\"twitter:label1\" content=\"Est. reading time\" \/>\n\t<meta name=\"twitter:data1\" content=\"2 minutes\" \/>\n<script type=\"application\/ld+json\" class=\"yoast-schema-graph\">{\"@context\":\"https:\\\/\\\/schema.org\",\"@graph\":[{\"@type\":\"WebPage\",\"@id\":\"https:\\\/\\\/drherbals.se\\\/produkt\\\/cbd-hash-double-zero-indica\\\/\",\"url\":\"https:\\\/\\\/drherbals.se\\\/produkt\\\/cbd-hash-double-zero-indica\\\/\",\"name\":\"CBD Hash - Double Zero - Drherbals.se\",\"isPartOf\":{\"@id\":\"https:\\\/\\\/drherbals.se\\\/#website\"},\"primaryImageOfPage\":{\"@id\":\"https:\\\/\\\/drherbals.se\\\/produkt\\\/cbd-hash-double-zero-indica\\\/#primaryimage\"},\"image\":{\"@id\":\"https:\\\/\\\/drherbals.se\\\/produkt\\\/cbd-hash-double-zero-indica\\\/#primaryimage\"},\"thumbnailUrl\":\"https:\\\/\\\/drherbals.se\\\/wp-content\\\/uploads\\\/2025\\\/11\\\/double-0-cbd-hash.webp\",\"datePublished\":\"2025-11-16T14:10:11+00:00\",\"dateModified\":\"2026-04-14T11:50:46+00:00\",\"description\":\"CBD Hash Double Zero \u00e4r en sort som etablerat sig som ett sj\u00e4lvklart namn inom premiumsegmentet i Sverige. Den \u00e4r ett givet val f\u00f6r medvetna kunder som...\",\"breadcrumb\":{\"@id\":\"https:\\\/\\\/drherbals.se\\\/produkt\\\/cbd-hash-double-zero-indica\\\/#breadcrumb\"},\"inLanguage\":\"en-US\",\"potentialAction\":[{\"@type\":\"ReadAction\",\"target\":[\"https:\\\/\\\/drherbals.se\\\/produkt\\\/cbd-hash-double-zero-indica\\\/\"]}]},{\"@type\":\"ImageObject\",\"inLanguage\":\"en-US\",\"@id\":\"https:\\\/\\\/drherbals.se\\\/produkt\\\/cbd-hash-double-zero-indica\\\/#primaryimage\",\"url\":\"https:\\\/\\\/drherbals.se\\\/wp-content\\\/uploads\\\/2025\\\/11\\\/double-0-cbd-hash.webp\",\"contentUrl\":\"https:\\\/\\\/drherbals.se\\\/wp-content\\\/uploads\\\/2025\\\/11\\\/double-0-cbd-hash.webp\",\"width\":1000,\"height\":1000,\"caption\":\"Double Zero CBD Hash - DR. Herbals\"},{\"@type\":\"BreadcrumbList\",\"@id\":\"https:\\\/\\\/drherbals.se\\\/produkt\\\/cbd-hash-double-zero-indica\\\/#breadcrumb\",\"itemListElement\":[{\"@type\":\"ListItem\",\"position\":1,\"name\":\"Hem\",\"item\":\"https:\\\/\\\/drherbals.se\\\/\"},{\"@type\":\"ListItem\",\"position\":2,\"name\":\"Butik\",\"item\":\"https:\\\/\\\/drherbals.se\\\/butik\\\/\"},{\"@type\":\"ListItem\",\"position\":3,\"name\":\"CBD Hash &#8211; Double Zero \\\/ INDICA\"}]},{\"@type\":\"WebSite\",\"@id\":\"https:\\\/\\\/drherbals.se\\\/#website\",\"url\":\"https:\\\/\\\/drherbals.se\\\/\",\"name\":\"DR. Herbals\",\"description\":\"Sveriges bredaste Cannabis sortiment\",\"publisher\":{\"@id\":\"https:\\\/\\\/drherbals.se\\\/#organization\"},\"alternateName\":\"DR. H\",\"potentialAction\":[{\"@type\":\"SearchAction\",\"target\":{\"@type\":\"EntryPoint\",\"urlTemplate\":\"https:\\\/\\\/drherbals.se\\\/?s={search_term_string}\"},\"query-input\":{\"@type\":\"PropertyValueSpecification\",\"valueRequired\":true,\"valueName\":\"search_term_string\"}}],\"inLanguage\":\"en-US\"},{\"@type\":\"Organization\",\"@id\":\"https:\\\/\\\/drherbals.se\\\/#organization\",\"name\":\"DR. Herbals\",\"url\":\"https:\\\/\\\/drherbals.se\\\/\",\"logo\":{\"@type\":\"ImageObject\",\"inLanguage\":\"en-US\",\"@id\":\"https:\\\/\\\/drherbals.se\\\/#\\\/schema\\\/logo\\\/image\\\/\",\"url\":\"https:\\\/\\\/drherbals.se\\\/wp-content\\\/uploads\\\/2024\\\/09\\\/dr-herbals-logga.png\",\"contentUrl\":\"https:\\\/\\\/drherbals.se\\\/wp-content\\\/uploads\\\/2024\\\/09\\\/dr-herbals-logga.png\",\"width\":240,\"height\":138,\"caption\":\"DR. Herbals\"},\"image\":{\"@id\":\"https:\\\/\\\/drherbals.se\\\/#\\\/schema\\\/logo\\\/image\\\/\"},\"sameAs\":[\"https:\\\/\\\/www.facebook.com\\\/drherbals.se\",\"https:\\\/\\\/www.instagram.com\\\/drherbals.se\\\/\"]}]}<\/script>\n<!-- \/ Yoast SEO plugin. -->","yoast_head_json":{"title":"CBD Hash - Double Zero - Drherbals.se","description":"CBD Hash Double Zero is a variety that has established itself as a household name in the premium segment in Sweden. It is an obvious choice for conscious customers who...","robots":{"index":"index","follow":"follow","max-snippet":"max-snippet:-1","max-image-preview":"max-image-preview:large","max-video-preview":"max-video-preview:-1"},"canonical":"https:\/\/drherbals.se\/en\/product\/cbd-hash-double-zero-indica\/?wmc-currency=EUR","og_locale":"en_US","og_type":"article","og_title":"CBD Hash - Double Zero - Drherbals.se","og_description":"CBD Hash Double Zero \u00e4r en sort som etablerat sig som ett sj\u00e4lvklart namn inom premiumsegmentet i Sverige. Den \u00e4r ett givet val f\u00f6r medvetna kunder som...","og_url":"https:\/\/drherbals.se\/en\/product\/cbd-hash-double-zero-indica\/?wmc-currency=EUR","og_site_name":"DR. Herbals","article_publisher":"https:\/\/www.facebook.com\/drherbals.se","article_modified_time":"2026-04-14T11:50:46+00:00","og_image":[{"width":1000,"height":1000,"url":"https:\/\/drherbals.se\/wp-content\/uploads\/2025\/11\/double-0-cbd-hash.webp","type":"image\/webp"}],"twitter_card":"summary_large_image","twitter_misc":{"Est. reading time":"2 minutes"},"schema":{"@context":"https:\/\/schema.org","@graph":[{"@type":"WebPage","@id":"https:\/\/drherbals.se\/produkt\/cbd-hash-double-zero-indica\/","url":"https:\/\/drherbals.se\/produkt\/cbd-hash-double-zero-indica\/","name":"CBD Hash - Double Zero - Drherbals.se","isPartOf":{"@id":"https:\/\/drherbals.se\/#website"},"primaryImageOfPage":{"@id":"https:\/\/drherbals.se\/produkt\/cbd-hash-double-zero-indica\/#primaryimage"},"image":{"@id":"https:\/\/drherbals.se\/produkt\/cbd-hash-double-zero-indica\/#primaryimage"},"thumbnailUrl":"https:\/\/drherbals.se\/wp-content\/uploads\/2025\/11\/double-0-cbd-hash.webp","datePublished":"2025-11-16T14:10:11+00:00","dateModified":"2026-04-14T11:50:46+00:00","description":"CBD Hash Double Zero is a variety that has established itself as a household name in the premium segment in Sweden. It is an obvious choice for conscious customers who...","breadcrumb":{"@id":"https:\/\/drherbals.se\/produkt\/cbd-hash-double-zero-indica\/#breadcrumb"},"inLanguage":"en-US","potentialAction":[{"@type":"ReadAction","target":["https:\/\/drherbals.se\/produkt\/cbd-hash-double-zero-indica\/"]}]},{"@type":"ImageObject","inLanguage":"en-US","@id":"https:\/\/drherbals.se\/produkt\/cbd-hash-double-zero-indica\/#primaryimage","url":"https:\/\/drherbals.se\/wp-content\/uploads\/2025\/11\/double-0-cbd-hash.webp","contentUrl":"https:\/\/drherbals.se\/wp-content\/uploads\/2025\/11\/double-0-cbd-hash.webp","width":1000,"height":1000,"caption":"Double Zero CBD Hash - DR. Herbals"},{"@type":"BreadcrumbList","@id":"https:\/\/drherbals.se\/produkt\/cbd-hash-double-zero-indica\/#breadcrumb","itemListElement":[{"@type":"ListItem","position":1,"name":"Hem","item":"https:\/\/drherbals.se\/"},{"@type":"ListItem","position":2,"name":"Butik","item":"https:\/\/drherbals.se\/butik\/"},{"@type":"ListItem","position":3,"name":"CBD Hash &#8211; Double Zero \/ INDICA"}]},{"@type":"WebSite","@id":"https:\/\/drherbals.se\/#website","url":"https:\/\/drherbals.se\/","name":"DR. Herbals","description":"Sweden's widest Cannabis range","publisher":{"@id":"https:\/\/drherbals.se\/#organization"},"alternateName":"DR. H","potentialAction":[{"@type":"SearchAction","target":{"@type":"EntryPoint","urlTemplate":"https:\/\/drherbals.se\/?s={search_term_string}"},"query-input":{"@type":"PropertyValueSpecification","valueRequired":true,"valueName":"search_term_string"}}],"inLanguage":"en-US"},{"@type":"Organization","@id":"https:\/\/drherbals.se\/#organization","name":"DR. Herbals","url":"https:\/\/drherbals.se\/","logo":{"@type":"ImageObject","inLanguage":"en-US","@id":"https:\/\/drherbals.se\/#\/schema\/logo\/image\/","url":"https:\/\/drherbals.se\/wp-content\/uploads\/2024\/09\/dr-herbals-logga.png","contentUrl":"https:\/\/drherbals.se\/wp-content\/uploads\/2024\/09\/dr-herbals-logga.png","width":240,"height":138,"caption":"DR. Herbals"},"image":{"@id":"https:\/\/drherbals.se\/#\/schema\/logo\/image\/"},"sameAs":["https:\/\/www.facebook.com\/drherbals.se","https:\/\/www.instagram.com\/drherbals.se\/"]}]}},"tiered_pricing_type":"fixed","tiered_pricing_fixed_rules":[],"tiered_pricing_product_settings":{"layout":"default","base_unit_name":{"singular":null,"plural":null},"default_variation":null},"tiered_pricing_minimum_quantity":null,"tiered_pricing_roles_data":[],"tiered_pricing_percentage_rules":[],"tiered_pricing_maximum_quantity":null,"tiered_pricing_quantity_step":null,"_links":{"self":[{"href":"https:\/\/drherbals.se\/en\/wp-json\/wp\/v2\/product\/73382","targetHints":{"allow":["GET"]}}],"collection":[{"href":"https:\/\/drherbals.se\/en\/wp-json\/wp\/v2\/product"}],"about":[{"href":"https:\/\/drherbals.se\/en\/wp-json\/wp\/v2\/types\/product"}],"wp:featuredmedia":[{"embeddable":true,"href":"https:\/\/drherbals.se\/en\/wp-json\/wp\/v2\/media\/73381"}],"wp:attachment":[{"href":"https:\/\/drherbals.se\/en\/wp-json\/wp\/v2\/media?parent=73382"}],"wp:term":[{"taxonomy":"product_brand","embeddable":true,"href":"https:\/\/drherbals.se\/en\/wp-json\/wp\/v2\/product_brand?post=73382"},{"taxonomy":"product_cat","embeddable":true,"href":"https:\/\/drherbals.se\/en\/wp-json\/wp\/v2\/product_cat?post=73382"},{"taxonomy":"product_tag","embeddable":true,"href":"https:\/\/drherbals.se\/en\/wp-json\/wp\/v2\/product_tag?post=73382"}],"curies":[{"name":"wp","href":"https:\/\/api.w.org\/{rel}","templated":true}]}}