{"id":73070,"date":"2025-11-11T20:36:32","date_gmt":"2025-11-11T19:36:32","guid":{"rendered":"https:\/\/drherbals.se\/?post_type=product&#038;p=73070"},"modified":"2026-04-03T18:13:33","modified_gmt":"2026-04-03T16:13:33","slug":"ocb-rullpapper-med-filter-virgin","status":"publish","type":"product","link":"https:\/\/drherbals.se\/en\/product\/ocb-rullpapper-med-filter-virgin\/","title":{"rendered":"OCB Roll Paper with Filter (Virgin)"},"content":{"rendered":"<h2><span style=\"color: #333333\"><strong><span style=\"font-size: 110%\">OCB Roll Paper with Filter (Virgin)<\/span><\/strong><\/span><\/h2>\n<p>Founded in France in 1918, OCB is today one of the world's most popular roll paper manufacturers. The OCB Virgin range represents the most natural and untreated paper in the range - unbleached, soft and brown in color for an authentic feel.<\/p>\n<p>Despite its natural character, Virgin paper is extra thin and burns slowly and evenly, giving a clean and smooth smoking experience. Each paper is printed with a pattern that prevents oils from being drawn to the filter and ensures even burning.<\/p>\n<p>Also included is a warning paper that pops up when the pack is running low - so you're never left without.<br \/>\nLike all OCB products, the Virgin range is vegan-friendly, GMO-free and made with environmentally conscious precision.<\/p>\n<p><span style=\"color: #333333\"><strong><span style=\"font-size: 120%\">Specifications<\/span><\/strong><\/span><\/p>\n<p><strong>Material:<\/strong> Made from plant-based fibers, such as organic hemp, flax, rice and bamboo (chlorine-free)<br \/>\n<strong>Filter:<\/strong> Included filters offer extra comfort and ensure a cleaner towing experience, without debris.<br \/>\n<strong>Size:<\/strong> 44 x 109 mm (King Size Slim)<br \/>\n<strong>Number:<\/strong> 32 roll papers + 32 filter tips<br \/>\n<strong>Rolling:<\/strong> Easy to roll, perfect for both beginners and experienced smokers.<br \/>\n<strong>Flavor:<\/strong> The natural composition gives a mild and clean taste.<\/p>","protected":false},"excerpt":{"rendered":"<p><span style=\"color: #333333\"><strong><span style=\"font-size: 120%\">Extra thin roll papers (Unbleached)<\/span><\/strong><\/span><\/p>\n<p>\u2192 OCB Roll Paper with Filter (Virgin)<br \/>\n\u2192 32 roll papers + 32 filter tips<br \/>\n\u2192 44 x 109 mm (King Size Slim)<br \/>\n\u2192 Easy to roll with - chlorine free<br \/>\n\u2192 Made from plant-based fibers, organic hemp, flax, rice and bamboo<\/p>","protected":false},"featured_media":73729,"template":"","meta":[],"product_brand":[],"product_cat":[1169,1166,1189],"product_tag":[363],"class_list":{"0":"post-73070","1":"product","2":"type-product","3":"status-publish","4":"has-post-thumbnail","6":"product_cat-alla-produkter","7":"product_cat-nyheter","8":"product_cat-tillbehor","9":"product_tag-thc-fri","11":"first","12":"instock","13":"taxable","14":"shipping-taxable","15":"purchasable","16":"product-type-simple"},"yoast_head":"<!-- This site is optimized with the Yoast SEO plugin v27.4 - https:\/\/yoast.com\/product\/yoast-seo-wordpress\/ -->\n<title>OCB Rullpapper med Filter (Virgin) - DR. Herbals<\/title>\n<meta name=\"description\" content=\"OCB Rullpapper med Filter (Virgin) - Trots sin naturliga karakt\u00e4r \u00e4r Virgin-pappret extra tunt och brinner l\u00e5ngsamt och j\u00e4mnt...\" \/>\n<meta name=\"robots\" content=\"index, follow, max-snippet:-1, max-image-preview:large, max-video-preview:-1\" \/>\n<link rel=\"canonical\" href=\"https:\/\/drherbals.se\/en\/product\/ocb-rullpapper-med-filter-virgin\/?wmc-currency=EUR\" \/>\n<meta property=\"og:locale\" content=\"en_US\" \/>\n<meta property=\"og:type\" content=\"article\" \/>\n<meta property=\"og:title\" content=\"OCB Rullpapper med Filter (Virgin) - DR. Herbals\" \/>\n<meta property=\"og:description\" content=\"OCB Rullpapper med Filter (Virgin) - Trots sin naturliga karakt\u00e4r \u00e4r Virgin-pappret extra tunt och brinner l\u00e5ngsamt och j\u00e4mnt...\" \/>\n<meta property=\"og:url\" content=\"https:\/\/drherbals.se\/en\/product\/ocb-rullpapper-med-filter-virgin\/?wmc-currency=EUR\" \/>\n<meta property=\"og:site_name\" content=\"DR. Herbals\" \/>\n<meta property=\"article:publisher\" content=\"https:\/\/www.facebook.com\/drherbals.se\" \/>\n<meta property=\"article:modified_time\" content=\"2026-04-03T16:13:33+00:00\" \/>\n<meta property=\"og:image\" content=\"https:\/\/drherbals.se\/wp-content\/uploads\/2025\/11\/ocb-virgin-with-filters.webp\" \/>\n\t<meta property=\"og:image:width\" content=\"1000\" \/>\n\t<meta property=\"og:image:height\" content=\"1000\" \/>\n\t<meta property=\"og:image:type\" content=\"image\/webp\" \/>\n<meta name=\"twitter:card\" content=\"summary_large_image\" \/>\n<meta name=\"twitter:label1\" content=\"Est. reading time\" \/>\n\t<meta name=\"twitter:data1\" content=\"2 minutes\" \/>\n<script type=\"application\/ld+json\" class=\"yoast-schema-graph\">{\"@context\":\"https:\\\/\\\/schema.org\",\"@graph\":[{\"@type\":\"WebPage\",\"@id\":\"https:\\\/\\\/drherbals.se\\\/produkt\\\/ocb-rullpapper-med-filter-virgin\\\/\",\"url\":\"https:\\\/\\\/drherbals.se\\\/produkt\\\/ocb-rullpapper-med-filter-virgin\\\/\",\"name\":\"OCB Rullpapper med Filter (Virgin) - DR. Herbals\",\"isPartOf\":{\"@id\":\"https:\\\/\\\/drherbals.se\\\/#website\"},\"primaryImageOfPage\":{\"@id\":\"https:\\\/\\\/drherbals.se\\\/produkt\\\/ocb-rullpapper-med-filter-virgin\\\/#primaryimage\"},\"image\":{\"@id\":\"https:\\\/\\\/drherbals.se\\\/produkt\\\/ocb-rullpapper-med-filter-virgin\\\/#primaryimage\"},\"thumbnailUrl\":\"https:\\\/\\\/drherbals.se\\\/wp-content\\\/uploads\\\/2025\\\/11\\\/ocb-virgin-with-filters.webp\",\"datePublished\":\"2025-11-11T19:36:32+00:00\",\"dateModified\":\"2026-04-03T16:13:33+00:00\",\"description\":\"OCB Rullpapper med Filter (Virgin) - Trots sin naturliga karakt\u00e4r \u00e4r Virgin-pappret extra tunt och brinner l\u00e5ngsamt och j\u00e4mnt...\",\"breadcrumb\":{\"@id\":\"https:\\\/\\\/drherbals.se\\\/produkt\\\/ocb-rullpapper-med-filter-virgin\\\/#breadcrumb\"},\"inLanguage\":\"en-US\",\"potentialAction\":[{\"@type\":\"ReadAction\",\"target\":[\"https:\\\/\\\/drherbals.se\\\/produkt\\\/ocb-rullpapper-med-filter-virgin\\\/\"]}]},{\"@type\":\"ImageObject\",\"inLanguage\":\"en-US\",\"@id\":\"https:\\\/\\\/drherbals.se\\\/produkt\\\/ocb-rullpapper-med-filter-virgin\\\/#primaryimage\",\"url\":\"https:\\\/\\\/drherbals.se\\\/wp-content\\\/uploads\\\/2025\\\/11\\\/ocb-virgin-with-filters.webp\",\"contentUrl\":\"https:\\\/\\\/drherbals.se\\\/wp-content\\\/uploads\\\/2025\\\/11\\\/ocb-virgin-with-filters.webp\",\"width\":1000,\"height\":1000,\"caption\":\"OCB slimp rullpapper + filter (virgin) - DR. Herbals\"},{\"@type\":\"BreadcrumbList\",\"@id\":\"https:\\\/\\\/drherbals.se\\\/produkt\\\/ocb-rullpapper-med-filter-virgin\\\/#breadcrumb\",\"itemListElement\":[{\"@type\":\"ListItem\",\"position\":1,\"name\":\"Hem\",\"item\":\"https:\\\/\\\/drherbals.se\\\/\"},{\"@type\":\"ListItem\",\"position\":2,\"name\":\"Butik\",\"item\":\"https:\\\/\\\/drherbals.se\\\/butik\\\/\"},{\"@type\":\"ListItem\",\"position\":3,\"name\":\"OCB Rullpapper med Filter (Virgin)\"}]},{\"@type\":\"WebSite\",\"@id\":\"https:\\\/\\\/drherbals.se\\\/#website\",\"url\":\"https:\\\/\\\/drherbals.se\\\/\",\"name\":\"DR. Herbals\",\"description\":\"Sveriges bredaste Cannabis sortiment\",\"publisher\":{\"@id\":\"https:\\\/\\\/drherbals.se\\\/#organization\"},\"alternateName\":\"DR. H\",\"potentialAction\":[{\"@type\":\"SearchAction\",\"target\":{\"@type\":\"EntryPoint\",\"urlTemplate\":\"https:\\\/\\\/drherbals.se\\\/?s={search_term_string}\"},\"query-input\":{\"@type\":\"PropertyValueSpecification\",\"valueRequired\":true,\"valueName\":\"search_term_string\"}}],\"inLanguage\":\"en-US\"},{\"@type\":\"Organization\",\"@id\":\"https:\\\/\\\/drherbals.se\\\/#organization\",\"name\":\"DR. Herbals\",\"url\":\"https:\\\/\\\/drherbals.se\\\/\",\"logo\":{\"@type\":\"ImageObject\",\"inLanguage\":\"en-US\",\"@id\":\"https:\\\/\\\/drherbals.se\\\/#\\\/schema\\\/logo\\\/image\\\/\",\"url\":\"https:\\\/\\\/drherbals.se\\\/wp-content\\\/uploads\\\/2024\\\/09\\\/dr-herbals-logga.png\",\"contentUrl\":\"https:\\\/\\\/drherbals.se\\\/wp-content\\\/uploads\\\/2024\\\/09\\\/dr-herbals-logga.png\",\"width\":240,\"height\":138,\"caption\":\"DR. Herbals\"},\"image\":{\"@id\":\"https:\\\/\\\/drherbals.se\\\/#\\\/schema\\\/logo\\\/image\\\/\"},\"sameAs\":[\"https:\\\/\\\/www.facebook.com\\\/drherbals.se\",\"https:\\\/\\\/www.instagram.com\\\/drherbals.se\\\/\"]}]}<\/script>\n<!-- \/ Yoast SEO plugin. -->","yoast_head_json":{"title":"OCB Roll Paper with Filter (Virgin) - DR. Herbals","description":"OCB Roll Paper with Filter (Virgin) - Despite its natural character, Virgin paper is extra thin and burns slowly and evenly...","robots":{"index":"index","follow":"follow","max-snippet":"max-snippet:-1","max-image-preview":"max-image-preview:large","max-video-preview":"max-video-preview:-1"},"canonical":"https:\/\/drherbals.se\/en\/product\/ocb-rullpapper-med-filter-virgin\/?wmc-currency=EUR","og_locale":"en_US","og_type":"article","og_title":"OCB Rullpapper med Filter (Virgin) - DR. Herbals","og_description":"OCB Rullpapper med Filter (Virgin) - Trots sin naturliga karakt\u00e4r \u00e4r Virgin-pappret extra tunt och brinner l\u00e5ngsamt och j\u00e4mnt...","og_url":"https:\/\/drherbals.se\/en\/product\/ocb-rullpapper-med-filter-virgin\/?wmc-currency=EUR","og_site_name":"DR. Herbals","article_publisher":"https:\/\/www.facebook.com\/drherbals.se","article_modified_time":"2026-04-03T16:13:33+00:00","og_image":[{"width":1000,"height":1000,"url":"https:\/\/drherbals.se\/wp-content\/uploads\/2025\/11\/ocb-virgin-with-filters.webp","type":"image\/webp"}],"twitter_card":"summary_large_image","twitter_misc":{"Est. reading time":"2 minutes"},"schema":{"@context":"https:\/\/schema.org","@graph":[{"@type":"WebPage","@id":"https:\/\/drherbals.se\/produkt\/ocb-rullpapper-med-filter-virgin\/","url":"https:\/\/drherbals.se\/produkt\/ocb-rullpapper-med-filter-virgin\/","name":"OCB Roll Paper with Filter (Virgin) - DR. Herbals","isPartOf":{"@id":"https:\/\/drherbals.se\/#website"},"primaryImageOfPage":{"@id":"https:\/\/drherbals.se\/produkt\/ocb-rullpapper-med-filter-virgin\/#primaryimage"},"image":{"@id":"https:\/\/drherbals.se\/produkt\/ocb-rullpapper-med-filter-virgin\/#primaryimage"},"thumbnailUrl":"https:\/\/drherbals.se\/wp-content\/uploads\/2025\/11\/ocb-virgin-with-filters.webp","datePublished":"2025-11-11T19:36:32+00:00","dateModified":"2026-04-03T16:13:33+00:00","description":"OCB Roll Paper with Filter (Virgin) - Despite its natural character, Virgin paper is extra thin and burns slowly and evenly...","breadcrumb":{"@id":"https:\/\/drherbals.se\/produkt\/ocb-rullpapper-med-filter-virgin\/#breadcrumb"},"inLanguage":"en-US","potentialAction":[{"@type":"ReadAction","target":["https:\/\/drherbals.se\/produkt\/ocb-rullpapper-med-filter-virgin\/"]}]},{"@type":"ImageObject","inLanguage":"en-US","@id":"https:\/\/drherbals.se\/produkt\/ocb-rullpapper-med-filter-virgin\/#primaryimage","url":"https:\/\/drherbals.se\/wp-content\/uploads\/2025\/11\/ocb-virgin-with-filters.webp","contentUrl":"https:\/\/drherbals.se\/wp-content\/uploads\/2025\/11\/ocb-virgin-with-filters.webp","width":1000,"height":1000,"caption":"OCB slimp rullpapper + filter (virgin) - DR. Herbals"},{"@type":"BreadcrumbList","@id":"https:\/\/drherbals.se\/produkt\/ocb-rullpapper-med-filter-virgin\/#breadcrumb","itemListElement":[{"@type":"ListItem","position":1,"name":"Hem","item":"https:\/\/drherbals.se\/"},{"@type":"ListItem","position":2,"name":"Butik","item":"https:\/\/drherbals.se\/butik\/"},{"@type":"ListItem","position":3,"name":"OCB Rullpapper med Filter (Virgin)"}]},{"@type":"WebSite","@id":"https:\/\/drherbals.se\/#website","url":"https:\/\/drherbals.se\/","name":"DR. Herbals","description":"Sweden's widest Cannabis range","publisher":{"@id":"https:\/\/drherbals.se\/#organization"},"alternateName":"DR. H","potentialAction":[{"@type":"SearchAction","target":{"@type":"EntryPoint","urlTemplate":"https:\/\/drherbals.se\/?s={search_term_string}"},"query-input":{"@type":"PropertyValueSpecification","valueRequired":true,"valueName":"search_term_string"}}],"inLanguage":"en-US"},{"@type":"Organization","@id":"https:\/\/drherbals.se\/#organization","name":"DR. Herbals","url":"https:\/\/drherbals.se\/","logo":{"@type":"ImageObject","inLanguage":"en-US","@id":"https:\/\/drherbals.se\/#\/schema\/logo\/image\/","url":"https:\/\/drherbals.se\/wp-content\/uploads\/2024\/09\/dr-herbals-logga.png","contentUrl":"https:\/\/drherbals.se\/wp-content\/uploads\/2024\/09\/dr-herbals-logga.png","width":240,"height":138,"caption":"DR. Herbals"},"image":{"@id":"https:\/\/drherbals.se\/#\/schema\/logo\/image\/"},"sameAs":["https:\/\/www.facebook.com\/drherbals.se","https:\/\/www.instagram.com\/drherbals.se\/"]}]}},"tiered_pricing_type":"fixed","tiered_pricing_fixed_rules":[],"tiered_pricing_product_settings":{"layout":"default","base_unit_name":{"singular":null,"plural":null},"default_variation":null},"tiered_pricing_minimum_quantity":null,"tiered_pricing_roles_data":[],"tiered_pricing_percentage_rules":[],"tiered_pricing_maximum_quantity":null,"tiered_pricing_quantity_step":null,"_links":{"self":[{"href":"https:\/\/drherbals.se\/en\/wp-json\/wp\/v2\/product\/73070","targetHints":{"allow":["GET"]}}],"collection":[{"href":"https:\/\/drherbals.se\/en\/wp-json\/wp\/v2\/product"}],"about":[{"href":"https:\/\/drherbals.se\/en\/wp-json\/wp\/v2\/types\/product"}],"wp:featuredmedia":[{"embeddable":true,"href":"https:\/\/drherbals.se\/en\/wp-json\/wp\/v2\/media\/73729"}],"wp:attachment":[{"href":"https:\/\/drherbals.se\/en\/wp-json\/wp\/v2\/media?parent=73070"}],"wp:term":[{"taxonomy":"product_brand","embeddable":true,"href":"https:\/\/drherbals.se\/en\/wp-json\/wp\/v2\/product_brand?post=73070"},{"taxonomy":"product_cat","embeddable":true,"href":"https:\/\/drherbals.se\/en\/wp-json\/wp\/v2\/product_cat?post=73070"},{"taxonomy":"product_tag","embeddable":true,"href":"https:\/\/drherbals.se\/en\/wp-json\/wp\/v2\/product_tag?post=73070"}],"curies":[{"name":"wp","href":"https:\/\/api.w.org\/{rel}","templated":true}]}}