{"id":73066,"date":"2025-11-11T20:02:36","date_gmt":"2025-11-11T19:02:36","guid":{"rendered":"https:\/\/drherbals.se\/?post_type=product&#038;p=73066"},"modified":"2026-03-29T03:57:11","modified_gmt":"2026-03-29T01:57:11","slug":"raw-rullpapper-med-filter","status":"publish","type":"product","link":"https:\/\/drherbals.se\/en\/product\/raw-rullpapper-med-filter\/","title":{"rendered":"RAW Roll Paper with Filter"},"content":{"rendered":"<h2><span style=\"color: #333333\"><strong><span style=\"font-size: 110%\">RAW Roll Paper with Filter<\/span><\/strong><\/span><\/h2>\n<p>Experience a natural smoking experience with RAW Rolling Papers with Filter. Made from unbleached, 100% natural paper and hemp fibers, they provide a clean taste and even burn without chemical additives.<\/p>\n<p>Since the 1990s, RAW has been one of the world's most respected manufacturers of rolling papers and smoking accessories. Each paper features RAW's unique zigzag watermark, which makes it burn slower and more evenly while preventing tar from being drawn to the filter.<\/p>\n<p>RAW products are 100% free of chlorine, GMOs, gluten and animal ingredients, making them vegan and environmentally friendly. In addition, manufacturing takes place in wind-powered factories, in line with RAW's sustainable philosophy.<\/p>\n<p><span style=\"color: #333333\"><strong><span style=\"font-size: 120%\">Specifications<\/span><\/strong><\/span><\/p>\n<p><strong>Material:<\/strong> Made of unbleached paper and hemp fibers for an ecological and sustainable solution (chlorine-free)<br \/>\n<strong>Filter:<\/strong> Included filters offer extra comfort and ensure a cleaner towing experience, without debris.<br \/>\n<strong>Size:<\/strong> 110 x 44 mm (King Size Slim)<br \/>\n<strong>Number:<\/strong> 32 roll papers + 32 filter tips<br \/>\n<strong>Rolling:<\/strong> Easy to roll, perfect for both beginners and experienced smokers.<br \/>\n<strong>Flavor:<\/strong> The natural composition gives a mild and clean taste.<\/p>","protected":false},"excerpt":{"rendered":"<p><span style=\"color: #333333\"><strong><span style=\"font-size: 120%\">The world's most valued roll paper manufacturer<\/span><\/strong><\/span><\/p>\n<p>\u2192 RAW Roll paper with Filter<br \/>\n\u2192 32 roll papers + 32 filter tips<br \/>\n\u2192 110 x 44 mm (King Size Slim)<br \/>\n\u2192 Easy to roll with - chlorine free<br \/>\n\u2192 Made of unbleached paper and hemp fibers<\/p>","protected":false},"featured_media":73730,"template":"","meta":[],"product_brand":[],"product_cat":[1169,1166,1189],"product_tag":[363],"class_list":{"0":"post-73066","1":"product","2":"type-product","3":"status-publish","4":"has-post-thumbnail","6":"product_cat-alla-produkter","7":"product_cat-nyheter","8":"product_cat-tillbehor","9":"product_tag-thc-fri","11":"first","12":"outofstock","13":"taxable","14":"shipping-taxable","15":"purchasable","16":"product-type-simple"},"yoast_head":"<!-- This site is optimized with the Yoast SEO plugin v27.4 - https:\/\/yoast.com\/product\/yoast-seo-wordpress\/ -->\n<title>RAW Rullpapper med Filter - DR. Herbals<\/title>\n<meta name=\"description\" content=\"RAW Rullpapper med Filter - Sedan 1990-talet har RAW varit en av v\u00e4rldens mest uppskattade tillverkare av rullpapper och r\u00f6ktillbeh\u00f6r...\" \/>\n<meta name=\"robots\" content=\"index, follow, max-snippet:-1, max-image-preview:large, max-video-preview:-1\" \/>\n<link rel=\"canonical\" href=\"https:\/\/drherbals.se\/en\/product\/raw-rullpapper-med-filter\/?wmc-currency=EUR\" \/>\n<meta property=\"og:locale\" content=\"en_US\" \/>\n<meta property=\"og:type\" content=\"article\" \/>\n<meta property=\"og:title\" content=\"RAW Rullpapper med Filter - DR. Herbals\" \/>\n<meta property=\"og:description\" content=\"RAW Rullpapper med Filter - Sedan 1990-talet har RAW varit en av v\u00e4rldens mest uppskattade tillverkare av rullpapper och r\u00f6ktillbeh\u00f6r...\" \/>\n<meta property=\"og:url\" content=\"https:\/\/drherbals.se\/en\/product\/raw-rullpapper-med-filter\/?wmc-currency=EUR\" \/>\n<meta property=\"og:site_name\" content=\"DR. Herbals\" \/>\n<meta property=\"article:publisher\" content=\"https:\/\/www.facebook.com\/drherbals.se\" \/>\n<meta property=\"article:modified_time\" content=\"2026-03-29T01:57:11+00:00\" \/>\n<meta property=\"og:image\" content=\"https:\/\/drherbals.se\/wp-content\/uploads\/2025\/11\/raw-paper-with-filters.webp\" \/>\n\t<meta property=\"og:image:width\" content=\"1000\" \/>\n\t<meta property=\"og:image:height\" content=\"1000\" \/>\n\t<meta property=\"og:image:type\" content=\"image\/webp\" \/>\n<meta name=\"twitter:card\" content=\"summary_large_image\" \/>\n<meta name=\"twitter:label1\" content=\"Est. reading time\" \/>\n\t<meta name=\"twitter:data1\" content=\"2 minutes\" \/>\n<script type=\"application\/ld+json\" class=\"yoast-schema-graph\">{\"@context\":\"https:\\\/\\\/schema.org\",\"@graph\":[{\"@type\":\"WebPage\",\"@id\":\"https:\\\/\\\/drherbals.se\\\/en\\\/product\\\/raw-rullpapper-med-filter\\\/\",\"url\":\"https:\\\/\\\/drherbals.se\\\/en\\\/product\\\/raw-rullpapper-med-filter\\\/\",\"name\":\"RAW Rullpapper med Filter - DR. Herbals\",\"isPartOf\":{\"@id\":\"https:\\\/\\\/drherbals.se\\\/#website\"},\"primaryImageOfPage\":{\"@id\":\"https:\\\/\\\/drherbals.se\\\/en\\\/product\\\/raw-rullpapper-med-filter\\\/#primaryimage\"},\"image\":{\"@id\":\"https:\\\/\\\/drherbals.se\\\/en\\\/product\\\/raw-rullpapper-med-filter\\\/#primaryimage\"},\"thumbnailUrl\":\"https:\\\/\\\/drherbals.se\\\/wp-content\\\/uploads\\\/2025\\\/11\\\/raw-paper-with-filters.webp\",\"datePublished\":\"2025-11-11T19:02:36+00:00\",\"dateModified\":\"2026-03-29T01:57:11+00:00\",\"description\":\"RAW Rullpapper med Filter - Sedan 1990-talet har RAW varit en av v\u00e4rldens mest uppskattade tillverkare av rullpapper och r\u00f6ktillbeh\u00f6r...\",\"breadcrumb\":{\"@id\":\"https:\\\/\\\/drherbals.se\\\/en\\\/product\\\/raw-rullpapper-med-filter\\\/#breadcrumb\"},\"inLanguage\":\"en-US\",\"potentialAction\":[{\"@type\":\"ReadAction\",\"target\":[\"https:\\\/\\\/drherbals.se\\\/en\\\/product\\\/raw-rullpapper-med-filter\\\/\"]}]},{\"@type\":\"ImageObject\",\"inLanguage\":\"en-US\",\"@id\":\"https:\\\/\\\/drherbals.se\\\/en\\\/product\\\/raw-rullpapper-med-filter\\\/#primaryimage\",\"url\":\"https:\\\/\\\/drherbals.se\\\/wp-content\\\/uploads\\\/2025\\\/11\\\/raw-paper-with-filters.webp\",\"contentUrl\":\"https:\\\/\\\/drherbals.se\\\/wp-content\\\/uploads\\\/2025\\\/11\\\/raw-paper-with-filters.webp\",\"width\":1000,\"height\":1000,\"caption\":\"RAW rullpapper kingsize - DR. Herbals\"},{\"@type\":\"BreadcrumbList\",\"@id\":\"https:\\\/\\\/drherbals.se\\\/en\\\/product\\\/raw-rullpapper-med-filter\\\/#breadcrumb\",\"itemListElement\":[{\"@type\":\"ListItem\",\"position\":1,\"name\":\"Hem\",\"item\":\"https:\\\/\\\/drherbals.se\\\/\"},{\"@type\":\"ListItem\",\"position\":2,\"name\":\"Butik\",\"item\":\"https:\\\/\\\/drherbals.se\\\/butik\\\/\"},{\"@type\":\"ListItem\",\"position\":3,\"name\":\"RAW Rullpapper med Filter\"}]},{\"@type\":\"WebSite\",\"@id\":\"https:\\\/\\\/drherbals.se\\\/#website\",\"url\":\"https:\\\/\\\/drherbals.se\\\/\",\"name\":\"DR. Herbals\",\"description\":\"Sveriges bredaste Cannabis sortiment\",\"publisher\":{\"@id\":\"https:\\\/\\\/drherbals.se\\\/#organization\"},\"alternateName\":\"DR. H\",\"potentialAction\":[{\"@type\":\"SearchAction\",\"target\":{\"@type\":\"EntryPoint\",\"urlTemplate\":\"https:\\\/\\\/drherbals.se\\\/?s={search_term_string}\"},\"query-input\":{\"@type\":\"PropertyValueSpecification\",\"valueRequired\":true,\"valueName\":\"search_term_string\"}}],\"inLanguage\":\"en-US\"},{\"@type\":\"Organization\",\"@id\":\"https:\\\/\\\/drherbals.se\\\/#organization\",\"name\":\"DR. Herbals\",\"url\":\"https:\\\/\\\/drherbals.se\\\/\",\"logo\":{\"@type\":\"ImageObject\",\"inLanguage\":\"en-US\",\"@id\":\"https:\\\/\\\/drherbals.se\\\/#\\\/schema\\\/logo\\\/image\\\/\",\"url\":\"https:\\\/\\\/drherbals.se\\\/wp-content\\\/uploads\\\/2024\\\/09\\\/dr-herbals-logga.png\",\"contentUrl\":\"https:\\\/\\\/drherbals.se\\\/wp-content\\\/uploads\\\/2024\\\/09\\\/dr-herbals-logga.png\",\"width\":240,\"height\":138,\"caption\":\"DR. Herbals\"},\"image\":{\"@id\":\"https:\\\/\\\/drherbals.se\\\/#\\\/schema\\\/logo\\\/image\\\/\"},\"sameAs\":[\"https:\\\/\\\/www.facebook.com\\\/drherbals.se\",\"https:\\\/\\\/www.instagram.com\\\/drherbals.se\\\/\"]}]}<\/script>\n<!-- \/ Yoast SEO plugin. -->","yoast_head_json":{"title":"RAW Roll Paper with Filter - DR. Herbals","description":"RAW Roll Paper with Filter - Since the 1990s, RAW has been one of the world's most respected manufacturers of roll paper and smoking accessories...","robots":{"index":"index","follow":"follow","max-snippet":"max-snippet:-1","max-image-preview":"max-image-preview:large","max-video-preview":"max-video-preview:-1"},"canonical":"https:\/\/drherbals.se\/en\/product\/raw-rullpapper-med-filter\/?wmc-currency=EUR","og_locale":"en_US","og_type":"article","og_title":"RAW Rullpapper med Filter - DR. Herbals","og_description":"RAW Rullpapper med Filter - Sedan 1990-talet har RAW varit en av v\u00e4rldens mest uppskattade tillverkare av rullpapper och r\u00f6ktillbeh\u00f6r...","og_url":"https:\/\/drherbals.se\/en\/product\/raw-rullpapper-med-filter\/?wmc-currency=EUR","og_site_name":"DR. Herbals","article_publisher":"https:\/\/www.facebook.com\/drherbals.se","article_modified_time":"2026-03-29T01:57:11+00:00","og_image":[{"width":1000,"height":1000,"url":"https:\/\/drherbals.se\/wp-content\/uploads\/2025\/11\/raw-paper-with-filters.webp","type":"image\/webp"}],"twitter_card":"summary_large_image","twitter_misc":{"Est. reading time":"2 minutes"},"schema":{"@context":"https:\/\/schema.org","@graph":[{"@type":"WebPage","@id":"https:\/\/drherbals.se\/en\/product\/raw-rullpapper-med-filter\/","url":"https:\/\/drherbals.se\/en\/product\/raw-rullpapper-med-filter\/","name":"RAW Roll Paper with Filter - DR. Herbals","isPartOf":{"@id":"https:\/\/drherbals.se\/#website"},"primaryImageOfPage":{"@id":"https:\/\/drherbals.se\/en\/product\/raw-rullpapper-med-filter\/#primaryimage"},"image":{"@id":"https:\/\/drherbals.se\/en\/product\/raw-rullpapper-med-filter\/#primaryimage"},"thumbnailUrl":"https:\/\/drherbals.se\/wp-content\/uploads\/2025\/11\/raw-paper-with-filters.webp","datePublished":"2025-11-11T19:02:36+00:00","dateModified":"2026-03-29T01:57:11+00:00","description":"RAW Roll Paper with Filter - Since the 1990s, RAW has been one of the world's most respected manufacturers of roll paper and smoking accessories...","breadcrumb":{"@id":"https:\/\/drherbals.se\/en\/product\/raw-rullpapper-med-filter\/#breadcrumb"},"inLanguage":"en-US","potentialAction":[{"@type":"ReadAction","target":["https:\/\/drherbals.se\/en\/product\/raw-rullpapper-med-filter\/"]}]},{"@type":"ImageObject","inLanguage":"en-US","@id":"https:\/\/drherbals.se\/en\/product\/raw-rullpapper-med-filter\/#primaryimage","url":"https:\/\/drherbals.se\/wp-content\/uploads\/2025\/11\/raw-paper-with-filters.webp","contentUrl":"https:\/\/drherbals.se\/wp-content\/uploads\/2025\/11\/raw-paper-with-filters.webp","width":1000,"height":1000,"caption":"RAW rullpapper kingsize - DR. Herbals"},{"@type":"BreadcrumbList","@id":"https:\/\/drherbals.se\/en\/product\/raw-rullpapper-med-filter\/#breadcrumb","itemListElement":[{"@type":"ListItem","position":1,"name":"Hem","item":"https:\/\/drherbals.se\/"},{"@type":"ListItem","position":2,"name":"Butik","item":"https:\/\/drherbals.se\/butik\/"},{"@type":"ListItem","position":3,"name":"RAW Rullpapper med Filter"}]},{"@type":"WebSite","@id":"https:\/\/drherbals.se\/#website","url":"https:\/\/drherbals.se\/","name":"DR. Herbals","description":"Sweden's widest Cannabis range","publisher":{"@id":"https:\/\/drherbals.se\/#organization"},"alternateName":"DR. H","potentialAction":[{"@type":"SearchAction","target":{"@type":"EntryPoint","urlTemplate":"https:\/\/drherbals.se\/?s={search_term_string}"},"query-input":{"@type":"PropertyValueSpecification","valueRequired":true,"valueName":"search_term_string"}}],"inLanguage":"en-US"},{"@type":"Organization","@id":"https:\/\/drherbals.se\/#organization","name":"DR. Herbals","url":"https:\/\/drherbals.se\/","logo":{"@type":"ImageObject","inLanguage":"en-US","@id":"https:\/\/drherbals.se\/#\/schema\/logo\/image\/","url":"https:\/\/drherbals.se\/wp-content\/uploads\/2024\/09\/dr-herbals-logga.png","contentUrl":"https:\/\/drherbals.se\/wp-content\/uploads\/2024\/09\/dr-herbals-logga.png","width":240,"height":138,"caption":"DR. Herbals"},"image":{"@id":"https:\/\/drherbals.se\/#\/schema\/logo\/image\/"},"sameAs":["https:\/\/www.facebook.com\/drherbals.se","https:\/\/www.instagram.com\/drherbals.se\/"]}]}},"tiered_pricing_type":"fixed","tiered_pricing_fixed_rules":[],"tiered_pricing_product_settings":{"layout":"default","base_unit_name":{"singular":null,"plural":null},"default_variation":null},"tiered_pricing_minimum_quantity":null,"tiered_pricing_roles_data":[],"tiered_pricing_percentage_rules":[],"tiered_pricing_maximum_quantity":null,"tiered_pricing_quantity_step":null,"_links":{"self":[{"href":"https:\/\/drherbals.se\/en\/wp-json\/wp\/v2\/product\/73066","targetHints":{"allow":["GET"]}}],"collection":[{"href":"https:\/\/drherbals.se\/en\/wp-json\/wp\/v2\/product"}],"about":[{"href":"https:\/\/drherbals.se\/en\/wp-json\/wp\/v2\/types\/product"}],"wp:featuredmedia":[{"embeddable":true,"href":"https:\/\/drherbals.se\/en\/wp-json\/wp\/v2\/media\/73730"}],"wp:attachment":[{"href":"https:\/\/drherbals.se\/en\/wp-json\/wp\/v2\/media?parent=73066"}],"wp:term":[{"taxonomy":"product_brand","embeddable":true,"href":"https:\/\/drherbals.se\/en\/wp-json\/wp\/v2\/product_brand?post=73066"},{"taxonomy":"product_cat","embeddable":true,"href":"https:\/\/drherbals.se\/en\/wp-json\/wp\/v2\/product_cat?post=73066"},{"taxonomy":"product_tag","embeddable":true,"href":"https:\/\/drherbals.se\/en\/wp-json\/wp\/v2\/product_tag?post=73066"}],"curies":[{"name":"wp","href":"https:\/\/api.w.org\/{rel}","templated":true}]}}