{"id":69887,"date":"2025-09-12T19:54:23","date_gmt":"2025-09-12T17:54:23","guid":{"rendered":"https:\/\/drherbals.se\/?post_type=product&#038;p=69887"},"modified":"2026-03-30T09:36:17","modified_gmt":"2026-03-30T07:36:17","slug":"naturligt-bockhornsklover-pulver","status":"publish","type":"product","link":"https:\/\/drherbals.se\/en\/product\/naturligt-bockhornsklover-pulver\/","title":{"rendered":"Fenugreek powder 100g"},"content":{"rendered":"<h2><strong><span style=\"font-size: 110%\">Fenugreek powder<\/span><\/strong><\/h2>\n<p>Discover our pure and natural Fenugreek (Trigonella foenum-graecum) powder - a plant-based alternative with no additives. The powder is produced by gently drying and grinding fenugreek seeds, preserving their natural character and mild, aromatic flavor.<\/p>\n<p>Fenugreek has a long tradition of use in several cultures and is valued for its versatility in both cooking and drinks. You can easily mix the powder into smoothies, tea or food as part of a natural and balanced lifestyle.<\/p>\n<p>For those who value pure ingredients and plant-based products, fenugreek powder is a natural choice for everyday life - simple, genuine and in harmony with nature.<\/p>\n<p><strong>Tips!<\/strong> Try our <span style=\"color: #000000\"><a style=\"color: #000000\" href=\"https:\/\/drherbals.se\/en\/product\/cannabis-gummies-let-me-play\/?wmc-currency=EUR\"><strong>Let Me Play Gummies<\/strong><\/a><\/span> - a simple and convenient option for those who want a practical and completely flavorless application.<\/p>\n<hr \/>\n<p><strong><span style=\"font-size: 120%\">Product benefits<\/span><\/strong><\/p>\n<p>Our fenugreek powder is completely pure and carefully prepared to preserve the seeds' natural nutrients. No additives, fillers or artificial substances - just fenugreek in its natural form.<\/p>\n<ul>\n<li>100% natural - no additives or fillers<\/li>\n<li>Traditionally used in Ayurveda for centuries<\/li>\n<li>Vegan and gluten-free<\/li>\n<\/ul>","protected":false},"excerpt":{"rendered":"<p><span style=\"color: #000000\"><strong><span style=\"font-size: 120%\">Premium Fenugreek<\/span><\/strong><\/span><\/p>\n<p><span style=\"font-size: 100%;color: #000000\">\u2192 Fenugreek powder<\/span><br \/>\n<span style=\"font-size: 100%;color: #000000\">\u2192 100 grams<\/span><br \/>\n<span style=\"font-size: 100%;color: #000000\">\u2192 Food supplements<\/span><br \/>\n<span style=\"font-size: 100%;color: #000000\">\u2192 Premium quality<\/span><br \/>\n<span style=\"font-size: 100%;color: #000000\">\u2192 Natural, vegan-friendly &amp; additive-free<\/span><\/p>","protected":false},"featured_media":77093,"template":"","meta":[],"product_brand":[],"product_cat":[1169,1131,1126],"product_tag":[],"class_list":{"0":"post-69887","1":"product","2":"type-product","3":"status-publish","4":"has-post-thumbnail","6":"product_cat-alla-produkter","7":"product_cat-sale","8":"product_cat-superfoods","10":"first","11":"outofstock","12":"sale","13":"taxable","14":"shipping-taxable","15":"purchasable","16":"product-type-simple"},"yoast_head":"<!-- This site is optimized with the Yoast SEO plugin v27.4 - https:\/\/yoast.com\/product\/yoast-seo-wordpress\/ -->\n<title>Bockhornskl\u00f6ver Pulver 100g<\/title>\n<meta name=\"description\" content=\"V\u00e5r bockhornskl\u00f6ver \u00e4r helt rent och framst\u00e4llt med varsamhet f\u00f6r att bevara fr\u00f6nas naturliga n\u00e4rings\u00e4mnen. Inga tillsatser...\" \/>\n<meta name=\"robots\" content=\"index, follow, max-snippet:-1, max-image-preview:large, max-video-preview:-1\" \/>\n<link rel=\"canonical\" href=\"https:\/\/drherbals.se\/en\/product\/naturligt-bockhornsklover-pulver\/?wmc-currency=EUR\" \/>\n<meta property=\"og:locale\" content=\"en_US\" \/>\n<meta property=\"og:type\" content=\"article\" \/>\n<meta property=\"og:title\" content=\"Bockhornskl\u00f6ver Pulver 100g\" \/>\n<meta property=\"og:description\" content=\"V\u00e5r bockhornskl\u00f6ver \u00e4r helt rent och framst\u00e4llt med varsamhet f\u00f6r att bevara fr\u00f6nas naturliga n\u00e4rings\u00e4mnen. Inga tillsatser...\" \/>\n<meta property=\"og:url\" content=\"https:\/\/drherbals.se\/en\/product\/naturligt-bockhornsklover-pulver\/?wmc-currency=EUR\" \/>\n<meta property=\"og:site_name\" content=\"DR. Herbals\" \/>\n<meta property=\"article:publisher\" content=\"https:\/\/www.facebook.com\/drherbals.se\" \/>\n<meta property=\"article:modified_time\" content=\"2026-03-30T07:36:17+00:00\" \/>\n<meta property=\"og:image\" content=\"https:\/\/drherbals.se\/wp-content\/uploads\/2026\/02\/pulver-fenugreek.webp\" \/>\n\t<meta property=\"og:image:width\" content=\"1000\" \/>\n\t<meta property=\"og:image:height\" content=\"1000\" \/>\n\t<meta property=\"og:image:type\" content=\"image\/webp\" \/>\n<meta name=\"twitter:card\" content=\"summary_large_image\" \/>\n<meta name=\"twitter:label1\" content=\"Est. reading time\" \/>\n\t<meta name=\"twitter:data1\" content=\"2 minutes\" \/>\n<script type=\"application\/ld+json\" class=\"yoast-schema-graph\">{\"@context\":\"https:\\\/\\\/schema.org\",\"@graph\":[{\"@type\":\"WebPage\",\"@id\":\"https:\\\/\\\/drherbals.se\\\/produkt\\\/naturligt-bockhornsklover-pulver\\\/\",\"url\":\"https:\\\/\\\/drherbals.se\\\/produkt\\\/naturligt-bockhornsklover-pulver\\\/\",\"name\":\"Bockhornskl\u00f6ver Pulver 100g\",\"isPartOf\":{\"@id\":\"https:\\\/\\\/drherbals.se\\\/#website\"},\"primaryImageOfPage\":{\"@id\":\"https:\\\/\\\/drherbals.se\\\/produkt\\\/naturligt-bockhornsklover-pulver\\\/#primaryimage\"},\"image\":{\"@id\":\"https:\\\/\\\/drherbals.se\\\/produkt\\\/naturligt-bockhornsklover-pulver\\\/#primaryimage\"},\"thumbnailUrl\":\"https:\\\/\\\/drherbals.se\\\/wp-content\\\/uploads\\\/2026\\\/02\\\/pulver-fenugreek.webp\",\"datePublished\":\"2025-09-12T17:54:23+00:00\",\"dateModified\":\"2026-03-30T07:36:17+00:00\",\"description\":\"V\u00e5r bockhornskl\u00f6ver \u00e4r helt rent och framst\u00e4llt med varsamhet f\u00f6r att bevara fr\u00f6nas naturliga n\u00e4rings\u00e4mnen. Inga tillsatser...\",\"breadcrumb\":{\"@id\":\"https:\\\/\\\/drherbals.se\\\/produkt\\\/naturligt-bockhornsklover-pulver\\\/#breadcrumb\"},\"inLanguage\":\"en-US\",\"potentialAction\":[{\"@type\":\"ReadAction\",\"target\":[\"https:\\\/\\\/drherbals.se\\\/produkt\\\/naturligt-bockhornsklover-pulver\\\/\"]}]},{\"@type\":\"ImageObject\",\"inLanguage\":\"en-US\",\"@id\":\"https:\\\/\\\/drherbals.se\\\/produkt\\\/naturligt-bockhornsklover-pulver\\\/#primaryimage\",\"url\":\"https:\\\/\\\/drherbals.se\\\/wp-content\\\/uploads\\\/2026\\\/02\\\/pulver-fenugreek.webp\",\"contentUrl\":\"https:\\\/\\\/drherbals.se\\\/wp-content\\\/uploads\\\/2026\\\/02\\\/pulver-fenugreek.webp\",\"width\":1000,\"height\":1000,\"caption\":\"Bockhornskl\u00f6ver Pulver 100% Naturlig - DR. Herbals\"},{\"@type\":\"BreadcrumbList\",\"@id\":\"https:\\\/\\\/drherbals.se\\\/produkt\\\/naturligt-bockhornsklover-pulver\\\/#breadcrumb\",\"itemListElement\":[{\"@type\":\"ListItem\",\"position\":1,\"name\":\"Hem\",\"item\":\"https:\\\/\\\/drherbals.se\\\/\"},{\"@type\":\"ListItem\",\"position\":2,\"name\":\"Butik\",\"item\":\"https:\\\/\\\/drherbals.se\\\/butik\\\/\"},{\"@type\":\"ListItem\",\"position\":3,\"name\":\"Bockhornskl\u00f6ver Pulver 100g\"}]},{\"@type\":\"WebSite\",\"@id\":\"https:\\\/\\\/drherbals.se\\\/#website\",\"url\":\"https:\\\/\\\/drherbals.se\\\/\",\"name\":\"DR. Herbals\",\"description\":\"Sveriges bredaste Cannabis sortiment\",\"publisher\":{\"@id\":\"https:\\\/\\\/drherbals.se\\\/#organization\"},\"alternateName\":\"DR. H\",\"potentialAction\":[{\"@type\":\"SearchAction\",\"target\":{\"@type\":\"EntryPoint\",\"urlTemplate\":\"https:\\\/\\\/drherbals.se\\\/?s={search_term_string}\"},\"query-input\":{\"@type\":\"PropertyValueSpecification\",\"valueRequired\":true,\"valueName\":\"search_term_string\"}}],\"inLanguage\":\"en-US\"},{\"@type\":\"Organization\",\"@id\":\"https:\\\/\\\/drherbals.se\\\/#organization\",\"name\":\"DR. Herbals\",\"url\":\"https:\\\/\\\/drherbals.se\\\/\",\"logo\":{\"@type\":\"ImageObject\",\"inLanguage\":\"en-US\",\"@id\":\"https:\\\/\\\/drherbals.se\\\/#\\\/schema\\\/logo\\\/image\\\/\",\"url\":\"https:\\\/\\\/drherbals.se\\\/wp-content\\\/uploads\\\/2024\\\/09\\\/dr-herbals-logga.png\",\"contentUrl\":\"https:\\\/\\\/drherbals.se\\\/wp-content\\\/uploads\\\/2024\\\/09\\\/dr-herbals-logga.png\",\"width\":240,\"height\":138,\"caption\":\"DR. Herbals\"},\"image\":{\"@id\":\"https:\\\/\\\/drherbals.se\\\/#\\\/schema\\\/logo\\\/image\\\/\"},\"sameAs\":[\"https:\\\/\\\/www.facebook.com\\\/drherbals.se\",\"https:\\\/\\\/www.instagram.com\\\/drherbals.se\\\/\"]}]}<\/script>\n<!-- \/ Yoast SEO plugin. -->","yoast_head_json":{"title":"Fenugreek powder 100g","description":"Our fenugreek is completely pure and carefully processed to preserve the seeds' natural nutrients. No additives...","robots":{"index":"index","follow":"follow","max-snippet":"max-snippet:-1","max-image-preview":"max-image-preview:large","max-video-preview":"max-video-preview:-1"},"canonical":"https:\/\/drherbals.se\/en\/product\/naturligt-bockhornsklover-pulver\/?wmc-currency=EUR","og_locale":"en_US","og_type":"article","og_title":"Bockhornskl\u00f6ver Pulver 100g","og_description":"V\u00e5r bockhornskl\u00f6ver \u00e4r helt rent och framst\u00e4llt med varsamhet f\u00f6r att bevara fr\u00f6nas naturliga n\u00e4rings\u00e4mnen. Inga tillsatser...","og_url":"https:\/\/drherbals.se\/en\/product\/naturligt-bockhornsklover-pulver\/?wmc-currency=EUR","og_site_name":"DR. Herbals","article_publisher":"https:\/\/www.facebook.com\/drherbals.se","article_modified_time":"2026-03-30T07:36:17+00:00","og_image":[{"width":1000,"height":1000,"url":"https:\/\/drherbals.se\/wp-content\/uploads\/2026\/02\/pulver-fenugreek.webp","type":"image\/webp"}],"twitter_card":"summary_large_image","twitter_misc":{"Est. reading time":"2 minutes"},"schema":{"@context":"https:\/\/schema.org","@graph":[{"@type":"WebPage","@id":"https:\/\/drherbals.se\/produkt\/naturligt-bockhornsklover-pulver\/","url":"https:\/\/drherbals.se\/produkt\/naturligt-bockhornsklover-pulver\/","name":"Fenugreek powder 100g","isPartOf":{"@id":"https:\/\/drherbals.se\/#website"},"primaryImageOfPage":{"@id":"https:\/\/drherbals.se\/produkt\/naturligt-bockhornsklover-pulver\/#primaryimage"},"image":{"@id":"https:\/\/drherbals.se\/produkt\/naturligt-bockhornsklover-pulver\/#primaryimage"},"thumbnailUrl":"https:\/\/drherbals.se\/wp-content\/uploads\/2026\/02\/pulver-fenugreek.webp","datePublished":"2025-09-12T17:54:23+00:00","dateModified":"2026-03-30T07:36:17+00:00","description":"Our fenugreek is completely pure and carefully processed to preserve the seeds' natural nutrients. No additives...","breadcrumb":{"@id":"https:\/\/drherbals.se\/produkt\/naturligt-bockhornsklover-pulver\/#breadcrumb"},"inLanguage":"en-US","potentialAction":[{"@type":"ReadAction","target":["https:\/\/drherbals.se\/produkt\/naturligt-bockhornsklover-pulver\/"]}]},{"@type":"ImageObject","inLanguage":"en-US","@id":"https:\/\/drherbals.se\/produkt\/naturligt-bockhornsklover-pulver\/#primaryimage","url":"https:\/\/drherbals.se\/wp-content\/uploads\/2026\/02\/pulver-fenugreek.webp","contentUrl":"https:\/\/drherbals.se\/wp-content\/uploads\/2026\/02\/pulver-fenugreek.webp","width":1000,"height":1000,"caption":"Bockhornskl\u00f6ver Pulver 100% Naturlig - DR. Herbals"},{"@type":"BreadcrumbList","@id":"https:\/\/drherbals.se\/produkt\/naturligt-bockhornsklover-pulver\/#breadcrumb","itemListElement":[{"@type":"ListItem","position":1,"name":"Hem","item":"https:\/\/drherbals.se\/"},{"@type":"ListItem","position":2,"name":"Butik","item":"https:\/\/drherbals.se\/butik\/"},{"@type":"ListItem","position":3,"name":"Bockhornskl\u00f6ver Pulver 100g"}]},{"@type":"WebSite","@id":"https:\/\/drherbals.se\/#website","url":"https:\/\/drherbals.se\/","name":"DR. Herbals","description":"Sweden's widest Cannabis range","publisher":{"@id":"https:\/\/drherbals.se\/#organization"},"alternateName":"DR. H","potentialAction":[{"@type":"SearchAction","target":{"@type":"EntryPoint","urlTemplate":"https:\/\/drherbals.se\/?s={search_term_string}"},"query-input":{"@type":"PropertyValueSpecification","valueRequired":true,"valueName":"search_term_string"}}],"inLanguage":"en-US"},{"@type":"Organization","@id":"https:\/\/drherbals.se\/#organization","name":"DR. Herbals","url":"https:\/\/drherbals.se\/","logo":{"@type":"ImageObject","inLanguage":"en-US","@id":"https:\/\/drherbals.se\/#\/schema\/logo\/image\/","url":"https:\/\/drherbals.se\/wp-content\/uploads\/2024\/09\/dr-herbals-logga.png","contentUrl":"https:\/\/drherbals.se\/wp-content\/uploads\/2024\/09\/dr-herbals-logga.png","width":240,"height":138,"caption":"DR. Herbals"},"image":{"@id":"https:\/\/drherbals.se\/#\/schema\/logo\/image\/"},"sameAs":["https:\/\/www.facebook.com\/drherbals.se","https:\/\/www.instagram.com\/drherbals.se\/"]}]}},"tiered_pricing_type":"fixed","tiered_pricing_fixed_rules":[],"tiered_pricing_product_settings":{"layout":"default","base_unit_name":{"singular":null,"plural":null},"default_variation":null},"tiered_pricing_minimum_quantity":null,"tiered_pricing_roles_data":[],"tiered_pricing_percentage_rules":[],"tiered_pricing_maximum_quantity":null,"tiered_pricing_quantity_step":null,"_links":{"self":[{"href":"https:\/\/drherbals.se\/en\/wp-json\/wp\/v2\/product\/69887","targetHints":{"allow":["GET"]}}],"collection":[{"href":"https:\/\/drherbals.se\/en\/wp-json\/wp\/v2\/product"}],"about":[{"href":"https:\/\/drherbals.se\/en\/wp-json\/wp\/v2\/types\/product"}],"wp:featuredmedia":[{"embeddable":true,"href":"https:\/\/drherbals.se\/en\/wp-json\/wp\/v2\/media\/77093"}],"wp:attachment":[{"href":"https:\/\/drherbals.se\/en\/wp-json\/wp\/v2\/media?parent=69887"}],"wp:term":[{"taxonomy":"product_brand","embeddable":true,"href":"https:\/\/drherbals.se\/en\/wp-json\/wp\/v2\/product_brand?post=69887"},{"taxonomy":"product_cat","embeddable":true,"href":"https:\/\/drherbals.se\/en\/wp-json\/wp\/v2\/product_cat?post=69887"},{"taxonomy":"product_tag","embeddable":true,"href":"https:\/\/drherbals.se\/en\/wp-json\/wp\/v2\/product_tag?post=69887"}],"curies":[{"name":"wp","href":"https:\/\/api.w.org\/{rel}","templated":true}]}}