{"id":69793,"date":"2025-09-10T18:52:51","date_gmt":"2025-09-10T16:52:51","guid":{"rendered":"https:\/\/drherbals.se\/?post_type=product&#038;p=69793"},"modified":"2026-02-02T21:36:38","modified_gmt":"2026-02-02T20:36:38","slug":"naturligt-cordyceps-pulver","status":"publish","type":"product","link":"https:\/\/drherbals.se\/en\/product\/naturligt-cordyceps-pulver\/","title":{"rendered":"Cordyceps Powder 100g"},"content":{"rendered":"<h2><strong><span style=\"font-size: 110%;\">Cordyceps Sinensis Powder<\/span><\/strong><\/h2>\n<p>Discover the classic mushroom Cordyceps sinensis in a pure and natural form. Our natural cordyceps powder is carefully crafted to preserve the mushroom's characteristic flavor and quality - a perfect choice for those who want to add something natural to their daily routine.<\/p>\n<p>The finely ground powder dissolves easily in hot water for an aromatic drink, or can be mixed into smoothies, coffee and other favorite recipes for an extra touch of nature's power. Fully plant-based, additive-free and 100 % natural, it's a smooth and tasty addition to a modern, balanced lifestyle.<\/p>\n<hr \/>\n<p><strong><span style=\"font-size: 120%;\">Product benefits<\/span><\/strong><\/p>\n<p>Our Cordyceps powder is completely pure and carefully prepared to preserve the natural substances of the fungus. No additives, fillers or artificial substances - only in their natural form.<\/p>\n<ul>\n<li>100% natural - no additives or fillers<\/li>\n<li>Traditionally used in East Asian herbalism for centuries<\/li>\n<li>Vegan and gluten-free<\/li>\n<\/ul>","protected":false},"excerpt":{"rendered":"<p><span style=\"color: #000000;\"><span style=\"font-size: 19.2px;\"><b>Premium Cordyceps sinensis<\/b><\/span><\/span><\/p>\n<p><span style=\"font-size: 100%; color: #000000;\">\u2192 Cordyceps powder<\/span><br \/>\n<span style=\"font-size: 100%; color: #000000;\">\u2192 100 grams<\/span><br \/>\n<span style=\"font-size: 100%; color: #000000;\">\u2192 Food supplements<\/span><br \/>\n<span style=\"font-size: 100%; color: #000000;\">\u2192 Premium quality<\/span><br \/>\n<span style=\"font-size: 100%; color: #000000;\">\u2192 Natural, vegan-friendly &amp; additive-free<\/span><\/p>","protected":false},"featured_media":77092,"template":"","meta":[],"product_brand":[],"product_cat":[1169,1131,1126],"product_tag":[],"class_list":{"0":"post-69793","1":"product","2":"type-product","3":"status-publish","4":"has-post-thumbnail","6":"product_cat-alla-produkter","7":"product_cat-sale","8":"product_cat-superfoods","10":"first","11":"outofstock","12":"sale","13":"taxable","14":"shipping-taxable","15":"purchasable","16":"product-type-simple"},"yoast_head":"<!-- This site is optimized with the Yoast SEO plugin v27.4 - https:\/\/yoast.com\/product\/yoast-seo-wordpress\/ -->\n<title>Cordyceps Extrakt Pulver - DR. Herbals<\/title>\n<meta name=\"description\" content=\"Cordyceps har i \u00e5rhundraden anv\u00e4nts inom traditionell kinesisk medicin som en kraftfull adaptogen. Den \u00e4r naturligt rik p\u00e5 bioaktiva...\" \/>\n<meta name=\"robots\" content=\"index, follow, max-snippet:-1, max-image-preview:large, max-video-preview:-1\" \/>\n<link rel=\"canonical\" href=\"https:\/\/drherbals.se\/en\/product\/naturligt-cordyceps-pulver\/?wmc-currency=EUR\" \/>\n<meta property=\"og:locale\" content=\"en_US\" \/>\n<meta property=\"og:type\" content=\"article\" \/>\n<meta property=\"og:title\" content=\"Cordyceps Extrakt Pulver - DR. Herbals\" \/>\n<meta property=\"og:description\" content=\"Cordyceps har i \u00e5rhundraden anv\u00e4nts inom traditionell kinesisk medicin som en kraftfull adaptogen. Den \u00e4r naturligt rik p\u00e5 bioaktiva...\" \/>\n<meta property=\"og:url\" content=\"https:\/\/drherbals.se\/en\/product\/naturligt-cordyceps-pulver\/?wmc-currency=EUR\" \/>\n<meta property=\"og:site_name\" content=\"DR. Herbals\" \/>\n<meta property=\"article:publisher\" content=\"https:\/\/www.facebook.com\/drherbals.se\" \/>\n<meta property=\"article:modified_time\" content=\"2026-02-02T20:36:38+00:00\" \/>\n<meta property=\"og:image\" content=\"https:\/\/drherbals.se\/wp-content\/uploads\/2026\/02\/pulver-cordyceps.webp\" \/>\n\t<meta property=\"og:image:width\" content=\"1000\" \/>\n\t<meta property=\"og:image:height\" content=\"1000\" \/>\n\t<meta property=\"og:image:type\" content=\"image\/webp\" \/>\n<meta name=\"twitter:card\" content=\"summary_large_image\" \/>\n<meta name=\"twitter:label1\" content=\"Est. reading time\" \/>\n\t<meta name=\"twitter:data1\" content=\"1 minute\" \/>\n<script type=\"application\/ld+json\" class=\"yoast-schema-graph\">{\"@context\":\"https:\\\/\\\/schema.org\",\"@graph\":[{\"@type\":\"WebPage\",\"@id\":\"https:\\\/\\\/drherbals.se\\\/en\\\/product\\\/naturligt-cordyceps-pulver\\\/\",\"url\":\"https:\\\/\\\/drherbals.se\\\/en\\\/product\\\/naturligt-cordyceps-pulver\\\/\",\"name\":\"Cordyceps Extrakt Pulver - DR. Herbals\",\"isPartOf\":{\"@id\":\"https:\\\/\\\/drherbals.se\\\/#website\"},\"primaryImageOfPage\":{\"@id\":\"https:\\\/\\\/drherbals.se\\\/en\\\/product\\\/naturligt-cordyceps-pulver\\\/#primaryimage\"},\"image\":{\"@id\":\"https:\\\/\\\/drherbals.se\\\/en\\\/product\\\/naturligt-cordyceps-pulver\\\/#primaryimage\"},\"thumbnailUrl\":\"https:\\\/\\\/drherbals.se\\\/wp-content\\\/uploads\\\/2026\\\/02\\\/pulver-cordyceps.webp\",\"datePublished\":\"2025-09-10T16:52:51+00:00\",\"dateModified\":\"2026-02-02T20:36:38+00:00\",\"description\":\"Cordyceps har i \u00e5rhundraden anv\u00e4nts inom traditionell kinesisk medicin som en kraftfull adaptogen. Den \u00e4r naturligt rik p\u00e5 bioaktiva...\",\"breadcrumb\":{\"@id\":\"https:\\\/\\\/drherbals.se\\\/en\\\/product\\\/naturligt-cordyceps-pulver\\\/#breadcrumb\"},\"inLanguage\":\"en-US\",\"potentialAction\":[{\"@type\":\"ReadAction\",\"target\":[\"https:\\\/\\\/drherbals.se\\\/en\\\/product\\\/naturligt-cordyceps-pulver\\\/\"]}]},{\"@type\":\"ImageObject\",\"inLanguage\":\"en-US\",\"@id\":\"https:\\\/\\\/drherbals.se\\\/en\\\/product\\\/naturligt-cordyceps-pulver\\\/#primaryimage\",\"url\":\"https:\\\/\\\/drherbals.se\\\/wp-content\\\/uploads\\\/2026\\\/02\\\/pulver-cordyceps.webp\",\"contentUrl\":\"https:\\\/\\\/drherbals.se\\\/wp-content\\\/uploads\\\/2026\\\/02\\\/pulver-cordyceps.webp\",\"width\":1000,\"height\":1000,\"caption\":\"Cordyceps Pulver 100% Naturlig - DR. Herbals\"},{\"@type\":\"BreadcrumbList\",\"@id\":\"https:\\\/\\\/drherbals.se\\\/en\\\/product\\\/naturligt-cordyceps-pulver\\\/#breadcrumb\",\"itemListElement\":[{\"@type\":\"ListItem\",\"position\":1,\"name\":\"Hem\",\"item\":\"https:\\\/\\\/drherbals.se\\\/\"},{\"@type\":\"ListItem\",\"position\":2,\"name\":\"Butik\",\"item\":\"https:\\\/\\\/drherbals.se\\\/butik\\\/\"},{\"@type\":\"ListItem\",\"position\":3,\"name\":\"Cordyceps Pulver 100g\"}]},{\"@type\":\"WebSite\",\"@id\":\"https:\\\/\\\/drherbals.se\\\/#website\",\"url\":\"https:\\\/\\\/drherbals.se\\\/\",\"name\":\"DR. Herbals\",\"description\":\"Sveriges bredaste Cannabis sortiment\",\"publisher\":{\"@id\":\"https:\\\/\\\/drherbals.se\\\/#organization\"},\"alternateName\":\"DR. H\",\"potentialAction\":[{\"@type\":\"SearchAction\",\"target\":{\"@type\":\"EntryPoint\",\"urlTemplate\":\"https:\\\/\\\/drherbals.se\\\/?s={search_term_string}\"},\"query-input\":{\"@type\":\"PropertyValueSpecification\",\"valueRequired\":true,\"valueName\":\"search_term_string\"}}],\"inLanguage\":\"en-US\"},{\"@type\":\"Organization\",\"@id\":\"https:\\\/\\\/drherbals.se\\\/#organization\",\"name\":\"DR. Herbals\",\"url\":\"https:\\\/\\\/drherbals.se\\\/\",\"logo\":{\"@type\":\"ImageObject\",\"inLanguage\":\"en-US\",\"@id\":\"https:\\\/\\\/drherbals.se\\\/#\\\/schema\\\/logo\\\/image\\\/\",\"url\":\"https:\\\/\\\/drherbals.se\\\/wp-content\\\/uploads\\\/2024\\\/09\\\/dr-herbals-logga.png\",\"contentUrl\":\"https:\\\/\\\/drherbals.se\\\/wp-content\\\/uploads\\\/2024\\\/09\\\/dr-herbals-logga.png\",\"width\":240,\"height\":138,\"caption\":\"DR. Herbals\"},\"image\":{\"@id\":\"https:\\\/\\\/drherbals.se\\\/#\\\/schema\\\/logo\\\/image\\\/\"},\"sameAs\":[\"https:\\\/\\\/www.facebook.com\\\/drherbals.se\",\"https:\\\/\\\/www.instagram.com\\\/drherbals.se\\\/\"]}]}<\/script>\n<!-- \/ Yoast SEO plugin. -->","yoast_head_json":{"title":"Cordyceps Extract Powder - DR. Herbals","description":"Cordyceps has been used for centuries in traditional Chinese medicine as a powerful adaptogen. It is naturally rich in bioactive...","robots":{"index":"index","follow":"follow","max-snippet":"max-snippet:-1","max-image-preview":"max-image-preview:large","max-video-preview":"max-video-preview:-1"},"canonical":"https:\/\/drherbals.se\/en\/product\/naturligt-cordyceps-pulver\/?wmc-currency=EUR","og_locale":"en_US","og_type":"article","og_title":"Cordyceps Extrakt Pulver - DR. Herbals","og_description":"Cordyceps har i \u00e5rhundraden anv\u00e4nts inom traditionell kinesisk medicin som en kraftfull adaptogen. Den \u00e4r naturligt rik p\u00e5 bioaktiva...","og_url":"https:\/\/drherbals.se\/en\/product\/naturligt-cordyceps-pulver\/?wmc-currency=EUR","og_site_name":"DR. Herbals","article_publisher":"https:\/\/www.facebook.com\/drherbals.se","article_modified_time":"2026-02-02T20:36:38+00:00","og_image":[{"width":1000,"height":1000,"url":"https:\/\/drherbals.se\/wp-content\/uploads\/2026\/02\/pulver-cordyceps.webp","type":"image\/webp"}],"twitter_card":"summary_large_image","twitter_misc":{"Est. reading time":"1 minute"},"schema":{"@context":"https:\/\/schema.org","@graph":[{"@type":"WebPage","@id":"https:\/\/drherbals.se\/en\/product\/naturligt-cordyceps-pulver\/","url":"https:\/\/drherbals.se\/en\/product\/naturligt-cordyceps-pulver\/","name":"Cordyceps Extract Powder - DR. Herbals","isPartOf":{"@id":"https:\/\/drherbals.se\/#website"},"primaryImageOfPage":{"@id":"https:\/\/drherbals.se\/en\/product\/naturligt-cordyceps-pulver\/#primaryimage"},"image":{"@id":"https:\/\/drherbals.se\/en\/product\/naturligt-cordyceps-pulver\/#primaryimage"},"thumbnailUrl":"https:\/\/drherbals.se\/wp-content\/uploads\/2026\/02\/pulver-cordyceps.webp","datePublished":"2025-09-10T16:52:51+00:00","dateModified":"2026-02-02T20:36:38+00:00","description":"Cordyceps has been used for centuries in traditional Chinese medicine as a powerful adaptogen. It is naturally rich in bioactive...","breadcrumb":{"@id":"https:\/\/drherbals.se\/en\/product\/naturligt-cordyceps-pulver\/#breadcrumb"},"inLanguage":"en-US","potentialAction":[{"@type":"ReadAction","target":["https:\/\/drherbals.se\/en\/product\/naturligt-cordyceps-pulver\/"]}]},{"@type":"ImageObject","inLanguage":"en-US","@id":"https:\/\/drherbals.se\/en\/product\/naturligt-cordyceps-pulver\/#primaryimage","url":"https:\/\/drherbals.se\/wp-content\/uploads\/2026\/02\/pulver-cordyceps.webp","contentUrl":"https:\/\/drherbals.se\/wp-content\/uploads\/2026\/02\/pulver-cordyceps.webp","width":1000,"height":1000,"caption":"Cordyceps Pulver 100% Naturlig - DR. Herbals"},{"@type":"BreadcrumbList","@id":"https:\/\/drherbals.se\/en\/product\/naturligt-cordyceps-pulver\/#breadcrumb","itemListElement":[{"@type":"ListItem","position":1,"name":"Hem","item":"https:\/\/drherbals.se\/"},{"@type":"ListItem","position":2,"name":"Butik","item":"https:\/\/drherbals.se\/butik\/"},{"@type":"ListItem","position":3,"name":"Cordyceps Pulver 100g"}]},{"@type":"WebSite","@id":"https:\/\/drherbals.se\/#website","url":"https:\/\/drherbals.se\/","name":"DR. Herbals","description":"Sweden's widest Cannabis range","publisher":{"@id":"https:\/\/drherbals.se\/#organization"},"alternateName":"DR. H","potentialAction":[{"@type":"SearchAction","target":{"@type":"EntryPoint","urlTemplate":"https:\/\/drherbals.se\/?s={search_term_string}"},"query-input":{"@type":"PropertyValueSpecification","valueRequired":true,"valueName":"search_term_string"}}],"inLanguage":"en-US"},{"@type":"Organization","@id":"https:\/\/drherbals.se\/#organization","name":"DR. Herbals","url":"https:\/\/drherbals.se\/","logo":{"@type":"ImageObject","inLanguage":"en-US","@id":"https:\/\/drherbals.se\/#\/schema\/logo\/image\/","url":"https:\/\/drherbals.se\/wp-content\/uploads\/2024\/09\/dr-herbals-logga.png","contentUrl":"https:\/\/drherbals.se\/wp-content\/uploads\/2024\/09\/dr-herbals-logga.png","width":240,"height":138,"caption":"DR. Herbals"},"image":{"@id":"https:\/\/drherbals.se\/#\/schema\/logo\/image\/"},"sameAs":["https:\/\/www.facebook.com\/drherbals.se","https:\/\/www.instagram.com\/drherbals.se\/"]}]}},"tiered_pricing_type":"fixed","tiered_pricing_fixed_rules":[],"tiered_pricing_product_settings":{"layout":"default","base_unit_name":{"singular":null,"plural":null},"default_variation":null},"tiered_pricing_minimum_quantity":null,"tiered_pricing_roles_data":[],"tiered_pricing_percentage_rules":[],"tiered_pricing_maximum_quantity":null,"tiered_pricing_quantity_step":null,"_links":{"self":[{"href":"https:\/\/drherbals.se\/en\/wp-json\/wp\/v2\/product\/69793","targetHints":{"allow":["GET"]}}],"collection":[{"href":"https:\/\/drherbals.se\/en\/wp-json\/wp\/v2\/product"}],"about":[{"href":"https:\/\/drherbals.se\/en\/wp-json\/wp\/v2\/types\/product"}],"wp:featuredmedia":[{"embeddable":true,"href":"https:\/\/drherbals.se\/en\/wp-json\/wp\/v2\/media\/77092"}],"wp:attachment":[{"href":"https:\/\/drherbals.se\/en\/wp-json\/wp\/v2\/media?parent=69793"}],"wp:term":[{"taxonomy":"product_brand","embeddable":true,"href":"https:\/\/drherbals.se\/en\/wp-json\/wp\/v2\/product_brand?post=69793"},{"taxonomy":"product_cat","embeddable":true,"href":"https:\/\/drherbals.se\/en\/wp-json\/wp\/v2\/product_cat?post=69793"},{"taxonomy":"product_tag","embeddable":true,"href":"https:\/\/drherbals.se\/en\/wp-json\/wp\/v2\/product_tag?post=69793"}],"curies":[{"name":"wp","href":"https:\/\/api.w.org\/{rel}","templated":true}]}}