{"id":69787,"date":"2025-09-10T16:32:51","date_gmt":"2025-09-10T14:32:51","guid":{"rendered":"https:\/\/drherbals.se\/?post_type=product&#038;p=69787"},"modified":"2026-02-01T22:42:17","modified_gmt":"2026-02-01T21:42:17","slug":"guarana-pulver","status":"publish","type":"product","link":"https:\/\/drherbals.se\/en\/product\/guarana-pulver\/","title":{"rendered":"Guarana powder 100g"},"content":{"rendered":"<h2><strong><span style=\"font-size: 110%;\">Guarana powder<\/span><\/strong><\/h2>\n<p>Discover our pure and natural Guarana powder (Paullinia cupana) - without any additives.<br \/>\nThe powder is made by gently drying and grinding high-quality guarana seeds, which preserves the natural character and taste of the plant.<\/p>\n<p>Guarana is native to the Amazon and has a long tradition of use among indigenous peoples in South America. It is naturally rich in caffeine and is often used in drinks and smoothies for its distinctive, naturally energizing profile.<\/p>\n<p>A plant-based and natural alternative for those who want to add something genuine and powerful from nature to their everyday life.<\/p>\n<hr \/>\n<p><strong><span style=\"font-size: 120%;\">Product benefits<\/span><\/strong><\/p>\n<p>Our Guarana powder is completely pure and gently processed to preserve the plant's natural nutrients. No additives, fillers or artificial substances - just guarana in its natural form.<\/p>\n<ul>\n<li>100% natural - no additives or fillers<\/li>\n<li>Traditionally used in the Amazon for centuries<\/li>\n<li>Vegan and gluten-free<\/li>\n<\/ul>","protected":false},"excerpt":{"rendered":"<p><span style=\"color: #000000;\"><strong><span style=\"font-size: 120%;\">Guarana (Paullinia cupana) from the Amazon forests<\/span><\/strong><\/span><\/p>\n<p><span style=\"font-size: 100%; color: #000000;\">\u2192 Guarana powder<\/span><br \/>\n<span style=\"font-size: 100%; color: #000000;\">\u2192 100 grams\u00a0<\/span><br \/>\n<span style=\"font-size: 100%; color: #000000;\">\u2192 Food supplements<\/span><br \/>\n<span style=\"font-size: 100%; color: #000000;\">\u2192 Premium quality<\/span><br \/>\n<span style=\"font-size: 100%; color: #000000;\">\u2192 Natural, vegan-friendly &amp; additive-free<\/span><\/p>","protected":false},"featured_media":77094,"template":"","meta":[],"product_brand":[],"product_cat":[1169,1131,1126],"product_tag":[],"class_list":{"0":"post-69787","1":"product","2":"type-product","3":"status-publish","4":"has-post-thumbnail","6":"product_cat-alla-produkter","7":"product_cat-sale","8":"product_cat-superfoods","10":"first","11":"outofstock","12":"sale","13":"taxable","14":"shipping-taxable","15":"purchasable","16":"product-type-simple"},"yoast_head":"<!-- This site is optimized with the Yoast SEO plugin v27.4 - https:\/\/yoast.com\/product\/yoast-seo-wordpress\/ -->\n<title>Guarana (Paullinia cupana) fr\u00e5n Amazonas skogar - DR. Herbals<\/title>\n<meta name=\"description\" content=\"Guarana (Paullinia cupana) \u00e4r k\u00e4nd som en av naturens mest kraftfulla k\u00e4llor till koffein och anv\u00e4nds ofta i energidrycker och kosttillskott...\" \/>\n<meta name=\"robots\" content=\"index, follow, max-snippet:-1, max-image-preview:large, max-video-preview:-1\" \/>\n<link rel=\"canonical\" href=\"https:\/\/drherbals.se\/en\/product\/guarana-pulver\/?wmc-currency=EUR\" \/>\n<meta property=\"og:locale\" content=\"en_US\" \/>\n<meta property=\"og:type\" content=\"article\" \/>\n<meta property=\"og:title\" content=\"Guarana (Paullinia cupana) fr\u00e5n Amazonas skogar - DR. Herbals\" \/>\n<meta property=\"og:description\" content=\"Guarana (Paullinia cupana) \u00e4r k\u00e4nd som en av naturens mest kraftfulla k\u00e4llor till koffein och anv\u00e4nds ofta i energidrycker och kosttillskott...\" \/>\n<meta property=\"og:url\" content=\"https:\/\/drherbals.se\/en\/product\/guarana-pulver\/?wmc-currency=EUR\" \/>\n<meta property=\"og:site_name\" content=\"DR. Herbals\" \/>\n<meta property=\"article:publisher\" content=\"https:\/\/www.facebook.com\/drherbals.se\" \/>\n<meta property=\"article:modified_time\" content=\"2026-02-01T21:42:17+00:00\" \/>\n<meta property=\"og:image\" content=\"https:\/\/drherbals.se\/wp-content\/uploads\/2026\/02\/pulver-guarana-seeds.webp\" \/>\n\t<meta property=\"og:image:width\" content=\"1000\" \/>\n\t<meta property=\"og:image:height\" content=\"1000\" \/>\n\t<meta property=\"og:image:type\" content=\"image\/webp\" \/>\n<meta name=\"twitter:card\" content=\"summary_large_image\" \/>\n<meta name=\"twitter:label1\" content=\"Est. reading time\" \/>\n\t<meta name=\"twitter:data1\" content=\"1 minute\" \/>\n<script type=\"application\/ld+json\" class=\"yoast-schema-graph\">{\"@context\":\"https:\\\/\\\/schema.org\",\"@graph\":[{\"@type\":\"WebPage\",\"@id\":\"https:\\\/\\\/drherbals.se\\\/en\\\/product\\\/guarana-pulver\\\/\",\"url\":\"https:\\\/\\\/drherbals.se\\\/en\\\/product\\\/guarana-pulver\\\/\",\"name\":\"Guarana (Paullinia cupana) fr\u00e5n Amazonas skogar - DR. Herbals\",\"isPartOf\":{\"@id\":\"https:\\\/\\\/drherbals.se\\\/#website\"},\"primaryImageOfPage\":{\"@id\":\"https:\\\/\\\/drherbals.se\\\/en\\\/product\\\/guarana-pulver\\\/#primaryimage\"},\"image\":{\"@id\":\"https:\\\/\\\/drherbals.se\\\/en\\\/product\\\/guarana-pulver\\\/#primaryimage\"},\"thumbnailUrl\":\"https:\\\/\\\/drherbals.se\\\/wp-content\\\/uploads\\\/2026\\\/02\\\/pulver-guarana-seeds.webp\",\"datePublished\":\"2025-09-10T14:32:51+00:00\",\"dateModified\":\"2026-02-01T21:42:17+00:00\",\"description\":\"Guarana (Paullinia cupana) \u00e4r k\u00e4nd som en av naturens mest kraftfulla k\u00e4llor till koffein och anv\u00e4nds ofta i energidrycker och kosttillskott...\",\"breadcrumb\":{\"@id\":\"https:\\\/\\\/drherbals.se\\\/en\\\/product\\\/guarana-pulver\\\/#breadcrumb\"},\"inLanguage\":\"en-US\",\"potentialAction\":[{\"@type\":\"ReadAction\",\"target\":[\"https:\\\/\\\/drherbals.se\\\/en\\\/product\\\/guarana-pulver\\\/\"]}]},{\"@type\":\"ImageObject\",\"inLanguage\":\"en-US\",\"@id\":\"https:\\\/\\\/drherbals.se\\\/en\\\/product\\\/guarana-pulver\\\/#primaryimage\",\"url\":\"https:\\\/\\\/drherbals.se\\\/wp-content\\\/uploads\\\/2026\\\/02\\\/pulver-guarana-seeds.webp\",\"contentUrl\":\"https:\\\/\\\/drherbals.se\\\/wp-content\\\/uploads\\\/2026\\\/02\\\/pulver-guarana-seeds.webp\",\"width\":1000,\"height\":1000,\"caption\":\"Guarana Pulver 100% Naturlig - DR. Herbals\"},{\"@type\":\"BreadcrumbList\",\"@id\":\"https:\\\/\\\/drherbals.se\\\/en\\\/product\\\/guarana-pulver\\\/#breadcrumb\",\"itemListElement\":[{\"@type\":\"ListItem\",\"position\":1,\"name\":\"Hem\",\"item\":\"https:\\\/\\\/drherbals.se\\\/\"},{\"@type\":\"ListItem\",\"position\":2,\"name\":\"Butik\",\"item\":\"https:\\\/\\\/drherbals.se\\\/butik\\\/\"},{\"@type\":\"ListItem\",\"position\":3,\"name\":\"Guarana Pulver 100g\"}]},{\"@type\":\"WebSite\",\"@id\":\"https:\\\/\\\/drherbals.se\\\/#website\",\"url\":\"https:\\\/\\\/drherbals.se\\\/\",\"name\":\"DR. Herbals\",\"description\":\"Sveriges bredaste Cannabis sortiment\",\"publisher\":{\"@id\":\"https:\\\/\\\/drherbals.se\\\/#organization\"},\"alternateName\":\"DR. H\",\"potentialAction\":[{\"@type\":\"SearchAction\",\"target\":{\"@type\":\"EntryPoint\",\"urlTemplate\":\"https:\\\/\\\/drherbals.se\\\/?s={search_term_string}\"},\"query-input\":{\"@type\":\"PropertyValueSpecification\",\"valueRequired\":true,\"valueName\":\"search_term_string\"}}],\"inLanguage\":\"en-US\"},{\"@type\":\"Organization\",\"@id\":\"https:\\\/\\\/drherbals.se\\\/#organization\",\"name\":\"DR. Herbals\",\"url\":\"https:\\\/\\\/drherbals.se\\\/\",\"logo\":{\"@type\":\"ImageObject\",\"inLanguage\":\"en-US\",\"@id\":\"https:\\\/\\\/drherbals.se\\\/#\\\/schema\\\/logo\\\/image\\\/\",\"url\":\"https:\\\/\\\/drherbals.se\\\/wp-content\\\/uploads\\\/2024\\\/09\\\/dr-herbals-logga.png\",\"contentUrl\":\"https:\\\/\\\/drherbals.se\\\/wp-content\\\/uploads\\\/2024\\\/09\\\/dr-herbals-logga.png\",\"width\":240,\"height\":138,\"caption\":\"DR. Herbals\"},\"image\":{\"@id\":\"https:\\\/\\\/drherbals.se\\\/#\\\/schema\\\/logo\\\/image\\\/\"},\"sameAs\":[\"https:\\\/\\\/www.facebook.com\\\/drherbals.se\",\"https:\\\/\\\/www.instagram.com\\\/drherbals.se\\\/\"]}]}<\/script>\n<!-- \/ Yoast SEO plugin. -->","yoast_head_json":{"title":"Guarana (Paullinia cupana) from the Amazon forests - DR. Herbals","description":"Guarana (Paullinia cupana) is known as one of nature's most powerful sources of caffeine and is widely used in energy drinks and supplements...","robots":{"index":"index","follow":"follow","max-snippet":"max-snippet:-1","max-image-preview":"max-image-preview:large","max-video-preview":"max-video-preview:-1"},"canonical":"https:\/\/drherbals.se\/en\/product\/guarana-pulver\/?wmc-currency=EUR","og_locale":"en_US","og_type":"article","og_title":"Guarana (Paullinia cupana) fr\u00e5n Amazonas skogar - DR. Herbals","og_description":"Guarana (Paullinia cupana) \u00e4r k\u00e4nd som en av naturens mest kraftfulla k\u00e4llor till koffein och anv\u00e4nds ofta i energidrycker och kosttillskott...","og_url":"https:\/\/drherbals.se\/en\/product\/guarana-pulver\/?wmc-currency=EUR","og_site_name":"DR. Herbals","article_publisher":"https:\/\/www.facebook.com\/drherbals.se","article_modified_time":"2026-02-01T21:42:17+00:00","og_image":[{"width":1000,"height":1000,"url":"https:\/\/drherbals.se\/wp-content\/uploads\/2026\/02\/pulver-guarana-seeds.webp","type":"image\/webp"}],"twitter_card":"summary_large_image","twitter_misc":{"Est. reading time":"1 minute"},"schema":{"@context":"https:\/\/schema.org","@graph":[{"@type":"WebPage","@id":"https:\/\/drherbals.se\/en\/product\/guarana-pulver\/","url":"https:\/\/drherbals.se\/en\/product\/guarana-pulver\/","name":"Guarana (Paullinia cupana) from the Amazon forests - DR. Herbals","isPartOf":{"@id":"https:\/\/drherbals.se\/#website"},"primaryImageOfPage":{"@id":"https:\/\/drherbals.se\/en\/product\/guarana-pulver\/#primaryimage"},"image":{"@id":"https:\/\/drherbals.se\/en\/product\/guarana-pulver\/#primaryimage"},"thumbnailUrl":"https:\/\/drherbals.se\/wp-content\/uploads\/2026\/02\/pulver-guarana-seeds.webp","datePublished":"2025-09-10T14:32:51+00:00","dateModified":"2026-02-01T21:42:17+00:00","description":"Guarana (Paullinia cupana) is known as one of nature's most powerful sources of caffeine and is widely used in energy drinks and supplements...","breadcrumb":{"@id":"https:\/\/drherbals.se\/en\/product\/guarana-pulver\/#breadcrumb"},"inLanguage":"en-US","potentialAction":[{"@type":"ReadAction","target":["https:\/\/drherbals.se\/en\/product\/guarana-pulver\/"]}]},{"@type":"ImageObject","inLanguage":"en-US","@id":"https:\/\/drherbals.se\/en\/product\/guarana-pulver\/#primaryimage","url":"https:\/\/drherbals.se\/wp-content\/uploads\/2026\/02\/pulver-guarana-seeds.webp","contentUrl":"https:\/\/drherbals.se\/wp-content\/uploads\/2026\/02\/pulver-guarana-seeds.webp","width":1000,"height":1000,"caption":"Guarana Pulver 100% Naturlig - DR. Herbals"},{"@type":"BreadcrumbList","@id":"https:\/\/drherbals.se\/en\/product\/guarana-pulver\/#breadcrumb","itemListElement":[{"@type":"ListItem","position":1,"name":"Hem","item":"https:\/\/drherbals.se\/"},{"@type":"ListItem","position":2,"name":"Butik","item":"https:\/\/drherbals.se\/butik\/"},{"@type":"ListItem","position":3,"name":"Guarana Pulver 100g"}]},{"@type":"WebSite","@id":"https:\/\/drherbals.se\/#website","url":"https:\/\/drherbals.se\/","name":"DR. Herbals","description":"Sweden's widest Cannabis range","publisher":{"@id":"https:\/\/drherbals.se\/#organization"},"alternateName":"DR. H","potentialAction":[{"@type":"SearchAction","target":{"@type":"EntryPoint","urlTemplate":"https:\/\/drherbals.se\/?s={search_term_string}"},"query-input":{"@type":"PropertyValueSpecification","valueRequired":true,"valueName":"search_term_string"}}],"inLanguage":"en-US"},{"@type":"Organization","@id":"https:\/\/drherbals.se\/#organization","name":"DR. Herbals","url":"https:\/\/drherbals.se\/","logo":{"@type":"ImageObject","inLanguage":"en-US","@id":"https:\/\/drherbals.se\/#\/schema\/logo\/image\/","url":"https:\/\/drherbals.se\/wp-content\/uploads\/2024\/09\/dr-herbals-logga.png","contentUrl":"https:\/\/drherbals.se\/wp-content\/uploads\/2024\/09\/dr-herbals-logga.png","width":240,"height":138,"caption":"DR. Herbals"},"image":{"@id":"https:\/\/drherbals.se\/#\/schema\/logo\/image\/"},"sameAs":["https:\/\/www.facebook.com\/drherbals.se","https:\/\/www.instagram.com\/drherbals.se\/"]}]}},"tiered_pricing_type":"fixed","tiered_pricing_fixed_rules":[],"tiered_pricing_product_settings":{"layout":"default","base_unit_name":{"singular":null,"plural":null},"default_variation":null},"tiered_pricing_minimum_quantity":null,"tiered_pricing_roles_data":[],"tiered_pricing_percentage_rules":[],"tiered_pricing_maximum_quantity":null,"tiered_pricing_quantity_step":null,"_links":{"self":[{"href":"https:\/\/drherbals.se\/en\/wp-json\/wp\/v2\/product\/69787","targetHints":{"allow":["GET"]}}],"collection":[{"href":"https:\/\/drherbals.se\/en\/wp-json\/wp\/v2\/product"}],"about":[{"href":"https:\/\/drherbals.se\/en\/wp-json\/wp\/v2\/types\/product"}],"wp:featuredmedia":[{"embeddable":true,"href":"https:\/\/drherbals.se\/en\/wp-json\/wp\/v2\/media\/77094"}],"wp:attachment":[{"href":"https:\/\/drherbals.se\/en\/wp-json\/wp\/v2\/media?parent=69787"}],"wp:term":[{"taxonomy":"product_brand","embeddable":true,"href":"https:\/\/drherbals.se\/en\/wp-json\/wp\/v2\/product_brand?post=69787"},{"taxonomy":"product_cat","embeddable":true,"href":"https:\/\/drherbals.se\/en\/wp-json\/wp\/v2\/product_cat?post=69787"},{"taxonomy":"product_tag","embeddable":true,"href":"https:\/\/drherbals.se\/en\/wp-json\/wp\/v2\/product_tag?post=69787"}],"curies":[{"name":"wp","href":"https:\/\/api.w.org\/{rel}","templated":true}]}}