{"id":69785,"date":"2025-09-10T16:25:44","date_gmt":"2025-09-10T14:25:44","guid":{"rendered":"https:\/\/drherbals.se\/?post_type=product&#038;p=69785"},"modified":"2026-02-04T14:19:17","modified_gmt":"2026-02-04T13:19:17","slug":"naturligt-chaga-pulver","status":"publish","type":"product","link":"https:\/\/drherbals.se\/en\/product\/naturligt-chaga-pulver\/","title":{"rendered":"Chaga powder 100g"},"content":{"rendered":"<h2><strong><span style=\"font-size: 110%;\">Chaga powder (Inonotus obliquus)<\/span><\/strong><\/h2>\n<p>Discover our pure and natural Chaga powder (Inonotus obliquus) - a food supplement completely free of additives. Only carefully dried and ground mushrooms of the highest quality, for those who want a natural way to support general well-being in everyday life.<\/p>\n<p>Chaga, often called the \u201dking of mushrooms\u201d, has been used for hundreds of years in traditional folk medicine, particularly in Russia and the Nordic countries. It is naturally rich in substances that contribute to its strengthening and balancing properties.<\/p>\n<hr \/>\n<p><strong><span style=\"font-size: 120%;\">Product benefits<\/span><\/strong><\/p>\n<p>Our Chaga powder is completely pure and carefully prepared to preserve the mushroom's natural nutrients. No additives, fillers or artificial substances - only in its natural form.<\/p>\n<ul>\n<li>100% natural - no additives or fillers<\/li>\n<li>Traditionally used in folk medicine for centuries<\/li>\n<li>Vegan and gluten-free<\/li>\n<\/ul>","protected":false},"excerpt":{"rendered":"<p><span style=\"color: #000000;\"><strong><span style=\"font-size: 120%;\">Premium Chaga (Inonotus obliquus)<\/span><\/strong><\/span><\/p>\n<p><span style=\"font-size: 100%; color: #000000;\">\u2192 Chaga powder<\/span><br \/>\n<span style=\"font-size: 100%; color: #000000;\">\u2192 100 grams<\/span><br \/>\n<span style=\"font-size: 100%; color: #000000;\">\u2192 Food supplements<\/span><br \/>\n<span style=\"font-size: 100%; color: #000000;\">\u2192 Premium quality<\/span><br \/>\n<span style=\"font-size: 100%; color: #000000;\">\u2192 Natural, vegan-friendly &amp; additive-free<\/span><\/p>","protected":false},"featured_media":77091,"template":"","meta":[],"product_brand":[],"product_cat":[1169,1126],"product_tag":[],"class_list":{"0":"post-69785","1":"product","2":"type-product","3":"status-publish","4":"has-post-thumbnail","6":"product_cat-alla-produkter","7":"product_cat-superfoods","9":"first","10":"outofstock","11":"sale","12":"taxable","13":"shipping-taxable","14":"purchasable","15":"product-type-simple"},"yoast_head":"<!-- This site is optimized with the Yoast SEO plugin v27.4 - https:\/\/yoast.com\/product\/yoast-seo-wordpress\/ -->\n<title>Chaga (Inonotus obliquus) 100g - DR. Herbals<\/title>\n<meta name=\"description\" content=\"Chaga (Inonotus obliquus) har l\u00e4nge anv\u00e4nts som en naturlig h\u00e4lsodryck och medicinalsvamp. Den \u00e4r rik p\u00e5 n\u00e4rings\u00e4mnen som kan bidra till...\" \/>\n<meta name=\"robots\" content=\"index, follow, max-snippet:-1, max-image-preview:large, max-video-preview:-1\" \/>\n<link rel=\"canonical\" href=\"https:\/\/drherbals.se\/en\/product\/naturligt-chaga-pulver\/?wmc-currency=EUR\" \/>\n<meta property=\"og:locale\" content=\"en_US\" \/>\n<meta property=\"og:type\" content=\"article\" \/>\n<meta property=\"og:title\" content=\"Chaga (Inonotus obliquus) 100g - DR. Herbals\" \/>\n<meta property=\"og:description\" content=\"Chaga (Inonotus obliquus) har l\u00e4nge anv\u00e4nts som en naturlig h\u00e4lsodryck och medicinalsvamp. Den \u00e4r rik p\u00e5 n\u00e4rings\u00e4mnen som kan bidra till...\" \/>\n<meta property=\"og:url\" content=\"https:\/\/drherbals.se\/en\/product\/naturligt-chaga-pulver\/?wmc-currency=EUR\" \/>\n<meta property=\"og:site_name\" content=\"DR. Herbals\" \/>\n<meta property=\"article:publisher\" content=\"https:\/\/www.facebook.com\/drherbals.se\" \/>\n<meta property=\"article:modified_time\" content=\"2026-02-04T13:19:17+00:00\" \/>\n<meta property=\"og:image\" content=\"https:\/\/drherbals.se\/wp-content\/uploads\/2026\/02\/pulver-chaga.webp\" \/>\n\t<meta property=\"og:image:width\" content=\"1000\" \/>\n\t<meta property=\"og:image:height\" content=\"1000\" \/>\n\t<meta property=\"og:image:type\" content=\"image\/webp\" \/>\n<meta name=\"twitter:card\" content=\"summary_large_image\" \/>\n<meta name=\"twitter:label1\" content=\"Est. reading time\" \/>\n\t<meta name=\"twitter:data1\" content=\"1 minute\" \/>\n<script type=\"application\/ld+json\" class=\"yoast-schema-graph\">{\"@context\":\"https:\\\/\\\/schema.org\",\"@graph\":[{\"@type\":\"WebPage\",\"@id\":\"https:\\\/\\\/drherbals.se\\\/produkt\\\/naturligt-chaga-pulver\\\/\",\"url\":\"https:\\\/\\\/drherbals.se\\\/produkt\\\/naturligt-chaga-pulver\\\/\",\"name\":\"Chaga (Inonotus obliquus) 100g - DR. Herbals\",\"isPartOf\":{\"@id\":\"https:\\\/\\\/drherbals.se\\\/#website\"},\"primaryImageOfPage\":{\"@id\":\"https:\\\/\\\/drherbals.se\\\/produkt\\\/naturligt-chaga-pulver\\\/#primaryimage\"},\"image\":{\"@id\":\"https:\\\/\\\/drherbals.se\\\/produkt\\\/naturligt-chaga-pulver\\\/#primaryimage\"},\"thumbnailUrl\":\"https:\\\/\\\/drherbals.se\\\/wp-content\\\/uploads\\\/2026\\\/02\\\/pulver-chaga.webp\",\"datePublished\":\"2025-09-10T14:25:44+00:00\",\"dateModified\":\"2026-02-04T13:19:17+00:00\",\"description\":\"Chaga (Inonotus obliquus) har l\u00e4nge anv\u00e4nts som en naturlig h\u00e4lsodryck och medicinalsvamp. Den \u00e4r rik p\u00e5 n\u00e4rings\u00e4mnen som kan bidra till...\",\"breadcrumb\":{\"@id\":\"https:\\\/\\\/drherbals.se\\\/produkt\\\/naturligt-chaga-pulver\\\/#breadcrumb\"},\"inLanguage\":\"en-US\",\"potentialAction\":[{\"@type\":\"ReadAction\",\"target\":[\"https:\\\/\\\/drherbals.se\\\/produkt\\\/naturligt-chaga-pulver\\\/\"]}]},{\"@type\":\"ImageObject\",\"inLanguage\":\"en-US\",\"@id\":\"https:\\\/\\\/drherbals.se\\\/produkt\\\/naturligt-chaga-pulver\\\/#primaryimage\",\"url\":\"https:\\\/\\\/drherbals.se\\\/wp-content\\\/uploads\\\/2026\\\/02\\\/pulver-chaga.webp\",\"contentUrl\":\"https:\\\/\\\/drherbals.se\\\/wp-content\\\/uploads\\\/2026\\\/02\\\/pulver-chaga.webp\",\"width\":1000,\"height\":1000,\"caption\":\"Chaga Pulver 100% Naturlig - DR. Herbals\"},{\"@type\":\"BreadcrumbList\",\"@id\":\"https:\\\/\\\/drherbals.se\\\/produkt\\\/naturligt-chaga-pulver\\\/#breadcrumb\",\"itemListElement\":[{\"@type\":\"ListItem\",\"position\":1,\"name\":\"Hem\",\"item\":\"https:\\\/\\\/drherbals.se\\\/\"},{\"@type\":\"ListItem\",\"position\":2,\"name\":\"Butik\",\"item\":\"https:\\\/\\\/drherbals.se\\\/butik\\\/\"},{\"@type\":\"ListItem\",\"position\":3,\"name\":\"Chaga Pulver 100g\"}]},{\"@type\":\"WebSite\",\"@id\":\"https:\\\/\\\/drherbals.se\\\/#website\",\"url\":\"https:\\\/\\\/drherbals.se\\\/\",\"name\":\"DR. Herbals\",\"description\":\"Sveriges bredaste Cannabis sortiment\",\"publisher\":{\"@id\":\"https:\\\/\\\/drherbals.se\\\/#organization\"},\"alternateName\":\"DR. H\",\"potentialAction\":[{\"@type\":\"SearchAction\",\"target\":{\"@type\":\"EntryPoint\",\"urlTemplate\":\"https:\\\/\\\/drherbals.se\\\/?s={search_term_string}\"},\"query-input\":{\"@type\":\"PropertyValueSpecification\",\"valueRequired\":true,\"valueName\":\"search_term_string\"}}],\"inLanguage\":\"en-US\"},{\"@type\":\"Organization\",\"@id\":\"https:\\\/\\\/drherbals.se\\\/#organization\",\"name\":\"DR. Herbals\",\"url\":\"https:\\\/\\\/drherbals.se\\\/\",\"logo\":{\"@type\":\"ImageObject\",\"inLanguage\":\"en-US\",\"@id\":\"https:\\\/\\\/drherbals.se\\\/#\\\/schema\\\/logo\\\/image\\\/\",\"url\":\"https:\\\/\\\/drherbals.se\\\/wp-content\\\/uploads\\\/2024\\\/09\\\/dr-herbals-logga.png\",\"contentUrl\":\"https:\\\/\\\/drherbals.se\\\/wp-content\\\/uploads\\\/2024\\\/09\\\/dr-herbals-logga.png\",\"width\":240,\"height\":138,\"caption\":\"DR. Herbals\"},\"image\":{\"@id\":\"https:\\\/\\\/drherbals.se\\\/#\\\/schema\\\/logo\\\/image\\\/\"},\"sameAs\":[\"https:\\\/\\\/www.facebook.com\\\/drherbals.se\",\"https:\\\/\\\/www.instagram.com\\\/drherbals.se\\\/\"]}]}<\/script>\n<!-- \/ Yoast SEO plugin. -->","yoast_head_json":{"title":"Chaga (Inonotus obliquus) 100g - DR. Herbals","description":"Chaga (Inonotus obliquus) has long been used as a natural health drink and medicinal mushroom. It is rich in nutrients that can contribute to...","robots":{"index":"index","follow":"follow","max-snippet":"max-snippet:-1","max-image-preview":"max-image-preview:large","max-video-preview":"max-video-preview:-1"},"canonical":"https:\/\/drherbals.se\/en\/product\/naturligt-chaga-pulver\/?wmc-currency=EUR","og_locale":"en_US","og_type":"article","og_title":"Chaga (Inonotus obliquus) 100g - DR. Herbals","og_description":"Chaga (Inonotus obliquus) har l\u00e4nge anv\u00e4nts som en naturlig h\u00e4lsodryck och medicinalsvamp. Den \u00e4r rik p\u00e5 n\u00e4rings\u00e4mnen som kan bidra till...","og_url":"https:\/\/drherbals.se\/en\/product\/naturligt-chaga-pulver\/?wmc-currency=EUR","og_site_name":"DR. Herbals","article_publisher":"https:\/\/www.facebook.com\/drherbals.se","article_modified_time":"2026-02-04T13:19:17+00:00","og_image":[{"width":1000,"height":1000,"url":"https:\/\/drherbals.se\/wp-content\/uploads\/2026\/02\/pulver-chaga.webp","type":"image\/webp"}],"twitter_card":"summary_large_image","twitter_misc":{"Est. reading time":"1 minute"},"schema":{"@context":"https:\/\/schema.org","@graph":[{"@type":"WebPage","@id":"https:\/\/drherbals.se\/produkt\/naturligt-chaga-pulver\/","url":"https:\/\/drherbals.se\/produkt\/naturligt-chaga-pulver\/","name":"Chaga (Inonotus obliquus) 100g - DR. Herbals","isPartOf":{"@id":"https:\/\/drherbals.se\/#website"},"primaryImageOfPage":{"@id":"https:\/\/drherbals.se\/produkt\/naturligt-chaga-pulver\/#primaryimage"},"image":{"@id":"https:\/\/drherbals.se\/produkt\/naturligt-chaga-pulver\/#primaryimage"},"thumbnailUrl":"https:\/\/drherbals.se\/wp-content\/uploads\/2026\/02\/pulver-chaga.webp","datePublished":"2025-09-10T14:25:44+00:00","dateModified":"2026-02-04T13:19:17+00:00","description":"Chaga (Inonotus obliquus) has long been used as a natural health drink and medicinal mushroom. It is rich in nutrients that can contribute to...","breadcrumb":{"@id":"https:\/\/drherbals.se\/produkt\/naturligt-chaga-pulver\/#breadcrumb"},"inLanguage":"en-US","potentialAction":[{"@type":"ReadAction","target":["https:\/\/drherbals.se\/produkt\/naturligt-chaga-pulver\/"]}]},{"@type":"ImageObject","inLanguage":"en-US","@id":"https:\/\/drherbals.se\/produkt\/naturligt-chaga-pulver\/#primaryimage","url":"https:\/\/drherbals.se\/wp-content\/uploads\/2026\/02\/pulver-chaga.webp","contentUrl":"https:\/\/drherbals.se\/wp-content\/uploads\/2026\/02\/pulver-chaga.webp","width":1000,"height":1000,"caption":"Chaga Pulver 100% Naturlig - DR. Herbals"},{"@type":"BreadcrumbList","@id":"https:\/\/drherbals.se\/produkt\/naturligt-chaga-pulver\/#breadcrumb","itemListElement":[{"@type":"ListItem","position":1,"name":"Hem","item":"https:\/\/drherbals.se\/"},{"@type":"ListItem","position":2,"name":"Butik","item":"https:\/\/drherbals.se\/butik\/"},{"@type":"ListItem","position":3,"name":"Chaga Pulver 100g"}]},{"@type":"WebSite","@id":"https:\/\/drherbals.se\/#website","url":"https:\/\/drherbals.se\/","name":"DR. Herbals","description":"Sweden's widest Cannabis range","publisher":{"@id":"https:\/\/drherbals.se\/#organization"},"alternateName":"DR. H","potentialAction":[{"@type":"SearchAction","target":{"@type":"EntryPoint","urlTemplate":"https:\/\/drherbals.se\/?s={search_term_string}"},"query-input":{"@type":"PropertyValueSpecification","valueRequired":true,"valueName":"search_term_string"}}],"inLanguage":"en-US"},{"@type":"Organization","@id":"https:\/\/drherbals.se\/#organization","name":"DR. Herbals","url":"https:\/\/drherbals.se\/","logo":{"@type":"ImageObject","inLanguage":"en-US","@id":"https:\/\/drherbals.se\/#\/schema\/logo\/image\/","url":"https:\/\/drherbals.se\/wp-content\/uploads\/2024\/09\/dr-herbals-logga.png","contentUrl":"https:\/\/drherbals.se\/wp-content\/uploads\/2024\/09\/dr-herbals-logga.png","width":240,"height":138,"caption":"DR. Herbals"},"image":{"@id":"https:\/\/drherbals.se\/#\/schema\/logo\/image\/"},"sameAs":["https:\/\/www.facebook.com\/drherbals.se","https:\/\/www.instagram.com\/drherbals.se\/"]}]}},"tiered_pricing_type":"fixed","tiered_pricing_fixed_rules":[],"tiered_pricing_product_settings":{"layout":"default","base_unit_name":{"singular":null,"plural":null},"default_variation":null},"tiered_pricing_minimum_quantity":null,"tiered_pricing_roles_data":[],"tiered_pricing_percentage_rules":[],"tiered_pricing_maximum_quantity":null,"tiered_pricing_quantity_step":null,"_links":{"self":[{"href":"https:\/\/drherbals.se\/en\/wp-json\/wp\/v2\/product\/69785","targetHints":{"allow":["GET"]}}],"collection":[{"href":"https:\/\/drherbals.se\/en\/wp-json\/wp\/v2\/product"}],"about":[{"href":"https:\/\/drherbals.se\/en\/wp-json\/wp\/v2\/types\/product"}],"wp:featuredmedia":[{"embeddable":true,"href":"https:\/\/drherbals.se\/en\/wp-json\/wp\/v2\/media\/77091"}],"wp:attachment":[{"href":"https:\/\/drherbals.se\/en\/wp-json\/wp\/v2\/media?parent=69785"}],"wp:term":[{"taxonomy":"product_brand","embeddable":true,"href":"https:\/\/drherbals.se\/en\/wp-json\/wp\/v2\/product_brand?post=69785"},{"taxonomy":"product_cat","embeddable":true,"href":"https:\/\/drherbals.se\/en\/wp-json\/wp\/v2\/product_cat?post=69785"},{"taxonomy":"product_tag","embeddable":true,"href":"https:\/\/drherbals.se\/en\/wp-json\/wp\/v2\/product_tag?post=69785"}],"curies":[{"name":"wp","href":"https:\/\/api.w.org\/{rel}","templated":true}]}}