{"id":68699,"date":"2026-02-04T13:45:16","date_gmt":"2026-02-04T12:45:16","guid":{"rendered":"https:\/\/drherbals.se\/?post_type=product&#038;p=68699"},"modified":"2026-04-15T12:35:08","modified_gmt":"2026-04-15T10:35:08","slug":"thca-prerolls-london-pound-cake","status":"publish","type":"product","link":"https:\/\/drherbals.se\/en\/product\/thca-prerolls-london-pound-cake\/","title":{"rendered":"THCA Pre-rolled - London Pound Cake \/ INDICA"},"content":{"rendered":"<h2><strong><span style=\"font-size: 110%;\">London Pound Cake (Indica)<\/span><\/strong><\/h2>\n<p>London Pound Cake a famous and popular hemp flower that has been a hit in the US and is now also available in Sweden and the rest of Europe. It has quickly become a favorite choice for customers who want to discover hemp flowers and experience their unique aromas before deciding on larger purchases. This flower is an excellent choice for the conscious customer who wants to discover something new in the highest quality segment.<\/p>\n<p>London Pound Cake is grown indoors - a clear sign of carefully executed premium cultivation where every detail is controlled and optimized to achieve the absolute best results. The aroma is sweet and seductive, with nuances of vanilla, blueberry and creamy cream. The harmonious combination of fruity sweetness and velvety warmth makes London Pound Cake an unforgettable fragrance experience for anyone looking for something out of the ordinary.<\/p>\n<p>Not for persons under 18 years of age. The product is sold as a collector's item and for decorative purposes. Keep out of reach of children. All our flowers are grown in the EU, from EU-approved hemp seeds, and laboratory tested to ensure that all levels are below current legal limits.<\/p>\n<hr \/>\n<p><strong><span style=\"font-size: 120%;\">Fragrance notes<\/span><\/strong><\/p>\n<p><strong>Opening:<\/strong> Cookies, Vanilla, Chocolate<br \/>\n<strong>Heart:<\/strong> Blueberries, herbs, cream<br \/>\n<strong>Bottom:<\/strong> Orange, ginger<\/p>","protected":false},"excerpt":{"rendered":"<p><strong><span style=\"font-size: 120%;\">Scent of blueberries, muffins &amp; cream<\/span><\/strong><\/p>\n<p>\u2192 London Pound Cake (Indica) - 1g<br \/>\n\u2192 16% THCA<br \/>\n\u2192 Third party lab city<br \/>\n\u2192 Fragrant, fresh &amp; compact<br \/>\n\u2192 Growing method: Indoor (Indoor)<\/p>","protected":false},"featured_media":80874,"template":"","meta":[],"product_brand":[],"product_cat":[1169,1165,1167,1176],"product_tag":[1118],"class_list":{"0":"post-68699","1":"product","2":"type-product","3":"status-publish","4":"has-post-thumbnail","6":"product_cat-alla-produkter","7":"product_cat-bastsaljare","8":"product_cat-indica","9":"product_cat-thca","10":"product_tag-thca","12":"first","13":"instock","14":"taxable","15":"shipping-taxable","16":"purchasable","17":"product-type-simple"},"yoast_head":"<!-- This site is optimized with the Yoast SEO plugin v27.4 - https:\/\/yoast.com\/product\/yoast-seo-wordpress\/ -->\n<title>THCA Pre-rolled - London Pound Cake \/ INDICA 199:-<\/title>\n<meta name=\"description\" content=\"V\u00e5ra THCA Prerolls \u00e4r f\u00e4rdigrullade och klara att anv\u00e4nda \u2013 fyllda med 1 gram premium THCA Buds av h\u00f6gsta kvalitet. Varje cone...\" \/>\n<meta name=\"robots\" content=\"index, follow, max-snippet:-1, max-image-preview:large, max-video-preview:-1\" \/>\n<link rel=\"canonical\" href=\"https:\/\/drherbals.se\/en\/product\/thca-prerolls-london-pound-cake\/?wmc-currency=EUR\" \/>\n<meta property=\"og:locale\" content=\"en_US\" \/>\n<meta property=\"og:type\" content=\"article\" \/>\n<meta property=\"og:title\" content=\"THCA Pre-rolled - London Pound Cake \/ INDICA 199:-\" \/>\n<meta property=\"og:description\" content=\"V\u00e5ra THCA Prerolls \u00e4r f\u00e4rdigrullade och klara att anv\u00e4nda \u2013 fyllda med 1 gram premium THCA Buds av h\u00f6gsta kvalitet. Varje cone...\" \/>\n<meta property=\"og:url\" content=\"https:\/\/drherbals.se\/en\/product\/thca-prerolls-london-pound-cake\/?wmc-currency=EUR\" \/>\n<meta property=\"og:site_name\" content=\"DR. Herbals\" \/>\n<meta property=\"article:publisher\" content=\"https:\/\/www.facebook.com\/drherbals.se\" \/>\n<meta property=\"article:modified_time\" content=\"2026-04-15T10:35:08+00:00\" \/>\n<meta property=\"og:image\" content=\"https:\/\/drherbals.se\/wp-content\/uploads\/2026\/04\/pre-rolled.webp\" \/>\n\t<meta property=\"og:image:width\" content=\"1000\" \/>\n\t<meta property=\"og:image:height\" content=\"1000\" \/>\n\t<meta property=\"og:image:type\" content=\"image\/webp\" \/>\n<meta name=\"twitter:card\" content=\"summary_large_image\" \/>\n<meta name=\"twitter:label1\" content=\"Est. reading time\" \/>\n\t<meta name=\"twitter:data1\" content=\"2 minutes\" \/>\n<script type=\"application\/ld+json\" class=\"yoast-schema-graph\">{\"@context\":\"https:\\\/\\\/schema.org\",\"@graph\":[{\"@type\":\"WebPage\",\"@id\":\"https:\\\/\\\/drherbals.se\\\/produkt\\\/thca-prerolls-london-pound-cake\\\/\",\"url\":\"https:\\\/\\\/drherbals.se\\\/produkt\\\/thca-prerolls-london-pound-cake\\\/\",\"name\":\"THCA Pre-rolled - London Pound Cake \\\/ INDICA 199:-\",\"isPartOf\":{\"@id\":\"https:\\\/\\\/drherbals.se\\\/#website\"},\"primaryImageOfPage\":{\"@id\":\"https:\\\/\\\/drherbals.se\\\/produkt\\\/thca-prerolls-london-pound-cake\\\/#primaryimage\"},\"image\":{\"@id\":\"https:\\\/\\\/drherbals.se\\\/produkt\\\/thca-prerolls-london-pound-cake\\\/#primaryimage\"},\"thumbnailUrl\":\"https:\\\/\\\/drherbals.se\\\/wp-content\\\/uploads\\\/2026\\\/04\\\/pre-rolled.webp\",\"datePublished\":\"2026-02-04T12:45:16+00:00\",\"dateModified\":\"2026-04-15T10:35:08+00:00\",\"description\":\"V\u00e5ra THCA Prerolls \u00e4r f\u00e4rdigrullade och klara att anv\u00e4nda \u2013 fyllda med 1 gram premium THCA Buds av h\u00f6gsta kvalitet. Varje cone...\",\"breadcrumb\":{\"@id\":\"https:\\\/\\\/drherbals.se\\\/produkt\\\/thca-prerolls-london-pound-cake\\\/#breadcrumb\"},\"inLanguage\":\"en-US\",\"potentialAction\":[{\"@type\":\"ReadAction\",\"target\":[\"https:\\\/\\\/drherbals.se\\\/produkt\\\/thca-prerolls-london-pound-cake\\\/\"]}]},{\"@type\":\"ImageObject\",\"inLanguage\":\"en-US\",\"@id\":\"https:\\\/\\\/drherbals.se\\\/produkt\\\/thca-prerolls-london-pound-cake\\\/#primaryimage\",\"url\":\"https:\\\/\\\/drherbals.se\\\/wp-content\\\/uploads\\\/2026\\\/04\\\/pre-rolled.webp\",\"contentUrl\":\"https:\\\/\\\/drherbals.se\\\/wp-content\\\/uploads\\\/2026\\\/04\\\/pre-rolled.webp\",\"width\":1000,\"height\":1000,\"caption\":\"Pre-roll - DR- Herbals\"},{\"@type\":\"BreadcrumbList\",\"@id\":\"https:\\\/\\\/drherbals.se\\\/produkt\\\/thca-prerolls-london-pound-cake\\\/#breadcrumb\",\"itemListElement\":[{\"@type\":\"ListItem\",\"position\":1,\"name\":\"Hem\",\"item\":\"https:\\\/\\\/drherbals.se\\\/\"},{\"@type\":\"ListItem\",\"position\":2,\"name\":\"Butik\",\"item\":\"https:\\\/\\\/drherbals.se\\\/butik\\\/\"},{\"@type\":\"ListItem\",\"position\":3,\"name\":\"THCA Pre-rolled &#8211; London Pound Cake \\\/ INDICA\"}]},{\"@type\":\"WebSite\",\"@id\":\"https:\\\/\\\/drherbals.se\\\/#website\",\"url\":\"https:\\\/\\\/drherbals.se\\\/\",\"name\":\"DR. Herbals\",\"description\":\"Sveriges bredaste Cannabis sortiment\",\"publisher\":{\"@id\":\"https:\\\/\\\/drherbals.se\\\/#organization\"},\"alternateName\":\"DR. H\",\"potentialAction\":[{\"@type\":\"SearchAction\",\"target\":{\"@type\":\"EntryPoint\",\"urlTemplate\":\"https:\\\/\\\/drherbals.se\\\/?s={search_term_string}\"},\"query-input\":{\"@type\":\"PropertyValueSpecification\",\"valueRequired\":true,\"valueName\":\"search_term_string\"}}],\"inLanguage\":\"en-US\"},{\"@type\":\"Organization\",\"@id\":\"https:\\\/\\\/drherbals.se\\\/#organization\",\"name\":\"DR. Herbals\",\"url\":\"https:\\\/\\\/drherbals.se\\\/\",\"logo\":{\"@type\":\"ImageObject\",\"inLanguage\":\"en-US\",\"@id\":\"https:\\\/\\\/drherbals.se\\\/#\\\/schema\\\/logo\\\/image\\\/\",\"url\":\"https:\\\/\\\/drherbals.se\\\/wp-content\\\/uploads\\\/2024\\\/09\\\/dr-herbals-logga.png\",\"contentUrl\":\"https:\\\/\\\/drherbals.se\\\/wp-content\\\/uploads\\\/2024\\\/09\\\/dr-herbals-logga.png\",\"width\":240,\"height\":138,\"caption\":\"DR. Herbals\"},\"image\":{\"@id\":\"https:\\\/\\\/drherbals.se\\\/#\\\/schema\\\/logo\\\/image\\\/\"},\"sameAs\":[\"https:\\\/\\\/www.facebook.com\\\/drherbals.se\",\"https:\\\/\\\/www.instagram.com\\\/drherbals.se\\\/\"]}]}<\/script>\n<!-- \/ Yoast SEO plugin. -->","yoast_head_json":{"title":"THCA Pre-rolled - London Pound Cake \/ INDICA 199:-","description":"Our THCA Prerolls are pre-rolled and ready to use - filled with 1 gram of premium quality THCA Buds. Each cone...","robots":{"index":"index","follow":"follow","max-snippet":"max-snippet:-1","max-image-preview":"max-image-preview:large","max-video-preview":"max-video-preview:-1"},"canonical":"https:\/\/drherbals.se\/en\/product\/thca-prerolls-london-pound-cake\/?wmc-currency=EUR","og_locale":"en_US","og_type":"article","og_title":"THCA Pre-rolled - London Pound Cake \/ INDICA 199:-","og_description":"V\u00e5ra THCA Prerolls \u00e4r f\u00e4rdigrullade och klara att anv\u00e4nda \u2013 fyllda med 1 gram premium THCA Buds av h\u00f6gsta kvalitet. Varje cone...","og_url":"https:\/\/drherbals.se\/en\/product\/thca-prerolls-london-pound-cake\/?wmc-currency=EUR","og_site_name":"DR. Herbals","article_publisher":"https:\/\/www.facebook.com\/drherbals.se","article_modified_time":"2026-04-15T10:35:08+00:00","og_image":[{"width":1000,"height":1000,"url":"https:\/\/drherbals.se\/wp-content\/uploads\/2026\/04\/pre-rolled.webp","type":"image\/webp"}],"twitter_card":"summary_large_image","twitter_misc":{"Est. reading time":"2 minutes"},"schema":{"@context":"https:\/\/schema.org","@graph":[{"@type":"WebPage","@id":"https:\/\/drherbals.se\/produkt\/thca-prerolls-london-pound-cake\/","url":"https:\/\/drherbals.se\/produkt\/thca-prerolls-london-pound-cake\/","name":"THCA Pre-rolled - London Pound Cake \/ INDICA 199:-","isPartOf":{"@id":"https:\/\/drherbals.se\/#website"},"primaryImageOfPage":{"@id":"https:\/\/drherbals.se\/produkt\/thca-prerolls-london-pound-cake\/#primaryimage"},"image":{"@id":"https:\/\/drherbals.se\/produkt\/thca-prerolls-london-pound-cake\/#primaryimage"},"thumbnailUrl":"https:\/\/drherbals.se\/wp-content\/uploads\/2026\/04\/pre-rolled.webp","datePublished":"2026-02-04T12:45:16+00:00","dateModified":"2026-04-15T10:35:08+00:00","description":"Our THCA Prerolls are pre-rolled and ready to use - filled with 1 gram of premium quality THCA Buds. Each cone...","breadcrumb":{"@id":"https:\/\/drherbals.se\/produkt\/thca-prerolls-london-pound-cake\/#breadcrumb"},"inLanguage":"en-US","potentialAction":[{"@type":"ReadAction","target":["https:\/\/drherbals.se\/produkt\/thca-prerolls-london-pound-cake\/"]}]},{"@type":"ImageObject","inLanguage":"en-US","@id":"https:\/\/drherbals.se\/produkt\/thca-prerolls-london-pound-cake\/#primaryimage","url":"https:\/\/drherbals.se\/wp-content\/uploads\/2026\/04\/pre-rolled.webp","contentUrl":"https:\/\/drherbals.se\/wp-content\/uploads\/2026\/04\/pre-rolled.webp","width":1000,"height":1000,"caption":"Pre-roll - DR- Herbals"},{"@type":"BreadcrumbList","@id":"https:\/\/drherbals.se\/produkt\/thca-prerolls-london-pound-cake\/#breadcrumb","itemListElement":[{"@type":"ListItem","position":1,"name":"Hem","item":"https:\/\/drherbals.se\/"},{"@type":"ListItem","position":2,"name":"Butik","item":"https:\/\/drherbals.se\/butik\/"},{"@type":"ListItem","position":3,"name":"THCA Pre-rolled &#8211; London Pound Cake \/ INDICA"}]},{"@type":"WebSite","@id":"https:\/\/drherbals.se\/#website","url":"https:\/\/drherbals.se\/","name":"DR. Herbals","description":"Sweden's widest Cannabis range","publisher":{"@id":"https:\/\/drherbals.se\/#organization"},"alternateName":"DR. H","potentialAction":[{"@type":"SearchAction","target":{"@type":"EntryPoint","urlTemplate":"https:\/\/drherbals.se\/?s={search_term_string}"},"query-input":{"@type":"PropertyValueSpecification","valueRequired":true,"valueName":"search_term_string"}}],"inLanguage":"en-US"},{"@type":"Organization","@id":"https:\/\/drherbals.se\/#organization","name":"DR. Herbals","url":"https:\/\/drherbals.se\/","logo":{"@type":"ImageObject","inLanguage":"en-US","@id":"https:\/\/drherbals.se\/#\/schema\/logo\/image\/","url":"https:\/\/drherbals.se\/wp-content\/uploads\/2024\/09\/dr-herbals-logga.png","contentUrl":"https:\/\/drherbals.se\/wp-content\/uploads\/2024\/09\/dr-herbals-logga.png","width":240,"height":138,"caption":"DR. Herbals"},"image":{"@id":"https:\/\/drherbals.se\/#\/schema\/logo\/image\/"},"sameAs":["https:\/\/www.facebook.com\/drherbals.se","https:\/\/www.instagram.com\/drherbals.se\/"]}]}},"tiered_pricing_type":"fixed","tiered_pricing_fixed_rules":[],"tiered_pricing_product_settings":{"layout":"default","base_unit_name":{"singular":null,"plural":null},"default_variation":null},"tiered_pricing_minimum_quantity":null,"tiered_pricing_roles_data":[],"tiered_pricing_percentage_rules":[],"tiered_pricing_maximum_quantity":null,"tiered_pricing_quantity_step":null,"_links":{"self":[{"href":"https:\/\/drherbals.se\/en\/wp-json\/wp\/v2\/product\/68699","targetHints":{"allow":["GET"]}}],"collection":[{"href":"https:\/\/drherbals.se\/en\/wp-json\/wp\/v2\/product"}],"about":[{"href":"https:\/\/drherbals.se\/en\/wp-json\/wp\/v2\/types\/product"}],"wp:featuredmedia":[{"embeddable":true,"href":"https:\/\/drherbals.se\/en\/wp-json\/wp\/v2\/media\/80874"}],"wp:attachment":[{"href":"https:\/\/drherbals.se\/en\/wp-json\/wp\/v2\/media?parent=68699"}],"wp:term":[{"taxonomy":"product_brand","embeddable":true,"href":"https:\/\/drherbals.se\/en\/wp-json\/wp\/v2\/product_brand?post=68699"},{"taxonomy":"product_cat","embeddable":true,"href":"https:\/\/drherbals.se\/en\/wp-json\/wp\/v2\/product_cat?post=68699"},{"taxonomy":"product_tag","embeddable":true,"href":"https:\/\/drherbals.se\/en\/wp-json\/wp\/v2\/product_tag?post=68699"}],"curies":[{"name":"wp","href":"https:\/\/api.w.org\/{rel}","templated":true}]}}