{"id":62790,"date":"2023-11-11T15:12:05","date_gmt":"2023-11-11T14:12:05","guid":{"rendered":"https:\/\/drherbals.se\/?post_type=product&#038;p=62790"},"modified":"2026-04-15T00:06:25","modified_gmt":"2026-04-14T22:06:25","slug":"thcb-buds-super-lemon-haze","status":"publish","type":"product","link":"https:\/\/drherbals.se\/en\/product\/thcb-buds-super-lemon-haze\/","title":{"rendered":"THCB Buds - Super Lemon Haze \/ SATIVA"},"content":{"rendered":"<h2><strong><span style=\"font-size: 110%;\">Super Lemon Haze (Sativa)<\/span><\/strong><\/h2>\n<p>Super Lemon Haze is an iconic hemp flower that has long been a top favorite in both the US and Europe. Many appreciate its dense, soft and sticky buds that spread a sweet, inviting scent when the package is opened.<\/p>\n<p>The aroma is sweet and seductive, with nuances of citrus, pepper and kiwi. The harmonious combination of fruity sweetness and velvety warmth makes Super Lemon Haze an unforgettable fragrance experience for anyone looking for something out of the ordinary.<\/p>\n<p>Not for persons under 18 years of age. The product is sold as a collector's item and for decorative purposes. Keep out of reach of children. All our flowers are grown in the EU, from EU-approved hemp seeds and tested to ensure THC levels are below legal limits.<\/p>\n<hr \/>\n<p><strong><span style=\"font-size: 120%;\">Fragrance notes:<\/span><\/strong><\/p>\n<p><strong>Opening:<\/strong> Lemon, Orange, Lime<br \/>\n<strong>Heart:<\/strong> Pepper, Kiwi, Mandarin<br \/>\n<strong>Bottom:<\/strong> Grapefruit, Bergamot, Patchouli<\/p>","protected":false},"excerpt":{"rendered":"<p><strong><span style=\"font-size: 120%;\">Scent of kiwi, citrus &amp; pepper<\/span><\/strong><\/p>\n<p>\u2192 Super Lemon Haze (Sativa)<br \/>\n\u2192 20% THCB \/ 0,3% THC<br \/>\n\u2192 Third party lab city<br \/>\n\u2192 Bright, fresh &amp; compact<br \/>\n\u2192 Growing method: Indoor (Indoor)<br \/>\n\u2192 5 grams<\/p>","protected":false},"featured_media":80819,"template":"","meta":[],"product_brand":[],"product_cat":[1169,1165,1168,1177],"product_tag":[984,986],"class_list":{"0":"post-62790","1":"product","2":"type-product","3":"status-publish","4":"has-post-thumbnail","6":"product_cat-alla-produkter","7":"product_cat-bastsaljare","8":"product_cat-sativa","9":"product_cat-thcb","10":"product_tag-cbd","11":"product_tag-thcb","13":"first","14":"instock","15":"taxable","16":"shipping-taxable","17":"purchasable","18":"product-type-simple"},"yoast_head":"<!-- This site is optimized with the Yoast SEO plugin v27.4 - https:\/\/yoast.com\/product\/yoast-seo-wordpress\/ -->\n<title>THCB Buds - Super Lemon Haze \/ SATIVA - DR. Herbals<\/title>\n<meta name=\"description\" content=\"THCB Buds - Super Lemon Haze \u00e4r en cannabisstrain med 20% THCB och 0,3% THC, vilket g\u00f6r den perfekt f\u00f6r de som s\u00f6ker lugn och avslappning...\" \/>\n<meta name=\"robots\" content=\"index, follow, max-snippet:-1, max-image-preview:large, max-video-preview:-1\" \/>\n<link rel=\"canonical\" href=\"https:\/\/drherbals.se\/en\/product\/thcb-buds-super-lemon-haze\/?wmc-currency=EUR\" \/>\n<meta property=\"og:locale\" content=\"en_US\" \/>\n<meta property=\"og:type\" content=\"article\" \/>\n<meta property=\"og:title\" content=\"THCB Buds - Super Lemon Haze \/ SATIVA - DR. Herbals\" \/>\n<meta property=\"og:description\" content=\"THCB Buds - Super Lemon Haze \u00e4r en cannabisstrain med 20% THCB och 0,3% THC, vilket g\u00f6r den perfekt f\u00f6r de som s\u00f6ker lugn och avslappning...\" \/>\n<meta property=\"og:url\" content=\"https:\/\/drherbals.se\/en\/product\/thcb-buds-super-lemon-haze\/?wmc-currency=EUR\" \/>\n<meta property=\"og:site_name\" content=\"DR. Herbals\" \/>\n<meta property=\"article:publisher\" content=\"https:\/\/www.facebook.com\/drherbals.se\" \/>\n<meta property=\"article:modified_time\" content=\"2026-04-14T22:06:25+00:00\" \/>\n<meta property=\"og:image\" content=\"https:\/\/drherbals.se\/wp-content\/uploads\/2026\/04\/buds-thcb-super-lemon-haze.webp\" \/>\n\t<meta property=\"og:image:width\" content=\"1000\" \/>\n\t<meta property=\"og:image:height\" content=\"1000\" \/>\n\t<meta property=\"og:image:type\" content=\"image\/webp\" \/>\n<meta name=\"twitter:card\" content=\"summary_large_image\" \/>\n<meta name=\"twitter:label1\" content=\"Est. reading time\" \/>\n\t<meta name=\"twitter:data1\" content=\"1 minute\" \/>\n<script type=\"application\/ld+json\" class=\"yoast-schema-graph\">{\"@context\":\"https:\\\/\\\/schema.org\",\"@graph\":[{\"@type\":\"WebPage\",\"@id\":\"https:\\\/\\\/drherbals.se\\\/produkt\\\/thcb-buds-super-lemon-haze\\\/\",\"url\":\"https:\\\/\\\/drherbals.se\\\/produkt\\\/thcb-buds-super-lemon-haze\\\/\",\"name\":\"THCB Buds - Super Lemon Haze \\\/ SATIVA - DR. Herbals\",\"isPartOf\":{\"@id\":\"https:\\\/\\\/drherbals.se\\\/#website\"},\"primaryImageOfPage\":{\"@id\":\"https:\\\/\\\/drherbals.se\\\/produkt\\\/thcb-buds-super-lemon-haze\\\/#primaryimage\"},\"image\":{\"@id\":\"https:\\\/\\\/drherbals.se\\\/produkt\\\/thcb-buds-super-lemon-haze\\\/#primaryimage\"},\"thumbnailUrl\":\"https:\\\/\\\/drherbals.se\\\/wp-content\\\/uploads\\\/2026\\\/04\\\/buds-thcb-super-lemon-haze.webp\",\"datePublished\":\"2023-11-11T14:12:05+00:00\",\"dateModified\":\"2026-04-14T22:06:25+00:00\",\"description\":\"THCB Buds - Super Lemon Haze \u00e4r en cannabisstrain med 20% THCB och 0,3% THC, vilket g\u00f6r den perfekt f\u00f6r de som s\u00f6ker lugn och avslappning...\",\"breadcrumb\":{\"@id\":\"https:\\\/\\\/drherbals.se\\\/produkt\\\/thcb-buds-super-lemon-haze\\\/#breadcrumb\"},\"inLanguage\":\"en-US\",\"potentialAction\":[{\"@type\":\"ReadAction\",\"target\":[\"https:\\\/\\\/drherbals.se\\\/produkt\\\/thcb-buds-super-lemon-haze\\\/\"]}]},{\"@type\":\"ImageObject\",\"inLanguage\":\"en-US\",\"@id\":\"https:\\\/\\\/drherbals.se\\\/produkt\\\/thcb-buds-super-lemon-haze\\\/#primaryimage\",\"url\":\"https:\\\/\\\/drherbals.se\\\/wp-content\\\/uploads\\\/2026\\\/04\\\/buds-thcb-super-lemon-haze.webp\",\"contentUrl\":\"https:\\\/\\\/drherbals.se\\\/wp-content\\\/uploads\\\/2026\\\/04\\\/buds-thcb-super-lemon-haze.webp\",\"width\":1000,\"height\":1000,\"caption\":\"THCB Buds - Super Lemon Haze - DR. Herbals\"},{\"@type\":\"BreadcrumbList\",\"@id\":\"https:\\\/\\\/drherbals.se\\\/produkt\\\/thcb-buds-super-lemon-haze\\\/#breadcrumb\",\"itemListElement\":[{\"@type\":\"ListItem\",\"position\":1,\"name\":\"Hem\",\"item\":\"https:\\\/\\\/drherbals.se\\\/\"},{\"@type\":\"ListItem\",\"position\":2,\"name\":\"Butik\",\"item\":\"https:\\\/\\\/drherbals.se\\\/butik\\\/\"},{\"@type\":\"ListItem\",\"position\":3,\"name\":\"THCB Buds &#8211; Super Lemon Haze \\\/ SATIVA\"}]},{\"@type\":\"WebSite\",\"@id\":\"https:\\\/\\\/drherbals.se\\\/#website\",\"url\":\"https:\\\/\\\/drherbals.se\\\/\",\"name\":\"DR. Herbals\",\"description\":\"Sveriges bredaste Cannabis sortiment\",\"publisher\":{\"@id\":\"https:\\\/\\\/drherbals.se\\\/#organization\"},\"alternateName\":\"DR. H\",\"potentialAction\":[{\"@type\":\"SearchAction\",\"target\":{\"@type\":\"EntryPoint\",\"urlTemplate\":\"https:\\\/\\\/drherbals.se\\\/?s={search_term_string}\"},\"query-input\":{\"@type\":\"PropertyValueSpecification\",\"valueRequired\":true,\"valueName\":\"search_term_string\"}}],\"inLanguage\":\"en-US\"},{\"@type\":\"Organization\",\"@id\":\"https:\\\/\\\/drherbals.se\\\/#organization\",\"name\":\"DR. Herbals\",\"url\":\"https:\\\/\\\/drherbals.se\\\/\",\"logo\":{\"@type\":\"ImageObject\",\"inLanguage\":\"en-US\",\"@id\":\"https:\\\/\\\/drherbals.se\\\/#\\\/schema\\\/logo\\\/image\\\/\",\"url\":\"https:\\\/\\\/drherbals.se\\\/wp-content\\\/uploads\\\/2024\\\/09\\\/dr-herbals-logga.png\",\"contentUrl\":\"https:\\\/\\\/drherbals.se\\\/wp-content\\\/uploads\\\/2024\\\/09\\\/dr-herbals-logga.png\",\"width\":240,\"height\":138,\"caption\":\"DR. Herbals\"},\"image\":{\"@id\":\"https:\\\/\\\/drherbals.se\\\/#\\\/schema\\\/logo\\\/image\\\/\"},\"sameAs\":[\"https:\\\/\\\/www.facebook.com\\\/drherbals.se\",\"https:\\\/\\\/www.instagram.com\\\/drherbals.se\\\/\"]}]}<\/script>\n<!-- \/ Yoast SEO plugin. -->","yoast_head_json":{"title":"THCB Buds - Super Lemon Haze \/ SATIVA - DR. Herbals","description":"THCB Buds - Super Lemon Haze is a cannabis strain with 20% THCB and 0,3% THC, making it perfect for those seeking calm and relaxation...","robots":{"index":"index","follow":"follow","max-snippet":"max-snippet:-1","max-image-preview":"max-image-preview:large","max-video-preview":"max-video-preview:-1"},"canonical":"https:\/\/drherbals.se\/en\/product\/thcb-buds-super-lemon-haze\/?wmc-currency=EUR","og_locale":"en_US","og_type":"article","og_title":"THCB Buds - Super Lemon Haze \/ SATIVA - DR. Herbals","og_description":"THCB Buds - Super Lemon Haze \u00e4r en cannabisstrain med 20% THCB och 0,3% THC, vilket g\u00f6r den perfekt f\u00f6r de som s\u00f6ker lugn och avslappning...","og_url":"https:\/\/drherbals.se\/en\/product\/thcb-buds-super-lemon-haze\/?wmc-currency=EUR","og_site_name":"DR. Herbals","article_publisher":"https:\/\/www.facebook.com\/drherbals.se","article_modified_time":"2026-04-14T22:06:25+00:00","og_image":[{"width":1000,"height":1000,"url":"https:\/\/drherbals.se\/wp-content\/uploads\/2026\/04\/buds-thcb-super-lemon-haze.webp","type":"image\/webp"}],"twitter_card":"summary_large_image","twitter_misc":{"Est. reading time":"1 minute"},"schema":{"@context":"https:\/\/schema.org","@graph":[{"@type":"WebPage","@id":"https:\/\/drherbals.se\/produkt\/thcb-buds-super-lemon-haze\/","url":"https:\/\/drherbals.se\/produkt\/thcb-buds-super-lemon-haze\/","name":"THCB Buds - Super Lemon Haze \/ SATIVA - DR. Herbals","isPartOf":{"@id":"https:\/\/drherbals.se\/#website"},"primaryImageOfPage":{"@id":"https:\/\/drherbals.se\/produkt\/thcb-buds-super-lemon-haze\/#primaryimage"},"image":{"@id":"https:\/\/drherbals.se\/produkt\/thcb-buds-super-lemon-haze\/#primaryimage"},"thumbnailUrl":"https:\/\/drherbals.se\/wp-content\/uploads\/2026\/04\/buds-thcb-super-lemon-haze.webp","datePublished":"2023-11-11T14:12:05+00:00","dateModified":"2026-04-14T22:06:25+00:00","description":"THCB Buds - Super Lemon Haze is a cannabis strain with 20% THCB and 0,3% THC, making it perfect for those seeking calm and relaxation...","breadcrumb":{"@id":"https:\/\/drherbals.se\/produkt\/thcb-buds-super-lemon-haze\/#breadcrumb"},"inLanguage":"en-US","potentialAction":[{"@type":"ReadAction","target":["https:\/\/drherbals.se\/produkt\/thcb-buds-super-lemon-haze\/"]}]},{"@type":"ImageObject","inLanguage":"en-US","@id":"https:\/\/drherbals.se\/produkt\/thcb-buds-super-lemon-haze\/#primaryimage","url":"https:\/\/drherbals.se\/wp-content\/uploads\/2026\/04\/buds-thcb-super-lemon-haze.webp","contentUrl":"https:\/\/drherbals.se\/wp-content\/uploads\/2026\/04\/buds-thcb-super-lemon-haze.webp","width":1000,"height":1000,"caption":"THCB Buds - Super Lemon Haze - DR. Herbals"},{"@type":"BreadcrumbList","@id":"https:\/\/drherbals.se\/produkt\/thcb-buds-super-lemon-haze\/#breadcrumb","itemListElement":[{"@type":"ListItem","position":1,"name":"Hem","item":"https:\/\/drherbals.se\/"},{"@type":"ListItem","position":2,"name":"Butik","item":"https:\/\/drherbals.se\/butik\/"},{"@type":"ListItem","position":3,"name":"THCB Buds &#8211; Super Lemon Haze \/ SATIVA"}]},{"@type":"WebSite","@id":"https:\/\/drherbals.se\/#website","url":"https:\/\/drherbals.se\/","name":"DR. Herbals","description":"Sweden's widest Cannabis range","publisher":{"@id":"https:\/\/drherbals.se\/#organization"},"alternateName":"DR. H","potentialAction":[{"@type":"SearchAction","target":{"@type":"EntryPoint","urlTemplate":"https:\/\/drherbals.se\/?s={search_term_string}"},"query-input":{"@type":"PropertyValueSpecification","valueRequired":true,"valueName":"search_term_string"}}],"inLanguage":"en-US"},{"@type":"Organization","@id":"https:\/\/drherbals.se\/#organization","name":"DR. Herbals","url":"https:\/\/drherbals.se\/","logo":{"@type":"ImageObject","inLanguage":"en-US","@id":"https:\/\/drherbals.se\/#\/schema\/logo\/image\/","url":"https:\/\/drherbals.se\/wp-content\/uploads\/2024\/09\/dr-herbals-logga.png","contentUrl":"https:\/\/drherbals.se\/wp-content\/uploads\/2024\/09\/dr-herbals-logga.png","width":240,"height":138,"caption":"DR. Herbals"},"image":{"@id":"https:\/\/drherbals.se\/#\/schema\/logo\/image\/"},"sameAs":["https:\/\/www.facebook.com\/drherbals.se","https:\/\/www.instagram.com\/drherbals.se\/"]}]}},"tiered_pricing_type":"fixed","tiered_pricing_fixed_rules":[],"tiered_pricing_product_settings":{"layout":"default","base_unit_name":{"singular":null,"plural":null},"default_variation":null},"tiered_pricing_minimum_quantity":null,"tiered_pricing_roles_data":[],"tiered_pricing_percentage_rules":[],"tiered_pricing_maximum_quantity":null,"tiered_pricing_quantity_step":null,"_links":{"self":[{"href":"https:\/\/drherbals.se\/en\/wp-json\/wp\/v2\/product\/62790","targetHints":{"allow":["GET"]}}],"collection":[{"href":"https:\/\/drherbals.se\/en\/wp-json\/wp\/v2\/product"}],"about":[{"href":"https:\/\/drherbals.se\/en\/wp-json\/wp\/v2\/types\/product"}],"wp:featuredmedia":[{"embeddable":true,"href":"https:\/\/drherbals.se\/en\/wp-json\/wp\/v2\/media\/80819"}],"wp:attachment":[{"href":"https:\/\/drherbals.se\/en\/wp-json\/wp\/v2\/media?parent=62790"}],"wp:term":[{"taxonomy":"product_brand","embeddable":true,"href":"https:\/\/drherbals.se\/en\/wp-json\/wp\/v2\/product_brand?post=62790"},{"taxonomy":"product_cat","embeddable":true,"href":"https:\/\/drherbals.se\/en\/wp-json\/wp\/v2\/product_cat?post=62790"},{"taxonomy":"product_tag","embeddable":true,"href":"https:\/\/drherbals.se\/en\/wp-json\/wp\/v2\/product_tag?post=62790"}],"curies":[{"name":"wp","href":"https:\/\/api.w.org\/{rel}","templated":true}]}}