{"id":56769,"date":"2023-11-10T11:17:23","date_gmt":"2023-11-10T10:17:23","guid":{"rendered":"https:\/\/drherbals.se\/?post_type=product&#038;p=56769"},"modified":"2025-12-22T19:53:54","modified_gmt":"2025-12-22T18:53:54","slug":"cbd-buds-trim-20-24-cbd-hybrid","status":"publish","type":"product","link":"https:\/\/drherbals.se\/en\/product\/cbd-buds-trim-20-24-cbd-hybrid\/","title":{"rendered":"CBD Buds - Trim 20-24% CBD \/ HYBRID"},"content":{"rendered":"<h2><strong>Trimmed CBD Buds<\/strong><\/h2>\n<p>Our perfectly trimmed CBD Buds are a unique hybrid blend of MAC, Gelato #41 and Zkittlez, It combines the best of each strain and offers a balanced aroma. The scent is soft, sweet and creamy with distinct hints of tropical fruit and fresh berries. A subtle note of citrus and caramel rounds off the aroma, giving a fresh but pleasantly sweet character.<\/p>\n<p>All our CBD buds are grown in the EU, from EU-approved hemp and tested to ensure THC levels are below legal limits.<\/p>\n<hr \/>\n<p><span style=\"color: #000000;\"><span style=\"font-size: 19.2px;\"><b>Why are trimmed Buds available?<\/b><\/span><\/span><\/p>\n<p>Trimmed (chopped) CBD Buds exist because some buds come damaged after transportation or don't meet our strict standards for appearance, thickness and compactness. When this happens, we chop down the buds and sell them as a more affordable solution without compromising on quality.<\/p>\n<hr \/>\n<p><span style=\"color: #000000;\"><span style=\"font-size: 19.2px;\"><b>What is the scent of chopped Buds?<\/b><\/span><\/span><\/p>\n<p>As for the scent, chopped CBD Buds retain the characteristic terpene profiles of the hemp flowers. They can have a sweet, citrusy, earthy or spicy scent depending on the specific combination.<\/p>","protected":false},"excerpt":{"rendered":"<p><span style=\"color: #000000;\"><span style=\"font-size: 19.2px;\"><b>Scent of honey, lemon &amp; sweetness<\/b><\/span><\/span><\/p>\n<p>\u2192 Trimmed CBD Buds<br \/>\n\u2192 20%-24% CBD \/ 0,3% THC<br \/>\n\u2192 Third party lab city<br \/>\n\u2192 Fresh flowers<br \/>\n\u2192 Growing method: Indoor (Indoor)<\/p>","protected":false},"featured_media":56777,"template":"","meta":[],"product_brand":[],"product_cat":[1169,15,1174,1191],"product_tag":[984],"class_list":{"0":"post-56769","1":"product","2":"type-product","3":"status-publish","4":"has-post-thumbnail","6":"product_cat-alla-produkter","7":"product_cat-cbd","8":"product_cat-cbd-buds","9":"product_cat-hybrid","10":"product_tag-cbd","12":"first","13":"outofstock","14":"taxable","15":"shipping-taxable","16":"purchasable","17":"product-type-variable"},"yoast_head":"<!-- This site is optimized with the Yoast SEO plugin v27.4 - https:\/\/yoast.com\/product\/yoast-seo-wordpress\/ -->\n<title>CBD Buds - Trim 20-24% CBD \/ HYBRID - DR. Herbals<\/title>\n<meta name=\"description\" content=\"V\u00e5ra perfekt trimmade CBD Buds \u00e4r en unik hybridblandning av MAC, Gelato #41 och Gorilla Glue. Den kombinerar det b\u00e4sta fr\u00e5n varje strain och erbjuder...\" \/>\n<meta name=\"robots\" content=\"index, follow, max-snippet:-1, max-image-preview:large, max-video-preview:-1\" \/>\n<link rel=\"canonical\" href=\"https:\/\/drherbals.se\/en\/product\/cbd-buds-trim-20-24-cbd-hybrid\/?wmc-currency=EUR\" \/>\n<meta property=\"og:locale\" content=\"en_US\" \/>\n<meta property=\"og:type\" content=\"article\" \/>\n<meta property=\"og:title\" content=\"CBD Buds - Trim 20-24% CBD \/ HYBRID - DR. Herbals\" \/>\n<meta property=\"og:description\" content=\"V\u00e5ra perfekt trimmade CBD Buds \u00e4r en unik hybridblandning av MAC, Gelato #41 och Gorilla Glue. Den kombinerar det b\u00e4sta fr\u00e5n varje strain och erbjuder...\" \/>\n<meta property=\"og:url\" content=\"https:\/\/drherbals.se\/en\/product\/cbd-buds-trim-20-24-cbd-hybrid\/?wmc-currency=EUR\" \/>\n<meta property=\"og:site_name\" content=\"DR. Herbals\" \/>\n<meta property=\"article:publisher\" content=\"https:\/\/www.facebook.com\/drherbals.se\" \/>\n<meta property=\"article:modified_time\" content=\"2025-12-22T18:53:54+00:00\" \/>\n<meta property=\"og:image\" content=\"https:\/\/drherbals.se\/wp-content\/uploads\/2024\/12\/hackade-cbd-buds.webp\" \/>\n\t<meta property=\"og:image:width\" content=\"1000\" \/>\n\t<meta property=\"og:image:height\" content=\"1000\" \/>\n\t<meta property=\"og:image:type\" content=\"image\/webp\" \/>\n<meta name=\"twitter:card\" content=\"summary_large_image\" \/>\n<meta name=\"twitter:label1\" content=\"Est. reading time\" \/>\n\t<meta name=\"twitter:data1\" content=\"2 minutes\" \/>\n<script type=\"application\/ld+json\" class=\"yoast-schema-graph\">{\"@context\":\"https:\\\/\\\/schema.org\",\"@graph\":[{\"@type\":\"WebPage\",\"@id\":\"https:\\\/\\\/drherbals.se\\\/produkt\\\/cbd-buds-trim-20-24-cbd-hybrid\\\/\",\"url\":\"https:\\\/\\\/drherbals.se\\\/produkt\\\/cbd-buds-trim-20-24-cbd-hybrid\\\/\",\"name\":\"CBD Buds - Trim 20-24% CBD \\\/ HYBRID - DR. Herbals\",\"isPartOf\":{\"@id\":\"https:\\\/\\\/drherbals.se\\\/#website\"},\"primaryImageOfPage\":{\"@id\":\"https:\\\/\\\/drherbals.se\\\/produkt\\\/cbd-buds-trim-20-24-cbd-hybrid\\\/#primaryimage\"},\"image\":{\"@id\":\"https:\\\/\\\/drherbals.se\\\/produkt\\\/cbd-buds-trim-20-24-cbd-hybrid\\\/#primaryimage\"},\"thumbnailUrl\":\"https:\\\/\\\/drherbals.se\\\/wp-content\\\/uploads\\\/2024\\\/12\\\/hackade-cbd-buds.webp\",\"datePublished\":\"2023-11-10T10:17:23+00:00\",\"dateModified\":\"2025-12-22T18:53:54+00:00\",\"description\":\"V\u00e5ra perfekt trimmade CBD Buds \u00e4r en unik hybridblandning av MAC, Gelato #41 och Gorilla Glue. Den kombinerar det b\u00e4sta fr\u00e5n varje strain och erbjuder...\",\"breadcrumb\":{\"@id\":\"https:\\\/\\\/drherbals.se\\\/produkt\\\/cbd-buds-trim-20-24-cbd-hybrid\\\/#breadcrumb\"},\"inLanguage\":\"en-US\",\"potentialAction\":[{\"@type\":\"ReadAction\",\"target\":[\"https:\\\/\\\/drherbals.se\\\/produkt\\\/cbd-buds-trim-20-24-cbd-hybrid\\\/\"]}]},{\"@type\":\"ImageObject\",\"inLanguage\":\"en-US\",\"@id\":\"https:\\\/\\\/drherbals.se\\\/produkt\\\/cbd-buds-trim-20-24-cbd-hybrid\\\/#primaryimage\",\"url\":\"https:\\\/\\\/drherbals.se\\\/wp-content\\\/uploads\\\/2024\\\/12\\\/hackade-cbd-buds.webp\",\"contentUrl\":\"https:\\\/\\\/drherbals.se\\\/wp-content\\\/uploads\\\/2024\\\/12\\\/hackade-cbd-buds.webp\",\"width\":1000,\"height\":1000,\"caption\":\"Hackade CBD Buds - DR. Herbals\"},{\"@type\":\"BreadcrumbList\",\"@id\":\"https:\\\/\\\/drherbals.se\\\/produkt\\\/cbd-buds-trim-20-24-cbd-hybrid\\\/#breadcrumb\",\"itemListElement\":[{\"@type\":\"ListItem\",\"position\":1,\"name\":\"Hem\",\"item\":\"https:\\\/\\\/drherbals.se\\\/\"},{\"@type\":\"ListItem\",\"position\":2,\"name\":\"Butik\",\"item\":\"https:\\\/\\\/drherbals.se\\\/butik\\\/\"},{\"@type\":\"ListItem\",\"position\":3,\"name\":\"CBD Buds &#8211; Trim 20-24% CBD \\\/ HYBRID\"}]},{\"@type\":\"WebSite\",\"@id\":\"https:\\\/\\\/drherbals.se\\\/#website\",\"url\":\"https:\\\/\\\/drherbals.se\\\/\",\"name\":\"DR. Herbals\",\"description\":\"Sveriges bredaste Cannabis sortiment\",\"publisher\":{\"@id\":\"https:\\\/\\\/drherbals.se\\\/#organization\"},\"alternateName\":\"DR. H\",\"potentialAction\":[{\"@type\":\"SearchAction\",\"target\":{\"@type\":\"EntryPoint\",\"urlTemplate\":\"https:\\\/\\\/drherbals.se\\\/?s={search_term_string}\"},\"query-input\":{\"@type\":\"PropertyValueSpecification\",\"valueRequired\":true,\"valueName\":\"search_term_string\"}}],\"inLanguage\":\"en-US\"},{\"@type\":\"Organization\",\"@id\":\"https:\\\/\\\/drherbals.se\\\/#organization\",\"name\":\"DR. Herbals\",\"url\":\"https:\\\/\\\/drherbals.se\\\/\",\"logo\":{\"@type\":\"ImageObject\",\"inLanguage\":\"en-US\",\"@id\":\"https:\\\/\\\/drherbals.se\\\/#\\\/schema\\\/logo\\\/image\\\/\",\"url\":\"https:\\\/\\\/drherbals.se\\\/wp-content\\\/uploads\\\/2024\\\/09\\\/dr-herbals-logga.png\",\"contentUrl\":\"https:\\\/\\\/drherbals.se\\\/wp-content\\\/uploads\\\/2024\\\/09\\\/dr-herbals-logga.png\",\"width\":240,\"height\":138,\"caption\":\"DR. Herbals\"},\"image\":{\"@id\":\"https:\\\/\\\/drherbals.se\\\/#\\\/schema\\\/logo\\\/image\\\/\"},\"sameAs\":[\"https:\\\/\\\/www.facebook.com\\\/drherbals.se\",\"https:\\\/\\\/www.instagram.com\\\/drherbals.se\\\/\"]}]}<\/script>\n<!-- \/ Yoast SEO plugin. -->","yoast_head_json":{"title":"CBD Buds - Trim 20-24% CBD \/ HYBRID - DR. Herbals","description":"Our perfectly trimmed CBD Buds are a unique hybrid blend of MAC, Gelato #41 and Gorilla Glue. It combines the best of each strain and offers...","robots":{"index":"index","follow":"follow","max-snippet":"max-snippet:-1","max-image-preview":"max-image-preview:large","max-video-preview":"max-video-preview:-1"},"canonical":"https:\/\/drherbals.se\/en\/product\/cbd-buds-trim-20-24-cbd-hybrid\/?wmc-currency=EUR","og_locale":"en_US","og_type":"article","og_title":"CBD Buds - Trim 20-24% CBD \/ HYBRID - DR. Herbals","og_description":"V\u00e5ra perfekt trimmade CBD Buds \u00e4r en unik hybridblandning av MAC, Gelato #41 och Gorilla Glue. Den kombinerar det b\u00e4sta fr\u00e5n varje strain och erbjuder...","og_url":"https:\/\/drherbals.se\/en\/product\/cbd-buds-trim-20-24-cbd-hybrid\/?wmc-currency=EUR","og_site_name":"DR. Herbals","article_publisher":"https:\/\/www.facebook.com\/drherbals.se","article_modified_time":"2025-12-22T18:53:54+00:00","og_image":[{"width":1000,"height":1000,"url":"https:\/\/drherbals.se\/wp-content\/uploads\/2024\/12\/hackade-cbd-buds.webp","type":"image\/webp"}],"twitter_card":"summary_large_image","twitter_misc":{"Est. reading time":"2 minutes"},"schema":{"@context":"https:\/\/schema.org","@graph":[{"@type":"WebPage","@id":"https:\/\/drherbals.se\/produkt\/cbd-buds-trim-20-24-cbd-hybrid\/","url":"https:\/\/drherbals.se\/produkt\/cbd-buds-trim-20-24-cbd-hybrid\/","name":"CBD Buds - Trim 20-24% CBD \/ HYBRID - DR. Herbals","isPartOf":{"@id":"https:\/\/drherbals.se\/#website"},"primaryImageOfPage":{"@id":"https:\/\/drherbals.se\/produkt\/cbd-buds-trim-20-24-cbd-hybrid\/#primaryimage"},"image":{"@id":"https:\/\/drherbals.se\/produkt\/cbd-buds-trim-20-24-cbd-hybrid\/#primaryimage"},"thumbnailUrl":"https:\/\/drherbals.se\/wp-content\/uploads\/2024\/12\/hackade-cbd-buds.webp","datePublished":"2023-11-10T10:17:23+00:00","dateModified":"2025-12-22T18:53:54+00:00","description":"Our perfectly trimmed CBD Buds are a unique hybrid blend of MAC, Gelato #41 and Gorilla Glue. It combines the best of each strain and offers...","breadcrumb":{"@id":"https:\/\/drherbals.se\/produkt\/cbd-buds-trim-20-24-cbd-hybrid\/#breadcrumb"},"inLanguage":"en-US","potentialAction":[{"@type":"ReadAction","target":["https:\/\/drherbals.se\/produkt\/cbd-buds-trim-20-24-cbd-hybrid\/"]}]},{"@type":"ImageObject","inLanguage":"en-US","@id":"https:\/\/drherbals.se\/produkt\/cbd-buds-trim-20-24-cbd-hybrid\/#primaryimage","url":"https:\/\/drherbals.se\/wp-content\/uploads\/2024\/12\/hackade-cbd-buds.webp","contentUrl":"https:\/\/drherbals.se\/wp-content\/uploads\/2024\/12\/hackade-cbd-buds.webp","width":1000,"height":1000,"caption":"Hackade CBD Buds - DR. Herbals"},{"@type":"BreadcrumbList","@id":"https:\/\/drherbals.se\/produkt\/cbd-buds-trim-20-24-cbd-hybrid\/#breadcrumb","itemListElement":[{"@type":"ListItem","position":1,"name":"Hem","item":"https:\/\/drherbals.se\/"},{"@type":"ListItem","position":2,"name":"Butik","item":"https:\/\/drherbals.se\/butik\/"},{"@type":"ListItem","position":3,"name":"CBD Buds &#8211; Trim 20-24% CBD \/ HYBRID"}]},{"@type":"WebSite","@id":"https:\/\/drherbals.se\/#website","url":"https:\/\/drherbals.se\/","name":"DR. Herbals","description":"Sweden's widest Cannabis range","publisher":{"@id":"https:\/\/drherbals.se\/#organization"},"alternateName":"DR. H","potentialAction":[{"@type":"SearchAction","target":{"@type":"EntryPoint","urlTemplate":"https:\/\/drherbals.se\/?s={search_term_string}"},"query-input":{"@type":"PropertyValueSpecification","valueRequired":true,"valueName":"search_term_string"}}],"inLanguage":"en-US"},{"@type":"Organization","@id":"https:\/\/drherbals.se\/#organization","name":"DR. Herbals","url":"https:\/\/drherbals.se\/","logo":{"@type":"ImageObject","inLanguage":"en-US","@id":"https:\/\/drherbals.se\/#\/schema\/logo\/image\/","url":"https:\/\/drherbals.se\/wp-content\/uploads\/2024\/09\/dr-herbals-logga.png","contentUrl":"https:\/\/drherbals.se\/wp-content\/uploads\/2024\/09\/dr-herbals-logga.png","width":240,"height":138,"caption":"DR. Herbals"},"image":{"@id":"https:\/\/drherbals.se\/#\/schema\/logo\/image\/"},"sameAs":["https:\/\/www.facebook.com\/drherbals.se","https:\/\/www.instagram.com\/drherbals.se\/"]}]}},"tiered_pricing_type":"fixed","tiered_pricing_fixed_rules":[],"tiered_pricing_product_settings":{"layout":"default","base_unit_name":{"singular":null,"plural":null},"default_variation":null},"tiered_pricing_minimum_quantity":null,"tiered_pricing_roles_data":[],"tiered_pricing_percentage_rules":[],"tiered_pricing_maximum_quantity":null,"tiered_pricing_quantity_step":null,"_links":{"self":[{"href":"https:\/\/drherbals.se\/en\/wp-json\/wp\/v2\/product\/56769","targetHints":{"allow":["GET"]}}],"collection":[{"href":"https:\/\/drherbals.se\/en\/wp-json\/wp\/v2\/product"}],"about":[{"href":"https:\/\/drherbals.se\/en\/wp-json\/wp\/v2\/types\/product"}],"wp:featuredmedia":[{"embeddable":true,"href":"https:\/\/drherbals.se\/en\/wp-json\/wp\/v2\/media\/56777"}],"wp:attachment":[{"href":"https:\/\/drherbals.se\/en\/wp-json\/wp\/v2\/media?parent=56769"}],"wp:term":[{"taxonomy":"product_brand","embeddable":true,"href":"https:\/\/drherbals.se\/en\/wp-json\/wp\/v2\/product_brand?post=56769"},{"taxonomy":"product_cat","embeddable":true,"href":"https:\/\/drherbals.se\/en\/wp-json\/wp\/v2\/product_cat?post=56769"},{"taxonomy":"product_tag","embeddable":true,"href":"https:\/\/drherbals.se\/en\/wp-json\/wp\/v2\/product_tag?post=56769"}],"curies":[{"name":"wp","href":"https:\/\/api.w.org\/{rel}","templated":true}]}}