{"id":56768,"date":"2024-12-16T13:40:18","date_gmt":"2024-12-16T12:40:18","guid":{"rendered":"https:\/\/drherbals.se\/?post_type=product&#038;p=56768"},"modified":"2026-04-14T00:15:32","modified_gmt":"2026-04-13T22:15:32","slug":"cbd-buds-gelato-41-hybrid","status":"publish","type":"product","link":"https:\/\/drherbals.se\/en\/product\/cbd-buds-gelato-41-hybrid\/","title":{"rendered":"CBD Buds - Gelato #41 \/ HYBRID"},"content":{"rendered":"<h2><strong><span style=\"font-size: 110%;\">Gelato #41 (Hybrid)<\/span><\/strong><\/h2>\n<p>Gelato #41 is an exclusive and popular hemp flower with a distinctive and seductive aroma profile. The flower is grown indoors under carefully controlled conditions, resulting in a compact, sparkling and sticky appearance. This growing method makes it possible to control the entire process - from seed to finished product - to ensure a smooth, high and consistent quality.<\/p>\n<p>This variant is an obvious choice for cannabis enthusiasts who appreciate genuine premium quality. It combines premium seeds and a sophisticated look in a finished product that's hard to beat. Gelato #41 is created for the conscious customer looking for something out of the ordinary - with soft, natural and harmonious scents that convey good energy. Contains 24% CBD and 0,3% THC.<\/p>\n<p>All our CBD buds are grown in the EU, from EU-approved hemp seeds and tested to ensure THC levels are below legal limits.<\/p>\n<hr \/>\n<p><strong><span style=\"font-size: 120%;\">Fragrance notes<\/span><\/strong><\/p>\n<p><strong>Opening:<\/strong> Bergamot, Orange, Cocoa<br \/>\n<strong>Heart:<\/strong> Patchouli, Vanilla<br \/>\n<strong>Bottom:<\/strong> Lychee, Ginger, Bergamot<\/p>","protected":false},"excerpt":{"rendered":"<p><strong><span style=\"font-size: 120%;\">Scent of patchouli, lychee &amp; vanilla<\/span><\/strong><\/p>\n<p>\u2192 Gelato #41 (Hybrid)<br \/>\n\u2192 24% CBD \/ 0,3% THC<br \/>\n\u2192 Third party lab city<br \/>\n\u2192 Compact &amp; fresh flowers<br \/>\n\u2192 Growing method: Indoor (Indoor)<br \/>\n\u2192 5 grams<\/p>","protected":false},"featured_media":80816,"template":"","meta":[],"product_brand":[],"product_cat":[1169,1165,15,1174,1191],"product_tag":[984],"class_list":{"0":"post-56768","1":"product","2":"type-product","3":"status-publish","4":"has-post-thumbnail","6":"product_cat-alla-produkter","7":"product_cat-bastsaljare","8":"product_cat-cbd","9":"product_cat-cbd-buds","10":"product_cat-hybrid","11":"product_tag-cbd","13":"first","14":"outofstock","15":"taxable","16":"shipping-taxable","17":"purchasable","18":"product-type-simple"},"yoast_head":"<!-- This site is optimized with the Yoast SEO plugin v27.4 - https:\/\/yoast.com\/product\/yoast-seo-wordpress\/ -->\n<title>CBD Buds - Gelato #41 \/ HYBRID - DR. Herbals<\/title>\n<meta name=\"description\" content=\"Gelato #41 \u00e4r v\u00e5r X Strong CBD Buds-strain, en kraftfull kombination av avkoppling, eufori och gl\u00e4dje. Denna strain erbjuder en balans av lugnande..\" \/>\n<meta name=\"robots\" content=\"index, follow, max-snippet:-1, max-image-preview:large, max-video-preview:-1\" \/>\n<link rel=\"canonical\" href=\"https:\/\/drherbals.se\/en\/product\/cbd-buds-gelato-41-hybrid\/?wmc-currency=EUR\" \/>\n<meta property=\"og:locale\" content=\"en_US\" \/>\n<meta property=\"og:type\" content=\"article\" \/>\n<meta property=\"og:title\" content=\"CBD Buds - Gelato #41 \/ HYBRID - DR. Herbals\" \/>\n<meta property=\"og:description\" content=\"Gelato #41 \u00e4r v\u00e5r X Strong CBD Buds-strain, en kraftfull kombination av avkoppling, eufori och gl\u00e4dje. Denna strain erbjuder en balans av lugnande..\" \/>\n<meta property=\"og:url\" content=\"https:\/\/drherbals.se\/en\/product\/cbd-buds-gelato-41-hybrid\/?wmc-currency=EUR\" \/>\n<meta property=\"og:site_name\" content=\"DR. Herbals\" \/>\n<meta property=\"article:publisher\" content=\"https:\/\/www.facebook.com\/drherbals.se\" \/>\n<meta property=\"article:modified_time\" content=\"2026-04-13T22:15:32+00:00\" \/>\n<meta property=\"og:image\" content=\"https:\/\/drherbals.se\/wp-content\/uploads\/2026\/04\/buds-gelato41.webp\" \/>\n\t<meta property=\"og:image:width\" content=\"1000\" \/>\n\t<meta property=\"og:image:height\" content=\"1000\" \/>\n\t<meta property=\"og:image:type\" content=\"image\/webp\" \/>\n<meta name=\"twitter:card\" content=\"summary_large_image\" \/>\n<meta name=\"twitter:label1\" content=\"Est. reading time\" \/>\n\t<meta name=\"twitter:data1\" content=\"1 minute\" \/>\n<script type=\"application\/ld+json\" class=\"yoast-schema-graph\">{\"@context\":\"https:\\\/\\\/schema.org\",\"@graph\":[{\"@type\":\"WebPage\",\"@id\":\"https:\\\/\\\/drherbals.se\\\/produkt\\\/cbd-buds-gelato-41-hybrid\\\/\",\"url\":\"https:\\\/\\\/drherbals.se\\\/produkt\\\/cbd-buds-gelato-41-hybrid\\\/\",\"name\":\"CBD Buds - Gelato #41 \\\/ HYBRID - DR. Herbals\",\"isPartOf\":{\"@id\":\"https:\\\/\\\/drherbals.se\\\/#website\"},\"primaryImageOfPage\":{\"@id\":\"https:\\\/\\\/drherbals.se\\\/produkt\\\/cbd-buds-gelato-41-hybrid\\\/#primaryimage\"},\"image\":{\"@id\":\"https:\\\/\\\/drherbals.se\\\/produkt\\\/cbd-buds-gelato-41-hybrid\\\/#primaryimage\"},\"thumbnailUrl\":\"https:\\\/\\\/drherbals.se\\\/wp-content\\\/uploads\\\/2026\\\/04\\\/buds-gelato41.webp\",\"datePublished\":\"2024-12-16T12:40:18+00:00\",\"dateModified\":\"2026-04-13T22:15:32+00:00\",\"description\":\"Gelato #41 \u00e4r v\u00e5r X Strong CBD Buds-strain, en kraftfull kombination av avkoppling, eufori och gl\u00e4dje. Denna strain erbjuder en balans av lugnande..\",\"breadcrumb\":{\"@id\":\"https:\\\/\\\/drherbals.se\\\/produkt\\\/cbd-buds-gelato-41-hybrid\\\/#breadcrumb\"},\"inLanguage\":\"en-US\",\"potentialAction\":[{\"@type\":\"ReadAction\",\"target\":[\"https:\\\/\\\/drherbals.se\\\/produkt\\\/cbd-buds-gelato-41-hybrid\\\/\"]}]},{\"@type\":\"ImageObject\",\"inLanguage\":\"en-US\",\"@id\":\"https:\\\/\\\/drherbals.se\\\/produkt\\\/cbd-buds-gelato-41-hybrid\\\/#primaryimage\",\"url\":\"https:\\\/\\\/drherbals.se\\\/wp-content\\\/uploads\\\/2026\\\/04\\\/buds-gelato41.webp\",\"contentUrl\":\"https:\\\/\\\/drherbals.se\\\/wp-content\\\/uploads\\\/2026\\\/04\\\/buds-gelato41.webp\",\"width\":1000,\"height\":1000,\"caption\":\"Gelato #41 - CBD Buds - DR. Herbals\"},{\"@type\":\"BreadcrumbList\",\"@id\":\"https:\\\/\\\/drherbals.se\\\/produkt\\\/cbd-buds-gelato-41-hybrid\\\/#breadcrumb\",\"itemListElement\":[{\"@type\":\"ListItem\",\"position\":1,\"name\":\"Hem\",\"item\":\"https:\\\/\\\/drherbals.se\\\/\"},{\"@type\":\"ListItem\",\"position\":2,\"name\":\"Butik\",\"item\":\"https:\\\/\\\/drherbals.se\\\/butik\\\/\"},{\"@type\":\"ListItem\",\"position\":3,\"name\":\"CBD Buds &#8211; Gelato #41 \\\/ HYBRID\"}]},{\"@type\":\"WebSite\",\"@id\":\"https:\\\/\\\/drherbals.se\\\/#website\",\"url\":\"https:\\\/\\\/drherbals.se\\\/\",\"name\":\"DR. Herbals\",\"description\":\"Sveriges bredaste Cannabis sortiment\",\"publisher\":{\"@id\":\"https:\\\/\\\/drherbals.se\\\/#organization\"},\"alternateName\":\"DR. H\",\"potentialAction\":[{\"@type\":\"SearchAction\",\"target\":{\"@type\":\"EntryPoint\",\"urlTemplate\":\"https:\\\/\\\/drherbals.se\\\/?s={search_term_string}\"},\"query-input\":{\"@type\":\"PropertyValueSpecification\",\"valueRequired\":true,\"valueName\":\"search_term_string\"}}],\"inLanguage\":\"en-US\"},{\"@type\":\"Organization\",\"@id\":\"https:\\\/\\\/drherbals.se\\\/#organization\",\"name\":\"DR. Herbals\",\"url\":\"https:\\\/\\\/drherbals.se\\\/\",\"logo\":{\"@type\":\"ImageObject\",\"inLanguage\":\"en-US\",\"@id\":\"https:\\\/\\\/drherbals.se\\\/#\\\/schema\\\/logo\\\/image\\\/\",\"url\":\"https:\\\/\\\/drherbals.se\\\/wp-content\\\/uploads\\\/2024\\\/09\\\/dr-herbals-logga.png\",\"contentUrl\":\"https:\\\/\\\/drherbals.se\\\/wp-content\\\/uploads\\\/2024\\\/09\\\/dr-herbals-logga.png\",\"width\":240,\"height\":138,\"caption\":\"DR. Herbals\"},\"image\":{\"@id\":\"https:\\\/\\\/drherbals.se\\\/#\\\/schema\\\/logo\\\/image\\\/\"},\"sameAs\":[\"https:\\\/\\\/www.facebook.com\\\/drherbals.se\",\"https:\\\/\\\/www.instagram.com\\\/drherbals.se\\\/\"]}]}<\/script>\n<!-- \/ Yoast SEO plugin. -->","yoast_head_json":{"title":"CBD Buds - Gelato #41 \/ HYBRID - DR. Herbals","description":"Gelato #41 is our X Strong CBD Buds strain, a powerful combination of relaxation, euphoria and joy. This strain offers a balance of calming...","robots":{"index":"index","follow":"follow","max-snippet":"max-snippet:-1","max-image-preview":"max-image-preview:large","max-video-preview":"max-video-preview:-1"},"canonical":"https:\/\/drherbals.se\/en\/product\/cbd-buds-gelato-41-hybrid\/?wmc-currency=EUR","og_locale":"en_US","og_type":"article","og_title":"CBD Buds - Gelato #41 \/ HYBRID - DR. Herbals","og_description":"Gelato #41 \u00e4r v\u00e5r X Strong CBD Buds-strain, en kraftfull kombination av avkoppling, eufori och gl\u00e4dje. Denna strain erbjuder en balans av lugnande..","og_url":"https:\/\/drherbals.se\/en\/product\/cbd-buds-gelato-41-hybrid\/?wmc-currency=EUR","og_site_name":"DR. Herbals","article_publisher":"https:\/\/www.facebook.com\/drherbals.se","article_modified_time":"2026-04-13T22:15:32+00:00","og_image":[{"width":1000,"height":1000,"url":"https:\/\/drherbals.se\/wp-content\/uploads\/2026\/04\/buds-gelato41.webp","type":"image\/webp"}],"twitter_card":"summary_large_image","twitter_misc":{"Est. reading time":"1 minute"},"schema":{"@context":"https:\/\/schema.org","@graph":[{"@type":"WebPage","@id":"https:\/\/drherbals.se\/produkt\/cbd-buds-gelato-41-hybrid\/","url":"https:\/\/drherbals.se\/produkt\/cbd-buds-gelato-41-hybrid\/","name":"CBD Buds - Gelato #41 \/ HYBRID - DR. Herbals","isPartOf":{"@id":"https:\/\/drherbals.se\/#website"},"primaryImageOfPage":{"@id":"https:\/\/drherbals.se\/produkt\/cbd-buds-gelato-41-hybrid\/#primaryimage"},"image":{"@id":"https:\/\/drherbals.se\/produkt\/cbd-buds-gelato-41-hybrid\/#primaryimage"},"thumbnailUrl":"https:\/\/drherbals.se\/wp-content\/uploads\/2026\/04\/buds-gelato41.webp","datePublished":"2024-12-16T12:40:18+00:00","dateModified":"2026-04-13T22:15:32+00:00","description":"Gelato #41 is our X Strong CBD Buds strain, a powerful combination of relaxation, euphoria and joy. This strain offers a balance of calming...","breadcrumb":{"@id":"https:\/\/drherbals.se\/produkt\/cbd-buds-gelato-41-hybrid\/#breadcrumb"},"inLanguage":"en-US","potentialAction":[{"@type":"ReadAction","target":["https:\/\/drherbals.se\/produkt\/cbd-buds-gelato-41-hybrid\/"]}]},{"@type":"ImageObject","inLanguage":"en-US","@id":"https:\/\/drherbals.se\/produkt\/cbd-buds-gelato-41-hybrid\/#primaryimage","url":"https:\/\/drherbals.se\/wp-content\/uploads\/2026\/04\/buds-gelato41.webp","contentUrl":"https:\/\/drherbals.se\/wp-content\/uploads\/2026\/04\/buds-gelato41.webp","width":1000,"height":1000,"caption":"Gelato #41 - CBD Buds - DR. Herbals"},{"@type":"BreadcrumbList","@id":"https:\/\/drherbals.se\/produkt\/cbd-buds-gelato-41-hybrid\/#breadcrumb","itemListElement":[{"@type":"ListItem","position":1,"name":"Hem","item":"https:\/\/drherbals.se\/"},{"@type":"ListItem","position":2,"name":"Butik","item":"https:\/\/drherbals.se\/butik\/"},{"@type":"ListItem","position":3,"name":"CBD Buds &#8211; Gelato #41 \/ HYBRID"}]},{"@type":"WebSite","@id":"https:\/\/drherbals.se\/#website","url":"https:\/\/drherbals.se\/","name":"DR. Herbals","description":"Sweden's widest Cannabis range","publisher":{"@id":"https:\/\/drherbals.se\/#organization"},"alternateName":"DR. H","potentialAction":[{"@type":"SearchAction","target":{"@type":"EntryPoint","urlTemplate":"https:\/\/drherbals.se\/?s={search_term_string}"},"query-input":{"@type":"PropertyValueSpecification","valueRequired":true,"valueName":"search_term_string"}}],"inLanguage":"en-US"},{"@type":"Organization","@id":"https:\/\/drherbals.se\/#organization","name":"DR. Herbals","url":"https:\/\/drherbals.se\/","logo":{"@type":"ImageObject","inLanguage":"en-US","@id":"https:\/\/drherbals.se\/#\/schema\/logo\/image\/","url":"https:\/\/drherbals.se\/wp-content\/uploads\/2024\/09\/dr-herbals-logga.png","contentUrl":"https:\/\/drherbals.se\/wp-content\/uploads\/2024\/09\/dr-herbals-logga.png","width":240,"height":138,"caption":"DR. Herbals"},"image":{"@id":"https:\/\/drherbals.se\/#\/schema\/logo\/image\/"},"sameAs":["https:\/\/www.facebook.com\/drherbals.se","https:\/\/www.instagram.com\/drherbals.se\/"]}]}},"tiered_pricing_type":"fixed","tiered_pricing_fixed_rules":[],"tiered_pricing_product_settings":{"layout":"default","base_unit_name":{"singular":null,"plural":null},"default_variation":null},"tiered_pricing_minimum_quantity":null,"tiered_pricing_roles_data":[],"tiered_pricing_percentage_rules":[],"tiered_pricing_maximum_quantity":null,"tiered_pricing_quantity_step":null,"_links":{"self":[{"href":"https:\/\/drherbals.se\/en\/wp-json\/wp\/v2\/product\/56768","targetHints":{"allow":["GET"]}}],"collection":[{"href":"https:\/\/drherbals.se\/en\/wp-json\/wp\/v2\/product"}],"about":[{"href":"https:\/\/drherbals.se\/en\/wp-json\/wp\/v2\/types\/product"}],"wp:featuredmedia":[{"embeddable":true,"href":"https:\/\/drherbals.se\/en\/wp-json\/wp\/v2\/media\/80816"}],"wp:attachment":[{"href":"https:\/\/drherbals.se\/en\/wp-json\/wp\/v2\/media?parent=56768"}],"wp:term":[{"taxonomy":"product_brand","embeddable":true,"href":"https:\/\/drherbals.se\/en\/wp-json\/wp\/v2\/product_brand?post=56768"},{"taxonomy":"product_cat","embeddable":true,"href":"https:\/\/drherbals.se\/en\/wp-json\/wp\/v2\/product_cat?post=56768"},{"taxonomy":"product_tag","embeddable":true,"href":"https:\/\/drherbals.se\/en\/wp-json\/wp\/v2\/product_tag?post=56768"}],"curies":[{"name":"wp","href":"https:\/\/api.w.org\/{rel}","templated":true}]}}