{"id":56764,"date":"2024-12-16T14:08:41","date_gmt":"2024-12-16T13:08:41","guid":{"rendered":"https:\/\/drherbals.se\/?post_type=product&#038;p=56764"},"modified":"2026-04-14T16:49:43","modified_gmt":"2026-04-14T14:49:43","slug":"zkittlez-cbd-buds","status":"publish","type":"product","link":"https:\/\/drherbals.se\/en\/product\/zkittlez-cbd-buds\/","title":{"rendered":"CBD Buds - Zkittlez \/ INDICA"},"content":{"rendered":"<h2><strong><span style=\"font-size: 110%\">Zkittlez (Indica)<\/span><\/strong><\/h2>\n<p>Zkittlez is an exclusive hemp flower with bright hues and sparkling crystals (tricomes) that catch the eye immediately. This popular variety has taken the US by storm and has now finally reached Europe - much to the delight of cannabis enthusiasts looking for a flower out of the ordinary. The aroma is soft, sweet and creamy with distinct hints of tropical fruit and fresh berries. A subtle note of citrus and caramel rounds off the aroma, giving a fresh but pleasantly sweet character.<\/p>\n<p>The flower is grown indoors in the EU under carefully controlled conditions, resulting in a compact, sparkling and sticky appearance. Indoor growing allows full control over the entire process - from seed to finished product - ensuring even, high and consistent quality. Zkittlez is the obvious choice for those looking for premium quality. It combines premium EU-approved seeds, a sophisticated look and an exquisite scent profile in a product that's hard to beat.<\/p>\n<p>All our CBD buds are grown in the EU, from EU-approved hemp seeds and tested to ensure THC levels are below legal limits.<\/p>\n<hr \/>\n<p><strong><span style=\"font-size: 120%\">Fragrance notes:<\/span><\/strong><\/p>\n<p><strong>Opening:<\/strong> Blood orange, Black pepper, Spices<br \/>\n<strong>Heart:<\/strong> Bear, Orange<br \/>\n<strong>Bottom:<\/strong> Precious woods, Sugar, White sandalwood<\/p>","protected":false},"excerpt":{"rendered":"<p><strong><span style=\"font-size: 120%\">Scent of berries, orange &amp; strawberries<\/span><\/strong><\/p>\n<p>\u2192 Zkittlez (Indica)<br \/>\n\u2192 20% CBD \/ 0,3% THC<br \/>\n\u2192 Third party lab city<br \/>\n\u2192 Compact &amp; fresh flowers<br \/>\n\u2192 Growing method: Indoor (Indoor)<br \/>\n\u2192 5 grams<\/p>","protected":false},"featured_media":80814,"template":"","meta":[],"product_brand":[],"product_cat":[1169,1165,15,1174,1167],"product_tag":[984],"class_list":{"0":"post-56764","1":"product","2":"type-product","3":"status-publish","4":"has-post-thumbnail","6":"product_cat-alla-produkter","7":"product_cat-bastsaljare","8":"product_cat-cbd","9":"product_cat-cbd-buds","10":"product_cat-indica","11":"product_tag-cbd","13":"first","14":"instock","15":"taxable","16":"shipping-taxable","17":"purchasable","18":"product-type-simple"},"yoast_head":"<!-- This site is optimized with the Yoast SEO plugin v27.4 - https:\/\/yoast.com\/product\/yoast-seo-wordpress\/ -->\n<title>CBD Buds - Zkittlez \/ INDICA - DR. Herbals<\/title>\n<meta name=\"description\" content=\"Zkittlez CBD Buds \u00e4r en cannabisstrain med 20% CBD och 0,3% THC, vilket g\u00f6r den perfekt f\u00f6r de som s\u00f6ker lugn och avslappning utan starka psykoaktiva...\" \/>\n<meta name=\"robots\" content=\"index, follow, max-snippet:-1, max-image-preview:large, max-video-preview:-1\" \/>\n<link rel=\"canonical\" href=\"https:\/\/drherbals.se\/en\/product\/zkittlez-cbd-buds\/?wmc-currency=EUR\" \/>\n<meta property=\"og:locale\" content=\"en_US\" \/>\n<meta property=\"og:type\" content=\"article\" \/>\n<meta property=\"og:title\" content=\"CBD Buds - Zkittlez \/ INDICA - DR. Herbals\" \/>\n<meta property=\"og:description\" content=\"Zkittlez CBD Buds \u00e4r en cannabisstrain med 20% CBD och 0,3% THC, vilket g\u00f6r den perfekt f\u00f6r de som s\u00f6ker lugn och avslappning utan starka psykoaktiva...\" \/>\n<meta property=\"og:url\" content=\"https:\/\/drherbals.se\/en\/product\/zkittlez-cbd-buds\/?wmc-currency=EUR\" \/>\n<meta property=\"og:site_name\" content=\"DR. Herbals\" \/>\n<meta property=\"article:publisher\" content=\"https:\/\/www.facebook.com\/drherbals.se\" \/>\n<meta property=\"article:modified_time\" content=\"2026-04-14T14:49:43+00:00\" \/>\n<meta property=\"og:image\" content=\"https:\/\/drherbals.se\/wp-content\/uploads\/2026\/04\/buds-zkittlez.webp\" \/>\n\t<meta property=\"og:image:width\" content=\"1000\" \/>\n\t<meta property=\"og:image:height\" content=\"1000\" \/>\n\t<meta property=\"og:image:type\" content=\"image\/webp\" \/>\n<meta name=\"twitter:card\" content=\"summary_large_image\" \/>\n<meta name=\"twitter:label1\" content=\"Est. reading time\" \/>\n\t<meta name=\"twitter:data1\" content=\"2 minutes\" \/>\n<script type=\"application\/ld+json\" class=\"yoast-schema-graph\">{\"@context\":\"https:\\\/\\\/schema.org\",\"@graph\":[{\"@type\":\"WebPage\",\"@id\":\"https:\\\/\\\/drherbals.se\\\/produkt\\\/zkittlez-cbd-buds\\\/\",\"url\":\"https:\\\/\\\/drherbals.se\\\/produkt\\\/zkittlez-cbd-buds\\\/\",\"name\":\"CBD Buds - Zkittlez \\\/ INDICA - DR. Herbals\",\"isPartOf\":{\"@id\":\"https:\\\/\\\/drherbals.se\\\/#website\"},\"primaryImageOfPage\":{\"@id\":\"https:\\\/\\\/drherbals.se\\\/produkt\\\/zkittlez-cbd-buds\\\/#primaryimage\"},\"image\":{\"@id\":\"https:\\\/\\\/drherbals.se\\\/produkt\\\/zkittlez-cbd-buds\\\/#primaryimage\"},\"thumbnailUrl\":\"https:\\\/\\\/drherbals.se\\\/wp-content\\\/uploads\\\/2026\\\/04\\\/buds-zkittlez.webp\",\"datePublished\":\"2024-12-16T13:08:41+00:00\",\"dateModified\":\"2026-04-14T14:49:43+00:00\",\"description\":\"Zkittlez CBD Buds \u00e4r en cannabisstrain med 20% CBD och 0,3% THC, vilket g\u00f6r den perfekt f\u00f6r de som s\u00f6ker lugn och avslappning utan starka psykoaktiva...\",\"breadcrumb\":{\"@id\":\"https:\\\/\\\/drherbals.se\\\/produkt\\\/zkittlez-cbd-buds\\\/#breadcrumb\"},\"inLanguage\":\"en-US\",\"potentialAction\":[{\"@type\":\"ReadAction\",\"target\":[\"https:\\\/\\\/drherbals.se\\\/produkt\\\/zkittlez-cbd-buds\\\/\"]}]},{\"@type\":\"ImageObject\",\"inLanguage\":\"en-US\",\"@id\":\"https:\\\/\\\/drherbals.se\\\/produkt\\\/zkittlez-cbd-buds\\\/#primaryimage\",\"url\":\"https:\\\/\\\/drherbals.se\\\/wp-content\\\/uploads\\\/2026\\\/04\\\/buds-zkittlez.webp\",\"contentUrl\":\"https:\\\/\\\/drherbals.se\\\/wp-content\\\/uploads\\\/2026\\\/04\\\/buds-zkittlez.webp\",\"width\":1000,\"height\":1000,\"caption\":\"Zkittlez - CBD Buds - DR. Herbals\"},{\"@type\":\"BreadcrumbList\",\"@id\":\"https:\\\/\\\/drherbals.se\\\/produkt\\\/zkittlez-cbd-buds\\\/#breadcrumb\",\"itemListElement\":[{\"@type\":\"ListItem\",\"position\":1,\"name\":\"Hem\",\"item\":\"https:\\\/\\\/drherbals.se\\\/\"},{\"@type\":\"ListItem\",\"position\":2,\"name\":\"Butik\",\"item\":\"https:\\\/\\\/drherbals.se\\\/butik\\\/\"},{\"@type\":\"ListItem\",\"position\":3,\"name\":\"CBD Buds &#8211; Zkittlez \\\/ INDICA\"}]},{\"@type\":\"WebSite\",\"@id\":\"https:\\\/\\\/drherbals.se\\\/#website\",\"url\":\"https:\\\/\\\/drherbals.se\\\/\",\"name\":\"DR. Herbals\",\"description\":\"Sveriges bredaste Cannabis sortiment\",\"publisher\":{\"@id\":\"https:\\\/\\\/drherbals.se\\\/#organization\"},\"alternateName\":\"DR. H\",\"potentialAction\":[{\"@type\":\"SearchAction\",\"target\":{\"@type\":\"EntryPoint\",\"urlTemplate\":\"https:\\\/\\\/drherbals.se\\\/?s={search_term_string}\"},\"query-input\":{\"@type\":\"PropertyValueSpecification\",\"valueRequired\":true,\"valueName\":\"search_term_string\"}}],\"inLanguage\":\"en-US\"},{\"@type\":\"Organization\",\"@id\":\"https:\\\/\\\/drherbals.se\\\/#organization\",\"name\":\"DR. Herbals\",\"url\":\"https:\\\/\\\/drherbals.se\\\/\",\"logo\":{\"@type\":\"ImageObject\",\"inLanguage\":\"en-US\",\"@id\":\"https:\\\/\\\/drherbals.se\\\/#\\\/schema\\\/logo\\\/image\\\/\",\"url\":\"https:\\\/\\\/drherbals.se\\\/wp-content\\\/uploads\\\/2024\\\/09\\\/dr-herbals-logga.png\",\"contentUrl\":\"https:\\\/\\\/drherbals.se\\\/wp-content\\\/uploads\\\/2024\\\/09\\\/dr-herbals-logga.png\",\"width\":240,\"height\":138,\"caption\":\"DR. Herbals\"},\"image\":{\"@id\":\"https:\\\/\\\/drherbals.se\\\/#\\\/schema\\\/logo\\\/image\\\/\"},\"sameAs\":[\"https:\\\/\\\/www.facebook.com\\\/drherbals.se\",\"https:\\\/\\\/www.instagram.com\\\/drherbals.se\\\/\"]}]}<\/script>\n<!-- \/ Yoast SEO plugin. -->","yoast_head_json":{"title":"CBD Buds - Zkittlez \/ INDICA - DR. Herbals","description":"Zkittlez CBD Buds is a cannabis strain with 20% CBD and 0,3% THC, making it perfect for those seeking calm and relaxation without strong psychoactive...","robots":{"index":"index","follow":"follow","max-snippet":"max-snippet:-1","max-image-preview":"max-image-preview:large","max-video-preview":"max-video-preview:-1"},"canonical":"https:\/\/drherbals.se\/en\/product\/zkittlez-cbd-buds\/?wmc-currency=EUR","og_locale":"en_US","og_type":"article","og_title":"CBD Buds - Zkittlez \/ INDICA - DR. Herbals","og_description":"Zkittlez CBD Buds \u00e4r en cannabisstrain med 20% CBD och 0,3% THC, vilket g\u00f6r den perfekt f\u00f6r de som s\u00f6ker lugn och avslappning utan starka psykoaktiva...","og_url":"https:\/\/drherbals.se\/en\/product\/zkittlez-cbd-buds\/?wmc-currency=EUR","og_site_name":"DR. Herbals","article_publisher":"https:\/\/www.facebook.com\/drherbals.se","article_modified_time":"2026-04-14T14:49:43+00:00","og_image":[{"width":1000,"height":1000,"url":"https:\/\/drherbals.se\/wp-content\/uploads\/2026\/04\/buds-zkittlez.webp","type":"image\/webp"}],"twitter_card":"summary_large_image","twitter_misc":{"Est. reading time":"2 minutes"},"schema":{"@context":"https:\/\/schema.org","@graph":[{"@type":"WebPage","@id":"https:\/\/drherbals.se\/produkt\/zkittlez-cbd-buds\/","url":"https:\/\/drherbals.se\/produkt\/zkittlez-cbd-buds\/","name":"CBD Buds - Zkittlez \/ INDICA - DR. Herbals","isPartOf":{"@id":"https:\/\/drherbals.se\/#website"},"primaryImageOfPage":{"@id":"https:\/\/drherbals.se\/produkt\/zkittlez-cbd-buds\/#primaryimage"},"image":{"@id":"https:\/\/drherbals.se\/produkt\/zkittlez-cbd-buds\/#primaryimage"},"thumbnailUrl":"https:\/\/drherbals.se\/wp-content\/uploads\/2026\/04\/buds-zkittlez.webp","datePublished":"2024-12-16T13:08:41+00:00","dateModified":"2026-04-14T14:49:43+00:00","description":"Zkittlez CBD Buds is a cannabis strain with 20% CBD and 0,3% THC, making it perfect for those seeking calm and relaxation without strong psychoactive...","breadcrumb":{"@id":"https:\/\/drherbals.se\/produkt\/zkittlez-cbd-buds\/#breadcrumb"},"inLanguage":"en-US","potentialAction":[{"@type":"ReadAction","target":["https:\/\/drherbals.se\/produkt\/zkittlez-cbd-buds\/"]}]},{"@type":"ImageObject","inLanguage":"en-US","@id":"https:\/\/drherbals.se\/produkt\/zkittlez-cbd-buds\/#primaryimage","url":"https:\/\/drherbals.se\/wp-content\/uploads\/2026\/04\/buds-zkittlez.webp","contentUrl":"https:\/\/drherbals.se\/wp-content\/uploads\/2026\/04\/buds-zkittlez.webp","width":1000,"height":1000,"caption":"Zkittlez - CBD Buds - DR. Herbals"},{"@type":"BreadcrumbList","@id":"https:\/\/drherbals.se\/produkt\/zkittlez-cbd-buds\/#breadcrumb","itemListElement":[{"@type":"ListItem","position":1,"name":"Hem","item":"https:\/\/drherbals.se\/"},{"@type":"ListItem","position":2,"name":"Butik","item":"https:\/\/drherbals.se\/butik\/"},{"@type":"ListItem","position":3,"name":"CBD Buds &#8211; Zkittlez \/ INDICA"}]},{"@type":"WebSite","@id":"https:\/\/drherbals.se\/#website","url":"https:\/\/drherbals.se\/","name":"DR. Herbals","description":"Sweden's widest Cannabis range","publisher":{"@id":"https:\/\/drherbals.se\/#organization"},"alternateName":"DR. H","potentialAction":[{"@type":"SearchAction","target":{"@type":"EntryPoint","urlTemplate":"https:\/\/drherbals.se\/?s={search_term_string}"},"query-input":{"@type":"PropertyValueSpecification","valueRequired":true,"valueName":"search_term_string"}}],"inLanguage":"en-US"},{"@type":"Organization","@id":"https:\/\/drherbals.se\/#organization","name":"DR. Herbals","url":"https:\/\/drherbals.se\/","logo":{"@type":"ImageObject","inLanguage":"en-US","@id":"https:\/\/drherbals.se\/#\/schema\/logo\/image\/","url":"https:\/\/drherbals.se\/wp-content\/uploads\/2024\/09\/dr-herbals-logga.png","contentUrl":"https:\/\/drherbals.se\/wp-content\/uploads\/2024\/09\/dr-herbals-logga.png","width":240,"height":138,"caption":"DR. Herbals"},"image":{"@id":"https:\/\/drherbals.se\/#\/schema\/logo\/image\/"},"sameAs":["https:\/\/www.facebook.com\/drherbals.se","https:\/\/www.instagram.com\/drherbals.se\/"]}]}},"tiered_pricing_type":"fixed","tiered_pricing_fixed_rules":[],"tiered_pricing_product_settings":{"layout":"default","base_unit_name":{"singular":null,"plural":null},"default_variation":null},"tiered_pricing_minimum_quantity":null,"tiered_pricing_roles_data":[],"tiered_pricing_percentage_rules":[],"tiered_pricing_maximum_quantity":null,"tiered_pricing_quantity_step":null,"_links":{"self":[{"href":"https:\/\/drherbals.se\/en\/wp-json\/wp\/v2\/product\/56764","targetHints":{"allow":["GET"]}}],"collection":[{"href":"https:\/\/drherbals.se\/en\/wp-json\/wp\/v2\/product"}],"about":[{"href":"https:\/\/drherbals.se\/en\/wp-json\/wp\/v2\/types\/product"}],"wp:featuredmedia":[{"embeddable":true,"href":"https:\/\/drherbals.se\/en\/wp-json\/wp\/v2\/media\/80814"}],"wp:attachment":[{"href":"https:\/\/drherbals.se\/en\/wp-json\/wp\/v2\/media?parent=56764"}],"wp:term":[{"taxonomy":"product_brand","embeddable":true,"href":"https:\/\/drherbals.se\/en\/wp-json\/wp\/v2\/product_brand?post=56764"},{"taxonomy":"product_cat","embeddable":true,"href":"https:\/\/drherbals.se\/en\/wp-json\/wp\/v2\/product_cat?post=56764"},{"taxonomy":"product_tag","embeddable":true,"href":"https:\/\/drherbals.se\/en\/wp-json\/wp\/v2\/product_tag?post=56764"}],"curies":[{"name":"wp","href":"https:\/\/api.w.org\/{rel}","templated":true}]}}