{"id":55326,"date":"2024-11-20T11:17:36","date_gmt":"2024-11-20T10:17:36","guid":{"rendered":"https:\/\/drherbals.se\/?post_type=product&#038;p=55326"},"modified":"2026-01-31T17:31:58","modified_gmt":"2026-01-31T16:31:58","slug":"limited-edition-hoodie-money-toothpaste","status":"publish","type":"product","link":"https:\/\/drherbals.se\/en\/product\/limited-edition-hoodie-money-toothpaste\/","title":{"rendered":"Hoodie - Money Toothpaste"},"content":{"rendered":"<p><em><strong>Vision<\/strong><\/em><\/p>\n<p>There's more to this hoodie than just style - it's a mirror of our times and a reflection on the value we place on material things. The design features a tube of toothpaste, made from money, with the cream forming a dollar sign - a subtle reminder of how capitalism permeates even the most mundane aspects of our lives.<\/p>\n<p>The phrase \"put your money where your mouth is\" has a double meaning here. Is it an exhortative statement, or an ironic comment on the power of consumption? The hoodie asks questions about what we value, and whether the price of success is really measured in numbers or something deeper.<\/p>\n<p>This hoodie is not just a garment - it's a conversation, an invitation to think and perhaps smile at the absurdity of our priorities. It's a celebration of creativity, awareness and the strength to wear your own interpretation.<\/p>","protected":false},"excerpt":{"rendered":"<p><span style=\"font-size: 100%\">Take your style to the next level with this exclusive hoodie - a must-have for those who want both comfort and attitude in one garment. Make a bold statement with our latest hoodie, an artfully crafted design that captures the essence of \"put your money where your mouth is\". This unique sweater combines creativity and style for those who dare to stand out.<\/span><\/p>\n<p><span style=\"font-size: 100%\">\u2192 <strong>fit<\/strong>Unisex, Oversized for a modern and comfortable look<\/span><br \/>\n<span style=\"font-size: 100%\">\u2192<strong> material<\/strong>: 100% cotton<\/span><br \/>\n<span style=\"font-size: 100%\">\u2192 <strong>Made in<\/strong>: Sweden with care and quality<\/span><br \/>\n<span style=\"font-size: 100%\">\u2192 <strong>Washing instructions<\/strong>: Machine wash at 40\u00b0C<\/span><\/p>","protected":false},"featured_media":55940,"template":"","meta":[],"product_brand":[],"product_cat":[1110],"product_tag":[],"class_list":{"0":"post-55326","1":"product","2":"type-product","3":"status-publish","4":"has-post-thumbnail","6":"product_cat-klader-limited-edition","8":"first","9":"instock","10":"taxable","11":"shipping-taxable","12":"purchasable","13":"product-type-variable"},"yoast_head":"<!-- This site is optimized with the Yoast SEO plugin v27.3 - https:\/\/yoast.com\/product\/yoast-seo-wordpress\/ -->\n<title>Hoodie \u2013 Money Toothpaste - DR. Herbals<\/title>\n<meta name=\"description\" content=\"Ta din stil till n\u00e4sta niv\u00e5 med denna exklusiva hoodie \u2013 ett m\u00e5ste f\u00f6r dig som vill ha b\u00e5de komfort och attityd i ett och samma plagg. G\u00f6r ett v\u00e5gat...\" \/>\n<meta name=\"robots\" content=\"index, follow, max-snippet:-1, max-image-preview:large, max-video-preview:-1\" \/>\n<link rel=\"canonical\" href=\"https:\/\/drherbals.se\/en\/product\/thca-vape-strawberry-cough\/?wmc-currency=EUR\" \/>\n<meta property=\"og:locale\" content=\"en_US\" \/>\n<meta property=\"og:type\" content=\"article\" \/>\n<meta property=\"og:title\" content=\"Hoodie \u2013 Money Toothpaste - DR. Herbals\" \/>\n<meta property=\"og:description\" content=\"Ta din stil till n\u00e4sta niv\u00e5 med denna exklusiva hoodie \u2013 ett m\u00e5ste f\u00f6r dig som vill ha b\u00e5de komfort och attityd i ett och samma plagg. G\u00f6r ett v\u00e5gat...\" \/>\n<meta property=\"og:url\" content=\"https:\/\/drherbals.se\/en\/product\/thca-vape-strawberry-cough\/?wmc-currency=EUR\" \/>\n<meta property=\"og:site_name\" content=\"DR. Herbals\" \/>\n<meta property=\"article:publisher\" content=\"https:\/\/www.facebook.com\/drherbals.se\" \/>\n<meta property=\"article:modified_time\" content=\"2026-01-31T16:31:58+00:00\" \/>\n<meta property=\"og:image\" content=\"https:\/\/drherbals.se\/wp-content\/uploads\/2024\/11\/money-toothpaste-back.webp\" \/>\n\t<meta property=\"og:image:width\" content=\"1000\" \/>\n\t<meta property=\"og:image:height\" content=\"1000\" \/>\n\t<meta property=\"og:image:type\" content=\"image\/webp\" \/>\n<meta name=\"twitter:card\" content=\"summary_large_image\" \/>\n<meta name=\"twitter:label1\" content=\"Est. reading time\" \/>\n\t<meta name=\"twitter:data1\" content=\"1 minute\" \/>\n<script type=\"application\/ld+json\" class=\"yoast-schema-graph\">{\"@context\":\"https:\\\/\\\/schema.org\",\"@graph\":[{\"@type\":\"WebPage\",\"@id\":\"https:\\\/\\\/drherbals.se\\\/produkt\\\/thca-vape-strawberry-cough\\\/\",\"url\":\"https:\\\/\\\/drherbals.se\\\/produkt\\\/thca-vape-strawberry-cough\\\/\",\"name\":\"Hoodie \u2013 Money Toothpaste - DR. Herbals\",\"isPartOf\":{\"@id\":\"https:\\\/\\\/drherbals.se\\\/#website\"},\"primaryImageOfPage\":{\"@id\":\"https:\\\/\\\/drherbals.se\\\/produkt\\\/thca-vape-strawberry-cough\\\/#primaryimage\"},\"image\":{\"@id\":\"https:\\\/\\\/drherbals.se\\\/produkt\\\/thca-vape-strawberry-cough\\\/#primaryimage\"},\"thumbnailUrl\":\"https:\\\/\\\/drherbals.se\\\/wp-content\\\/uploads\\\/2024\\\/11\\\/money-toothpaste-back.webp\",\"datePublished\":\"2024-11-20T10:17:36+00:00\",\"dateModified\":\"2026-01-31T16:31:58+00:00\",\"description\":\"Ta din stil till n\u00e4sta niv\u00e5 med denna exklusiva hoodie \u2013 ett m\u00e5ste f\u00f6r dig som vill ha b\u00e5de komfort och attityd i ett och samma plagg. G\u00f6r ett v\u00e5gat...\",\"breadcrumb\":{\"@id\":\"https:\\\/\\\/drherbals.se\\\/produkt\\\/thca-vape-strawberry-cough\\\/#breadcrumb\"},\"inLanguage\":\"en-US\",\"potentialAction\":[{\"@type\":\"ReadAction\",\"target\":[\"https:\\\/\\\/drherbals.se\\\/produkt\\\/thca-vape-strawberry-cough\\\/\"]}]},{\"@type\":\"ImageObject\",\"inLanguage\":\"en-US\",\"@id\":\"https:\\\/\\\/drherbals.se\\\/produkt\\\/thca-vape-strawberry-cough\\\/#primaryimage\",\"url\":\"https:\\\/\\\/drherbals.se\\\/wp-content\\\/uploads\\\/2024\\\/11\\\/money-toothpaste-back.webp\",\"contentUrl\":\"https:\\\/\\\/drherbals.se\\\/wp-content\\\/uploads\\\/2024\\\/11\\\/money-toothpaste-back.webp\",\"width\":1000,\"height\":1000,\"caption\":\"Hoodie \u2013 Money Toothpaste - DR. Herbals\"},{\"@type\":\"BreadcrumbList\",\"@id\":\"https:\\\/\\\/drherbals.se\\\/produkt\\\/thca-vape-strawberry-cough\\\/#breadcrumb\",\"itemListElement\":[{\"@type\":\"ListItem\",\"position\":1,\"name\":\"Hem\",\"item\":\"https:\\\/\\\/drherbals.se\\\/\"},{\"@type\":\"ListItem\",\"position\":2,\"name\":\"Butik\",\"item\":\"https:\\\/\\\/drherbals.se\\\/butik\\\/\"},{\"@type\":\"ListItem\",\"position\":3,\"name\":\"Hoodie \u2013 Money Toothpaste\"}]},{\"@type\":\"WebSite\",\"@id\":\"https:\\\/\\\/drherbals.se\\\/#website\",\"url\":\"https:\\\/\\\/drherbals.se\\\/\",\"name\":\"DR. Herbals\",\"description\":\"Sveriges bredaste Cannabis sortiment\",\"publisher\":{\"@id\":\"https:\\\/\\\/drherbals.se\\\/#organization\"},\"alternateName\":\"DR. H\",\"potentialAction\":[{\"@type\":\"SearchAction\",\"target\":{\"@type\":\"EntryPoint\",\"urlTemplate\":\"https:\\\/\\\/drherbals.se\\\/?s={search_term_string}\"},\"query-input\":{\"@type\":\"PropertyValueSpecification\",\"valueRequired\":true,\"valueName\":\"search_term_string\"}}],\"inLanguage\":\"en-US\"},{\"@type\":\"Organization\",\"@id\":\"https:\\\/\\\/drherbals.se\\\/#organization\",\"name\":\"DR. Herbals\",\"url\":\"https:\\\/\\\/drherbals.se\\\/\",\"logo\":{\"@type\":\"ImageObject\",\"inLanguage\":\"en-US\",\"@id\":\"https:\\\/\\\/drherbals.se\\\/#\\\/schema\\\/logo\\\/image\\\/\",\"url\":\"https:\\\/\\\/drherbals.se\\\/wp-content\\\/uploads\\\/2024\\\/09\\\/dr-herbals-logga.png\",\"contentUrl\":\"https:\\\/\\\/drherbals.se\\\/wp-content\\\/uploads\\\/2024\\\/09\\\/dr-herbals-logga.png\",\"width\":240,\"height\":138,\"caption\":\"DR. Herbals\"},\"image\":{\"@id\":\"https:\\\/\\\/drherbals.se\\\/#\\\/schema\\\/logo\\\/image\\\/\"},\"sameAs\":[\"https:\\\/\\\/www.facebook.com\\\/drherbals.se\",\"https:\\\/\\\/www.instagram.com\\\/drherbals.se\\\/\"]}]}<\/script>\n<!-- \/ Yoast SEO plugin. -->","yoast_head_json":{"title":"Hoodie - Money Toothpaste - DR. Herbals","description":"Take your style to the next level with this exclusive hoodie - a must-have for those who want both comfort and attitude in one garment. Make a daring...","robots":{"index":"index","follow":"follow","max-snippet":"max-snippet:-1","max-image-preview":"max-image-preview:large","max-video-preview":"max-video-preview:-1"},"canonical":"https:\/\/drherbals.se\/en\/product\/thca-vape-strawberry-cough\/?wmc-currency=EUR","og_locale":"en_US","og_type":"article","og_title":"Hoodie \u2013 Money Toothpaste - DR. Herbals","og_description":"Ta din stil till n\u00e4sta niv\u00e5 med denna exklusiva hoodie \u2013 ett m\u00e5ste f\u00f6r dig som vill ha b\u00e5de komfort och attityd i ett och samma plagg. G\u00f6r ett v\u00e5gat...","og_url":"https:\/\/drherbals.se\/en\/product\/thca-vape-strawberry-cough\/?wmc-currency=EUR","og_site_name":"DR. Herbals","article_publisher":"https:\/\/www.facebook.com\/drherbals.se","article_modified_time":"2026-01-31T16:31:58+00:00","og_image":[{"width":1000,"height":1000,"url":"https:\/\/drherbals.se\/wp-content\/uploads\/2024\/11\/money-toothpaste-back.webp","type":"image\/webp"}],"twitter_card":"summary_large_image","twitter_misc":{"Est. reading time":"1 minute"},"schema":{"@context":"https:\/\/schema.org","@graph":[{"@type":"WebPage","@id":"https:\/\/drherbals.se\/produkt\/thca-vape-strawberry-cough\/","url":"https:\/\/drherbals.se\/produkt\/thca-vape-strawberry-cough\/","name":"Hoodie - Money Toothpaste - DR. Herbals","isPartOf":{"@id":"https:\/\/drherbals.se\/#website"},"primaryImageOfPage":{"@id":"https:\/\/drherbals.se\/produkt\/thca-vape-strawberry-cough\/#primaryimage"},"image":{"@id":"https:\/\/drherbals.se\/produkt\/thca-vape-strawberry-cough\/#primaryimage"},"thumbnailUrl":"https:\/\/drherbals.se\/wp-content\/uploads\/2024\/11\/money-toothpaste-back.webp","datePublished":"2024-11-20T10:17:36+00:00","dateModified":"2026-01-31T16:31:58+00:00","description":"Take your style to the next level with this exclusive hoodie - a must-have for those who want both comfort and attitude in one garment. Make a daring...","breadcrumb":{"@id":"https:\/\/drherbals.se\/produkt\/thca-vape-strawberry-cough\/#breadcrumb"},"inLanguage":"en-US","potentialAction":[{"@type":"ReadAction","target":["https:\/\/drherbals.se\/produkt\/thca-vape-strawberry-cough\/"]}]},{"@type":"ImageObject","inLanguage":"en-US","@id":"https:\/\/drherbals.se\/produkt\/thca-vape-strawberry-cough\/#primaryimage","url":"https:\/\/drherbals.se\/wp-content\/uploads\/2024\/11\/money-toothpaste-back.webp","contentUrl":"https:\/\/drherbals.se\/wp-content\/uploads\/2024\/11\/money-toothpaste-back.webp","width":1000,"height":1000,"caption":"Hoodie \u2013 Money Toothpaste - DR. Herbals"},{"@type":"BreadcrumbList","@id":"https:\/\/drherbals.se\/produkt\/thca-vape-strawberry-cough\/#breadcrumb","itemListElement":[{"@type":"ListItem","position":1,"name":"Hem","item":"https:\/\/drherbals.se\/"},{"@type":"ListItem","position":2,"name":"Butik","item":"https:\/\/drherbals.se\/butik\/"},{"@type":"ListItem","position":3,"name":"Hoodie \u2013 Money Toothpaste"}]},{"@type":"WebSite","@id":"https:\/\/drherbals.se\/#website","url":"https:\/\/drherbals.se\/","name":"DR. Herbals","description":"Sweden's widest Cannabis range","publisher":{"@id":"https:\/\/drherbals.se\/#organization"},"alternateName":"DR. H","potentialAction":[{"@type":"SearchAction","target":{"@type":"EntryPoint","urlTemplate":"https:\/\/drherbals.se\/?s={search_term_string}"},"query-input":{"@type":"PropertyValueSpecification","valueRequired":true,"valueName":"search_term_string"}}],"inLanguage":"en-US"},{"@type":"Organization","@id":"https:\/\/drherbals.se\/#organization","name":"DR. Herbals","url":"https:\/\/drherbals.se\/","logo":{"@type":"ImageObject","inLanguage":"en-US","@id":"https:\/\/drherbals.se\/#\/schema\/logo\/image\/","url":"https:\/\/drherbals.se\/wp-content\/uploads\/2024\/09\/dr-herbals-logga.png","contentUrl":"https:\/\/drherbals.se\/wp-content\/uploads\/2024\/09\/dr-herbals-logga.png","width":240,"height":138,"caption":"DR. Herbals"},"image":{"@id":"https:\/\/drherbals.se\/#\/schema\/logo\/image\/"},"sameAs":["https:\/\/www.facebook.com\/drherbals.se","https:\/\/www.instagram.com\/drherbals.se\/"]}]}},"tiered_pricing_type":"fixed","tiered_pricing_fixed_rules":[],"tiered_pricing_product_settings":{"layout":"default","base_unit_name":{"singular":null,"plural":null},"default_variation":null},"tiered_pricing_minimum_quantity":null,"tiered_pricing_roles_data":[],"tiered_pricing_percentage_rules":[],"tiered_pricing_maximum_quantity":null,"tiered_pricing_quantity_step":null,"_links":{"self":[{"href":"https:\/\/drherbals.se\/en\/wp-json\/wp\/v2\/product\/55326","targetHints":{"allow":["GET"]}}],"collection":[{"href":"https:\/\/drherbals.se\/en\/wp-json\/wp\/v2\/product"}],"about":[{"href":"https:\/\/drherbals.se\/en\/wp-json\/wp\/v2\/types\/product"}],"wp:featuredmedia":[{"embeddable":true,"href":"https:\/\/drherbals.se\/en\/wp-json\/wp\/v2\/media\/55940"}],"wp:attachment":[{"href":"https:\/\/drherbals.se\/en\/wp-json\/wp\/v2\/media?parent=55326"}],"wp:term":[{"taxonomy":"product_brand","embeddable":true,"href":"https:\/\/drherbals.se\/en\/wp-json\/wp\/v2\/product_brand?post=55326"},{"taxonomy":"product_cat","embeddable":true,"href":"https:\/\/drherbals.se\/en\/wp-json\/wp\/v2\/product_cat?post=55326"},{"taxonomy":"product_tag","embeddable":true,"href":"https:\/\/drherbals.se\/en\/wp-json\/wp\/v2\/product_tag?post=55326"}],"curies":[{"name":"wp","href":"https:\/\/api.w.org\/{rel}","templated":true}]}}