{"id":55322,"date":"2024-11-20T12:03:11","date_gmt":"2024-11-20T11:03:11","guid":{"rendered":"https:\/\/drherbals.se\/?post_type=product&#038;p=55322"},"modified":"2026-03-25T00:50:54","modified_gmt":"2026-03-24T23:50:54","slug":"limited-edition-t-shirt-finger-of-god","status":"publish","type":"product","link":"https:\/\/drherbals.se\/en\/product\/limited-edition-t-shirt-finger-of-god\/","title":{"rendered":"T-shirt - Finger Of God"},"content":{"rendered":"<p><em><strong>Vision<\/strong><\/em><\/p>\n<p>Every garment we create carries a deeper story - a thought that sometimes extends beyond the visible. This sweater is a modern interpretation of 'The Creation of Adam', a masterpiece by Michelangelo that captures the moment when the spark of life is transmitted. The iconic meeting between God and Adam, where their fingers almost touch, has been interpreted for centuries as a symbol of our connection to something greater than ourselves.<\/p>\n<p>In this painting, history meets the present, tradition meets revolution. A hand reaches out - but instead of the spark of life, it offers a cannabis joint. It's a celebration of the idea that nature's herbs carry a healing power and an opportunity to expand our consciousness. As Bob Marley once said: \"Herbs are the healing of the nation.\"<\/p>\n<p>This shirt reminds us to open our minds, seek new perspectives and discover the inherent power of both creation and awareness. A fusion of art, philosophy and the journey of the soul - for those who dare to think bigger.<\/p>","protected":false},"excerpt":{"rendered":"<p><span style=\"font-size: 100%\">Give your wardrobe a unique touch with this statement piece - Finger Of God is not just a sweater, it's a work of art. Experience a perfect fusion of art and fashion with our latest collection. This exclusive t-shirt, made from 100% cotton, is designed to make a strong impression and give you both style and comfort.<\/span><\/p>\n<p><span style=\"font-size: 100%\">\u2192 <strong>fit<\/strong>Unisex, Oversized for a modern and comfortable look<\/span><br \/>\n<span style=\"font-size: 100%\">\u2192<strong> material<\/strong>: 100% cotton<\/span><br \/>\n<span style=\"font-size: 100%\">\u2192 <strong>Made in<\/strong>: Sweden with care and quality<\/span><br \/>\n<span style=\"font-size: 100%\">\u2192 <strong>Washing instructions<\/strong>: Machine wash at 40\u00b0C<\/span><\/p>","protected":false},"featured_media":55946,"template":"","meta":[],"product_brand":[],"product_cat":[1110],"product_tag":[],"class_list":{"0":"post-55322","1":"product","2":"type-product","3":"status-publish","4":"has-post-thumbnail","6":"product_cat-klader-limited-edition","8":"first","9":"instock","10":"taxable","11":"shipping-taxable","12":"purchasable","13":"product-type-variable"},"yoast_head":"<!-- This site is optimized with the Yoast SEO plugin v27.3 - https:\/\/yoast.com\/product\/yoast-seo-wordpress\/ -->\n<title>T-shirt \u2013 Finger Of God - DR. Herbals<\/title>\n<meta name=\"description\" content=\"Ge din garderob en unik touch med denna statement-piece \u2013 Finger Of God \u00e4r inte bara en tr\u00f6ja, det \u00e4r ett konstverk. Upplev en perfekt fusion av konst...\" \/>\n<meta name=\"robots\" content=\"index, follow, max-snippet:-1, max-image-preview:large, max-video-preview:-1\" \/>\n<link rel=\"canonical\" href=\"https:\/\/drherbals.se\/en\/product\/thca-vape-strawberry-cough\/?wmc-currency=EUR\" \/>\n<meta property=\"og:locale\" content=\"en_US\" \/>\n<meta property=\"og:type\" content=\"article\" \/>\n<meta property=\"og:title\" content=\"T-shirt \u2013 Finger Of God - DR. Herbals\" \/>\n<meta property=\"og:description\" content=\"Ge din garderob en unik touch med denna statement-piece \u2013 Finger Of God \u00e4r inte bara en tr\u00f6ja, det \u00e4r ett konstverk. Upplev en perfekt fusion av konst...\" \/>\n<meta property=\"og:url\" content=\"https:\/\/drherbals.se\/en\/product\/thca-vape-strawberry-cough\/?wmc-currency=EUR\" \/>\n<meta property=\"og:site_name\" content=\"DR. Herbals\" \/>\n<meta property=\"article:publisher\" content=\"https:\/\/www.facebook.com\/drherbals.se\" \/>\n<meta property=\"article:modified_time\" content=\"2026-03-24T23:50:54+00:00\" \/>\n<meta property=\"og:image\" content=\"https:\/\/drherbals.se\/wp-content\/uploads\/2024\/11\/finger-of-god-back.webp\" \/>\n\t<meta property=\"og:image:width\" content=\"1000\" \/>\n\t<meta property=\"og:image:height\" content=\"1000\" \/>\n\t<meta property=\"og:image:type\" content=\"image\/webp\" \/>\n<meta name=\"twitter:card\" content=\"summary_large_image\" \/>\n<meta name=\"twitter:label1\" content=\"Est. reading time\" \/>\n\t<meta name=\"twitter:data1\" content=\"1 minute\" \/>\n<script type=\"application\/ld+json\" class=\"yoast-schema-graph\">{\"@context\":\"https:\\\/\\\/schema.org\",\"@graph\":[{\"@type\":\"WebPage\",\"@id\":\"https:\\\/\\\/drherbals.se\\\/produkt\\\/thca-vape-strawberry-cough\\\/\",\"url\":\"https:\\\/\\\/drherbals.se\\\/produkt\\\/thca-vape-strawberry-cough\\\/\",\"name\":\"T-shirt \u2013 Finger Of God - DR. Herbals\",\"isPartOf\":{\"@id\":\"https:\\\/\\\/drherbals.se\\\/#website\"},\"primaryImageOfPage\":{\"@id\":\"https:\\\/\\\/drherbals.se\\\/produkt\\\/thca-vape-strawberry-cough\\\/#primaryimage\"},\"image\":{\"@id\":\"https:\\\/\\\/drherbals.se\\\/produkt\\\/thca-vape-strawberry-cough\\\/#primaryimage\"},\"thumbnailUrl\":\"https:\\\/\\\/drherbals.se\\\/wp-content\\\/uploads\\\/2024\\\/11\\\/finger-of-god-back.webp\",\"datePublished\":\"2024-11-20T11:03:11+00:00\",\"dateModified\":\"2026-03-24T23:50:54+00:00\",\"description\":\"Ge din garderob en unik touch med denna statement-piece \u2013 Finger Of God \u00e4r inte bara en tr\u00f6ja, det \u00e4r ett konstverk. Upplev en perfekt fusion av konst...\",\"breadcrumb\":{\"@id\":\"https:\\\/\\\/drherbals.se\\\/produkt\\\/thca-vape-strawberry-cough\\\/#breadcrumb\"},\"inLanguage\":\"en-US\",\"potentialAction\":[{\"@type\":\"ReadAction\",\"target\":[\"https:\\\/\\\/drherbals.se\\\/produkt\\\/thca-vape-strawberry-cough\\\/\"]}]},{\"@type\":\"ImageObject\",\"inLanguage\":\"en-US\",\"@id\":\"https:\\\/\\\/drherbals.se\\\/produkt\\\/thca-vape-strawberry-cough\\\/#primaryimage\",\"url\":\"https:\\\/\\\/drherbals.se\\\/wp-content\\\/uploads\\\/2024\\\/11\\\/finger-of-god-back.webp\",\"contentUrl\":\"https:\\\/\\\/drherbals.se\\\/wp-content\\\/uploads\\\/2024\\\/11\\\/finger-of-god-back.webp\",\"width\":1000,\"height\":1000,\"caption\":\"T-shirt \u2013 Finger Of God - DR. Herbals\"},{\"@type\":\"BreadcrumbList\",\"@id\":\"https:\\\/\\\/drherbals.se\\\/produkt\\\/thca-vape-strawberry-cough\\\/#breadcrumb\",\"itemListElement\":[{\"@type\":\"ListItem\",\"position\":1,\"name\":\"Hem\",\"item\":\"https:\\\/\\\/drherbals.se\\\/\"},{\"@type\":\"ListItem\",\"position\":2,\"name\":\"Butik\",\"item\":\"https:\\\/\\\/drherbals.se\\\/butik\\\/\"},{\"@type\":\"ListItem\",\"position\":3,\"name\":\"T-shirt \u2013 Finger Of God\"}]},{\"@type\":\"WebSite\",\"@id\":\"https:\\\/\\\/drherbals.se\\\/#website\",\"url\":\"https:\\\/\\\/drherbals.se\\\/\",\"name\":\"DR. Herbals\",\"description\":\"Sveriges bredaste Cannabis sortiment\",\"publisher\":{\"@id\":\"https:\\\/\\\/drherbals.se\\\/#organization\"},\"alternateName\":\"DR. H\",\"potentialAction\":[{\"@type\":\"SearchAction\",\"target\":{\"@type\":\"EntryPoint\",\"urlTemplate\":\"https:\\\/\\\/drherbals.se\\\/?s={search_term_string}\"},\"query-input\":{\"@type\":\"PropertyValueSpecification\",\"valueRequired\":true,\"valueName\":\"search_term_string\"}}],\"inLanguage\":\"en-US\"},{\"@type\":\"Organization\",\"@id\":\"https:\\\/\\\/drherbals.se\\\/#organization\",\"name\":\"DR. Herbals\",\"url\":\"https:\\\/\\\/drherbals.se\\\/\",\"logo\":{\"@type\":\"ImageObject\",\"inLanguage\":\"en-US\",\"@id\":\"https:\\\/\\\/drherbals.se\\\/#\\\/schema\\\/logo\\\/image\\\/\",\"url\":\"https:\\\/\\\/drherbals.se\\\/wp-content\\\/uploads\\\/2024\\\/09\\\/dr-herbals-logga.png\",\"contentUrl\":\"https:\\\/\\\/drherbals.se\\\/wp-content\\\/uploads\\\/2024\\\/09\\\/dr-herbals-logga.png\",\"width\":240,\"height\":138,\"caption\":\"DR. Herbals\"},\"image\":{\"@id\":\"https:\\\/\\\/drherbals.se\\\/#\\\/schema\\\/logo\\\/image\\\/\"},\"sameAs\":[\"https:\\\/\\\/www.facebook.com\\\/drherbals.se\",\"https:\\\/\\\/www.instagram.com\\\/drherbals.se\\\/\"]}]}<\/script>\n<!-- \/ Yoast SEO plugin. -->","yoast_head_json":{"title":"T-shirt - Finger Of God - DR. Herbals","description":"Give your wardrobe a unique touch with this statement piece - Finger Of God is not just a sweater, it's a work of art. Experience a perfect fusion of art...","robots":{"index":"index","follow":"follow","max-snippet":"max-snippet:-1","max-image-preview":"max-image-preview:large","max-video-preview":"max-video-preview:-1"},"canonical":"https:\/\/drherbals.se\/en\/product\/thca-vape-strawberry-cough\/?wmc-currency=EUR","og_locale":"en_US","og_type":"article","og_title":"T-shirt \u2013 Finger Of God - DR. Herbals","og_description":"Ge din garderob en unik touch med denna statement-piece \u2013 Finger Of God \u00e4r inte bara en tr\u00f6ja, det \u00e4r ett konstverk. Upplev en perfekt fusion av konst...","og_url":"https:\/\/drherbals.se\/en\/product\/thca-vape-strawberry-cough\/?wmc-currency=EUR","og_site_name":"DR. Herbals","article_publisher":"https:\/\/www.facebook.com\/drherbals.se","article_modified_time":"2026-03-24T23:50:54+00:00","og_image":[{"width":1000,"height":1000,"url":"https:\/\/drherbals.se\/wp-content\/uploads\/2024\/11\/finger-of-god-back.webp","type":"image\/webp"}],"twitter_card":"summary_large_image","twitter_misc":{"Est. reading time":"1 minute"},"schema":{"@context":"https:\/\/schema.org","@graph":[{"@type":"WebPage","@id":"https:\/\/drherbals.se\/produkt\/thca-vape-strawberry-cough\/","url":"https:\/\/drherbals.se\/produkt\/thca-vape-strawberry-cough\/","name":"T-shirt - Finger Of God - DR. Herbals","isPartOf":{"@id":"https:\/\/drherbals.se\/#website"},"primaryImageOfPage":{"@id":"https:\/\/drherbals.se\/produkt\/thca-vape-strawberry-cough\/#primaryimage"},"image":{"@id":"https:\/\/drherbals.se\/produkt\/thca-vape-strawberry-cough\/#primaryimage"},"thumbnailUrl":"https:\/\/drherbals.se\/wp-content\/uploads\/2024\/11\/finger-of-god-back.webp","datePublished":"2024-11-20T11:03:11+00:00","dateModified":"2026-03-24T23:50:54+00:00","description":"Give your wardrobe a unique touch with this statement piece - Finger Of God is not just a sweater, it's a work of art. Experience a perfect fusion of art...","breadcrumb":{"@id":"https:\/\/drherbals.se\/produkt\/thca-vape-strawberry-cough\/#breadcrumb"},"inLanguage":"en-US","potentialAction":[{"@type":"ReadAction","target":["https:\/\/drherbals.se\/produkt\/thca-vape-strawberry-cough\/"]}]},{"@type":"ImageObject","inLanguage":"en-US","@id":"https:\/\/drherbals.se\/produkt\/thca-vape-strawberry-cough\/#primaryimage","url":"https:\/\/drherbals.se\/wp-content\/uploads\/2024\/11\/finger-of-god-back.webp","contentUrl":"https:\/\/drherbals.se\/wp-content\/uploads\/2024\/11\/finger-of-god-back.webp","width":1000,"height":1000,"caption":"T-shirt \u2013 Finger Of God - DR. Herbals"},{"@type":"BreadcrumbList","@id":"https:\/\/drherbals.se\/produkt\/thca-vape-strawberry-cough\/#breadcrumb","itemListElement":[{"@type":"ListItem","position":1,"name":"Hem","item":"https:\/\/drherbals.se\/"},{"@type":"ListItem","position":2,"name":"Butik","item":"https:\/\/drherbals.se\/butik\/"},{"@type":"ListItem","position":3,"name":"T-shirt \u2013 Finger Of God"}]},{"@type":"WebSite","@id":"https:\/\/drherbals.se\/#website","url":"https:\/\/drherbals.se\/","name":"DR. Herbals","description":"Sweden's widest Cannabis range","publisher":{"@id":"https:\/\/drherbals.se\/#organization"},"alternateName":"DR. H","potentialAction":[{"@type":"SearchAction","target":{"@type":"EntryPoint","urlTemplate":"https:\/\/drherbals.se\/?s={search_term_string}"},"query-input":{"@type":"PropertyValueSpecification","valueRequired":true,"valueName":"search_term_string"}}],"inLanguage":"en-US"},{"@type":"Organization","@id":"https:\/\/drherbals.se\/#organization","name":"DR. Herbals","url":"https:\/\/drherbals.se\/","logo":{"@type":"ImageObject","inLanguage":"en-US","@id":"https:\/\/drherbals.se\/#\/schema\/logo\/image\/","url":"https:\/\/drherbals.se\/wp-content\/uploads\/2024\/09\/dr-herbals-logga.png","contentUrl":"https:\/\/drherbals.se\/wp-content\/uploads\/2024\/09\/dr-herbals-logga.png","width":240,"height":138,"caption":"DR. Herbals"},"image":{"@id":"https:\/\/drherbals.se\/#\/schema\/logo\/image\/"},"sameAs":["https:\/\/www.facebook.com\/drherbals.se","https:\/\/www.instagram.com\/drherbals.se\/"]}]}},"tiered_pricing_type":"fixed","tiered_pricing_fixed_rules":[],"tiered_pricing_product_settings":{"layout":"default","base_unit_name":{"singular":null,"plural":null},"default_variation":null},"tiered_pricing_minimum_quantity":null,"tiered_pricing_roles_data":[],"tiered_pricing_percentage_rules":[],"tiered_pricing_maximum_quantity":null,"tiered_pricing_quantity_step":null,"_links":{"self":[{"href":"https:\/\/drherbals.se\/en\/wp-json\/wp\/v2\/product\/55322","targetHints":{"allow":["GET"]}}],"collection":[{"href":"https:\/\/drherbals.se\/en\/wp-json\/wp\/v2\/product"}],"about":[{"href":"https:\/\/drherbals.se\/en\/wp-json\/wp\/v2\/types\/product"}],"wp:featuredmedia":[{"embeddable":true,"href":"https:\/\/drherbals.se\/en\/wp-json\/wp\/v2\/media\/55946"}],"wp:attachment":[{"href":"https:\/\/drherbals.se\/en\/wp-json\/wp\/v2\/media?parent=55322"}],"wp:term":[{"taxonomy":"product_brand","embeddable":true,"href":"https:\/\/drherbals.se\/en\/wp-json\/wp\/v2\/product_brand?post=55322"},{"taxonomy":"product_cat","embeddable":true,"href":"https:\/\/drherbals.se\/en\/wp-json\/wp\/v2\/product_cat?post=55322"},{"taxonomy":"product_tag","embeddable":true,"href":"https:\/\/drherbals.se\/en\/wp-json\/wp\/v2\/product_tag?post=55322"}],"curies":[{"name":"wp","href":"https:\/\/api.w.org\/{rel}","templated":true}]}}