{"id":40938,"date":"2024-01-20T23:25:50","date_gmt":"2024-01-20T22:25:50","guid":{"rendered":"https:\/\/drherbals.se\/?post_type=product&#038;p=40938"},"modified":"2026-04-15T10:56:40","modified_gmt":"2026-04-15T08:56:40","slug":"thcb-vape-painkiller-30-sativa","status":"publish","type":"product","link":"https:\/\/drherbals.se\/en\/product\/thcb-vape-painkiller-30-sativa\/","title":{"rendered":"THCB Vape - Painkiller \/ SATIVA"},"content":{"rendered":"<h2><span style=\"color: #333333\"><strong><span style=\"font-size: 110%\">Painkiller (Sativa)<\/span><\/strong><\/span><\/h2>\n<p>Let Painkiller take you to a place where the mind feels light, clear and free. The fragrance is a fresh blend of citrus, herbs and mint, which together create a natural sense of purity and focus. The tart notes of citrus meet green herbs and cooling mint - a combination that feels fresh, uplifting and harmonious. The aromas evoke clarity and presence, like a deep breath of fresh air in the early morning.<\/p>\n<p>Each vape contains the highest quality legal distillate, completely free of heavy metals, solvents and unwanted additives. The design is sleek, elegant and timeless, created to suit any environment and personality. Painkiller is designed for the true collector - a unique object that exudes purity, balance and subtle power.<\/p>\n<p><span style=\"color: #333333\"> <strong>30% THCB, 60% CBD, 5% Terpenes, 2,5% CBG and 2,5% CBC<\/strong>. <\/span><\/p>\n<p>The product is THC-free and sold as a collector's item and for decorative purposes. Not for persons under 18 years of age. Keep out of reach of children.<\/p>\n<hr \/>\n<p><span style=\"color: #333333\"><strong><span style=\"font-size: 120%\">Fragrance notes<\/span><\/strong><\/span><\/p>\n<p><span style=\"color: #333333\"><strong>Opening:<\/strong> Fresh citrus, Lime, Bergamot<br \/>\n<strong>Heart:<\/strong> Fruit cocktail, Herbs, Orange<br \/>\n<strong>Bottom:<\/strong> Hemp, Mint<\/span><\/p>","protected":false},"excerpt":{"rendered":"<p><strong><span style=\"font-size: 120%\">Scent of citrus, herbs &amp; mint<\/span><\/strong><\/p>\n<p>\u2192 Painkiller (Sativa)<br \/>\n\u2192 <strong>30% THCB \/ 0% THC<\/strong><br \/>\n\u2192 Quality assured formula<br \/>\n\u2192 Manufactured by DR. Herbals in Sweden<br \/>\n\u2192 Free of heavy metals, solvents and additives<\/p>","protected":false},"featured_media":80604,"template":"","meta":[],"product_brand":[],"product_cat":[1169,1165,1168,1177],"product_tag":[363,986],"class_list":{"0":"post-40938","1":"product","2":"type-product","3":"status-publish","4":"has-post-thumbnail","6":"product_cat-alla-produkter","7":"product_cat-bastsaljare","8":"product_cat-sativa","9":"product_cat-thcb","10":"product_tag-thc-fri","11":"product_tag-thcb","13":"first","14":"instock","15":"taxable","16":"shipping-taxable","17":"purchasable","18":"product-type-simple"},"yoast_head":"<!-- This site is optimized with the Yoast SEO plugin v27.4 - https:\/\/yoast.com\/product\/yoast-seo-wordpress\/ -->\n<title>THCB Vape - Painkiller - Producerad i Sverige - DR. Herbals<\/title>\n<meta name=\"description\" content=\"V\u00e5r THCB Vape Painkiller \u00e4r den f\u00f6rtrollande sorten som tar din kropp p\u00e5 en avslappnande resa ut\u00f6ver det vanliga. Med varje puff blir du \u00f6versk\u00f6ljd...\" \/>\n<meta name=\"robots\" content=\"index, follow, max-snippet:-1, max-image-preview:large, max-video-preview:-1\" \/>\n<link rel=\"canonical\" href=\"https:\/\/drherbals.se\/en\/product\/thcb-vape-painkiller-30-sativa\/?wmc-currency=EUR\" \/>\n<meta property=\"og:locale\" content=\"en_US\" \/>\n<meta property=\"og:type\" content=\"article\" \/>\n<meta property=\"og:title\" content=\"THCB Vape - Painkiller - Producerad i Sverige - DR. Herbals\" \/>\n<meta property=\"og:description\" content=\"V\u00e5r THCB Vape Painkiller \u00e4r den f\u00f6rtrollande sorten som tar din kropp p\u00e5 en avslappnande resa ut\u00f6ver det vanliga. Med varje puff blir du \u00f6versk\u00f6ljd...\" \/>\n<meta property=\"og:url\" content=\"https:\/\/drherbals.se\/en\/product\/thcb-vape-painkiller-30-sativa\/?wmc-currency=EUR\" \/>\n<meta property=\"og:site_name\" content=\"DR. Herbals\" \/>\n<meta property=\"article:publisher\" content=\"https:\/\/www.facebook.com\/drherbals.se\" \/>\n<meta property=\"article:modified_time\" content=\"2026-04-15T08:56:40+00:00\" \/>\n<meta property=\"og:image\" content=\"https:\/\/drherbals.se\/wp-content\/uploads\/2026\/04\/vape-painkiller.webp\" \/>\n\t<meta property=\"og:image:width\" content=\"1000\" \/>\n\t<meta property=\"og:image:height\" content=\"1000\" \/>\n\t<meta property=\"og:image:type\" content=\"image\/webp\" \/>\n<meta name=\"twitter:card\" content=\"summary_large_image\" \/>\n<meta name=\"twitter:label1\" content=\"Est. reading time\" \/>\n\t<meta name=\"twitter:data1\" content=\"2 minutes\" \/>\n<script type=\"application\/ld+json\" class=\"yoast-schema-graph\">{\"@context\":\"https:\\\/\\\/schema.org\",\"@graph\":[{\"@type\":\"WebPage\",\"@id\":\"https:\\\/\\\/drherbals.se\\\/produkt\\\/thcb-vape-painkiller-30-sativa\\\/\",\"url\":\"https:\\\/\\\/drherbals.se\\\/produkt\\\/thcb-vape-painkiller-30-sativa\\\/\",\"name\":\"THCB Vape - Painkiller - Producerad i Sverige - DR. Herbals\",\"isPartOf\":{\"@id\":\"https:\\\/\\\/drherbals.se\\\/#website\"},\"primaryImageOfPage\":{\"@id\":\"https:\\\/\\\/drherbals.se\\\/produkt\\\/thcb-vape-painkiller-30-sativa\\\/#primaryimage\"},\"image\":{\"@id\":\"https:\\\/\\\/drherbals.se\\\/produkt\\\/thcb-vape-painkiller-30-sativa\\\/#primaryimage\"},\"thumbnailUrl\":\"https:\\\/\\\/drherbals.se\\\/wp-content\\\/uploads\\\/2026\\\/04\\\/vape-painkiller.webp\",\"datePublished\":\"2024-01-20T22:25:50+00:00\",\"dateModified\":\"2026-04-15T08:56:40+00:00\",\"description\":\"V\u00e5r THCB Vape Painkiller \u00e4r den f\u00f6rtrollande sorten som tar din kropp p\u00e5 en avslappnande resa ut\u00f6ver det vanliga. Med varje puff blir du \u00f6versk\u00f6ljd...\",\"breadcrumb\":{\"@id\":\"https:\\\/\\\/drherbals.se\\\/produkt\\\/thcb-vape-painkiller-30-sativa\\\/#breadcrumb\"},\"inLanguage\":\"en-US\",\"potentialAction\":[{\"@type\":\"ReadAction\",\"target\":[\"https:\\\/\\\/drherbals.se\\\/produkt\\\/thcb-vape-painkiller-30-sativa\\\/\"]}]},{\"@type\":\"ImageObject\",\"inLanguage\":\"en-US\",\"@id\":\"https:\\\/\\\/drherbals.se\\\/produkt\\\/thcb-vape-painkiller-30-sativa\\\/#primaryimage\",\"url\":\"https:\\\/\\\/drherbals.se\\\/wp-content\\\/uploads\\\/2026\\\/04\\\/vape-painkiller.webp\",\"contentUrl\":\"https:\\\/\\\/drherbals.se\\\/wp-content\\\/uploads\\\/2026\\\/04\\\/vape-painkiller.webp\",\"width\":1000,\"height\":1000,\"caption\":\"THCB Vape - Painkiller | DR. Herbals\"},{\"@type\":\"BreadcrumbList\",\"@id\":\"https:\\\/\\\/drherbals.se\\\/produkt\\\/thcb-vape-painkiller-30-sativa\\\/#breadcrumb\",\"itemListElement\":[{\"@type\":\"ListItem\",\"position\":1,\"name\":\"Hem\",\"item\":\"https:\\\/\\\/drherbals.se\\\/\"},{\"@type\":\"ListItem\",\"position\":2,\"name\":\"Butik\",\"item\":\"https:\\\/\\\/drherbals.se\\\/butik\\\/\"},{\"@type\":\"ListItem\",\"position\":3,\"name\":\"THCB Vape &#8211; Painkiller \\\/ SATIVA\"}]},{\"@type\":\"WebSite\",\"@id\":\"https:\\\/\\\/drherbals.se\\\/#website\",\"url\":\"https:\\\/\\\/drherbals.se\\\/\",\"name\":\"DR. Herbals\",\"description\":\"Sveriges bredaste Cannabis sortiment\",\"publisher\":{\"@id\":\"https:\\\/\\\/drherbals.se\\\/#organization\"},\"alternateName\":\"DR. H\",\"potentialAction\":[{\"@type\":\"SearchAction\",\"target\":{\"@type\":\"EntryPoint\",\"urlTemplate\":\"https:\\\/\\\/drherbals.se\\\/?s={search_term_string}\"},\"query-input\":{\"@type\":\"PropertyValueSpecification\",\"valueRequired\":true,\"valueName\":\"search_term_string\"}}],\"inLanguage\":\"en-US\"},{\"@type\":\"Organization\",\"@id\":\"https:\\\/\\\/drherbals.se\\\/#organization\",\"name\":\"DR. Herbals\",\"url\":\"https:\\\/\\\/drherbals.se\\\/\",\"logo\":{\"@type\":\"ImageObject\",\"inLanguage\":\"en-US\",\"@id\":\"https:\\\/\\\/drherbals.se\\\/#\\\/schema\\\/logo\\\/image\\\/\",\"url\":\"https:\\\/\\\/drherbals.se\\\/wp-content\\\/uploads\\\/2024\\\/09\\\/dr-herbals-logga.png\",\"contentUrl\":\"https:\\\/\\\/drherbals.se\\\/wp-content\\\/uploads\\\/2024\\\/09\\\/dr-herbals-logga.png\",\"width\":240,\"height\":138,\"caption\":\"DR. Herbals\"},\"image\":{\"@id\":\"https:\\\/\\\/drherbals.se\\\/#\\\/schema\\\/logo\\\/image\\\/\"},\"sameAs\":[\"https:\\\/\\\/www.facebook.com\\\/drherbals.se\",\"https:\\\/\\\/www.instagram.com\\\/drherbals.se\\\/\"]}]}<\/script>\n<!-- \/ Yoast SEO plugin. -->","yoast_head_json":{"title":"THCB Vape - Painkiller - Produced in Sweden - DR. Herbals","description":"Our THCB Vape Painkiller is the enchanting kind that takes your body on a relaxing journey beyond the ordinary. With every puff, you'll be flooded...","robots":{"index":"index","follow":"follow","max-snippet":"max-snippet:-1","max-image-preview":"max-image-preview:large","max-video-preview":"max-video-preview:-1"},"canonical":"https:\/\/drherbals.se\/en\/product\/thcb-vape-painkiller-30-sativa\/?wmc-currency=EUR","og_locale":"en_US","og_type":"article","og_title":"THCB Vape - Painkiller - Producerad i Sverige - DR. Herbals","og_description":"V\u00e5r THCB Vape Painkiller \u00e4r den f\u00f6rtrollande sorten som tar din kropp p\u00e5 en avslappnande resa ut\u00f6ver det vanliga. Med varje puff blir du \u00f6versk\u00f6ljd...","og_url":"https:\/\/drherbals.se\/en\/product\/thcb-vape-painkiller-30-sativa\/?wmc-currency=EUR","og_site_name":"DR. Herbals","article_publisher":"https:\/\/www.facebook.com\/drherbals.se","article_modified_time":"2026-04-15T08:56:40+00:00","og_image":[{"width":1000,"height":1000,"url":"https:\/\/drherbals.se\/wp-content\/uploads\/2026\/04\/vape-painkiller.webp","type":"image\/webp"}],"twitter_card":"summary_large_image","twitter_misc":{"Est. reading time":"2 minutes"},"schema":{"@context":"https:\/\/schema.org","@graph":[{"@type":"WebPage","@id":"https:\/\/drherbals.se\/produkt\/thcb-vape-painkiller-30-sativa\/","url":"https:\/\/drherbals.se\/produkt\/thcb-vape-painkiller-30-sativa\/","name":"THCB Vape - Painkiller - Produced in Sweden - DR. Herbals","isPartOf":{"@id":"https:\/\/drherbals.se\/#website"},"primaryImageOfPage":{"@id":"https:\/\/drherbals.se\/produkt\/thcb-vape-painkiller-30-sativa\/#primaryimage"},"image":{"@id":"https:\/\/drherbals.se\/produkt\/thcb-vape-painkiller-30-sativa\/#primaryimage"},"thumbnailUrl":"https:\/\/drherbals.se\/wp-content\/uploads\/2026\/04\/vape-painkiller.webp","datePublished":"2024-01-20T22:25:50+00:00","dateModified":"2026-04-15T08:56:40+00:00","description":"Our THCB Vape Painkiller is the enchanting kind that takes your body on a relaxing journey beyond the ordinary. With every puff, you'll be flooded...","breadcrumb":{"@id":"https:\/\/drherbals.se\/produkt\/thcb-vape-painkiller-30-sativa\/#breadcrumb"},"inLanguage":"en-US","potentialAction":[{"@type":"ReadAction","target":["https:\/\/drherbals.se\/produkt\/thcb-vape-painkiller-30-sativa\/"]}]},{"@type":"ImageObject","inLanguage":"en-US","@id":"https:\/\/drherbals.se\/produkt\/thcb-vape-painkiller-30-sativa\/#primaryimage","url":"https:\/\/drherbals.se\/wp-content\/uploads\/2026\/04\/vape-painkiller.webp","contentUrl":"https:\/\/drherbals.se\/wp-content\/uploads\/2026\/04\/vape-painkiller.webp","width":1000,"height":1000,"caption":"THCB Vape - Painkiller | DR. Herbals"},{"@type":"BreadcrumbList","@id":"https:\/\/drherbals.se\/produkt\/thcb-vape-painkiller-30-sativa\/#breadcrumb","itemListElement":[{"@type":"ListItem","position":1,"name":"Hem","item":"https:\/\/drherbals.se\/"},{"@type":"ListItem","position":2,"name":"Butik","item":"https:\/\/drherbals.se\/butik\/"},{"@type":"ListItem","position":3,"name":"THCB Vape &#8211; Painkiller \/ SATIVA"}]},{"@type":"WebSite","@id":"https:\/\/drherbals.se\/#website","url":"https:\/\/drherbals.se\/","name":"DR. Herbals","description":"Sweden's widest Cannabis range","publisher":{"@id":"https:\/\/drherbals.se\/#organization"},"alternateName":"DR. H","potentialAction":[{"@type":"SearchAction","target":{"@type":"EntryPoint","urlTemplate":"https:\/\/drherbals.se\/?s={search_term_string}"},"query-input":{"@type":"PropertyValueSpecification","valueRequired":true,"valueName":"search_term_string"}}],"inLanguage":"en-US"},{"@type":"Organization","@id":"https:\/\/drherbals.se\/#organization","name":"DR. Herbals","url":"https:\/\/drherbals.se\/","logo":{"@type":"ImageObject","inLanguage":"en-US","@id":"https:\/\/drherbals.se\/#\/schema\/logo\/image\/","url":"https:\/\/drherbals.se\/wp-content\/uploads\/2024\/09\/dr-herbals-logga.png","contentUrl":"https:\/\/drherbals.se\/wp-content\/uploads\/2024\/09\/dr-herbals-logga.png","width":240,"height":138,"caption":"DR. Herbals"},"image":{"@id":"https:\/\/drherbals.se\/#\/schema\/logo\/image\/"},"sameAs":["https:\/\/www.facebook.com\/drherbals.se","https:\/\/www.instagram.com\/drherbals.se\/"]}]}},"tiered_pricing_type":"fixed","tiered_pricing_fixed_rules":[],"tiered_pricing_product_settings":{"layout":"default","base_unit_name":{"singular":null,"plural":null},"default_variation":null},"tiered_pricing_minimum_quantity":null,"tiered_pricing_roles_data":[],"tiered_pricing_percentage_rules":[],"tiered_pricing_maximum_quantity":null,"tiered_pricing_quantity_step":null,"_links":{"self":[{"href":"https:\/\/drherbals.se\/en\/wp-json\/wp\/v2\/product\/40938","targetHints":{"allow":["GET"]}}],"collection":[{"href":"https:\/\/drherbals.se\/en\/wp-json\/wp\/v2\/product"}],"about":[{"href":"https:\/\/drherbals.se\/en\/wp-json\/wp\/v2\/types\/product"}],"wp:featuredmedia":[{"embeddable":true,"href":"https:\/\/drherbals.se\/en\/wp-json\/wp\/v2\/media\/80604"}],"wp:attachment":[{"href":"https:\/\/drherbals.se\/en\/wp-json\/wp\/v2\/media?parent=40938"}],"wp:term":[{"taxonomy":"product_brand","embeddable":true,"href":"https:\/\/drherbals.se\/en\/wp-json\/wp\/v2\/product_brand?post=40938"},{"taxonomy":"product_cat","embeddable":true,"href":"https:\/\/drherbals.se\/en\/wp-json\/wp\/v2\/product_cat?post=40938"},{"taxonomy":"product_tag","embeddable":true,"href":"https:\/\/drherbals.se\/en\/wp-json\/wp\/v2\/product_tag?post=40938"}],"curies":[{"name":"wp","href":"https:\/\/api.w.org\/{rel}","templated":true}]}}