{"id":39592,"date":"2024-01-02T19:37:54","date_gmt":"2024-01-02T18:37:54","guid":{"rendered":"https:\/\/drherbals.se\/?post_type=product&#038;p=39592"},"modified":"2026-04-07T23:20:19","modified_gmt":"2026-04-07T21:20:19","slug":"thcv-destillat-20","status":"publish","type":"product","link":"https:\/\/drherbals.se\/en\/product\/thcv-destillat-20\/","title":{"rendered":"THCV Distillate - Key Lime Pie"},"content":{"rendered":"<h2><span style=\"color: #333333\"><strong><span style=\"font-size: 110%\">Key Lime Pie (Indica)<\/span><\/strong><\/span><\/h2>\n<p>THCV Distillate is created for collectors who appreciate the extraordinary.<\/p>\n<p><strong>20% THCV, 70% CBD, 5% Terpenes, 2.5% CBG and 2.5% CBC.<\/strong><\/p>\n<p>The product is THC-free and sold as a collector's item and for decorative purposes. Not for persons under 18 years of age. Keep out of reach of children.<\/p>\n<hr \/>\n<p><span style=\"color: #333333\"><strong><span style=\"font-size: 120%\">Fragrance notes<\/span><\/strong><\/span><\/p>\n<p><span style=\"color: #333333\"><strong>Opening:<\/strong> Lime, Lemon, Bergamot<br \/>\n<strong>Heart:<\/strong> Cream, Herbs<br \/>\n<strong>Bottom:<\/strong> Hemp, Mint, Bear<\/span><\/p>","protected":false},"excerpt":{"rendered":"<p><strong><span style=\"font-size: 120%\">Scent of lime, cream &amp; herbs<\/span><\/strong><\/p>\n<p>\u2192 1ml<br \/>\n\u2192 Key Lime Pie (Indica)<br \/>\n\u2192 <strong>20% THCV \/ 0% THC<\/strong><br \/>\n\u2192 Quality assured formula<br \/>\n\u2192 Manufactured by DR. Herbals in Sweden<br \/>\n\u2192 Free of heavy metals, solvents and additives<\/p>","protected":false},"featured_media":72842,"template":"","meta":[],"product_brand":[],"product_cat":[1169,1179],"product_tag":[363],"class_list":{"0":"post-39592","1":"product","2":"type-product","3":"status-publish","4":"has-post-thumbnail","6":"product_cat-alla-produkter","7":"product_cat-thcv","8":"product_tag-thc-fri","10":"first","11":"instock","12":"taxable","13":"shipping-taxable","14":"purchasable","15":"product-type-simple"},"yoast_head":"<!-- This site is optimized with the Yoast SEO plugin v27.4 - https:\/\/yoast.com\/product\/yoast-seo-wordpress\/ -->\n<title>THCV destillat- Vape Olja - DR. Herbals<\/title>\n<meta name=\"description\" content=\"Handla THCV Destillat fr\u00e5n Sverige - Vape Olja - THCV Destillat 20% \u00e4r den ultimata l\u00f6sningen f\u00f6r dig som vill dra nytta av alla f\u00f6rdelar med cannabis...\" \/>\n<meta name=\"robots\" content=\"index, follow, max-snippet:-1, max-image-preview:large, max-video-preview:-1\" \/>\n<link rel=\"canonical\" href=\"https:\/\/drherbals.se\/en\/product\/thcv-destillat-20\/?wmc-currency=EUR\" \/>\n<meta property=\"og:locale\" content=\"en_US\" \/>\n<meta property=\"og:type\" content=\"article\" \/>\n<meta property=\"og:title\" content=\"THCV destillat- Vape Olja - DR. Herbals\" \/>\n<meta property=\"og:description\" content=\"Handla THCV Destillat fr\u00e5n Sverige - Vape Olja - THCV Destillat 20% \u00e4r den ultimata l\u00f6sningen f\u00f6r dig som vill dra nytta av alla f\u00f6rdelar med cannabis...\" \/>\n<meta property=\"og:url\" content=\"https:\/\/drherbals.se\/en\/product\/thcv-destillat-20\/?wmc-currency=EUR\" \/>\n<meta property=\"og:site_name\" content=\"DR. Herbals\" \/>\n<meta property=\"article:publisher\" content=\"https:\/\/www.facebook.com\/drherbals.se\" \/>\n<meta property=\"article:modified_time\" content=\"2026-04-07T21:20:19+00:00\" \/>\n<meta property=\"og:image\" content=\"https:\/\/drherbals.se\/wp-content\/uploads\/2025\/11\/thcv-destillat.webp\" \/>\n\t<meta property=\"og:image:width\" content=\"1000\" \/>\n\t<meta property=\"og:image:height\" content=\"1000\" \/>\n\t<meta property=\"og:image:type\" content=\"image\/webp\" \/>\n<meta name=\"twitter:card\" content=\"summary_large_image\" \/>\n<meta name=\"twitter:label1\" content=\"Est. reading time\" \/>\n\t<meta name=\"twitter:data1\" content=\"1 minute\" \/>\n<script type=\"application\/ld+json\" class=\"yoast-schema-graph\">{\"@context\":\"https:\\\/\\\/schema.org\",\"@graph\":[{\"@type\":\"WebPage\",\"@id\":\"https:\\\/\\\/drherbals.se\\\/en\\\/product\\\/thcv-destillat-20\\\/\",\"url\":\"https:\\\/\\\/drherbals.se\\\/en\\\/product\\\/thcv-destillat-20\\\/\",\"name\":\"THCV destillat- Vape Olja - DR. Herbals\",\"isPartOf\":{\"@id\":\"https:\\\/\\\/drherbals.se\\\/#website\"},\"primaryImageOfPage\":{\"@id\":\"https:\\\/\\\/drherbals.se\\\/en\\\/product\\\/thcv-destillat-20\\\/#primaryimage\"},\"image\":{\"@id\":\"https:\\\/\\\/drherbals.se\\\/en\\\/product\\\/thcv-destillat-20\\\/#primaryimage\"},\"thumbnailUrl\":\"https:\\\/\\\/drherbals.se\\\/wp-content\\\/uploads\\\/2025\\\/11\\\/thcv-destillat.webp\",\"datePublished\":\"2024-01-02T18:37:54+00:00\",\"dateModified\":\"2026-04-07T21:20:19+00:00\",\"description\":\"Handla THCV Destillat fr\u00e5n Sverige - Vape Olja - THCV Destillat 20% \u00e4r den ultimata l\u00f6sningen f\u00f6r dig som vill dra nytta av alla f\u00f6rdelar med cannabis...\",\"breadcrumb\":{\"@id\":\"https:\\\/\\\/drherbals.se\\\/en\\\/product\\\/thcv-destillat-20\\\/#breadcrumb\"},\"inLanguage\":\"en-US\",\"potentialAction\":[{\"@type\":\"ReadAction\",\"target\":[\"https:\\\/\\\/drherbals.se\\\/en\\\/product\\\/thcv-destillat-20\\\/\"]}]},{\"@type\":\"ImageObject\",\"inLanguage\":\"en-US\",\"@id\":\"https:\\\/\\\/drherbals.se\\\/en\\\/product\\\/thcv-destillat-20\\\/#primaryimage\",\"url\":\"https:\\\/\\\/drherbals.se\\\/wp-content\\\/uploads\\\/2025\\\/11\\\/thcv-destillat.webp\",\"contentUrl\":\"https:\\\/\\\/drherbals.se\\\/wp-content\\\/uploads\\\/2025\\\/11\\\/thcv-destillat.webp\",\"width\":1000,\"height\":1000,\"caption\":\"THCV Destillat 20% : 80% CBD - DR. Herbals\"},{\"@type\":\"BreadcrumbList\",\"@id\":\"https:\\\/\\\/drherbals.se\\\/en\\\/product\\\/thcv-destillat-20\\\/#breadcrumb\",\"itemListElement\":[{\"@type\":\"ListItem\",\"position\":1,\"name\":\"Hem\",\"item\":\"https:\\\/\\\/drherbals.se\\\/\"},{\"@type\":\"ListItem\",\"position\":2,\"name\":\"Butik\",\"item\":\"https:\\\/\\\/drherbals.se\\\/butik\\\/\"},{\"@type\":\"ListItem\",\"position\":3,\"name\":\"THCV Destillat &#8211; Key Lime Pie\"}]},{\"@type\":\"WebSite\",\"@id\":\"https:\\\/\\\/drherbals.se\\\/#website\",\"url\":\"https:\\\/\\\/drherbals.se\\\/\",\"name\":\"DR. Herbals\",\"description\":\"Sveriges bredaste Cannabis sortiment\",\"publisher\":{\"@id\":\"https:\\\/\\\/drherbals.se\\\/#organization\"},\"alternateName\":\"DR. H\",\"potentialAction\":[{\"@type\":\"SearchAction\",\"target\":{\"@type\":\"EntryPoint\",\"urlTemplate\":\"https:\\\/\\\/drherbals.se\\\/?s={search_term_string}\"},\"query-input\":{\"@type\":\"PropertyValueSpecification\",\"valueRequired\":true,\"valueName\":\"search_term_string\"}}],\"inLanguage\":\"en-US\"},{\"@type\":\"Organization\",\"@id\":\"https:\\\/\\\/drherbals.se\\\/#organization\",\"name\":\"DR. Herbals\",\"url\":\"https:\\\/\\\/drherbals.se\\\/\",\"logo\":{\"@type\":\"ImageObject\",\"inLanguage\":\"en-US\",\"@id\":\"https:\\\/\\\/drherbals.se\\\/#\\\/schema\\\/logo\\\/image\\\/\",\"url\":\"https:\\\/\\\/drherbals.se\\\/wp-content\\\/uploads\\\/2024\\\/09\\\/dr-herbals-logga.png\",\"contentUrl\":\"https:\\\/\\\/drherbals.se\\\/wp-content\\\/uploads\\\/2024\\\/09\\\/dr-herbals-logga.png\",\"width\":240,\"height\":138,\"caption\":\"DR. Herbals\"},\"image\":{\"@id\":\"https:\\\/\\\/drherbals.se\\\/#\\\/schema\\\/logo\\\/image\\\/\"},\"sameAs\":[\"https:\\\/\\\/www.facebook.com\\\/drherbals.se\",\"https:\\\/\\\/www.instagram.com\\\/drherbals.se\\\/\"]}]}<\/script>\n<!-- \/ Yoast SEO plugin. -->","yoast_head_json":{"title":"THCV distillate- Vape Oil - DR. Herbals","description":"Buy THCV Distillate from Sweden - Vape Oil - THCV Distillate 20% is the ultimate solution for those who want to enjoy all the benefits of cannabis...","robots":{"index":"index","follow":"follow","max-snippet":"max-snippet:-1","max-image-preview":"max-image-preview:large","max-video-preview":"max-video-preview:-1"},"canonical":"https:\/\/drherbals.se\/en\/product\/thcv-destillat-20\/?wmc-currency=EUR","og_locale":"en_US","og_type":"article","og_title":"THCV destillat- Vape Olja - DR. Herbals","og_description":"Handla THCV Destillat fr\u00e5n Sverige - Vape Olja - THCV Destillat 20% \u00e4r den ultimata l\u00f6sningen f\u00f6r dig som vill dra nytta av alla f\u00f6rdelar med cannabis...","og_url":"https:\/\/drherbals.se\/en\/product\/thcv-destillat-20\/?wmc-currency=EUR","og_site_name":"DR. Herbals","article_publisher":"https:\/\/www.facebook.com\/drherbals.se","article_modified_time":"2026-04-07T21:20:19+00:00","og_image":[{"width":1000,"height":1000,"url":"https:\/\/drherbals.se\/wp-content\/uploads\/2025\/11\/thcv-destillat.webp","type":"image\/webp"}],"twitter_card":"summary_large_image","twitter_misc":{"Est. reading time":"1 minute"},"schema":{"@context":"https:\/\/schema.org","@graph":[{"@type":"WebPage","@id":"https:\/\/drherbals.se\/en\/product\/thcv-destillat-20\/","url":"https:\/\/drherbals.se\/en\/product\/thcv-destillat-20\/","name":"THCV distillate- Vape Oil - DR. Herbals","isPartOf":{"@id":"https:\/\/drherbals.se\/#website"},"primaryImageOfPage":{"@id":"https:\/\/drherbals.se\/en\/product\/thcv-destillat-20\/#primaryimage"},"image":{"@id":"https:\/\/drherbals.se\/en\/product\/thcv-destillat-20\/#primaryimage"},"thumbnailUrl":"https:\/\/drherbals.se\/wp-content\/uploads\/2025\/11\/thcv-destillat.webp","datePublished":"2024-01-02T18:37:54+00:00","dateModified":"2026-04-07T21:20:19+00:00","description":"Buy THCV Distillate from Sweden - Vape Oil - THCV Distillate 20% is the ultimate solution for those who want to enjoy all the benefits of cannabis...","breadcrumb":{"@id":"https:\/\/drherbals.se\/en\/product\/thcv-destillat-20\/#breadcrumb"},"inLanguage":"en-US","potentialAction":[{"@type":"ReadAction","target":["https:\/\/drherbals.se\/en\/product\/thcv-destillat-20\/"]}]},{"@type":"ImageObject","inLanguage":"en-US","@id":"https:\/\/drherbals.se\/en\/product\/thcv-destillat-20\/#primaryimage","url":"https:\/\/drherbals.se\/wp-content\/uploads\/2025\/11\/thcv-destillat.webp","contentUrl":"https:\/\/drherbals.se\/wp-content\/uploads\/2025\/11\/thcv-destillat.webp","width":1000,"height":1000,"caption":"THCV Destillat 20% : 80% CBD - DR. Herbals"},{"@type":"BreadcrumbList","@id":"https:\/\/drherbals.se\/en\/product\/thcv-destillat-20\/#breadcrumb","itemListElement":[{"@type":"ListItem","position":1,"name":"Hem","item":"https:\/\/drherbals.se\/"},{"@type":"ListItem","position":2,"name":"Butik","item":"https:\/\/drherbals.se\/butik\/"},{"@type":"ListItem","position":3,"name":"THCV Destillat &#8211; Key Lime Pie"}]},{"@type":"WebSite","@id":"https:\/\/drherbals.se\/#website","url":"https:\/\/drherbals.se\/","name":"DR. Herbals","description":"Sweden's widest Cannabis range","publisher":{"@id":"https:\/\/drherbals.se\/#organization"},"alternateName":"DR. H","potentialAction":[{"@type":"SearchAction","target":{"@type":"EntryPoint","urlTemplate":"https:\/\/drherbals.se\/?s={search_term_string}"},"query-input":{"@type":"PropertyValueSpecification","valueRequired":true,"valueName":"search_term_string"}}],"inLanguage":"en-US"},{"@type":"Organization","@id":"https:\/\/drherbals.se\/#organization","name":"DR. Herbals","url":"https:\/\/drherbals.se\/","logo":{"@type":"ImageObject","inLanguage":"en-US","@id":"https:\/\/drherbals.se\/#\/schema\/logo\/image\/","url":"https:\/\/drherbals.se\/wp-content\/uploads\/2024\/09\/dr-herbals-logga.png","contentUrl":"https:\/\/drherbals.se\/wp-content\/uploads\/2024\/09\/dr-herbals-logga.png","width":240,"height":138,"caption":"DR. Herbals"},"image":{"@id":"https:\/\/drherbals.se\/#\/schema\/logo\/image\/"},"sameAs":["https:\/\/www.facebook.com\/drherbals.se","https:\/\/www.instagram.com\/drherbals.se\/"]}]}},"tiered_pricing_type":"fixed","tiered_pricing_fixed_rules":[],"tiered_pricing_product_settings":{"layout":"default","base_unit_name":{"singular":null,"plural":null},"default_variation":null},"tiered_pricing_minimum_quantity":null,"tiered_pricing_roles_data":[],"tiered_pricing_percentage_rules":[],"tiered_pricing_maximum_quantity":null,"tiered_pricing_quantity_step":null,"_links":{"self":[{"href":"https:\/\/drherbals.se\/en\/wp-json\/wp\/v2\/product\/39592","targetHints":{"allow":["GET"]}}],"collection":[{"href":"https:\/\/drherbals.se\/en\/wp-json\/wp\/v2\/product"}],"about":[{"href":"https:\/\/drherbals.se\/en\/wp-json\/wp\/v2\/types\/product"}],"wp:featuredmedia":[{"embeddable":true,"href":"https:\/\/drherbals.se\/en\/wp-json\/wp\/v2\/media\/72842"}],"wp:attachment":[{"href":"https:\/\/drherbals.se\/en\/wp-json\/wp\/v2\/media?parent=39592"}],"wp:term":[{"taxonomy":"product_brand","embeddable":true,"href":"https:\/\/drherbals.se\/en\/wp-json\/wp\/v2\/product_brand?post=39592"},{"taxonomy":"product_cat","embeddable":true,"href":"https:\/\/drherbals.se\/en\/wp-json\/wp\/v2\/product_cat?post=39592"},{"taxonomy":"product_tag","embeddable":true,"href":"https:\/\/drherbals.se\/en\/wp-json\/wp\/v2\/product_tag?post=39592"}],"curies":[{"name":"wp","href":"https:\/\/api.w.org\/{rel}","templated":true}]}}