{"id":33399,"date":"2024-01-03T22:40:17","date_gmt":"2024-01-03T21:40:17","guid":{"rendered":"https:\/\/drherbals.se\/?post_type=product&#038;p=33399"},"modified":"2026-04-15T19:41:09","modified_gmt":"2026-04-15T17:41:09","slug":"thcv-vape-20-indica","status":"publish","type":"product","link":"https:\/\/drherbals.se\/en\/product\/thcv-vape-20-indica\/","title":{"rendered":"THCV Vape - Key Lime Pie \/ INDICA"},"content":{"rendered":"<h2><span style=\"color: #333333;\"><strong><span style=\"font-size: 110%;\">Key Lime Pie (Indica)<\/span><\/strong><\/span><\/h2>\n<p>Key Lemon Pie is a celebration of freshness and elegance - a fragrance that awakens both senses and smiles. As soon as you open the packaging, you are greeted by tart notes of lime, enveloped in smooth cream and a light herbal undertone reminiscent of sunny afternoons and freshly baked citrus pie. The aromas are fresh, soft and well-balanced, a perfect harmony between sweetness and acidity, freshness and depth. It is a fragrance that brings calm, joy and a sense of luxury to everyday life - as delicate as its name suggests.<\/p>\n<p>Each vape contains the highest quality legal distillate, completely free of heavy metals, solvents and unwanted additives. The design is sleek, elegant and timeless, created to suit any environment and personality. Key Lemon Pie is designed for the true collector - a unique object that exudes exclusivity, freshness and sophisticated enjoyment.<\/p>\n<p><strong>20% THCV, 70% CBD, 2.5% CBG, 2.5% CBC.<\/strong><\/p>\n<p>The product is THC-free and sold as a collector's item and for decorative purposes. Not for persons under 18 years of age. Keep out of reach of children.<\/p>\n<hr \/>\n<p><span style=\"color: #333333;\"><strong><span style=\"font-size: 120%;\">Fragrance notes<\/span><\/strong><\/span><\/p>\n<p><span style=\"color: #333333;\"><strong>Opening:<\/strong> Lime, Lemon, Bergamot<br \/>\n<strong>Heart:<\/strong> Cream, Herbs<br \/>\n<strong>Bottom:<\/strong> Hemp, Mint, Bear<\/span><\/p>","protected":false},"excerpt":{"rendered":"<p><strong><span style=\"font-size: 120%;\">Scent of lime, cream &amp; herbs<\/span><\/strong><\/p>\n<p>\u2192 Key Lime Pie (Indica)<br \/>\n\u2192 <strong>20% THCV \/ 0% THC<\/strong><br \/>\n\u2192 Quality assured formula<br \/>\n\u2192 Manufactured by DR. Herbals in Sweden<br \/>\n\u2192 Free of heavy metals, solvents and additives<\/p>","protected":false},"featured_media":80648,"template":"","meta":[],"product_brand":[],"product_cat":[1169,1165,1167,1179],"product_tag":[363],"class_list":{"0":"post-33399","1":"product","2":"type-product","3":"status-publish","4":"has-post-thumbnail","6":"product_cat-alla-produkter","7":"product_cat-bastsaljare","8":"product_cat-indica","9":"product_cat-thcv","10":"product_tag-thc-fri","12":"first","13":"instock","14":"taxable","15":"shipping-taxable","16":"purchasable","17":"product-type-simple"},"yoast_head":"<!-- This site is optimized with the Yoast SEO plugin v27.4 - https:\/\/yoast.com\/product\/yoast-seo-wordpress\/ -->\n<title>THCV Vape - Key Lime Pie \/ INDICA - DR. Herbals<\/title>\n<meta name=\"description\" content=\"THCV Vape en av marknadens mest innovativa cannabis vapes. Med denna produkt f\u00e5r du THCV i en enkel eng\u00e5ngsvape som \u00e4r redo att...\" \/>\n<meta name=\"robots\" content=\"index, follow, max-snippet:-1, max-image-preview:large, max-video-preview:-1\" \/>\n<link rel=\"canonical\" href=\"https:\/\/drherbals.se\/en\/product\/thcv-vape-20-indica\/?wmc-currency=EUR\" \/>\n<meta property=\"og:locale\" content=\"en_US\" \/>\n<meta property=\"og:type\" content=\"article\" \/>\n<meta property=\"og:title\" content=\"THCV Vape - Key Lime Pie \/ INDICA - DR. Herbals\" \/>\n<meta property=\"og:description\" content=\"THCV Vape en av marknadens mest innovativa cannabis vapes. Med denna produkt f\u00e5r du THCV i en enkel eng\u00e5ngsvape som \u00e4r redo att...\" \/>\n<meta property=\"og:url\" content=\"https:\/\/drherbals.se\/en\/product\/thcv-vape-20-indica\/?wmc-currency=EUR\" \/>\n<meta property=\"og:site_name\" content=\"DR. Herbals\" \/>\n<meta property=\"article:publisher\" content=\"https:\/\/www.facebook.com\/drherbals.se\" \/>\n<meta property=\"article:modified_time\" content=\"2026-04-15T17:41:09+00:00\" \/>\n<meta property=\"og:image\" content=\"https:\/\/drherbals.se\/wp-content\/uploads\/2026\/04\/key-lime-pie-thcv-vape.webp\" \/>\n\t<meta property=\"og:image:width\" content=\"1000\" \/>\n\t<meta property=\"og:image:height\" content=\"1000\" \/>\n\t<meta property=\"og:image:type\" content=\"image\/webp\" \/>\n<meta name=\"twitter:card\" content=\"summary_large_image\" \/>\n<meta name=\"twitter:label1\" content=\"Est. reading time\" \/>\n\t<meta name=\"twitter:data1\" content=\"2 minutes\" \/>\n<script type=\"application\/ld+json\" class=\"yoast-schema-graph\">{\"@context\":\"https:\\\/\\\/schema.org\",\"@graph\":[{\"@type\":\"WebPage\",\"@id\":\"https:\\\/\\\/drherbals.se\\\/produkt\\\/thcv-vape-20-indica\\\/\",\"url\":\"https:\\\/\\\/drherbals.se\\\/produkt\\\/thcv-vape-20-indica\\\/\",\"name\":\"THCV Vape - Key Lime Pie \\\/ INDICA - DR. Herbals\",\"isPartOf\":{\"@id\":\"https:\\\/\\\/drherbals.se\\\/#website\"},\"primaryImageOfPage\":{\"@id\":\"https:\\\/\\\/drherbals.se\\\/produkt\\\/thcv-vape-20-indica\\\/#primaryimage\"},\"image\":{\"@id\":\"https:\\\/\\\/drherbals.se\\\/produkt\\\/thcv-vape-20-indica\\\/#primaryimage\"},\"thumbnailUrl\":\"https:\\\/\\\/drherbals.se\\\/wp-content\\\/uploads\\\/2026\\\/04\\\/key-lime-pie-thcv-vape.webp\",\"datePublished\":\"2024-01-03T21:40:17+00:00\",\"dateModified\":\"2026-04-15T17:41:09+00:00\",\"description\":\"THCV Vape en av marknadens mest innovativa cannabis vapes. Med denna produkt f\u00e5r du THCV i en enkel eng\u00e5ngsvape som \u00e4r redo att...\",\"breadcrumb\":{\"@id\":\"https:\\\/\\\/drherbals.se\\\/produkt\\\/thcv-vape-20-indica\\\/#breadcrumb\"},\"inLanguage\":\"en-US\",\"potentialAction\":[{\"@type\":\"ReadAction\",\"target\":[\"https:\\\/\\\/drherbals.se\\\/produkt\\\/thcv-vape-20-indica\\\/\"]}]},{\"@type\":\"ImageObject\",\"inLanguage\":\"en-US\",\"@id\":\"https:\\\/\\\/drherbals.se\\\/produkt\\\/thcv-vape-20-indica\\\/#primaryimage\",\"url\":\"https:\\\/\\\/drherbals.se\\\/wp-content\\\/uploads\\\/2026\\\/04\\\/key-lime-pie-thcv-vape.webp\",\"contentUrl\":\"https:\\\/\\\/drherbals.se\\\/wp-content\\\/uploads\\\/2026\\\/04\\\/key-lime-pie-thcv-vape.webp\",\"width\":1000,\"height\":1000,\"caption\":\"THCV Vape 20% - Key Lime Pie - DR. Herbals\"},{\"@type\":\"BreadcrumbList\",\"@id\":\"https:\\\/\\\/drherbals.se\\\/produkt\\\/thcv-vape-20-indica\\\/#breadcrumb\",\"itemListElement\":[{\"@type\":\"ListItem\",\"position\":1,\"name\":\"Hem\",\"item\":\"https:\\\/\\\/drherbals.se\\\/\"},{\"@type\":\"ListItem\",\"position\":2,\"name\":\"Butik\",\"item\":\"https:\\\/\\\/drherbals.se\\\/butik\\\/\"},{\"@type\":\"ListItem\",\"position\":3,\"name\":\"THCV Vape &#8211; Key Lime Pie \\\/ INDICA\"}]},{\"@type\":\"WebSite\",\"@id\":\"https:\\\/\\\/drherbals.se\\\/#website\",\"url\":\"https:\\\/\\\/drherbals.se\\\/\",\"name\":\"DR. Herbals\",\"description\":\"Sveriges bredaste Cannabis sortiment\",\"publisher\":{\"@id\":\"https:\\\/\\\/drherbals.se\\\/#organization\"},\"alternateName\":\"DR. H\",\"potentialAction\":[{\"@type\":\"SearchAction\",\"target\":{\"@type\":\"EntryPoint\",\"urlTemplate\":\"https:\\\/\\\/drherbals.se\\\/?s={search_term_string}\"},\"query-input\":{\"@type\":\"PropertyValueSpecification\",\"valueRequired\":true,\"valueName\":\"search_term_string\"}}],\"inLanguage\":\"en-US\"},{\"@type\":\"Organization\",\"@id\":\"https:\\\/\\\/drherbals.se\\\/#organization\",\"name\":\"DR. Herbals\",\"url\":\"https:\\\/\\\/drherbals.se\\\/\",\"logo\":{\"@type\":\"ImageObject\",\"inLanguage\":\"en-US\",\"@id\":\"https:\\\/\\\/drherbals.se\\\/#\\\/schema\\\/logo\\\/image\\\/\",\"url\":\"https:\\\/\\\/drherbals.se\\\/wp-content\\\/uploads\\\/2024\\\/09\\\/dr-herbals-logga.png\",\"contentUrl\":\"https:\\\/\\\/drherbals.se\\\/wp-content\\\/uploads\\\/2024\\\/09\\\/dr-herbals-logga.png\",\"width\":240,\"height\":138,\"caption\":\"DR. Herbals\"},\"image\":{\"@id\":\"https:\\\/\\\/drherbals.se\\\/#\\\/schema\\\/logo\\\/image\\\/\"},\"sameAs\":[\"https:\\\/\\\/www.facebook.com\\\/drherbals.se\",\"https:\\\/\\\/www.instagram.com\\\/drherbals.se\\\/\"]}]}<\/script>\n<!-- \/ Yoast SEO plugin. -->","yoast_head_json":{"title":"THCV Vape - Key Lime Pie \/ INDICA - DR. Herbals","description":"THCV Vape one of the most innovative cannabis vapes on the market. With this product you get THCV in a simple disposable vape that is ready to...","robots":{"index":"index","follow":"follow","max-snippet":"max-snippet:-1","max-image-preview":"max-image-preview:large","max-video-preview":"max-video-preview:-1"},"canonical":"https:\/\/drherbals.se\/en\/product\/thcv-vape-20-indica\/?wmc-currency=EUR","og_locale":"en_US","og_type":"article","og_title":"THCV Vape - Key Lime Pie \/ INDICA - DR. Herbals","og_description":"THCV Vape en av marknadens mest innovativa cannabis vapes. Med denna produkt f\u00e5r du THCV i en enkel eng\u00e5ngsvape som \u00e4r redo att...","og_url":"https:\/\/drherbals.se\/en\/product\/thcv-vape-20-indica\/?wmc-currency=EUR","og_site_name":"DR. Herbals","article_publisher":"https:\/\/www.facebook.com\/drherbals.se","article_modified_time":"2026-04-15T17:41:09+00:00","og_image":[{"width":1000,"height":1000,"url":"https:\/\/drherbals.se\/wp-content\/uploads\/2026\/04\/key-lime-pie-thcv-vape.webp","type":"image\/webp"}],"twitter_card":"summary_large_image","twitter_misc":{"Est. reading time":"2 minutes"},"schema":{"@context":"https:\/\/schema.org","@graph":[{"@type":"WebPage","@id":"https:\/\/drherbals.se\/produkt\/thcv-vape-20-indica\/","url":"https:\/\/drherbals.se\/produkt\/thcv-vape-20-indica\/","name":"THCV Vape - Key Lime Pie \/ INDICA - DR. Herbals","isPartOf":{"@id":"https:\/\/drherbals.se\/#website"},"primaryImageOfPage":{"@id":"https:\/\/drherbals.se\/produkt\/thcv-vape-20-indica\/#primaryimage"},"image":{"@id":"https:\/\/drherbals.se\/produkt\/thcv-vape-20-indica\/#primaryimage"},"thumbnailUrl":"https:\/\/drherbals.se\/wp-content\/uploads\/2026\/04\/key-lime-pie-thcv-vape.webp","datePublished":"2024-01-03T21:40:17+00:00","dateModified":"2026-04-15T17:41:09+00:00","description":"THCV Vape one of the most innovative cannabis vapes on the market. With this product you get THCV in a simple disposable vape that is ready to...","breadcrumb":{"@id":"https:\/\/drherbals.se\/produkt\/thcv-vape-20-indica\/#breadcrumb"},"inLanguage":"en-US","potentialAction":[{"@type":"ReadAction","target":["https:\/\/drherbals.se\/produkt\/thcv-vape-20-indica\/"]}]},{"@type":"ImageObject","inLanguage":"en-US","@id":"https:\/\/drherbals.se\/produkt\/thcv-vape-20-indica\/#primaryimage","url":"https:\/\/drherbals.se\/wp-content\/uploads\/2026\/04\/key-lime-pie-thcv-vape.webp","contentUrl":"https:\/\/drherbals.se\/wp-content\/uploads\/2026\/04\/key-lime-pie-thcv-vape.webp","width":1000,"height":1000,"caption":"THCV Vape 20% - Key Lime Pie - DR. Herbals"},{"@type":"BreadcrumbList","@id":"https:\/\/drherbals.se\/produkt\/thcv-vape-20-indica\/#breadcrumb","itemListElement":[{"@type":"ListItem","position":1,"name":"Hem","item":"https:\/\/drherbals.se\/"},{"@type":"ListItem","position":2,"name":"Butik","item":"https:\/\/drherbals.se\/butik\/"},{"@type":"ListItem","position":3,"name":"THCV Vape &#8211; Key Lime Pie \/ INDICA"}]},{"@type":"WebSite","@id":"https:\/\/drherbals.se\/#website","url":"https:\/\/drherbals.se\/","name":"DR. Herbals","description":"Sweden's widest Cannabis range","publisher":{"@id":"https:\/\/drherbals.se\/#organization"},"alternateName":"DR. H","potentialAction":[{"@type":"SearchAction","target":{"@type":"EntryPoint","urlTemplate":"https:\/\/drherbals.se\/?s={search_term_string}"},"query-input":{"@type":"PropertyValueSpecification","valueRequired":true,"valueName":"search_term_string"}}],"inLanguage":"en-US"},{"@type":"Organization","@id":"https:\/\/drherbals.se\/#organization","name":"DR. Herbals","url":"https:\/\/drherbals.se\/","logo":{"@type":"ImageObject","inLanguage":"en-US","@id":"https:\/\/drherbals.se\/#\/schema\/logo\/image\/","url":"https:\/\/drherbals.se\/wp-content\/uploads\/2024\/09\/dr-herbals-logga.png","contentUrl":"https:\/\/drherbals.se\/wp-content\/uploads\/2024\/09\/dr-herbals-logga.png","width":240,"height":138,"caption":"DR. Herbals"},"image":{"@id":"https:\/\/drherbals.se\/#\/schema\/logo\/image\/"},"sameAs":["https:\/\/www.facebook.com\/drherbals.se","https:\/\/www.instagram.com\/drherbals.se\/"]}]}},"tiered_pricing_type":"fixed","tiered_pricing_fixed_rules":[],"tiered_pricing_product_settings":{"layout":"default","base_unit_name":{"singular":null,"plural":null},"default_variation":null},"tiered_pricing_minimum_quantity":null,"tiered_pricing_roles_data":[],"tiered_pricing_percentage_rules":[],"tiered_pricing_maximum_quantity":null,"tiered_pricing_quantity_step":null,"_links":{"self":[{"href":"https:\/\/drherbals.se\/en\/wp-json\/wp\/v2\/product\/33399","targetHints":{"allow":["GET"]}}],"collection":[{"href":"https:\/\/drherbals.se\/en\/wp-json\/wp\/v2\/product"}],"about":[{"href":"https:\/\/drherbals.se\/en\/wp-json\/wp\/v2\/types\/product"}],"wp:featuredmedia":[{"embeddable":true,"href":"https:\/\/drherbals.se\/en\/wp-json\/wp\/v2\/media\/80648"}],"wp:attachment":[{"href":"https:\/\/drherbals.se\/en\/wp-json\/wp\/v2\/media?parent=33399"}],"wp:term":[{"taxonomy":"product_brand","embeddable":true,"href":"https:\/\/drherbals.se\/en\/wp-json\/wp\/v2\/product_brand?post=33399"},{"taxonomy":"product_cat","embeddable":true,"href":"https:\/\/drherbals.se\/en\/wp-json\/wp\/v2\/product_cat?post=33399"},{"taxonomy":"product_tag","embeddable":true,"href":"https:\/\/drherbals.se\/en\/wp-json\/wp\/v2\/product_tag?post=33399"}],"curies":[{"name":"wp","href":"https:\/\/api.w.org\/{rel}","templated":true}]}}