{"id":25041,"date":"2023-07-18T09:21:04","date_gmt":"2023-07-18T07:21:04","guid":{"rendered":"https:\/\/drherbals.se\/?post_type=product&#038;p=25041"},"modified":"2026-04-15T17:46:29","modified_gmt":"2026-04-15T15:46:29","slug":"cannamix-engangs-vape-gelato","status":"publish","type":"product","link":"https:\/\/drherbals.se\/en\/product\/cannamix-engangs-vape-gelato\/","title":{"rendered":"CannaMix Vape - Gelato X-strong"},"content":{"rendered":"<h2><span style=\"color: #333333\"><strong><span style=\"font-size: 110%\">CannaMix - Gelato<\/span><\/strong><\/span><\/h2>\n<p><span style=\"color: #333333\">Explore a new dimension of vapes without nicotine with the exclusive vape pen from CannaMix. This disposable vape is created with care and offers an unforgettable experience. <\/span>Together with explosive terpenes from Cannabis Sativa L, this vape creates an experience that is not only effective, but also smells refreshing and entices your senses to a whole new level of enjoyment.<\/p>\n<hr \/>\n<p><span style=\"color: #333333\"><strong><span style=\"font-size: 120%\">Fragrance notes<\/span><\/strong><\/span><\/p>\n<p><span style=\"color: #333333\"><strong>Opening:<\/strong> Vanilla, Cream, Strawberry<br \/>\n<strong>Heart:<\/strong> Fruits, Herbs<br \/>\n<strong>Bottom:<\/strong> cotton candy<\/span><\/p>","protected":false},"excerpt":{"rendered":"<p><span style=\"color: #333333\"><strong><span style=\"font-size: 120%\">Scent of vanilla, cream &amp; strawberry<\/span><\/strong><\/span><\/p>\n<p><span style=\"font-size: 100%;color: #000000\">\u2192 Gelato (0,5g)<\/span><br \/>\n<span style=\"font-size: 100%;color: #000000\">\u2192 Natural terpenes &amp; flavonoids<\/span><br \/>\n<span style=\"font-size: 100%;color: #000000\">\u2192 Easy to handle<\/span><br \/>\n<span style=\"font-size: 100%;color: #000000\">\u2192 Quality assured formula<\/span><br \/>\n<span style=\"font-size: 100%;color: #000000\">\u2192 Not synthetically produced<\/span><br \/>\n<span style=\"font-size: 100%;color: #000000\">\u2192 Free from HHC, HHC-O, HHC-P &amp; THC<\/span><\/p>","protected":false},"featured_media":25029,"template":"","meta":[],"product_brand":[],"product_cat":[1169,1165,1188],"product_tag":[363],"class_list":{"0":"post-25041","1":"product","2":"type-product","3":"status-publish","4":"has-post-thumbnail","6":"product_cat-alla-produkter","7":"product_cat-bastsaljare","8":"product_cat-cannamix","9":"product_tag-thc-fri","11":"first","12":"instock","13":"taxable","14":"shipping-taxable","15":"purchasable","16":"product-type-simple"},"yoast_head":"<!-- This site is optimized with the Yoast SEO plugin v27.4 - https:\/\/yoast.com\/product\/yoast-seo-wordpress\/ -->\n<title>CannaMix Vape - Gelato X-strong - DR. Herbals<\/title>\n<meta name=\"description\" content=\"CannaMix - Gelato X-strong. Upplev en enast\u00e5ende njutning med exklusiva Gelato. Denna sensationella cannabis-sort erbjuder en f\u00f6rf\u00f6risk fusion av\" \/>\n<meta name=\"robots\" content=\"index, follow, max-snippet:-1, max-image-preview:large, max-video-preview:-1\" \/>\n<link rel=\"canonical\" href=\"https:\/\/drherbals.se\/en\/product\/cannamix-engangs-vape-gelato\/?wmc-currency=EUR\" \/>\n<meta property=\"og:locale\" content=\"en_US\" \/>\n<meta property=\"og:type\" content=\"article\" \/>\n<meta property=\"og:title\" content=\"CannaMix Vape - Gelato X-strong - DR. Herbals\" \/>\n<meta property=\"og:description\" content=\"CannaMix - Gelato X-strong. Upplev en enast\u00e5ende njutning med exklusiva Gelato. Denna sensationella cannabis-sort erbjuder en f\u00f6rf\u00f6risk fusion av\" \/>\n<meta property=\"og:url\" content=\"https:\/\/drherbals.se\/en\/product\/cannamix-engangs-vape-gelato\/?wmc-currency=EUR\" \/>\n<meta property=\"og:site_name\" content=\"DR. Herbals\" \/>\n<meta property=\"article:publisher\" content=\"https:\/\/www.facebook.com\/drherbals.se\" \/>\n<meta property=\"article:modified_time\" content=\"2026-04-15T15:46:29+00:00\" \/>\n<meta property=\"og:image\" content=\"https:\/\/drherbals.se\/wp-content\/uploads\/2023\/06\/GELATO.jpg\" \/>\n\t<meta property=\"og:image:width\" content=\"1000\" \/>\n\t<meta property=\"og:image:height\" content=\"1000\" \/>\n\t<meta property=\"og:image:type\" content=\"image\/jpeg\" \/>\n<meta name=\"twitter:card\" content=\"summary_large_image\" \/>\n<meta name=\"twitter:label1\" content=\"Est. reading time\" \/>\n\t<meta name=\"twitter:data1\" content=\"1 minute\" \/>\n<script type=\"application\/ld+json\" class=\"yoast-schema-graph\">{\"@context\":\"https:\\\/\\\/schema.org\",\"@graph\":[{\"@type\":\"WebPage\",\"@id\":\"https:\\\/\\\/drherbals.se\\\/produkt\\\/cannamix-engangs-vape-gelato\\\/\",\"url\":\"https:\\\/\\\/drherbals.se\\\/produkt\\\/cannamix-engangs-vape-gelato\\\/\",\"name\":\"CannaMix Vape - Gelato X-strong - DR. Herbals\",\"isPartOf\":{\"@id\":\"https:\\\/\\\/drherbals.se\\\/#website\"},\"primaryImageOfPage\":{\"@id\":\"https:\\\/\\\/drherbals.se\\\/produkt\\\/cannamix-engangs-vape-gelato\\\/#primaryimage\"},\"image\":{\"@id\":\"https:\\\/\\\/drherbals.se\\\/produkt\\\/cannamix-engangs-vape-gelato\\\/#primaryimage\"},\"thumbnailUrl\":\"https:\\\/\\\/drherbals.se\\\/wp-content\\\/uploads\\\/2023\\\/06\\\/GELATO.jpg\",\"datePublished\":\"2023-07-18T07:21:04+00:00\",\"dateModified\":\"2026-04-15T15:46:29+00:00\",\"description\":\"CannaMix - Gelato X-strong. Upplev en enast\u00e5ende njutning med exklusiva Gelato. Denna sensationella cannabis-sort erbjuder en f\u00f6rf\u00f6risk fusion av\",\"breadcrumb\":{\"@id\":\"https:\\\/\\\/drherbals.se\\\/produkt\\\/cannamix-engangs-vape-gelato\\\/#breadcrumb\"},\"inLanguage\":\"en-US\",\"potentialAction\":[{\"@type\":\"ReadAction\",\"target\":[\"https:\\\/\\\/drherbals.se\\\/produkt\\\/cannamix-engangs-vape-gelato\\\/\"]}]},{\"@type\":\"ImageObject\",\"inLanguage\":\"en-US\",\"@id\":\"https:\\\/\\\/drherbals.se\\\/produkt\\\/cannamix-engangs-vape-gelato\\\/#primaryimage\",\"url\":\"https:\\\/\\\/drherbals.se\\\/wp-content\\\/uploads\\\/2023\\\/06\\\/GELATO.jpg\",\"contentUrl\":\"https:\\\/\\\/drherbals.se\\\/wp-content\\\/uploads\\\/2023\\\/06\\\/GELATO.jpg\",\"width\":1000,\"height\":1000,\"caption\":\"Eng\u00e5ngsvape Gelato X-strong - CannaMix I DR. Herbals\"},{\"@type\":\"BreadcrumbList\",\"@id\":\"https:\\\/\\\/drherbals.se\\\/produkt\\\/cannamix-engangs-vape-gelato\\\/#breadcrumb\",\"itemListElement\":[{\"@type\":\"ListItem\",\"position\":1,\"name\":\"Hem\",\"item\":\"https:\\\/\\\/drherbals.se\\\/\"},{\"@type\":\"ListItem\",\"position\":2,\"name\":\"Butik\",\"item\":\"https:\\\/\\\/drherbals.se\\\/butik\\\/\"},{\"@type\":\"ListItem\",\"position\":3,\"name\":\"CannaMix Vape &#8211; Gelato X-strong\"}]},{\"@type\":\"WebSite\",\"@id\":\"https:\\\/\\\/drherbals.se\\\/#website\",\"url\":\"https:\\\/\\\/drherbals.se\\\/\",\"name\":\"DR. Herbals\",\"description\":\"Sveriges bredaste Cannabis sortiment\",\"publisher\":{\"@id\":\"https:\\\/\\\/drherbals.se\\\/#organization\"},\"alternateName\":\"DR. H\",\"potentialAction\":[{\"@type\":\"SearchAction\",\"target\":{\"@type\":\"EntryPoint\",\"urlTemplate\":\"https:\\\/\\\/drherbals.se\\\/?s={search_term_string}\"},\"query-input\":{\"@type\":\"PropertyValueSpecification\",\"valueRequired\":true,\"valueName\":\"search_term_string\"}}],\"inLanguage\":\"en-US\"},{\"@type\":\"Organization\",\"@id\":\"https:\\\/\\\/drherbals.se\\\/#organization\",\"name\":\"DR. Herbals\",\"url\":\"https:\\\/\\\/drherbals.se\\\/\",\"logo\":{\"@type\":\"ImageObject\",\"inLanguage\":\"en-US\",\"@id\":\"https:\\\/\\\/drherbals.se\\\/#\\\/schema\\\/logo\\\/image\\\/\",\"url\":\"https:\\\/\\\/drherbals.se\\\/wp-content\\\/uploads\\\/2024\\\/09\\\/dr-herbals-logga.png\",\"contentUrl\":\"https:\\\/\\\/drherbals.se\\\/wp-content\\\/uploads\\\/2024\\\/09\\\/dr-herbals-logga.png\",\"width\":240,\"height\":138,\"caption\":\"DR. Herbals\"},\"image\":{\"@id\":\"https:\\\/\\\/drherbals.se\\\/#\\\/schema\\\/logo\\\/image\\\/\"},\"sameAs\":[\"https:\\\/\\\/www.facebook.com\\\/drherbals.se\",\"https:\\\/\\\/www.instagram.com\\\/drherbals.se\\\/\"]}]}<\/script>\n<!-- \/ Yoast SEO plugin. -->","yoast_head_json":{"title":"CannaMix Vape - Gelato X-strong - DR. Herbals","description":"CannaMix - Gelato X-strong. Experience an unparalleled pleasure with exclusive Gelato. This sensational cannabis variety offers a seductive fusion of","robots":{"index":"index","follow":"follow","max-snippet":"max-snippet:-1","max-image-preview":"max-image-preview:large","max-video-preview":"max-video-preview:-1"},"canonical":"https:\/\/drherbals.se\/en\/product\/cannamix-engangs-vape-gelato\/?wmc-currency=EUR","og_locale":"en_US","og_type":"article","og_title":"CannaMix Vape - Gelato X-strong - DR. Herbals","og_description":"CannaMix - Gelato X-strong. Upplev en enast\u00e5ende njutning med exklusiva Gelato. Denna sensationella cannabis-sort erbjuder en f\u00f6rf\u00f6risk fusion av","og_url":"https:\/\/drherbals.se\/en\/product\/cannamix-engangs-vape-gelato\/?wmc-currency=EUR","og_site_name":"DR. Herbals","article_publisher":"https:\/\/www.facebook.com\/drherbals.se","article_modified_time":"2026-04-15T15:46:29+00:00","og_image":[{"width":1000,"height":1000,"url":"https:\/\/drherbals.se\/wp-content\/uploads\/2023\/06\/GELATO.jpg","type":"image\/jpeg"}],"twitter_card":"summary_large_image","twitter_misc":{"Est. reading time":"1 minute"},"schema":{"@context":"https:\/\/schema.org","@graph":[{"@type":"WebPage","@id":"https:\/\/drherbals.se\/produkt\/cannamix-engangs-vape-gelato\/","url":"https:\/\/drherbals.se\/produkt\/cannamix-engangs-vape-gelato\/","name":"CannaMix Vape - Gelato X-strong - DR. Herbals","isPartOf":{"@id":"https:\/\/drherbals.se\/#website"},"primaryImageOfPage":{"@id":"https:\/\/drherbals.se\/produkt\/cannamix-engangs-vape-gelato\/#primaryimage"},"image":{"@id":"https:\/\/drherbals.se\/produkt\/cannamix-engangs-vape-gelato\/#primaryimage"},"thumbnailUrl":"https:\/\/drherbals.se\/wp-content\/uploads\/2023\/06\/GELATO.jpg","datePublished":"2023-07-18T07:21:04+00:00","dateModified":"2026-04-15T15:46:29+00:00","description":"CannaMix - Gelato X-strong. Experience an unparalleled pleasure with exclusive Gelato. This sensational cannabis variety offers a seductive fusion of","breadcrumb":{"@id":"https:\/\/drherbals.se\/produkt\/cannamix-engangs-vape-gelato\/#breadcrumb"},"inLanguage":"en-US","potentialAction":[{"@type":"ReadAction","target":["https:\/\/drherbals.se\/produkt\/cannamix-engangs-vape-gelato\/"]}]},{"@type":"ImageObject","inLanguage":"en-US","@id":"https:\/\/drherbals.se\/produkt\/cannamix-engangs-vape-gelato\/#primaryimage","url":"https:\/\/drherbals.se\/wp-content\/uploads\/2023\/06\/GELATO.jpg","contentUrl":"https:\/\/drherbals.se\/wp-content\/uploads\/2023\/06\/GELATO.jpg","width":1000,"height":1000,"caption":"Eng\u00e5ngsvape Gelato X-strong - CannaMix I DR. Herbals"},{"@type":"BreadcrumbList","@id":"https:\/\/drherbals.se\/produkt\/cannamix-engangs-vape-gelato\/#breadcrumb","itemListElement":[{"@type":"ListItem","position":1,"name":"Hem","item":"https:\/\/drherbals.se\/"},{"@type":"ListItem","position":2,"name":"Butik","item":"https:\/\/drherbals.se\/butik\/"},{"@type":"ListItem","position":3,"name":"CannaMix Vape &#8211; Gelato X-strong"}]},{"@type":"WebSite","@id":"https:\/\/drherbals.se\/#website","url":"https:\/\/drherbals.se\/","name":"DR. Herbals","description":"Sweden's widest Cannabis range","publisher":{"@id":"https:\/\/drherbals.se\/#organization"},"alternateName":"DR. H","potentialAction":[{"@type":"SearchAction","target":{"@type":"EntryPoint","urlTemplate":"https:\/\/drherbals.se\/?s={search_term_string}"},"query-input":{"@type":"PropertyValueSpecification","valueRequired":true,"valueName":"search_term_string"}}],"inLanguage":"en-US"},{"@type":"Organization","@id":"https:\/\/drherbals.se\/#organization","name":"DR. Herbals","url":"https:\/\/drherbals.se\/","logo":{"@type":"ImageObject","inLanguage":"en-US","@id":"https:\/\/drherbals.se\/#\/schema\/logo\/image\/","url":"https:\/\/drherbals.se\/wp-content\/uploads\/2024\/09\/dr-herbals-logga.png","contentUrl":"https:\/\/drherbals.se\/wp-content\/uploads\/2024\/09\/dr-herbals-logga.png","width":240,"height":138,"caption":"DR. Herbals"},"image":{"@id":"https:\/\/drherbals.se\/#\/schema\/logo\/image\/"},"sameAs":["https:\/\/www.facebook.com\/drherbals.se","https:\/\/www.instagram.com\/drherbals.se\/"]}]}},"tiered_pricing_type":"fixed","tiered_pricing_fixed_rules":[],"tiered_pricing_product_settings":{"layout":"default","base_unit_name":{"singular":null,"plural":null},"default_variation":null},"tiered_pricing_minimum_quantity":null,"tiered_pricing_roles_data":[],"tiered_pricing_percentage_rules":[],"tiered_pricing_maximum_quantity":null,"tiered_pricing_quantity_step":null,"_links":{"self":[{"href":"https:\/\/drherbals.se\/en\/wp-json\/wp\/v2\/product\/25041","targetHints":{"allow":["GET"]}}],"collection":[{"href":"https:\/\/drherbals.se\/en\/wp-json\/wp\/v2\/product"}],"about":[{"href":"https:\/\/drherbals.se\/en\/wp-json\/wp\/v2\/types\/product"}],"wp:featuredmedia":[{"embeddable":true,"href":"https:\/\/drherbals.se\/en\/wp-json\/wp\/v2\/media\/25029"}],"wp:attachment":[{"href":"https:\/\/drherbals.se\/en\/wp-json\/wp\/v2\/media?parent=25041"}],"wp:term":[{"taxonomy":"product_brand","embeddable":true,"href":"https:\/\/drherbals.se\/en\/wp-json\/wp\/v2\/product_brand?post=25041"},{"taxonomy":"product_cat","embeddable":true,"href":"https:\/\/drherbals.se\/en\/wp-json\/wp\/v2\/product_cat?post=25041"},{"taxonomy":"product_tag","embeddable":true,"href":"https:\/\/drherbals.se\/en\/wp-json\/wp\/v2\/product_tag?post=25041"}],"curies":[{"name":"wp","href":"https:\/\/api.w.org\/{rel}","templated":true}]}}