{"id":25040,"date":"2023-07-18T09:20:29","date_gmt":"2023-07-18T07:20:29","guid":{"rendered":"https:\/\/drherbals.se\/?post_type=product&#038;p=25040"},"modified":"2026-04-13T11:52:18","modified_gmt":"2026-04-13T09:52:18","slug":"cannamix-engangs-vape-mojito","status":"publish","type":"product","link":"https:\/\/drherbals.se\/en\/product\/cannamix-engangs-vape-mojito\/","title":{"rendered":"CannaMix Vape - Mojito X-strong"},"content":{"rendered":"<h2><span style=\"color: #333333\"><strong><span style=\"font-size: 110%\">CannaMix - Mojito<\/span><\/strong><\/span><\/h2>\n<p><span style=\"color: #333333\">Explore a new dimension of vapes without nicotine with the exclusive vape pen from CannaMix. This disposable vape is created with care and offers an unforgettable experience. Together with explosive terpenes from Cannabis Sativa L, this vape creates an experience that is not only effective, but also smells refreshing and entices your senses to a whole new level of enjoyment.<\/span><\/p>\n<hr \/>\n<p><span style=\"color: #333333\"><strong><span style=\"font-size: 120%\">Fragrance notes<\/span><\/strong><\/span><\/p>\n<p><strong>Opening:<\/strong> Mint, Brown sugar, Citrus<br \/>\n<strong>Heart:<\/strong> Lime, Fruit<br \/>\n<strong>Bottom:<\/strong> Herbs, Sweetness<\/p>","protected":false},"excerpt":{"rendered":"<p><span style=\"color: #333333\"><strong><span style=\"font-size: 120%\">Scent of mint, citrus &amp; sugar<\/span><\/strong><\/span><\/p>\n<p>\u2192 Mojito (0.5g)<br \/>\n\u2192 Natural terpenes &amp; flavonoids<br \/>\n\u2192 Easy to handle<br \/>\n\u2192 Quality assured formula<br \/>\n\u2192 Not synthetically produced<br \/>\n\u2192 Free from HHC, HHC-O, HHC-P &amp; THC<\/p>","protected":false},"featured_media":25030,"template":"","meta":[],"product_brand":[],"product_cat":[1169,1165,1188],"product_tag":[363],"class_list":{"0":"post-25040","1":"product","2":"type-product","3":"status-publish","4":"has-post-thumbnail","6":"product_cat-alla-produkter","7":"product_cat-bastsaljare","8":"product_cat-cannamix","9":"product_tag-thc-fri","11":"first","12":"instock","13":"taxable","14":"shipping-taxable","15":"purchasable","16":"product-type-simple"},"yoast_head":"<!-- This site is optimized with the Yoast SEO plugin v27.4 - https:\/\/yoast.com\/product\/yoast-seo-wordpress\/ -->\n<title>CannaMix Vape - Mojito X-strong - DR. Herbals<\/title>\n<meta name=\"description\" content=\"CannaMix -Mojito X-strong. Pennan best\u00e5r av h\u00f6gkvalitativt bred-spektrum extrakt fr\u00e5n Cannabis Sativa som framst\u00e4llts med modern och innovativ teknik.\" \/>\n<meta name=\"robots\" content=\"index, follow, max-snippet:-1, max-image-preview:large, max-video-preview:-1\" \/>\n<link rel=\"canonical\" href=\"https:\/\/drherbals.se\/en\/product\/cannamix-engangs-vape-mojito\/?wmc-currency=EUR\" \/>\n<meta property=\"og:locale\" content=\"en_US\" \/>\n<meta property=\"og:type\" content=\"article\" \/>\n<meta property=\"og:title\" content=\"CannaMix Vape - Mojito X-strong - DR. Herbals\" \/>\n<meta property=\"og:description\" content=\"CannaMix -Mojito X-strong. Pennan best\u00e5r av h\u00f6gkvalitativt bred-spektrum extrakt fr\u00e5n Cannabis Sativa som framst\u00e4llts med modern och innovativ teknik.\" \/>\n<meta property=\"og:url\" content=\"https:\/\/drherbals.se\/en\/product\/cannamix-engangs-vape-mojito\/?wmc-currency=EUR\" \/>\n<meta property=\"og:site_name\" content=\"DR. Herbals\" \/>\n<meta property=\"article:publisher\" content=\"https:\/\/www.facebook.com\/drherbals.se\" \/>\n<meta property=\"article:modified_time\" content=\"2026-04-13T09:52:18+00:00\" \/>\n<meta property=\"og:image\" content=\"https:\/\/drherbals.se\/wp-content\/uploads\/2023\/06\/MOJITO.jpg\" \/>\n\t<meta property=\"og:image:width\" content=\"1000\" \/>\n\t<meta property=\"og:image:height\" content=\"1000\" \/>\n\t<meta property=\"og:image:type\" content=\"image\/jpeg\" \/>\n<meta name=\"twitter:card\" content=\"summary_large_image\" \/>\n<meta name=\"twitter:label1\" content=\"Est. reading time\" \/>\n\t<meta name=\"twitter:data1\" content=\"1 minute\" \/>\n<script type=\"application\/ld+json\" class=\"yoast-schema-graph\">{\"@context\":\"https:\\\/\\\/schema.org\",\"@graph\":[{\"@type\":\"WebPage\",\"@id\":\"https:\\\/\\\/drherbals.se\\\/produkt\\\/cannamix-engangs-vape-mojito\\\/\",\"url\":\"https:\\\/\\\/drherbals.se\\\/produkt\\\/cannamix-engangs-vape-mojito\\\/\",\"name\":\"CannaMix Vape - Mojito X-strong - DR. Herbals\",\"isPartOf\":{\"@id\":\"https:\\\/\\\/drherbals.se\\\/#website\"},\"primaryImageOfPage\":{\"@id\":\"https:\\\/\\\/drherbals.se\\\/produkt\\\/cannamix-engangs-vape-mojito\\\/#primaryimage\"},\"image\":{\"@id\":\"https:\\\/\\\/drherbals.se\\\/produkt\\\/cannamix-engangs-vape-mojito\\\/#primaryimage\"},\"thumbnailUrl\":\"https:\\\/\\\/drherbals.se\\\/wp-content\\\/uploads\\\/2023\\\/06\\\/MOJITO.jpg\",\"datePublished\":\"2023-07-18T07:20:29+00:00\",\"dateModified\":\"2026-04-13T09:52:18+00:00\",\"description\":\"CannaMix -Mojito X-strong. Pennan best\u00e5r av h\u00f6gkvalitativt bred-spektrum extrakt fr\u00e5n Cannabis Sativa som framst\u00e4llts med modern och innovativ teknik.\",\"breadcrumb\":{\"@id\":\"https:\\\/\\\/drherbals.se\\\/produkt\\\/cannamix-engangs-vape-mojito\\\/#breadcrumb\"},\"inLanguage\":\"en-US\",\"potentialAction\":[{\"@type\":\"ReadAction\",\"target\":[\"https:\\\/\\\/drherbals.se\\\/produkt\\\/cannamix-engangs-vape-mojito\\\/\"]}]},{\"@type\":\"ImageObject\",\"inLanguage\":\"en-US\",\"@id\":\"https:\\\/\\\/drherbals.se\\\/produkt\\\/cannamix-engangs-vape-mojito\\\/#primaryimage\",\"url\":\"https:\\\/\\\/drherbals.se\\\/wp-content\\\/uploads\\\/2023\\\/06\\\/MOJITO.jpg\",\"contentUrl\":\"https:\\\/\\\/drherbals.se\\\/wp-content\\\/uploads\\\/2023\\\/06\\\/MOJITO.jpg\",\"width\":1000,\"height\":1000,\"caption\":\"Eng\u00e5ngsvape Mojito - CannaMix I DR. Herbals\"},{\"@type\":\"BreadcrumbList\",\"@id\":\"https:\\\/\\\/drherbals.se\\\/produkt\\\/cannamix-engangs-vape-mojito\\\/#breadcrumb\",\"itemListElement\":[{\"@type\":\"ListItem\",\"position\":1,\"name\":\"Hem\",\"item\":\"https:\\\/\\\/drherbals.se\\\/\"},{\"@type\":\"ListItem\",\"position\":2,\"name\":\"Butik\",\"item\":\"https:\\\/\\\/drherbals.se\\\/butik\\\/\"},{\"@type\":\"ListItem\",\"position\":3,\"name\":\"CannaMix Vape &#8211; Mojito X-strong\"}]},{\"@type\":\"WebSite\",\"@id\":\"https:\\\/\\\/drherbals.se\\\/#website\",\"url\":\"https:\\\/\\\/drherbals.se\\\/\",\"name\":\"DR. Herbals\",\"description\":\"Sveriges bredaste Cannabis sortiment\",\"publisher\":{\"@id\":\"https:\\\/\\\/drherbals.se\\\/#organization\"},\"alternateName\":\"DR. H\",\"potentialAction\":[{\"@type\":\"SearchAction\",\"target\":{\"@type\":\"EntryPoint\",\"urlTemplate\":\"https:\\\/\\\/drherbals.se\\\/?s={search_term_string}\"},\"query-input\":{\"@type\":\"PropertyValueSpecification\",\"valueRequired\":true,\"valueName\":\"search_term_string\"}}],\"inLanguage\":\"en-US\"},{\"@type\":\"Organization\",\"@id\":\"https:\\\/\\\/drherbals.se\\\/#organization\",\"name\":\"DR. Herbals\",\"url\":\"https:\\\/\\\/drherbals.se\\\/\",\"logo\":{\"@type\":\"ImageObject\",\"inLanguage\":\"en-US\",\"@id\":\"https:\\\/\\\/drherbals.se\\\/#\\\/schema\\\/logo\\\/image\\\/\",\"url\":\"https:\\\/\\\/drherbals.se\\\/wp-content\\\/uploads\\\/2024\\\/09\\\/dr-herbals-logga.png\",\"contentUrl\":\"https:\\\/\\\/drherbals.se\\\/wp-content\\\/uploads\\\/2024\\\/09\\\/dr-herbals-logga.png\",\"width\":240,\"height\":138,\"caption\":\"DR. Herbals\"},\"image\":{\"@id\":\"https:\\\/\\\/drherbals.se\\\/#\\\/schema\\\/logo\\\/image\\\/\"},\"sameAs\":[\"https:\\\/\\\/www.facebook.com\\\/drherbals.se\",\"https:\\\/\\\/www.instagram.com\\\/drherbals.se\\\/\"]}]}<\/script>\n<!-- \/ Yoast SEO plugin. -->","yoast_head_json":{"title":"CannaMix Vape - Mojito X-strong - DR. Herbals","description":"CannaMix -Mojito X-strong. The pen consists of high-quality broad-spectrum extracts of Cannabis Sativa produced with modern and innovative technology.","robots":{"index":"index","follow":"follow","max-snippet":"max-snippet:-1","max-image-preview":"max-image-preview:large","max-video-preview":"max-video-preview:-1"},"canonical":"https:\/\/drherbals.se\/en\/product\/cannamix-engangs-vape-mojito\/?wmc-currency=EUR","og_locale":"en_US","og_type":"article","og_title":"CannaMix Vape - Mojito X-strong - DR. Herbals","og_description":"CannaMix -Mojito X-strong. Pennan best\u00e5r av h\u00f6gkvalitativt bred-spektrum extrakt fr\u00e5n Cannabis Sativa som framst\u00e4llts med modern och innovativ teknik.","og_url":"https:\/\/drherbals.se\/en\/product\/cannamix-engangs-vape-mojito\/?wmc-currency=EUR","og_site_name":"DR. Herbals","article_publisher":"https:\/\/www.facebook.com\/drherbals.se","article_modified_time":"2026-04-13T09:52:18+00:00","og_image":[{"width":1000,"height":1000,"url":"https:\/\/drherbals.se\/wp-content\/uploads\/2023\/06\/MOJITO.jpg","type":"image\/jpeg"}],"twitter_card":"summary_large_image","twitter_misc":{"Est. reading time":"1 minute"},"schema":{"@context":"https:\/\/schema.org","@graph":[{"@type":"WebPage","@id":"https:\/\/drherbals.se\/produkt\/cannamix-engangs-vape-mojito\/","url":"https:\/\/drherbals.se\/produkt\/cannamix-engangs-vape-mojito\/","name":"CannaMix Vape - Mojito X-strong - DR. Herbals","isPartOf":{"@id":"https:\/\/drherbals.se\/#website"},"primaryImageOfPage":{"@id":"https:\/\/drherbals.se\/produkt\/cannamix-engangs-vape-mojito\/#primaryimage"},"image":{"@id":"https:\/\/drherbals.se\/produkt\/cannamix-engangs-vape-mojito\/#primaryimage"},"thumbnailUrl":"https:\/\/drherbals.se\/wp-content\/uploads\/2023\/06\/MOJITO.jpg","datePublished":"2023-07-18T07:20:29+00:00","dateModified":"2026-04-13T09:52:18+00:00","description":"CannaMix -Mojito X-strong. The pen consists of high-quality broad-spectrum extracts of Cannabis Sativa produced with modern and innovative technology.","breadcrumb":{"@id":"https:\/\/drherbals.se\/produkt\/cannamix-engangs-vape-mojito\/#breadcrumb"},"inLanguage":"en-US","potentialAction":[{"@type":"ReadAction","target":["https:\/\/drherbals.se\/produkt\/cannamix-engangs-vape-mojito\/"]}]},{"@type":"ImageObject","inLanguage":"en-US","@id":"https:\/\/drherbals.se\/produkt\/cannamix-engangs-vape-mojito\/#primaryimage","url":"https:\/\/drherbals.se\/wp-content\/uploads\/2023\/06\/MOJITO.jpg","contentUrl":"https:\/\/drherbals.se\/wp-content\/uploads\/2023\/06\/MOJITO.jpg","width":1000,"height":1000,"caption":"Eng\u00e5ngsvape Mojito - CannaMix I DR. Herbals"},{"@type":"BreadcrumbList","@id":"https:\/\/drherbals.se\/produkt\/cannamix-engangs-vape-mojito\/#breadcrumb","itemListElement":[{"@type":"ListItem","position":1,"name":"Hem","item":"https:\/\/drherbals.se\/"},{"@type":"ListItem","position":2,"name":"Butik","item":"https:\/\/drherbals.se\/butik\/"},{"@type":"ListItem","position":3,"name":"CannaMix Vape &#8211; Mojito X-strong"}]},{"@type":"WebSite","@id":"https:\/\/drherbals.se\/#website","url":"https:\/\/drherbals.se\/","name":"DR. Herbals","description":"Sweden's widest Cannabis range","publisher":{"@id":"https:\/\/drherbals.se\/#organization"},"alternateName":"DR. H","potentialAction":[{"@type":"SearchAction","target":{"@type":"EntryPoint","urlTemplate":"https:\/\/drherbals.se\/?s={search_term_string}"},"query-input":{"@type":"PropertyValueSpecification","valueRequired":true,"valueName":"search_term_string"}}],"inLanguage":"en-US"},{"@type":"Organization","@id":"https:\/\/drherbals.se\/#organization","name":"DR. Herbals","url":"https:\/\/drherbals.se\/","logo":{"@type":"ImageObject","inLanguage":"en-US","@id":"https:\/\/drherbals.se\/#\/schema\/logo\/image\/","url":"https:\/\/drherbals.se\/wp-content\/uploads\/2024\/09\/dr-herbals-logga.png","contentUrl":"https:\/\/drherbals.se\/wp-content\/uploads\/2024\/09\/dr-herbals-logga.png","width":240,"height":138,"caption":"DR. Herbals"},"image":{"@id":"https:\/\/drherbals.se\/#\/schema\/logo\/image\/"},"sameAs":["https:\/\/www.facebook.com\/drherbals.se","https:\/\/www.instagram.com\/drherbals.se\/"]}]}},"tiered_pricing_type":"fixed","tiered_pricing_fixed_rules":[],"tiered_pricing_product_settings":{"layout":"default","base_unit_name":{"singular":null,"plural":null},"default_variation":null},"tiered_pricing_minimum_quantity":null,"tiered_pricing_roles_data":[],"tiered_pricing_percentage_rules":[],"tiered_pricing_maximum_quantity":null,"tiered_pricing_quantity_step":null,"_links":{"self":[{"href":"https:\/\/drherbals.se\/en\/wp-json\/wp\/v2\/product\/25040","targetHints":{"allow":["GET"]}}],"collection":[{"href":"https:\/\/drherbals.se\/en\/wp-json\/wp\/v2\/product"}],"about":[{"href":"https:\/\/drherbals.se\/en\/wp-json\/wp\/v2\/types\/product"}],"wp:featuredmedia":[{"embeddable":true,"href":"https:\/\/drherbals.se\/en\/wp-json\/wp\/v2\/media\/25030"}],"wp:attachment":[{"href":"https:\/\/drherbals.se\/en\/wp-json\/wp\/v2\/media?parent=25040"}],"wp:term":[{"taxonomy":"product_brand","embeddable":true,"href":"https:\/\/drherbals.se\/en\/wp-json\/wp\/v2\/product_brand?post=25040"},{"taxonomy":"product_cat","embeddable":true,"href":"https:\/\/drherbals.se\/en\/wp-json\/wp\/v2\/product_cat?post=25040"},{"taxonomy":"product_tag","embeddable":true,"href":"https:\/\/drherbals.se\/en\/wp-json\/wp\/v2\/product_tag?post=25040"}],"curies":[{"name":"wp","href":"https:\/\/api.w.org\/{rel}","templated":true}]}}