{"id":15450,"date":"2023-03-27T21:54:33","date_gmt":"2023-03-27T19:54:33","guid":{"rendered":"https:\/\/drherbals.se\/?post_type=product&#038;p=15450"},"modified":"2026-04-15T17:13:50","modified_gmt":"2026-04-15T15:13:50","slug":"cbd-vape-watermelon-kush-90","status":"publish","type":"product","link":"https:\/\/drherbals.se\/en\/product\/cbd-vape-watermelon-kush-90\/","title":{"rendered":"CBD Vape - Watermelon Kush \/ INDICA"},"content":{"rendered":"<h2><span style=\"color: #333333\"><strong><span style=\"font-size: 110%\">Watermelon Kush (Indica)<\/span><\/strong><\/span><\/h2>\n<p><span style=\"color: #333333\">Watermelon Kush is one of DR. Herbals best-selling CBD Vapes. All of our vapes are created with 100% natural ingredients, including Watermelon Kush. The device contains <span style=\"font-size: 100%;color: #000000\"><strong>90% CBD<\/strong>, <strong>2.5% CBG<\/strong>, <strong>2.5% CBC<\/strong>, <\/span><strong><span style=\"font-size: 100%;color: #000000\">5% Terpenes<\/span><\/strong>. The scent that embraces your aura is iconic and loved for its potentially aromatic properties, thanks to its carefully selected terpenes. With its naturally earthy and tropical scent, Watermelon Kush offers a safe and effective product.<\/span><\/p>\n<p>The product is THC-free and sold as a collector's item and for decorative purposes. Not for persons under 18 years of age. Keep out of reach of children.<\/p>\n<hr \/>\n<p><span style=\"color: #333333\"><strong><span style=\"font-size: 120%\">Fragrance notes<\/span><\/strong><\/span><\/p>\n<p><span style=\"color: #333333\"><strong>Opening:<\/strong> Watermelon, Raspberry, Honeydew<br \/>\n<strong>Heart:<\/strong> Papaya, Caramel<br \/>\n<strong>Bottom:<\/strong> Herbs, Strawberry<\/span><\/p>","protected":false},"excerpt":{"rendered":"<p><strong><span style=\"font-size: 120%\">Scent of watermelon, raspberry &amp; papaya<\/span><\/strong><\/p>\n<p><span style=\"font-size: 100%;color: #000000\">\u2192 Watermelon Kush (Indica)<\/span><br \/>\n<span style=\"font-size: 100%;color: #000000\">\u2192 <strong>90% CBD \/ 0% THC<\/strong><\/span><br \/>\n<span style=\"font-size: 100%;color: #000000\">\u2192 Quality assured formula<\/span><br \/>\n<span style=\"font-size: 100%;color: #000000\">\u2192 Manufactured by DR. Herbals in Sweden<\/span><br \/>\n<span style=\"font-size: 100%;color: #000000\">\u2192 Free of heavy metals, solvents and additives<\/span><\/p>","protected":false},"featured_media":80616,"template":"","meta":[],"product_brand":[],"product_cat":[1169,1165,15,1175,1167,1131],"product_tag":[984,363],"class_list":{"0":"post-15450","1":"product","2":"type-product","3":"status-publish","4":"has-post-thumbnail","6":"product_cat-alla-produkter","7":"product_cat-bastsaljare","8":"product_cat-cbd","9":"product_cat-cbd-vape","10":"product_cat-indica","11":"product_cat-sale","12":"product_tag-cbd","13":"product_tag-thc-fri","15":"first","16":"instock","17":"sale","18":"taxable","19":"shipping-taxable","20":"purchasable","21":"product-type-simple"},"yoast_head":"<!-- This site is optimized with the Yoast SEO plugin v27.4 - https:\/\/yoast.com\/product\/yoast-seo-wordpress\/ -->\n<title>CBD Vape - Watermelon Kush \/ INDICA - DR. Herbals<\/title>\n<meta name=\"description\" content=\"CBD Vape - Watermelon Kush erbjuder en behagligt s\u00f6t doft av f\u00e4rsk vattenmelon som p\u00e5minner om varma sommarkv\u00e4llar. De dominanta terpenerna som skapar den\" \/>\n<meta name=\"robots\" content=\"index, follow, max-snippet:-1, max-image-preview:large, max-video-preview:-1\" \/>\n<link rel=\"canonical\" href=\"https:\/\/drherbals.se\/en\/product\/cbd-vape-watermelon-kush-90\/?wmc-currency=EUR\" \/>\n<meta property=\"og:locale\" content=\"en_US\" \/>\n<meta property=\"og:type\" content=\"article\" \/>\n<meta property=\"og:title\" content=\"CBD Vape - Watermelon Kush \/ INDICA - DR. Herbals\" \/>\n<meta property=\"og:description\" content=\"CBD Vape - Watermelon Kush erbjuder en behagligt s\u00f6t doft av f\u00e4rsk vattenmelon som p\u00e5minner om varma sommarkv\u00e4llar. De dominanta terpenerna som skapar den\" \/>\n<meta property=\"og:url\" content=\"https:\/\/drherbals.se\/en\/product\/cbd-vape-watermelon-kush-90\/?wmc-currency=EUR\" \/>\n<meta property=\"og:site_name\" content=\"DR. Herbals\" \/>\n<meta property=\"article:publisher\" content=\"https:\/\/www.facebook.com\/drherbals.se\" \/>\n<meta property=\"article:modified_time\" content=\"2026-04-15T15:13:50+00:00\" \/>\n<meta property=\"og:image\" content=\"https:\/\/drherbals.se\/wp-content\/uploads\/2026\/04\/vape-watermelon-kush.webp\" \/>\n\t<meta property=\"og:image:width\" content=\"1000\" \/>\n\t<meta property=\"og:image:height\" content=\"1000\" \/>\n\t<meta property=\"og:image:type\" content=\"image\/webp\" \/>\n<meta name=\"twitter:card\" content=\"summary_large_image\" \/>\n<meta name=\"twitter:label1\" content=\"Est. reading time\" \/>\n\t<meta name=\"twitter:data1\" content=\"1 minute\" \/>\n<script type=\"application\/ld+json\" class=\"yoast-schema-graph\">{\"@context\":\"https:\\\/\\\/schema.org\",\"@graph\":[{\"@type\":\"WebPage\",\"@id\":\"https:\\\/\\\/drherbals.se\\\/produkt\\\/cbd-vape-watermelon-kush-90\\\/\",\"url\":\"https:\\\/\\\/drherbals.se\\\/produkt\\\/cbd-vape-watermelon-kush-90\\\/\",\"name\":\"CBD Vape - Watermelon Kush \\\/ INDICA - DR. Herbals\",\"isPartOf\":{\"@id\":\"https:\\\/\\\/drherbals.se\\\/#website\"},\"primaryImageOfPage\":{\"@id\":\"https:\\\/\\\/drherbals.se\\\/produkt\\\/cbd-vape-watermelon-kush-90\\\/#primaryimage\"},\"image\":{\"@id\":\"https:\\\/\\\/drherbals.se\\\/produkt\\\/cbd-vape-watermelon-kush-90\\\/#primaryimage\"},\"thumbnailUrl\":\"https:\\\/\\\/drherbals.se\\\/wp-content\\\/uploads\\\/2026\\\/04\\\/vape-watermelon-kush.webp\",\"datePublished\":\"2023-03-27T19:54:33+00:00\",\"dateModified\":\"2026-04-15T15:13:50+00:00\",\"description\":\"CBD Vape - Watermelon Kush erbjuder en behagligt s\u00f6t doft av f\u00e4rsk vattenmelon som p\u00e5minner om varma sommarkv\u00e4llar. De dominanta terpenerna som skapar den\",\"breadcrumb\":{\"@id\":\"https:\\\/\\\/drherbals.se\\\/produkt\\\/cbd-vape-watermelon-kush-90\\\/#breadcrumb\"},\"inLanguage\":\"en-US\",\"potentialAction\":[{\"@type\":\"ReadAction\",\"target\":[\"https:\\\/\\\/drherbals.se\\\/produkt\\\/cbd-vape-watermelon-kush-90\\\/\"]}]},{\"@type\":\"ImageObject\",\"inLanguage\":\"en-US\",\"@id\":\"https:\\\/\\\/drherbals.se\\\/produkt\\\/cbd-vape-watermelon-kush-90\\\/#primaryimage\",\"url\":\"https:\\\/\\\/drherbals.se\\\/wp-content\\\/uploads\\\/2026\\\/04\\\/vape-watermelon-kush.webp\",\"contentUrl\":\"https:\\\/\\\/drherbals.se\\\/wp-content\\\/uploads\\\/2026\\\/04\\\/vape-watermelon-kush.webp\",\"width\":1000,\"height\":1000,\"caption\":\"Watermelon Kush - CBD Vape - DR. Herbals\"},{\"@type\":\"BreadcrumbList\",\"@id\":\"https:\\\/\\\/drherbals.se\\\/produkt\\\/cbd-vape-watermelon-kush-90\\\/#breadcrumb\",\"itemListElement\":[{\"@type\":\"ListItem\",\"position\":1,\"name\":\"Hem\",\"item\":\"https:\\\/\\\/drherbals.se\\\/\"},{\"@type\":\"ListItem\",\"position\":2,\"name\":\"Butik\",\"item\":\"https:\\\/\\\/drherbals.se\\\/butik\\\/\"},{\"@type\":\"ListItem\",\"position\":3,\"name\":\"CBD Vape &#8211; Watermelon Kush \\\/ INDICA\"}]},{\"@type\":\"WebSite\",\"@id\":\"https:\\\/\\\/drherbals.se\\\/#website\",\"url\":\"https:\\\/\\\/drherbals.se\\\/\",\"name\":\"DR. Herbals\",\"description\":\"Sveriges bredaste Cannabis sortiment\",\"publisher\":{\"@id\":\"https:\\\/\\\/drherbals.se\\\/#organization\"},\"alternateName\":\"DR. H\",\"potentialAction\":[{\"@type\":\"SearchAction\",\"target\":{\"@type\":\"EntryPoint\",\"urlTemplate\":\"https:\\\/\\\/drherbals.se\\\/?s={search_term_string}\"},\"query-input\":{\"@type\":\"PropertyValueSpecification\",\"valueRequired\":true,\"valueName\":\"search_term_string\"}}],\"inLanguage\":\"en-US\"},{\"@type\":\"Organization\",\"@id\":\"https:\\\/\\\/drherbals.se\\\/#organization\",\"name\":\"DR. Herbals\",\"url\":\"https:\\\/\\\/drherbals.se\\\/\",\"logo\":{\"@type\":\"ImageObject\",\"inLanguage\":\"en-US\",\"@id\":\"https:\\\/\\\/drherbals.se\\\/#\\\/schema\\\/logo\\\/image\\\/\",\"url\":\"https:\\\/\\\/drherbals.se\\\/wp-content\\\/uploads\\\/2024\\\/09\\\/dr-herbals-logga.png\",\"contentUrl\":\"https:\\\/\\\/drherbals.se\\\/wp-content\\\/uploads\\\/2024\\\/09\\\/dr-herbals-logga.png\",\"width\":240,\"height\":138,\"caption\":\"DR. Herbals\"},\"image\":{\"@id\":\"https:\\\/\\\/drherbals.se\\\/#\\\/schema\\\/logo\\\/image\\\/\"},\"sameAs\":[\"https:\\\/\\\/www.facebook.com\\\/drherbals.se\",\"https:\\\/\\\/www.instagram.com\\\/drherbals.se\\\/\"]}]}<\/script>\n<!-- \/ Yoast SEO plugin. -->","yoast_head_json":{"title":"CBD Vape - Watermelon Kush \/ INDICA - DR. Herbals","description":"CBD Vape - Watermelon Kush offers a pleasantly sweet scent of fresh watermelon reminiscent of warm summer evenings. The dominant terpenes that create the","robots":{"index":"index","follow":"follow","max-snippet":"max-snippet:-1","max-image-preview":"max-image-preview:large","max-video-preview":"max-video-preview:-1"},"canonical":"https:\/\/drherbals.se\/en\/product\/cbd-vape-watermelon-kush-90\/?wmc-currency=EUR","og_locale":"en_US","og_type":"article","og_title":"CBD Vape - Watermelon Kush \/ INDICA - DR. Herbals","og_description":"CBD Vape - Watermelon Kush erbjuder en behagligt s\u00f6t doft av f\u00e4rsk vattenmelon som p\u00e5minner om varma sommarkv\u00e4llar. De dominanta terpenerna som skapar den","og_url":"https:\/\/drherbals.se\/en\/product\/cbd-vape-watermelon-kush-90\/?wmc-currency=EUR","og_site_name":"DR. Herbals","article_publisher":"https:\/\/www.facebook.com\/drherbals.se","article_modified_time":"2026-04-15T15:13:50+00:00","og_image":[{"width":1000,"height":1000,"url":"https:\/\/drherbals.se\/wp-content\/uploads\/2026\/04\/vape-watermelon-kush.webp","type":"image\/webp"}],"twitter_card":"summary_large_image","twitter_misc":{"Est. reading time":"1 minute"},"schema":{"@context":"https:\/\/schema.org","@graph":[{"@type":"WebPage","@id":"https:\/\/drherbals.se\/produkt\/cbd-vape-watermelon-kush-90\/","url":"https:\/\/drherbals.se\/produkt\/cbd-vape-watermelon-kush-90\/","name":"CBD Vape - Watermelon Kush \/ INDICA - DR. Herbals","isPartOf":{"@id":"https:\/\/drherbals.se\/#website"},"primaryImageOfPage":{"@id":"https:\/\/drherbals.se\/produkt\/cbd-vape-watermelon-kush-90\/#primaryimage"},"image":{"@id":"https:\/\/drherbals.se\/produkt\/cbd-vape-watermelon-kush-90\/#primaryimage"},"thumbnailUrl":"https:\/\/drherbals.se\/wp-content\/uploads\/2026\/04\/vape-watermelon-kush.webp","datePublished":"2023-03-27T19:54:33+00:00","dateModified":"2026-04-15T15:13:50+00:00","description":"CBD Vape - Watermelon Kush offers a pleasantly sweet scent of fresh watermelon reminiscent of warm summer evenings. The dominant terpenes that create the","breadcrumb":{"@id":"https:\/\/drherbals.se\/produkt\/cbd-vape-watermelon-kush-90\/#breadcrumb"},"inLanguage":"en-US","potentialAction":[{"@type":"ReadAction","target":["https:\/\/drherbals.se\/produkt\/cbd-vape-watermelon-kush-90\/"]}]},{"@type":"ImageObject","inLanguage":"en-US","@id":"https:\/\/drherbals.se\/produkt\/cbd-vape-watermelon-kush-90\/#primaryimage","url":"https:\/\/drherbals.se\/wp-content\/uploads\/2026\/04\/vape-watermelon-kush.webp","contentUrl":"https:\/\/drherbals.se\/wp-content\/uploads\/2026\/04\/vape-watermelon-kush.webp","width":1000,"height":1000,"caption":"Watermelon Kush - CBD Vape - DR. Herbals"},{"@type":"BreadcrumbList","@id":"https:\/\/drherbals.se\/produkt\/cbd-vape-watermelon-kush-90\/#breadcrumb","itemListElement":[{"@type":"ListItem","position":1,"name":"Hem","item":"https:\/\/drherbals.se\/"},{"@type":"ListItem","position":2,"name":"Butik","item":"https:\/\/drherbals.se\/butik\/"},{"@type":"ListItem","position":3,"name":"CBD Vape &#8211; Watermelon Kush \/ INDICA"}]},{"@type":"WebSite","@id":"https:\/\/drherbals.se\/#website","url":"https:\/\/drherbals.se\/","name":"DR. Herbals","description":"Sweden's widest Cannabis range","publisher":{"@id":"https:\/\/drherbals.se\/#organization"},"alternateName":"DR. H","potentialAction":[{"@type":"SearchAction","target":{"@type":"EntryPoint","urlTemplate":"https:\/\/drherbals.se\/?s={search_term_string}"},"query-input":{"@type":"PropertyValueSpecification","valueRequired":true,"valueName":"search_term_string"}}],"inLanguage":"en-US"},{"@type":"Organization","@id":"https:\/\/drherbals.se\/#organization","name":"DR. Herbals","url":"https:\/\/drherbals.se\/","logo":{"@type":"ImageObject","inLanguage":"en-US","@id":"https:\/\/drherbals.se\/#\/schema\/logo\/image\/","url":"https:\/\/drherbals.se\/wp-content\/uploads\/2024\/09\/dr-herbals-logga.png","contentUrl":"https:\/\/drherbals.se\/wp-content\/uploads\/2024\/09\/dr-herbals-logga.png","width":240,"height":138,"caption":"DR. Herbals"},"image":{"@id":"https:\/\/drherbals.se\/#\/schema\/logo\/image\/"},"sameAs":["https:\/\/www.facebook.com\/drherbals.se","https:\/\/www.instagram.com\/drherbals.se\/"]}]}},"tiered_pricing_type":"fixed","tiered_pricing_fixed_rules":[],"tiered_pricing_product_settings":{"layout":"default","base_unit_name":{"singular":null,"plural":null},"default_variation":null},"tiered_pricing_minimum_quantity":null,"tiered_pricing_roles_data":[],"tiered_pricing_percentage_rules":[],"tiered_pricing_maximum_quantity":null,"tiered_pricing_quantity_step":null,"_links":{"self":[{"href":"https:\/\/drherbals.se\/en\/wp-json\/wp\/v2\/product\/15450","targetHints":{"allow":["GET"]}}],"collection":[{"href":"https:\/\/drherbals.se\/en\/wp-json\/wp\/v2\/product"}],"about":[{"href":"https:\/\/drherbals.se\/en\/wp-json\/wp\/v2\/types\/product"}],"wp:featuredmedia":[{"embeddable":true,"href":"https:\/\/drherbals.se\/en\/wp-json\/wp\/v2\/media\/80616"}],"wp:attachment":[{"href":"https:\/\/drherbals.se\/en\/wp-json\/wp\/v2\/media?parent=15450"}],"wp:term":[{"taxonomy":"product_brand","embeddable":true,"href":"https:\/\/drherbals.se\/en\/wp-json\/wp\/v2\/product_brand?post=15450"},{"taxonomy":"product_cat","embeddable":true,"href":"https:\/\/drherbals.se\/en\/wp-json\/wp\/v2\/product_cat?post=15450"},{"taxonomy":"product_tag","embeddable":true,"href":"https:\/\/drherbals.se\/en\/wp-json\/wp\/v2\/product_tag?post=15450"}],"curies":[{"name":"wp","href":"https:\/\/api.w.org\/{rel}","templated":true}]}}