{"id":72229,"date":"2025-10-28T21:12:23","date_gmt":"2025-10-28T20:12:23","guid":{"rendered":"https:\/\/drherbals.se\/?page_id=72229"},"modified":"2025-10-28T22:43:53","modified_gmt":"2025-10-28T21:43:53","slug":"lagar","status":"publish","type":"page","link":"https:\/\/drherbals.se\/en\/lagar\/","title":{"rendered":"All about Legality"},"content":{"rendered":"<h2><strong>Laws in Sweden and the EU (Hemp &amp; Oil)<\/strong><\/h2>\n<p>Here we review the current laws and regulations that apply to hemp and cannabinoids. The laws apply to both the Swedish and the European market, and the information is based on current case law, decisions by the authorities and interpretations by the European Court of Justice.<\/p>\n<h2><strong>Cannabinoid oil in Sweden (0.000 % THC)<\/strong><\/h2>\n<p>In Sweden, there is strict zero tolerance of THC in oils containing cannabinoids, such as CBD Oil.<br \/>\nThis means that all cannabinoid oils sold or used in Sweden must be completely free of THC (0.00 %), regardless of the amount.<\/p>\n<p>This regulation is a national Swedish interpretation of drug legislation, which goes further than many other EU countries.<br \/>\nIn contrast, several European Member States allow up to 0.3-0.5 % THC in oils produced from EU-certified industrial hemp.<\/p>\n<p><strong><span style=\"font-size: 120%;\">Cannabinoid oil in the EU<\/span><\/strong><\/p>\n<p>In the Kanavape case (Case C-663\/18, France, 2020), the CJEU ruled that CBD extract (CBD Oil) from legal industrial hemp with up to 0,3 % THC is legal throughout the EU, provided that the product:<\/p>\n<ul>\n<li>is legally manufactured in another EU country,<\/li>\n<li>is not psychoactive, and does not pose a risk to public health.<\/li>\n<\/ul>\n<p>The Court further clarified that: <em>\u201cA Member State may not prohibit the trade or import of CBD products legally produced in another EU country, as long as they do not pose a risk to public health.\u201d<\/em><\/p>\n<p>To date, no Member State has been able to demonstrate that a THC level of 0.3 % poses any real risk to human health.<\/p>\n<p><strong><span style=\"font-size: 120%;\">Conclusion: Oils with cannabinoids<\/span><\/strong><\/p>\n<p>Despite the position of the CJEU, Sweden has not yet adapted its legislation. As the issue has not been tried in Swedish courts with reference to EU law, the Swedish zero tolerance principle continues to apply to cannabinoid oils containing THC - even below 0.3 %.<\/p>\n<h2><strong>Industrial hemp Flowers (Buds)<\/strong><\/h2>\n<p>In both Sweden and the EU, it is legal to buy and possess industrial hemp (<em><span style=\"color: #000000;\"><a style=\"color: #000000;\" href=\"https:\/\/drherbals.se\/en\/kategori\/cbd-buds\/?wmc-currency=EUR\">Buds<\/a><\/span><\/em>), under certain conditions:<\/p>\n<ul>\n<li>The hemp must come from an EU-certified seed variety, these are listed at <em><span style=\"color: #000000;\"><a style=\"color: #000000;\" href=\"https:\/\/jordbruksverket.se\/stod\/jordbruk-tradgard-och-rennaring\/jordbruksmark\/gardsstod\/odla-hampa\">Swedish Board of Agriculture<\/a><\/span><\/em>.<\/li>\n<li>These varieties produce plants with a maximum of 0.3 % THC, which is an exception in drug legislation.<\/li>\n<\/ul>\n<p>Growing industrial hemp in Sweden requires a special cultivation permit - without a permit, cultivation risks being classified as drug production.<\/p>\n<p><strong><span style=\"font-size: 120%;\">Executive summary<\/span><\/strong><\/p>\n<p>It is legal to buy, import and sell hemp belonging to the plant genus Cannabis Sativa L, as long as it comes from approved seed varieties with a maximum of 0.3 % THC and is not used as food or medicine. This interpretation is supported by SOU 2016:93 and the EU common rules for industrial hemp.<\/p>","protected":false},"excerpt":{"rendered":"<p>Lagar inom Sverige och EU (Hampa &amp; Olja) H\u00e4r g\u00e5r vi igenom aktuella lagar och regler som g\u00e4ller f\u00f6r hampa och cannabinoider. Lagarna g\u00e4ller b\u00e5de p\u00e5 den svenska och den europeiska marknaden. Informationen baseras p\u00e5 g\u00e4llande r\u00e4ttspraxis, myndighetsbeslut och EU-domstolens tolkningar. Cannabinoid olja i Sverige (0,000 % THC) I Sverige g\u00e4ller strikt nolltolerans mot THC [&hellip;]<\/p>\n","protected":false},"author":1,"featured_media":0,"parent":0,"menu_order":0,"comment_status":"closed","ping_status":"closed","template":"","meta":{"footnotes":""},"class_list":["post-72229","page","type-page","status-publish","hentry"],"yoast_head":"<!-- This site is optimized with the Yoast SEO plugin v27.5 - https:\/\/yoast.com\/product\/yoast-seo-wordpress\/ -->\n<title>Lagar inom Sverige och EU (Hampa &amp; Olja)<\/title>\n<meta name=\"description\" content=\"H\u00e4r g\u00e5r vi igenom aktuella lagar som g\u00e4ller f\u00f6r hampa och cannabinoider, b\u00e5de p\u00e5 den svenska och den europeiska marknaden.\" \/>\n<meta name=\"robots\" content=\"index, follow, max-snippet:-1, max-image-preview:large, max-video-preview:-1\" \/>\n<link rel=\"canonical\" href=\"https:\/\/drherbals.se\/en\/?post_type=br_labels&p=70153&wmc-currency=EUR\" \/>\n<meta property=\"og:locale\" content=\"en_US\" \/>\n<meta property=\"og:type\" content=\"article\" \/>\n<meta property=\"og:title\" content=\"Lagar inom Sverige och EU (Hampa &amp; Olja)\" \/>\n<meta property=\"og:description\" content=\"H\u00e4r g\u00e5r vi igenom aktuella lagar som g\u00e4ller f\u00f6r hampa och cannabinoider, b\u00e5de p\u00e5 den svenska och den europeiska marknaden.\" \/>\n<meta property=\"og:url\" content=\"https:\/\/drherbals.se\/en\/?post_type=br_labels&amp;p=70153&amp;wmc-currency=EUR\" \/>\n<meta property=\"og:site_name\" content=\"DR. Herbals\" \/>\n<meta property=\"article:publisher\" content=\"https:\/\/www.facebook.com\/drherbals.se\" \/>\n<meta property=\"article:modified_time\" content=\"2025-10-28T21:43:53+00:00\" \/>\n<meta name=\"twitter:card\" content=\"summary_large_image\" \/>\n<meta name=\"twitter:label1\" content=\"Est. reading time\" \/>\n\t<meta name=\"twitter:data1\" content=\"2 minutes\" \/>\n<script type=\"application\/ld+json\" class=\"yoast-schema-graph\">{\"@context\":\"https:\\\/\\\/schema.org\",\"@graph\":[{\"@type\":\"WebPage\",\"@id\":\"https:\\\/\\\/drherbals.se\\\/?post_type=br_labels&p=70153\",\"url\":\"https:\\\/\\\/drherbals.se\\\/?post_type=br_labels&p=70153\",\"name\":\"Lagar inom Sverige och EU (Hampa & Olja)\",\"isPartOf\":{\"@id\":\"https:\\\/\\\/drherbals.se\\\/#website\"},\"datePublished\":\"2025-10-28T20:12:23+00:00\",\"dateModified\":\"2025-10-28T21:43:53+00:00\",\"description\":\"H\u00e4r g\u00e5r vi igenom aktuella lagar som g\u00e4ller f\u00f6r hampa och cannabinoider, b\u00e5de p\u00e5 den svenska och den europeiska marknaden.\",\"breadcrumb\":{\"@id\":\"https:\\\/\\\/drherbals.se\\\/?post_type=br_labels&p=70153#breadcrumb\"},\"inLanguage\":\"en-US\",\"potentialAction\":[{\"@type\":\"ReadAction\",\"target\":[\"https:\\\/\\\/drherbals.se\\\/?post_type=br_labels&p=70153\"]}]},{\"@type\":\"BreadcrumbList\",\"@id\":\"https:\\\/\\\/drherbals.se\\\/?post_type=br_labels&p=70153#breadcrumb\",\"itemListElement\":[{\"@type\":\"ListItem\",\"position\":1,\"name\":\"Hem\",\"item\":\"https:\\\/\\\/drherbals.se\\\/\"},{\"@type\":\"ListItem\",\"position\":2,\"name\":\"Allt om Laglighet\"}]},{\"@type\":\"WebSite\",\"@id\":\"https:\\\/\\\/drherbals.se\\\/#website\",\"url\":\"https:\\\/\\\/drherbals.se\\\/\",\"name\":\"DR. Herbals\",\"description\":\"Sveriges bredaste Cannabis sortiment\",\"publisher\":{\"@id\":\"https:\\\/\\\/drherbals.se\\\/#organization\"},\"alternateName\":\"DR. H\",\"potentialAction\":[{\"@type\":\"SearchAction\",\"target\":{\"@type\":\"EntryPoint\",\"urlTemplate\":\"https:\\\/\\\/drherbals.se\\\/?s={search_term_string}\"},\"query-input\":{\"@type\":\"PropertyValueSpecification\",\"valueRequired\":true,\"valueName\":\"search_term_string\"}}],\"inLanguage\":\"en-US\"},{\"@type\":\"Organization\",\"@id\":\"https:\\\/\\\/drherbals.se\\\/#organization\",\"name\":\"DR. Herbals\",\"url\":\"https:\\\/\\\/drherbals.se\\\/\",\"logo\":{\"@type\":\"ImageObject\",\"inLanguage\":\"en-US\",\"@id\":\"https:\\\/\\\/drherbals.se\\\/#\\\/schema\\\/logo\\\/image\\\/\",\"url\":\"https:\\\/\\\/drherbals.se\\\/wp-content\\\/uploads\\\/2024\\\/09\\\/dr-herbals-logga.png\",\"contentUrl\":\"https:\\\/\\\/drherbals.se\\\/wp-content\\\/uploads\\\/2024\\\/09\\\/dr-herbals-logga.png\",\"width\":240,\"height\":138,\"caption\":\"DR. Herbals\"},\"image\":{\"@id\":\"https:\\\/\\\/drherbals.se\\\/#\\\/schema\\\/logo\\\/image\\\/\"},\"sameAs\":[\"https:\\\/\\\/www.facebook.com\\\/drherbals.se\",\"https:\\\/\\\/www.instagram.com\\\/drherbals.se\\\/\"]}]}<\/script>\n<!-- \/ Yoast SEO plugin. -->","yoast_head_json":{"title":"Laws in Sweden and the EU (Hemp &amp; Oil)","description":"Here we review the current laws that apply to hemp and cannabinoids, both on the Swedish and European markets.","robots":{"index":"index","follow":"follow","max-snippet":"max-snippet:-1","max-image-preview":"max-image-preview:large","max-video-preview":"max-video-preview:-1"},"canonical":"https:\/\/drherbals.se\/en\/?post_type=br_labels&p=70153&wmc-currency=EUR","og_locale":"en_US","og_type":"article","og_title":"Lagar inom Sverige och EU (Hampa & Olja)","og_description":"H\u00e4r g\u00e5r vi igenom aktuella lagar som g\u00e4ller f\u00f6r hampa och cannabinoider, b\u00e5de p\u00e5 den svenska och den europeiska marknaden.","og_url":"https:\/\/drherbals.se\/en\/?post_type=br_labels&p=70153&wmc-currency=EUR","og_site_name":"DR. Herbals","article_publisher":"https:\/\/www.facebook.com\/drherbals.se","article_modified_time":"2025-10-28T21:43:53+00:00","twitter_card":"summary_large_image","twitter_misc":{"Est. reading time":"2 minutes"},"schema":{"@context":"https:\/\/schema.org","@graph":[{"@type":"WebPage","@id":"https:\/\/drherbals.se\/?post_type=br_labels&p=70153","url":"https:\/\/drherbals.se\/?post_type=br_labels&p=70153","name":"Laws in Sweden and the EU (Hemp &amp; Oil)","isPartOf":{"@id":"https:\/\/drherbals.se\/#website"},"datePublished":"2025-10-28T20:12:23+00:00","dateModified":"2025-10-28T21:43:53+00:00","description":"Here we review the current laws that apply to hemp and cannabinoids, both on the Swedish and European markets.","breadcrumb":{"@id":"https:\/\/drherbals.se\/?post_type=br_labels&p=70153#breadcrumb"},"inLanguage":"en-US","potentialAction":[{"@type":"ReadAction","target":["https:\/\/drherbals.se\/?post_type=br_labels&p=70153"]}]},{"@type":"BreadcrumbList","@id":"https:\/\/drherbals.se\/?post_type=br_labels&p=70153#breadcrumb","itemListElement":[{"@type":"ListItem","position":1,"name":"Hem","item":"https:\/\/drherbals.se\/"},{"@type":"ListItem","position":2,"name":"Allt om Laglighet"}]},{"@type":"WebSite","@id":"https:\/\/drherbals.se\/#website","url":"https:\/\/drherbals.se\/","name":"DR. Herbals","description":"Sweden's widest Cannabis range","publisher":{"@id":"https:\/\/drherbals.se\/#organization"},"alternateName":"DR. H","potentialAction":[{"@type":"SearchAction","target":{"@type":"EntryPoint","urlTemplate":"https:\/\/drherbals.se\/?s={search_term_string}"},"query-input":{"@type":"PropertyValueSpecification","valueRequired":true,"valueName":"search_term_string"}}],"inLanguage":"en-US"},{"@type":"Organization","@id":"https:\/\/drherbals.se\/#organization","name":"DR. Herbals","url":"https:\/\/drherbals.se\/","logo":{"@type":"ImageObject","inLanguage":"en-US","@id":"https:\/\/drherbals.se\/#\/schema\/logo\/image\/","url":"https:\/\/drherbals.se\/wp-content\/uploads\/2024\/09\/dr-herbals-logga.png","contentUrl":"https:\/\/drherbals.se\/wp-content\/uploads\/2024\/09\/dr-herbals-logga.png","width":240,"height":138,"caption":"DR. Herbals"},"image":{"@id":"https:\/\/drherbals.se\/#\/schema\/logo\/image\/"},"sameAs":["https:\/\/www.facebook.com\/drherbals.se","https:\/\/www.instagram.com\/drherbals.se\/"]}]}},"_links":{"self":[{"href":"https:\/\/drherbals.se\/en\/wp-json\/wp\/v2\/pages\/72229","targetHints":{"allow":["GET"]}}],"collection":[{"href":"https:\/\/drherbals.se\/en\/wp-json\/wp\/v2\/pages"}],"about":[{"href":"https:\/\/drherbals.se\/en\/wp-json\/wp\/v2\/types\/page"}],"author":[{"embeddable":true,"href":"https:\/\/drherbals.se\/en\/wp-json\/wp\/v2\/users\/1"}],"replies":[{"embeddable":true,"href":"https:\/\/drherbals.se\/en\/wp-json\/wp\/v2\/comments?post=72229"}],"version-history":[{"count":0,"href":"https:\/\/drherbals.se\/en\/wp-json\/wp\/v2\/pages\/72229\/revisions"}],"wp:attachment":[{"href":"https:\/\/drherbals.se\/en\/wp-json\/wp\/v2\/media?parent=72229"}],"curies":[{"name":"wp","href":"https:\/\/api.w.org\/{rel}","templated":true}]}}