{"id":530,"date":"2020-11-26T17:54:18","date_gmt":"2020-11-26T16:54:18","guid":{"rendered":"http:\/\/demo.sefatun.com\/?page_id=530"},"modified":"2026-03-07T23:24:12","modified_gmt":"2026-03-07T22:24:12","slug":"vanliga-fragor-faq","status":"publish","type":"page","link":"https:\/\/drherbals.se\/en\/vanliga-fragor-faq\/","title":{"rendered":"Frequently asked questions"},"content":{"rendered":"<h3><strong>Delivery options and costs<\/strong><\/h3>\n<p>- Free express delivery to an agent (24-48 hours) for orders over SEK 499.<br \/>\n- Home delivery (1-3 working days) for 65 kr.<\/p>\n<p>All our packages are sent with traceable delivery within Sweden.<\/p>\n<hr \/>\n<h3><strong>Orders<\/strong><\/h3>\n<p><strong>Does DR. Herbals within Sweden?<\/strong><br \/>\nYes, we both manufacture and ship our products within Sweden.<\/p>\n<p><strong>Can you order to other countries?<\/strong><br \/>\nYes, we deliver our products throughout Europe. Please note that the delivery time may be 1-2 working days longer for deliveries outside Sweden to other Nordic and European countries.<\/p>\n<p><strong>Where is my order?<\/strong><br \/>\nYou can easily track your order through the tracking link in your delivery confirmation or via the PostNord app. If your package has not arrived within 2-3 working days after you received the delivery confirmation, please contact our customer service at <em><a href=\"mailto:kontakt@drherbals.se\">kontakt@drherbals.se<\/a><\/em> we will be happy to help you.<\/p>\n<p><strong>I have not received an order or delivery confirmation?<\/strong><br \/>\nThe order confirmation is sent as soon as the purchase is completed and the delivery confirmation when the package leaves our warehouse. If you cannot find the confirmation, please check your spam or junk mail. If you still haven't received one, you may have entered the wrong email address. Contact our <em><a href=\"https:\/\/drherbals.se\/en\/kundtjanst\/?wmc-currency=EUR\">customer service<\/a><\/em> and we will help you to correct this.<\/p>\n<p><strong>How old do I have to be to order?<\/strong><br \/>\nYou must be at least 18 years old to place an order with us, which ensures that our products are handled responsibly.<\/p>\n<hr \/>\n<h3><strong>Canceling or modifying an order<\/strong><\/h3>\n<p><strong>Can I change or cancel my order after purchase?<\/strong><br \/>\nUnfortunately, once your order has been imported into our system, it cannot be changed or canceled. If you do not wish to keep your goods, you always have the option to return your order in accordance with our return policy.<\/p>\n<p>Please note that some products cannot be returned for hygienic reasons or due to sensitive shelf life. Products that are not eligible for return include, among others: vapes, oils, superfoods and gummies.<\/p>\n<p><strong>Can I change my delivery address?<\/strong><br \/>\nUnfortunately, we cannot change the delivery address or other details after the order has been completed. Please make sure to check all details carefully before finalizing your order.<\/p>\n<hr \/>\n<h3><strong>Payment<\/strong><\/h3>\n<p><strong>How do I pay?<\/strong><br \/>\nWe offer several secure payment methods such as Swish, VISA and Mastercard, where you easily confirm your purchase with Bank ID.<\/p>\n<hr \/>\n<h3><strong>Deliveries<\/strong><\/h3>\n<p><strong>How long is the delivery time?<\/strong><br \/>\nUsually, parcels are delivered within 24-48 hours depending on the selection at checkout. Please note that delivery times may be affected by factors beyond our control, such as supplier delays.<\/p>\n<p><strong>Where do I pick up my package?<\/strong><br \/>\nOnce your parcel has been dispatched, you will receive a delivery confirmation with tracking number by email. You will receive a text message when your parcel is ready to be collected from the postman or from the parcel box. Remember to bring your valid ID and parcel number when you pick up your parcel.<\/p>\n<p><strong>Are DR. Herbals orders traceable?<\/strong><br \/>\nYes, whether you choose courier or home delivery, your package will be sent with tracking. You can always follow your shipment through the tracking link in the delivery confirmation email sent to you when your package leaves our warehouse.<\/p>\n<p><strong>Can someone else pick up my package?<\/strong><br \/>\nYes, this is possible if the person has both your and their own ID with them. With PostNord's app, you can also share the notification with someone else who can then pick up your package.<\/p>\n<hr \/>\n<h3><strong>Returns<\/strong><\/h3>\n<p><strong>Can I return my order?<\/strong><br \/>\nAccording to the Distance Contracts Act (2005:59), you have the right to cancel your purchase within 14 days of receiving the goods. Notify us via <em><a href=\"mailto:kontakt@drherbals.se\">kontakt@drherbals.se<\/a><\/em> if you want to exercise your right of withdrawal. <strong>Please note<\/strong> you are responsible for the return cost and the product must be returned in substantially unaltered condition, without having been used or seals broken. <strong>Please note<\/strong> that we do not exchange or accept returns of sale items. \u00a0<strong>Please note<\/strong> some products cannot be returned for hygienic reasons or due to sensitive shelf life. Products that are not eligible for return include, among others: vapes, buds, oils, superfoods and gummies.<\/p>\n<p>DR. Herbals does not accept returns or complaints based on individual dissatisfaction or if the product does not meet personal preferences. We are also not responsible for any allergic reactions. <strong>Please note<\/strong>: Plant material is a living natural material and can therefore vary in appearance between different batches. For this reason, the right of withdrawal or return cannot be applied to living plant material, as variations in color, shape and texture are natural and expected. Our products (THCA, THCV, THCB, CBD vapes and buds) are not sold as products intended for use. They are marketed and sold exclusively as collectibles. For this reason, we cannot offer returns or right of withdrawal on these products.<\/p>\n<hr \/>\n<h3><strong>Information and Legality<\/strong><\/h3>\n<p><strong>What is hemp?<\/strong><br \/>\n<em>hemp<\/em> is a type of legal cannabis plant with a long history of use spanning thousands of years. It comes from the plant species Cannabis sativa L, also known as industrial hemp. Hemp is well known for its many benefits and usually contains very low levels of THC, at most 0,3%, which means it does not produce any intoxicating effect. Instead, hemp is rich in CBD and other compounds such as CBG, CBA, CBC and CBG.<\/p>\n<p><strong>Are all products on drherbals.se legal?<\/strong><br \/>\nYes, all products on drherbals.se\u00a9 are legal to buy and possess in the UK and Europe. Read more about it <strong><span style=\"color: #008000;\"><em><a style=\"color: #008000;\" href=\"https:\/\/drherbals.se\/en\/lagar\/?wmc-currency=EUR\">here<\/a><\/em><\/span><\/strong>!<\/p>\n<p><strong>Hemp derived from EU-certified seeds<\/strong><br \/>\nOur hemp products, including extracts and flowers, are derived from EU-certified hemp seeds and grown according to current EU standards of quality and legality.<\/p>\n<p>Names such as Pineapple Express, Gelato or Granddaddy Purple, for example, are used to promote the flavors and inspiration of famous strains. Note that these do not correspond to the specific seed varieties.<\/p>\n<hr \/>\n<h3><strong>Need more help?<\/strong><\/h3>\n<p>If you have any other questions, please do not hesitate to contact us at <em><a href=\"mailto:kontakt@drherbals.se\">kontakt@drherbals.se<\/a><\/em> we usually get back to you within 24 hours on weekdays.<\/p>","protected":false},"excerpt":{"rendered":"<p>Leveransalternativ och Kostnader &#8211; Fri expressleverans till ombud (24-48 timmar) vid best\u00e4llningar \u00f6ver 499 kr. &#8211; Hemleverans (1-3 vardagar) f\u00f6r 65 kr. Alla v\u00e5ra paket skickas med sp\u00e5rbar leverans inom Sverige. Best\u00e4llningar Fraktar DR. Herbals inom Sverige? Ja, vi b\u00e5de tillverkar och fraktar v\u00e5ra produkter inom Sverige. Kan man best\u00e4lla till andra l\u00e4nder? Ja, vi [&hellip;]<\/p>\n","protected":false},"author":1,"featured_media":0,"parent":0,"menu_order":0,"comment_status":"closed","ping_status":"closed","template":"","meta":{"footnotes":""},"class_list":["post-530","page","type-page","status-publish","hentry"],"yoast_head":"<!-- This site is optimized with the Yoast SEO plugin v27.5 - https:\/\/yoast.com\/product\/yoast-seo-wordpress\/ -->\n<title>Fr\u00e5gor &amp; Svar om CBD, THCH och THCB - DR. Herbals<\/title>\n<meta name=\"description\" content=\"Vanliga fr\u00e5gor om CBD, THCH och THCB - Cannabinoider \u00e4r \u00e4mnen som man hittar i Hampa. CBD \u00e4r en av 120 identifierade cannabinoider i v\u00e4xten..\" \/>\n<meta name=\"robots\" content=\"index, follow, max-snippet:-1, max-image-preview:large, max-video-preview:-1\" \/>\n<link rel=\"canonical\" href=\"https:\/\/drherbals.se\/en\/vanliga-fragor-faq\/?wmc-currency=EUR\" \/>\n<meta property=\"og:locale\" content=\"en_US\" \/>\n<meta property=\"og:type\" content=\"article\" \/>\n<meta property=\"og:title\" content=\"Fr\u00e5gor &amp; Svar om CBD, THCH och THCB - DR. Herbals\" \/>\n<meta property=\"og:description\" content=\"Vanliga fr\u00e5gor om CBD, THCH och THCB - Cannabinoider \u00e4r \u00e4mnen som man hittar i Hampa. CBD \u00e4r en av 120 identifierade cannabinoider i v\u00e4xten..\" \/>\n<meta property=\"og:url\" content=\"https:\/\/drherbals.se\/en\/vanliga-fragor-faq\/?wmc-currency=EUR\" \/>\n<meta property=\"og:site_name\" content=\"DR. Herbals\" \/>\n<meta property=\"article:publisher\" content=\"https:\/\/www.facebook.com\/drherbals.se\" \/>\n<meta property=\"article:modified_time\" content=\"2026-03-07T22:24:12+00:00\" \/>\n<meta name=\"twitter:card\" content=\"summary_large_image\" \/>\n<meta name=\"twitter:label1\" content=\"Est. reading time\" \/>\n\t<meta name=\"twitter:data1\" content=\"5 minutes\" \/>\n<script type=\"application\/ld+json\" class=\"yoast-schema-graph\">{\"@context\":\"https:\\\/\\\/schema.org\",\"@graph\":[{\"@type\":\"WebPage\",\"@id\":\"https:\\\/\\\/drherbals.se\\\/vanliga-fragor-faq\\\/\",\"url\":\"https:\\\/\\\/drherbals.se\\\/vanliga-fragor-faq\\\/\",\"name\":\"Fr\u00e5gor & Svar om CBD, THCH och THCB - DR. Herbals\",\"isPartOf\":{\"@id\":\"https:\\\/\\\/drherbals.se\\\/#website\"},\"datePublished\":\"2020-11-26T16:54:18+00:00\",\"dateModified\":\"2026-03-07T22:24:12+00:00\",\"description\":\"Vanliga fr\u00e5gor om CBD, THCH och THCB - Cannabinoider \u00e4r \u00e4mnen som man hittar i Hampa. CBD \u00e4r en av 120 identifierade cannabinoider i v\u00e4xten..\",\"breadcrumb\":{\"@id\":\"https:\\\/\\\/drherbals.se\\\/vanliga-fragor-faq\\\/#breadcrumb\"},\"inLanguage\":\"en-US\",\"potentialAction\":[{\"@type\":\"ReadAction\",\"target\":[\"https:\\\/\\\/drherbals.se\\\/vanliga-fragor-faq\\\/\"]}]},{\"@type\":\"BreadcrumbList\",\"@id\":\"https:\\\/\\\/drherbals.se\\\/vanliga-fragor-faq\\\/#breadcrumb\",\"itemListElement\":[{\"@type\":\"ListItem\",\"position\":1,\"name\":\"Hem\",\"item\":\"https:\\\/\\\/drherbals.se\\\/\"},{\"@type\":\"ListItem\",\"position\":2,\"name\":\"Vanliga Fr\u00e5gor\"}]},{\"@type\":\"WebSite\",\"@id\":\"https:\\\/\\\/drherbals.se\\\/#website\",\"url\":\"https:\\\/\\\/drherbals.se\\\/\",\"name\":\"DR. Herbals\",\"description\":\"Sveriges bredaste Cannabis sortiment\",\"publisher\":{\"@id\":\"https:\\\/\\\/drherbals.se\\\/#organization\"},\"alternateName\":\"DR. H\",\"potentialAction\":[{\"@type\":\"SearchAction\",\"target\":{\"@type\":\"EntryPoint\",\"urlTemplate\":\"https:\\\/\\\/drherbals.se\\\/?s={search_term_string}\"},\"query-input\":{\"@type\":\"PropertyValueSpecification\",\"valueRequired\":true,\"valueName\":\"search_term_string\"}}],\"inLanguage\":\"en-US\"},{\"@type\":\"Organization\",\"@id\":\"https:\\\/\\\/drherbals.se\\\/#organization\",\"name\":\"DR. Herbals\",\"url\":\"https:\\\/\\\/drherbals.se\\\/\",\"logo\":{\"@type\":\"ImageObject\",\"inLanguage\":\"en-US\",\"@id\":\"https:\\\/\\\/drherbals.se\\\/#\\\/schema\\\/logo\\\/image\\\/\",\"url\":\"https:\\\/\\\/drherbals.se\\\/wp-content\\\/uploads\\\/2024\\\/09\\\/dr-herbals-logga.png\",\"contentUrl\":\"https:\\\/\\\/drherbals.se\\\/wp-content\\\/uploads\\\/2024\\\/09\\\/dr-herbals-logga.png\",\"width\":240,\"height\":138,\"caption\":\"DR. Herbals\"},\"image\":{\"@id\":\"https:\\\/\\\/drherbals.se\\\/#\\\/schema\\\/logo\\\/image\\\/\"},\"sameAs\":[\"https:\\\/\\\/www.facebook.com\\\/drherbals.se\",\"https:\\\/\\\/www.instagram.com\\\/drherbals.se\\\/\"]}]}<\/script>\n<!-- \/ Yoast SEO plugin. -->","yoast_head_json":{"title":"Questions &amp; Answers about CBD, THCH and THCB - DR. Herbals","description":"Frequently asked questions about CBD, THCH and THCB - Cannabinoids are substances found in hemp. CBD is one of 120 cannabinoids identified in the plant.","robots":{"index":"index","follow":"follow","max-snippet":"max-snippet:-1","max-image-preview":"max-image-preview:large","max-video-preview":"max-video-preview:-1"},"canonical":"https:\/\/drherbals.se\/en\/vanliga-fragor-faq\/?wmc-currency=EUR","og_locale":"en_US","og_type":"article","og_title":"Fr\u00e5gor & Svar om CBD, THCH och THCB - DR. Herbals","og_description":"Vanliga fr\u00e5gor om CBD, THCH och THCB - Cannabinoider \u00e4r \u00e4mnen som man hittar i Hampa. CBD \u00e4r en av 120 identifierade cannabinoider i v\u00e4xten..","og_url":"https:\/\/drherbals.se\/en\/vanliga-fragor-faq\/?wmc-currency=EUR","og_site_name":"DR. Herbals","article_publisher":"https:\/\/www.facebook.com\/drherbals.se","article_modified_time":"2026-03-07T22:24:12+00:00","twitter_card":"summary_large_image","twitter_misc":{"Est. reading time":"5 minutes"},"schema":{"@context":"https:\/\/schema.org","@graph":[{"@type":"WebPage","@id":"https:\/\/drherbals.se\/vanliga-fragor-faq\/","url":"https:\/\/drherbals.se\/vanliga-fragor-faq\/","name":"Questions &amp; Answers about CBD, THCH and THCB - DR. Herbals","isPartOf":{"@id":"https:\/\/drherbals.se\/#website"},"datePublished":"2020-11-26T16:54:18+00:00","dateModified":"2026-03-07T22:24:12+00:00","description":"Frequently asked questions about CBD, THCH and THCB - Cannabinoids are substances found in hemp. CBD is one of 120 cannabinoids identified in the plant.","breadcrumb":{"@id":"https:\/\/drherbals.se\/vanliga-fragor-faq\/#breadcrumb"},"inLanguage":"en-US","potentialAction":[{"@type":"ReadAction","target":["https:\/\/drherbals.se\/vanliga-fragor-faq\/"]}]},{"@type":"BreadcrumbList","@id":"https:\/\/drherbals.se\/vanliga-fragor-faq\/#breadcrumb","itemListElement":[{"@type":"ListItem","position":1,"name":"Hem","item":"https:\/\/drherbals.se\/"},{"@type":"ListItem","position":2,"name":"Vanliga Fr\u00e5gor"}]},{"@type":"WebSite","@id":"https:\/\/drherbals.se\/#website","url":"https:\/\/drherbals.se\/","name":"DR. Herbals","description":"Sweden's widest Cannabis range","publisher":{"@id":"https:\/\/drherbals.se\/#organization"},"alternateName":"DR. H","potentialAction":[{"@type":"SearchAction","target":{"@type":"EntryPoint","urlTemplate":"https:\/\/drherbals.se\/?s={search_term_string}"},"query-input":{"@type":"PropertyValueSpecification","valueRequired":true,"valueName":"search_term_string"}}],"inLanguage":"en-US"},{"@type":"Organization","@id":"https:\/\/drherbals.se\/#organization","name":"DR. Herbals","url":"https:\/\/drherbals.se\/","logo":{"@type":"ImageObject","inLanguage":"en-US","@id":"https:\/\/drherbals.se\/#\/schema\/logo\/image\/","url":"https:\/\/drherbals.se\/wp-content\/uploads\/2024\/09\/dr-herbals-logga.png","contentUrl":"https:\/\/drherbals.se\/wp-content\/uploads\/2024\/09\/dr-herbals-logga.png","width":240,"height":138,"caption":"DR. Herbals"},"image":{"@id":"https:\/\/drherbals.se\/#\/schema\/logo\/image\/"},"sameAs":["https:\/\/www.facebook.com\/drherbals.se","https:\/\/www.instagram.com\/drherbals.se\/"]}]}},"_links":{"self":[{"href":"https:\/\/drherbals.se\/en\/wp-json\/wp\/v2\/pages\/530","targetHints":{"allow":["GET"]}}],"collection":[{"href":"https:\/\/drherbals.se\/en\/wp-json\/wp\/v2\/pages"}],"about":[{"href":"https:\/\/drherbals.se\/en\/wp-json\/wp\/v2\/types\/page"}],"author":[{"embeddable":true,"href":"https:\/\/drherbals.se\/en\/wp-json\/wp\/v2\/users\/1"}],"replies":[{"embeddable":true,"href":"https:\/\/drherbals.se\/en\/wp-json\/wp\/v2\/comments?post=530"}],"version-history":[{"count":0,"href":"https:\/\/drherbals.se\/en\/wp-json\/wp\/v2\/pages\/530\/revisions"}],"wp:attachment":[{"href":"https:\/\/drherbals.se\/en\/wp-json\/wp\/v2\/media?parent=530"}],"curies":[{"name":"wp","href":"https:\/\/api.w.org\/{rel}","templated":true}]}}