{"id":518,"date":"2020-11-26T17:50:40","date_gmt":"2020-11-26T16:50:40","guid":{"rendered":"http:\/\/demo.sefatun.com\/?page_id=518"},"modified":"2026-01-09T14:30:32","modified_gmt":"2026-01-09T13:30:32","slug":"kundtjanst","status":"publish","type":"page","link":"https:\/\/drherbals.se\/en\/kundtjanst\/","title":{"rendered":"Contact us"},"content":{"rendered":"<p style=\"text-align: left;\"><strong>Dear customer, <\/strong><\/p>\n<p style=\"text-align: left;\"><strong>Thank you for visiting DR. Herbals! We are currently experiencing high demand, which may result in longer than usual response times. We appreciate your patience and understanding.<\/strong><\/p>\n<p style=\"text-align: left;\">Before contacting us, we recommend that you take a look at our page for <a href=\"https:\/\/drherbals.se\/en\/vanliga-fragor-faq\/?wmc-currency=EUR\"><em>Frequently asked questions<\/em><\/a>, where you can find answers to many of the most common questions.<\/p>\n<p style=\"text-align: left;\">If you still need to contact us, please do so by e-mail. In order for us to handle your case as quickly and smoothly as possible, please include the following information in your message:<\/p>\n<p style=\"text-align: left;\">- Your order number<br \/>\n- A brief description of your case<br \/>\n- Any other relevant information<\/p>\n<p style=\"text-align: left;\">Send your email to <em><a href=\"mailto:kontakt@drherbals.se\">kontakt@drherbals.se<\/a><\/em> we will make sure to reply to you within 24-48 hours on weekdays. However, during peak periods, it may take up to 4-10 working days to receive a response.<\/p>\n<p style=\"text-align: left;\">We thank you again for your understanding and look forward to helping you!<\/p>","protected":false},"excerpt":{"rendered":"<p>K\u00e4ra kund, Tack f\u00f6r att du bes\u00f6ker DR. Herbals! Vi upplever f\u00f6r n\u00e4rvarande en h\u00f6g efterfr\u00e5gan, vilket kan leda till l\u00e4ngre svarstider \u00e4n vanligt. Vi uppskattar ditt t\u00e5lamod och din f\u00f6rst\u00e5else. Innan du kontaktar oss, rekommenderar vi att du tar en titt p\u00e5 v\u00e5r sida f\u00f6r Vanliga Fr\u00e5gor, d\u00e4r du kan hitta svar p\u00e5 m\u00e5nga [&hellip;]<\/p>\n","protected":false},"author":1,"featured_media":0,"parent":0,"menu_order":0,"comment_status":"closed","ping_status":"closed","template":"","meta":{"footnotes":""},"class_list":["post-518","page","type-page","status-publish","hentry"],"yoast_head":"<!-- This site is optimized with the Yoast SEO plugin v27.5 - https:\/\/yoast.com\/product\/yoast-seo-wordpress\/ -->\n<title>Kundtj\u00e4nst - DR. Herbals<\/title>\n<meta name=\"description\" content=\"Kontakta oss g\u00e4rna h\u00e4r eller via v\u00e5r web-chatt! Vi \u00e4r aktiva dygnet runt f\u00f6r att besvara dina fr\u00e5gor om hampa och CBD.\" \/>\n<meta name=\"robots\" content=\"index, follow, max-snippet:-1, max-image-preview:large, max-video-preview:-1\" \/>\n<link rel=\"canonical\" href=\"https:\/\/drherbals.se\/en\/kundtjanst\/?wmc-currency=EUR\" \/>\n<meta property=\"og:locale\" content=\"en_US\" \/>\n<meta property=\"og:type\" content=\"article\" \/>\n<meta property=\"og:title\" content=\"Kundtj\u00e4nst - DR. Herbals\" \/>\n<meta property=\"og:description\" content=\"Kontakta oss g\u00e4rna h\u00e4r eller via v\u00e5r web-chatt! Vi \u00e4r aktiva dygnet runt f\u00f6r att besvara dina fr\u00e5gor om hampa och CBD.\" \/>\n<meta property=\"og:url\" content=\"https:\/\/drherbals.se\/en\/kundtjanst\/?wmc-currency=EUR\" \/>\n<meta property=\"og:site_name\" content=\"DR. Herbals\" \/>\n<meta property=\"article:publisher\" content=\"https:\/\/www.facebook.com\/drherbals.se\" \/>\n<meta property=\"article:modified_time\" content=\"2026-01-09T13:30:32+00:00\" \/>\n<meta name=\"twitter:card\" content=\"summary_large_image\" \/>\n<meta name=\"twitter:label1\" content=\"Est. reading time\" \/>\n\t<meta name=\"twitter:data1\" content=\"1 minute\" \/>\n<script type=\"application\/ld+json\" class=\"yoast-schema-graph\">{\"@context\":\"https:\\\/\\\/schema.org\",\"@graph\":[{\"@type\":[\"WebPage\",\"ContactPage\"],\"@id\":\"https:\\\/\\\/drherbals.se\\\/kundtjanst\\\/\",\"url\":\"https:\\\/\\\/drherbals.se\\\/kundtjanst\\\/\",\"name\":\"Kundtj\u00e4nst - DR. Herbals\",\"isPartOf\":{\"@id\":\"https:\\\/\\\/drherbals.se\\\/#website\"},\"datePublished\":\"2020-11-26T16:50:40+00:00\",\"dateModified\":\"2026-01-09T13:30:32+00:00\",\"description\":\"Kontakta oss g\u00e4rna h\u00e4r eller via v\u00e5r web-chatt! Vi \u00e4r aktiva dygnet runt f\u00f6r att besvara dina fr\u00e5gor om hampa och CBD.\",\"breadcrumb\":{\"@id\":\"https:\\\/\\\/drherbals.se\\\/kundtjanst\\\/#breadcrumb\"},\"inLanguage\":\"en-US\",\"potentialAction\":[{\"@type\":\"ReadAction\",\"target\":[\"https:\\\/\\\/drherbals.se\\\/kundtjanst\\\/\"]}]},{\"@type\":\"BreadcrumbList\",\"@id\":\"https:\\\/\\\/drherbals.se\\\/kundtjanst\\\/#breadcrumb\",\"itemListElement\":[{\"@type\":\"ListItem\",\"position\":1,\"name\":\"Hem\",\"item\":\"https:\\\/\\\/drherbals.se\\\/\"},{\"@type\":\"ListItem\",\"position\":2,\"name\":\"Kontakt\"}]},{\"@type\":\"WebSite\",\"@id\":\"https:\\\/\\\/drherbals.se\\\/#website\",\"url\":\"https:\\\/\\\/drherbals.se\\\/\",\"name\":\"DR. Herbals\",\"description\":\"Sveriges bredaste Cannabis sortiment\",\"publisher\":{\"@id\":\"https:\\\/\\\/drherbals.se\\\/#organization\"},\"alternateName\":\"DR. H\",\"potentialAction\":[{\"@type\":\"SearchAction\",\"target\":{\"@type\":\"EntryPoint\",\"urlTemplate\":\"https:\\\/\\\/drherbals.se\\\/?s={search_term_string}\"},\"query-input\":{\"@type\":\"PropertyValueSpecification\",\"valueRequired\":true,\"valueName\":\"search_term_string\"}}],\"inLanguage\":\"en-US\"},{\"@type\":\"Organization\",\"@id\":\"https:\\\/\\\/drherbals.se\\\/#organization\",\"name\":\"DR. Herbals\",\"url\":\"https:\\\/\\\/drherbals.se\\\/\",\"logo\":{\"@type\":\"ImageObject\",\"inLanguage\":\"en-US\",\"@id\":\"https:\\\/\\\/drherbals.se\\\/#\\\/schema\\\/logo\\\/image\\\/\",\"url\":\"https:\\\/\\\/drherbals.se\\\/wp-content\\\/uploads\\\/2024\\\/09\\\/dr-herbals-logga.png\",\"contentUrl\":\"https:\\\/\\\/drherbals.se\\\/wp-content\\\/uploads\\\/2024\\\/09\\\/dr-herbals-logga.png\",\"width\":240,\"height\":138,\"caption\":\"DR. Herbals\"},\"image\":{\"@id\":\"https:\\\/\\\/drherbals.se\\\/#\\\/schema\\\/logo\\\/image\\\/\"},\"sameAs\":[\"https:\\\/\\\/www.facebook.com\\\/drherbals.se\",\"https:\\\/\\\/www.instagram.com\\\/drherbals.se\\\/\"]}]}<\/script>\n<!-- \/ Yoast SEO plugin. -->","yoast_head_json":{"title":"Customer service - DR. Herbals","description":"Feel free to contact us here or via our web chat! We are active around the clock to answer your questions about hemp and CBD.","robots":{"index":"index","follow":"follow","max-snippet":"max-snippet:-1","max-image-preview":"max-image-preview:large","max-video-preview":"max-video-preview:-1"},"canonical":"https:\/\/drherbals.se\/en\/kundtjanst\/?wmc-currency=EUR","og_locale":"en_US","og_type":"article","og_title":"Kundtj\u00e4nst - DR. Herbals","og_description":"Kontakta oss g\u00e4rna h\u00e4r eller via v\u00e5r web-chatt! Vi \u00e4r aktiva dygnet runt f\u00f6r att besvara dina fr\u00e5gor om hampa och CBD.","og_url":"https:\/\/drherbals.se\/en\/kundtjanst\/?wmc-currency=EUR","og_site_name":"DR. Herbals","article_publisher":"https:\/\/www.facebook.com\/drherbals.se","article_modified_time":"2026-01-09T13:30:32+00:00","twitter_card":"summary_large_image","twitter_misc":{"Est. reading time":"1 minute"},"schema":{"@context":"https:\/\/schema.org","@graph":[{"@type":["WebPage","ContactPage"],"@id":"https:\/\/drherbals.se\/kundtjanst\/","url":"https:\/\/drherbals.se\/kundtjanst\/","name":"Customer service - DR. Herbals","isPartOf":{"@id":"https:\/\/drherbals.se\/#website"},"datePublished":"2020-11-26T16:50:40+00:00","dateModified":"2026-01-09T13:30:32+00:00","description":"Feel free to contact us here or via our web chat! We are active around the clock to answer your questions about hemp and CBD.","breadcrumb":{"@id":"https:\/\/drherbals.se\/kundtjanst\/#breadcrumb"},"inLanguage":"en-US","potentialAction":[{"@type":"ReadAction","target":["https:\/\/drherbals.se\/kundtjanst\/"]}]},{"@type":"BreadcrumbList","@id":"https:\/\/drherbals.se\/kundtjanst\/#breadcrumb","itemListElement":[{"@type":"ListItem","position":1,"name":"Hem","item":"https:\/\/drherbals.se\/"},{"@type":"ListItem","position":2,"name":"Kontakt"}]},{"@type":"WebSite","@id":"https:\/\/drherbals.se\/#website","url":"https:\/\/drherbals.se\/","name":"DR. Herbals","description":"Sweden's widest Cannabis range","publisher":{"@id":"https:\/\/drherbals.se\/#organization"},"alternateName":"DR. H","potentialAction":[{"@type":"SearchAction","target":{"@type":"EntryPoint","urlTemplate":"https:\/\/drherbals.se\/?s={search_term_string}"},"query-input":{"@type":"PropertyValueSpecification","valueRequired":true,"valueName":"search_term_string"}}],"inLanguage":"en-US"},{"@type":"Organization","@id":"https:\/\/drherbals.se\/#organization","name":"DR. Herbals","url":"https:\/\/drherbals.se\/","logo":{"@type":"ImageObject","inLanguage":"en-US","@id":"https:\/\/drherbals.se\/#\/schema\/logo\/image\/","url":"https:\/\/drherbals.se\/wp-content\/uploads\/2024\/09\/dr-herbals-logga.png","contentUrl":"https:\/\/drherbals.se\/wp-content\/uploads\/2024\/09\/dr-herbals-logga.png","width":240,"height":138,"caption":"DR. Herbals"},"image":{"@id":"https:\/\/drherbals.se\/#\/schema\/logo\/image\/"},"sameAs":["https:\/\/www.facebook.com\/drherbals.se","https:\/\/www.instagram.com\/drherbals.se\/"]}]}},"_links":{"self":[{"href":"https:\/\/drherbals.se\/en\/wp-json\/wp\/v2\/pages\/518","targetHints":{"allow":["GET"]}}],"collection":[{"href":"https:\/\/drherbals.se\/en\/wp-json\/wp\/v2\/pages"}],"about":[{"href":"https:\/\/drherbals.se\/en\/wp-json\/wp\/v2\/types\/page"}],"author":[{"embeddable":true,"href":"https:\/\/drherbals.se\/en\/wp-json\/wp\/v2\/users\/1"}],"replies":[{"embeddable":true,"href":"https:\/\/drherbals.se\/en\/wp-json\/wp\/v2\/comments?post=518"}],"version-history":[{"count":0,"href":"https:\/\/drherbals.se\/en\/wp-json\/wp\/v2\/pages\/518\/revisions"}],"wp:attachment":[{"href":"https:\/\/drherbals.se\/en\/wp-json\/wp\/v2\/media?parent=518"}],"curies":[{"name":"wp","href":"https:\/\/api.w.org\/{rel}","templated":true}]}}