{"id":51407,"date":"2024-09-16T19:11:19","date_gmt":"2024-09-16T17:11:19","guid":{"rendered":"https:\/\/drherbals.se\/?page_id=51407"},"modified":"2024-09-17T02:18:20","modified_gmt":"2024-09-17T00:18:20","slug":"integritetspolicy","status":"publish","type":"page","link":"https:\/\/drherbals.se\/en\/integritetspolicy\/","title":{"rendered":"Privacy policy"},"content":{"rendered":"<h3>Last updated: 2024-09-16<\/h3>\n<p><strong>At DR. Herbals, we care about your privacy and the security of your personal information. Our goal is to create clear and easy-to-understand guidelines for how we handle your personal data. If you have any questions or concerns about our privacy policy, you are always welcome to contact us. We prioritize security, both for our customers and for our company.<\/strong><\/p>\n<p>On May 25, 2018, the General Data Protection Regulation (GDPR) was introduced, a common EU law that aims to give you more control over your personal data. It requires all companies to handle personal data responsibly and transparently. DR. Herbals is responsible for the data that you as a customer provide to us and we ensure that this information is handled securely. We do not share your personal information with third parties, except for the services we use to run our business, as described below.<\/p>\n<h3><strong>How DR. Herbals uses personal data:<\/strong><\/h3>\n<p><strong>Google Analytics<\/strong><br \/>\nWe use Google Analytics to analyze the traffic on our website. This helps us to better understand how the site is used and how many visitors we have. If you choose to block cookies, we will not be able to measure your traffic on our site, which limits our ability to analyze site performance.<\/p>\n<p><strong>Newsletters<\/strong><br \/>\nWe offer the possibility to subscribe to our newsletter, either via a separate form or in connection with a purchase. To manage our mailings, we use Brevo. Each email contains a link where you can unsubscribe at any time. Alternatively, you can contact us directly at <em>kontakt@drherbals.se<\/em>.<\/p>\n<p><strong>Personal data when buying<\/strong><br \/>\nWhen you place an order, we save your personal information in accordance with the Accounting Act for a period of 7 years. This is done to ensure that we comply with Swedish and international rules on bookkeeping and accounting.<\/p>\n<p><strong>Google Ads<\/strong><br \/>\nWe use Google Ads to advertise our products online. By collecting cookies from our visitors, we can customize and improve our advertising based on how visitors use our website.<\/p>\n<p><strong>Payments<\/strong><br \/>\nWe work with Swish and PayProcc to process payments on our website. All payments are processed securely and in accordance with the GDPR.<\/p>\n<h3><strong>More about our privacy policy and cookies:<\/strong><\/h3>\n<p><strong>Do we share your information with others?<\/strong><br \/>\nNo, the information you share with us at DR. Herbals is personal and confidential. We do not sell, rent or share your information with third parties, except for the specific services mentioned above that are necessary to operate our business.<\/p>\n<p>We do everything we can to ensure that your experience on our website is safe and secure. If, despite our precautions, there is a data breach, we are obliged to report it to the Data Protection Authority within 72 hours. However, our goal is to ensure that such situations never occur.<\/p>\n<p><strong>How we use the information we collect<\/strong><br \/>\nThe data we collect is primarily used to operate our e-commerce, i.e. to process and ship orders. Each transaction generates a receipt and a summary, which we need to comply with the requirements of the Accounting Act. All information is used only in aggregate form to analyze how the website is used, so that we can improve the experience for our customers.<\/p>\n<p>We use Brevo to collect email addresses for newsletters and special offers. Each mailing contains an unsubscribe link, and when you unsubscribe, your email address is completely deleted from our system.<\/p>\n<p><strong>Contact details<\/strong><br \/>\nIf you have any questions or concerns about our privacy policy, please do not hesitate to contact us at<br \/>\nE-mail: kontakt@drherbals.se<\/p>\n<p>By using our website, you agree to our privacy policy and data collection practices.<\/p>","protected":false},"excerpt":{"rendered":"<p>Senast uppdaterad: 2024-09-16 P\u00e5 DR. Herbals v\u00e4rnar vi om din integritet och s\u00e4kerheten f\u00f6r din personliga information. V\u00e5rt m\u00e5l \u00e4r att skapa tydliga och l\u00e4ttbegripliga riktlinjer f\u00f6r hur vi hanterar dina personuppgifter. Om du har n\u00e5gra fr\u00e5gor eller funderingar kring v\u00e5r integritetspolicy, \u00e4r du alltid v\u00e4lkommen att kontakta oss. Vi prioriterar s\u00e4kerhet, b\u00e5de f\u00f6r v\u00e5ra [&hellip;]<\/p>\n","protected":false},"author":1,"featured_media":0,"parent":0,"menu_order":0,"comment_status":"closed","ping_status":"closed","template":"","meta":{"footnotes":""},"class_list":["post-51407","page","type-page","status-publish","hentry"],"yoast_head":"<!-- This site is optimized with the Yoast SEO plugin v27.4 - https:\/\/yoast.com\/product\/yoast-seo-wordpress\/ -->\n<title>Integritetspolicy - DR. Herbals<\/title>\n<meta name=\"description\" content=\"P\u00e5 DR. Herbals v\u00e4rnar vi om din integritet och s\u00e4kerheten f\u00f6r din personliga information. V\u00e5rt m\u00e5l \u00e4r att skapa tydliga och...\" \/>\n<meta name=\"robots\" content=\"index, follow, max-snippet:-1, max-image-preview:large, max-video-preview:-1\" \/>\n<link rel=\"canonical\" href=\"https:\/\/drherbals.se\/en\/integritetspolicy\/?wmc-currency=EUR\" \/>\n<meta property=\"og:locale\" content=\"en_US\" \/>\n<meta property=\"og:type\" content=\"article\" \/>\n<meta property=\"og:title\" content=\"Integritetspolicy - DR. Herbals\" \/>\n<meta property=\"og:description\" content=\"P\u00e5 DR. Herbals v\u00e4rnar vi om din integritet och s\u00e4kerheten f\u00f6r din personliga information. V\u00e5rt m\u00e5l \u00e4r att skapa tydliga och...\" \/>\n<meta property=\"og:url\" content=\"https:\/\/drherbals.se\/en\/integritetspolicy\/?wmc-currency=EUR\" \/>\n<meta property=\"og:site_name\" content=\"DR. Herbals\" \/>\n<meta property=\"article:publisher\" content=\"https:\/\/www.facebook.com\/drherbals.se\" \/>\n<meta property=\"article:modified_time\" content=\"2024-09-17T00:18:20+00:00\" \/>\n<meta name=\"twitter:card\" content=\"summary_large_image\" \/>\n<meta name=\"twitter:label1\" content=\"Est. reading time\" \/>\n\t<meta name=\"twitter:data1\" content=\"3 minutes\" \/>\n<script type=\"application\/ld+json\" class=\"yoast-schema-graph\">{\"@context\":\"https:\\\/\\\/schema.org\",\"@graph\":[{\"@type\":\"WebPage\",\"@id\":\"https:\\\/\\\/drherbals.se\\\/en\\\/integritetspolicy\\\/\",\"url\":\"https:\\\/\\\/drherbals.se\\\/integritetspolicy\\\/\",\"name\":\"Integritetspolicy - DR. Herbals\",\"isPartOf\":{\"@id\":\"https:\\\/\\\/drherbals.se\\\/#website\"},\"datePublished\":\"2024-09-16T17:11:19+00:00\",\"dateModified\":\"2024-09-17T00:18:20+00:00\",\"description\":\"P\u00e5 DR. Herbals v\u00e4rnar vi om din integritet och s\u00e4kerheten f\u00f6r din personliga information. V\u00e5rt m\u00e5l \u00e4r att skapa tydliga och...\",\"breadcrumb\":{\"@id\":\"https:\\\/\\\/drherbals.se\\\/integritetspolicy\\\/#breadcrumb\"},\"inLanguage\":\"en-US\",\"potentialAction\":[{\"@type\":\"ReadAction\",\"target\":[\"https:\\\/\\\/drherbals.se\\\/integritetspolicy\\\/\"]}]},{\"@type\":\"BreadcrumbList\",\"@id\":\"https:\\\/\\\/drherbals.se\\\/integritetspolicy\\\/#breadcrumb\",\"itemListElement\":[{\"@type\":\"ListItem\",\"position\":1,\"name\":\"Hem\",\"item\":\"https:\\\/\\\/drherbals.se\\\/\"},{\"@type\":\"ListItem\",\"position\":2,\"name\":\"Integritetspolicy\"}]},{\"@type\":\"WebSite\",\"@id\":\"https:\\\/\\\/drherbals.se\\\/#website\",\"url\":\"https:\\\/\\\/drherbals.se\\\/\",\"name\":\"DR. Herbals\",\"description\":\"Sveriges bredaste Cannabis sortiment\",\"publisher\":{\"@id\":\"https:\\\/\\\/drherbals.se\\\/#organization\"},\"alternateName\":\"DR. H\",\"potentialAction\":[{\"@type\":\"SearchAction\",\"target\":{\"@type\":\"EntryPoint\",\"urlTemplate\":\"https:\\\/\\\/drherbals.se\\\/?s={search_term_string}\"},\"query-input\":{\"@type\":\"PropertyValueSpecification\",\"valueRequired\":true,\"valueName\":\"search_term_string\"}}],\"inLanguage\":\"en-US\"},{\"@type\":\"Organization\",\"@id\":\"https:\\\/\\\/drherbals.se\\\/#organization\",\"name\":\"DR. Herbals\",\"url\":\"https:\\\/\\\/drherbals.se\\\/\",\"logo\":{\"@type\":\"ImageObject\",\"inLanguage\":\"en-US\",\"@id\":\"https:\\\/\\\/drherbals.se\\\/#\\\/schema\\\/logo\\\/image\\\/\",\"url\":\"https:\\\/\\\/drherbals.se\\\/wp-content\\\/uploads\\\/2024\\\/09\\\/dr-herbals-logga.png\",\"contentUrl\":\"https:\\\/\\\/drherbals.se\\\/wp-content\\\/uploads\\\/2024\\\/09\\\/dr-herbals-logga.png\",\"width\":240,\"height\":138,\"caption\":\"DR. Herbals\"},\"image\":{\"@id\":\"https:\\\/\\\/drherbals.se\\\/#\\\/schema\\\/logo\\\/image\\\/\"},\"sameAs\":[\"https:\\\/\\\/www.facebook.com\\\/drherbals.se\",\"https:\\\/\\\/www.instagram.com\\\/drherbals.se\\\/\"]}]}<\/script>\n<!-- \/ Yoast SEO plugin. -->","yoast_head_json":{"title":"Privacy policy - DR. Herbals","description":"At DR. Herbals, we care about your privacy and the security of your personal information. Our goal is to create clear and...","robots":{"index":"index","follow":"follow","max-snippet":"max-snippet:-1","max-image-preview":"max-image-preview:large","max-video-preview":"max-video-preview:-1"},"canonical":"https:\/\/drherbals.se\/en\/integritetspolicy\/?wmc-currency=EUR","og_locale":"en_US","og_type":"article","og_title":"Integritetspolicy - DR. Herbals","og_description":"P\u00e5 DR. Herbals v\u00e4rnar vi om din integritet och s\u00e4kerheten f\u00f6r din personliga information. V\u00e5rt m\u00e5l \u00e4r att skapa tydliga och...","og_url":"https:\/\/drherbals.se\/en\/integritetspolicy\/?wmc-currency=EUR","og_site_name":"DR. Herbals","article_publisher":"https:\/\/www.facebook.com\/drherbals.se","article_modified_time":"2024-09-17T00:18:20+00:00","twitter_card":"summary_large_image","twitter_misc":{"Est. reading time":"3 minutes"},"schema":{"@context":"https:\/\/schema.org","@graph":[{"@type":"WebPage","@id":"https:\/\/drherbals.se\/en\/integritetspolicy\/","url":"https:\/\/drherbals.se\/integritetspolicy\/","name":"Privacy policy - DR. Herbals","isPartOf":{"@id":"https:\/\/drherbals.se\/#website"},"datePublished":"2024-09-16T17:11:19+00:00","dateModified":"2024-09-17T00:18:20+00:00","description":"At DR. Herbals, we care about your privacy and the security of your personal information. Our goal is to create clear and...","breadcrumb":{"@id":"https:\/\/drherbals.se\/integritetspolicy\/#breadcrumb"},"inLanguage":"en-US","potentialAction":[{"@type":"ReadAction","target":["https:\/\/drherbals.se\/integritetspolicy\/"]}]},{"@type":"BreadcrumbList","@id":"https:\/\/drherbals.se\/integritetspolicy\/#breadcrumb","itemListElement":[{"@type":"ListItem","position":1,"name":"Hem","item":"https:\/\/drherbals.se\/"},{"@type":"ListItem","position":2,"name":"Integritetspolicy"}]},{"@type":"WebSite","@id":"https:\/\/drherbals.se\/#website","url":"https:\/\/drherbals.se\/","name":"DR. Herbals","description":"Sweden's widest Cannabis range","publisher":{"@id":"https:\/\/drherbals.se\/#organization"},"alternateName":"DR. H","potentialAction":[{"@type":"SearchAction","target":{"@type":"EntryPoint","urlTemplate":"https:\/\/drherbals.se\/?s={search_term_string}"},"query-input":{"@type":"PropertyValueSpecification","valueRequired":true,"valueName":"search_term_string"}}],"inLanguage":"en-US"},{"@type":"Organization","@id":"https:\/\/drherbals.se\/#organization","name":"DR. Herbals","url":"https:\/\/drherbals.se\/","logo":{"@type":"ImageObject","inLanguage":"en-US","@id":"https:\/\/drherbals.se\/#\/schema\/logo\/image\/","url":"https:\/\/drherbals.se\/wp-content\/uploads\/2024\/09\/dr-herbals-logga.png","contentUrl":"https:\/\/drherbals.se\/wp-content\/uploads\/2024\/09\/dr-herbals-logga.png","width":240,"height":138,"caption":"DR. Herbals"},"image":{"@id":"https:\/\/drherbals.se\/#\/schema\/logo\/image\/"},"sameAs":["https:\/\/www.facebook.com\/drherbals.se","https:\/\/www.instagram.com\/drherbals.se\/"]}]}},"_links":{"self":[{"href":"https:\/\/drherbals.se\/en\/wp-json\/wp\/v2\/pages\/51407","targetHints":{"allow":["GET"]}}],"collection":[{"href":"https:\/\/drherbals.se\/en\/wp-json\/wp\/v2\/pages"}],"about":[{"href":"https:\/\/drherbals.se\/en\/wp-json\/wp\/v2\/types\/page"}],"author":[{"embeddable":true,"href":"https:\/\/drherbals.se\/en\/wp-json\/wp\/v2\/users\/1"}],"replies":[{"embeddable":true,"href":"https:\/\/drherbals.se\/en\/wp-json\/wp\/v2\/comments?post=51407"}],"version-history":[{"count":0,"href":"https:\/\/drherbals.se\/en\/wp-json\/wp\/v2\/pages\/51407\/revisions"}],"wp:attachment":[{"href":"https:\/\/drherbals.se\/en\/wp-json\/wp\/v2\/media?parent=51407"}],"curies":[{"name":"wp","href":"https:\/\/api.w.org\/{rel}","templated":true}]}}